{"id":187,"date":"2025-02-05T19:51:41","date_gmt":"2025-02-05T19:51:41","guid":{"rendered":"https:\/\/doglo.vebelo.ee\/?page_id=187"},"modified":"2025-03-28T13:20:50","modified_gmt":"2025-03-28T13:20:50","slug":"kontakt","status":"publish","type":"page","link":"https:\/\/doglo.eu\/et\/kontakt\/","title":{"rendered":"Kontakt"},"content":{"rendered":"\n<p>J\u00e4lgimisseadme ja tarkvara arendaja on&nbsp;<strong>Traxby&nbsp;O\u00dc.<\/strong><\/p>\n\n\n\n<p>Traxby O\u00dc on 2013. aastal asutatud Eesti omanikele kuuluv ettev\u00f5te, mis arendab jahimeestele m\u00f5eldud tarkvara&nbsp;<strong>Huntloc<\/strong>,&nbsp;meeskondade juhtimise tarkvara&nbsp;<strong>LiveTeam<\/strong>&nbsp;ja lemmiklooma tarkvara <strong>Doglo.<\/strong> Meie platvormidel on ca 10 000 kasutajat enam kui 120 riigis \u00fcle maailma. K\u00f5ige aktiivsem on kasutus Eestis, L\u00e4tis, Leedus ja Venemaal. Huntloci lahendusega saavutati 2015. aastal Eesti ettev\u00f5tluskonkursil <strong>\u201eAjujaht\u201c II koht.<\/strong><\/p>\n\n\n\n<p>Aastast\u00a02014. on ettev\u00f5te arendanud ja tootnud\u00a0oma\u00a0j\u00e4lgimisseadet.\u00a0Selle aja jooksul on toodet hoolega arendatud ning seadmest on olemas juba\u00a07 erinevat versioon (HLT-1, HLT-2.0, HLT-2.5, HLT-2.6, HLT-2.7, HLT-3, <a href=\"https:\/\/doglo.eu\/et\/toode\/koera-jalgimisseade-hlt-4-0\/?v=08a4415e9d59\">HLT-4.0<\/a> ja <a href=\"https:\/\/doglo.eu\/et\/toode\/jalgimisseade-hlt-4-5-vaike\/?v=08a4415e9d59\">HLT-4.5<\/a>).<\/p>\n\n\n\n<div class=\"wp-block-columns are-vertically-aligned-top is-layout-flex wp-container-core-columns-is-layout-9d6595d7 wp-block-columns-is-layout-flex\">\n<div class=\"wp-block-column is-vertically-aligned-top is-layout-flow wp-block-column-is-layout-flow\" style=\"flex-basis:100%\">\n  <section  class=\"block__wrapper block__padded contact block--pattern\" style=\"--p-top: 5rem\">\n    <div class=\"block__inner max--width--medium\">\n              <div class=\"contact__title\">\n          <h3>V\u00f5ta \u00fchendust<\/h3>\n        <\/div>\n      \n      <div class=\"contact__grid\">\n                  <div class=\"contact__image\">\n            <img loading=\"lazy\" decoding=\"async\" width=\"467\" height=\"463\" src=\"https:\/\/doglo.eu\/wp-content\/uploads\/2025\/03\/Nimetu-1080-x-1080-px-e1741353649328.png\" class=\"contact__image\" alt=\"\" srcset=\"https:\/\/doglo.eu\/wp-content\/uploads\/2025\/03\/Nimetu-1080-x-1080-px-e1741353649328.png 467w, https:\/\/doglo.eu\/wp-content\/uploads\/2025\/03\/Nimetu-1080-x-1080-px-e1741353649328-300x297.png 300w, https:\/\/doglo.eu\/wp-content\/uploads\/2025\/03\/Nimetu-1080-x-1080-px-e1741353649328-150x150.png 150w, https:\/\/doglo.eu\/wp-content\/uploads\/2025\/03\/Nimetu-1080-x-1080-px-e1741353649328-100x100.png 100w\" sizes=\"auto, (max-width: 467px) 100vw, 467px\" \/>          <\/div>\n                \n        <div class=\"contact__box\">\n          <div class=\"contact__form\">\n            \n<div class=\"wpcf7 no-js\" id=\"wpcf7-f6-o1\" lang=\"et\" dir=\"ltr\" data-wpcf7-id=\"6\">\n<div class=\"screen-reader-response\"><p role=\"status\" aria-live=\"polite\" aria-atomic=\"true\"><\/p> <ul><\/ul><\/div>\n<form action=\"\/et\/wp-json\/wp\/v2\/pages\/187#wpcf7-f6-o1\" method=\"post\" class=\"wpcf7-form init\" aria-label=\"Contact form\" novalidate=\"novalidate\" data-status=\"init\">\n<fieldset class=\"hidden-fields-container\"><input type=\"hidden\" name=\"_wpcf7\" value=\"6\" \/><input type=\"hidden\" name=\"_wpcf7_version\" value=\"6.1\" \/><input type=\"hidden\" name=\"_wpcf7_locale\" value=\"et\" \/><input type=\"hidden\" name=\"_wpcf7_unit_tag\" value=\"wpcf7-f6-o1\" \/><input type=\"hidden\" name=\"_wpcf7_container_post\" value=\"0\" \/><input type=\"hidden\" name=\"_wpcf7_posted_data_hash\" value=\"\" \/>\n<\/fieldset>\n<h1>Palun saada meile oma k\u00fcsimus!<\/h1><p>\n\n<div class=\"form-row-half\">\n  <div class=\"form-row\">\n    <label> Ees- ja perekonnanimi <span class=\"required\"> *<\/span><\/label>\n    <span class=\"wpcf7-form-control-wrap\" data-name=\"your-name\"><input size=\"40\" maxlength=\"400\" class=\"wpcf7-form-control wpcf7-text wpcf7-validates-as-required\" autocomplete=\"name\" aria-required=\"true\" aria-invalid=\"false\" value=\"\" type=\"text\" name=\"your-name\" \/><\/span>\n  <\/div>\n\n  <div class=\"form-row\">\n    <label> E-posti aadress <span class=\"required\"> *<\/span><\/label>\n    <span class=\"wpcf7-form-control-wrap\" data-name=\"your-email\"><input size=\"40\" maxlength=\"400\" class=\"wpcf7-form-control wpcf7-email wpcf7-validates-as-required wpcf7-text wpcf7-validates-as-email\" autocomplete=\"email\" aria-required=\"true\" aria-invalid=\"false\" value=\"\" type=\"email\" name=\"your-email\" \/><\/span>\n  <\/div>\n<\/div>\n\n<div class=\"form-row\">\n  <label> Kirja sisu <span class=\"required\"> *<\/span><\/label>\n  <span class=\"wpcf7-form-control-wrap\" data-name=\"your-message\"><textarea cols=\"40\" rows=\"10\" maxlength=\"2000\" class=\"wpcf7-form-control wpcf7-textarea wpcf7-validates-as-required\" aria-required=\"true\" aria-invalid=\"false\" name=\"your-message\"><\/textarea><\/span>\n<\/div>\n\n<button type=\"submit\" class=\"wpcf7-form-control wpcf7-submit has-spinner button button--gradient\">Saada kiri<\/button><div class=\"wpcf7-response-output\" aria-hidden=\"true\"><\/div>\n<\/form>\n<\/div>\n          <\/div>\n        <\/div>\n      <\/div>\n    <\/div>\n  <\/section>\n\n<\/div>\n<\/div>\n\n\n\n<div class=\"wp-block-columns is-layout-flex wp-container-core-columns-is-layout-9d6595d7 wp-block-columns-is-layout-flex\">\n<div class=\"wp-block-column is-layout-flow wp-block-column-is-layout-flow\">\n<h3 class=\"wp-block-heading has-text-align-center\" id=\"h-kontaktandmed\">Kontaktandmed<\/h3>\n\n\n\n<p class=\"has-text-align-center\"><a href=\"tel:+37258650290\">+372 5865 0290<\/a><br><a href=\"mailto:info@doglo.eu\">info@doglo.eu<\/a><br>Tartu kontor: Ilmatsalu 3, kab 312 (III korrus), Tartu<\/p>\n\n\n\n<h3 class=\"wp-block-heading has-text-align-center\" id=\"h-ettevote\">Ettev\u00f5te<\/h3>\n\n\n\n<p class=\"has-text-align-center\">Traxby O\u00dc, registrikood 12491003<br>Ilmatsalu 3, Tartu, 50412 Eesti<\/p>\n<\/div>\n\n\n\n<div class=\"wp-block-column is-layout-flow wp-block-column-is-layout-flow\">\n<h3 class=\"wp-block-heading has-text-align-center\" id=\"h-postiaadress\">Postiaadress<\/h3>\n\n\n\n<p class=\"has-text-align-center\">Ilmatsalu 3, Tartu, 50412 Eesti<\/p>\n\n\n\n<p><\/p>\n\n\n\n<h3 class=\"wp-block-heading has-text-align-center\" id=\"h-meile-paki-saatmine\">Meile paki saatmine<\/h3>\n\n\n\n<p class=\"has-text-align-center\"><a href=\"https:\/\/www.omniva.ee\/?_ga=2.147091511.1078307969.1741352332-1115711836.1739529963\">Omniva:<\/a>&nbsp;Tartu Veeriku Selveri pakiautomaat<\/p>\n\n\n\n<p class=\"has-text-align-center\"><a href=\"https:\/\/uus.smartpost.ee\/\">SmartPost<\/a>: Tartu Veeriku Selver pakiautomaat<\/p>\n\n\n\n<p class=\"has-text-align-center\"><a href=\"https:\/\/www.dpd.com\/ee\/avaleht\/pickup_pakiautomaadid_ja_pakipoed\">DPD<\/a>: Tartu Veeriku Selveri pakiautomaat<\/p>\n<\/div>\n<\/div>\n\n\n\n<p><\/p>\n","protected":false},"excerpt":{"rendered":"<p>J\u00e4lgimisseadme ja tarkvara arendaja on&nbsp;Traxby&nbsp;O\u00dc. Traxby O\u00dc on 2013. aastal asutatud Eesti omanikele kuuluv ettev\u00f5te, mis arendab jahimeestele m\u00f5eldud tarkvara&nbsp;Huntloc,&nbsp;meeskondade juhtimise tarkvara&nbsp;LiveTeam&nbsp;ja lemmiklooma tarkvara Doglo. Meie platvormidel on ca 10 000 kasutajat enam kui 120 riigis \u00fcle maailma. K\u00f5ige aktiivsem on kasutus Eestis, L\u00e4tis, Leedus ja Venemaal. Huntloci lahendusega saavutati 2015. aastal Eesti ettev\u00f5tluskonkursil \u201eAjujaht\u201c [&hellip;]<\/p>\n","protected":false},"author":4,"featured_media":10936,"parent":0,"menu_order":0,"comment_status":"closed","ping_status":"closed","template":"","meta":{"_acf_changed":false,"om_disable_all_campaigns":false,"_monsterinsights_skip_tracking":false,"_monsterinsights_sitenote_active":false,"_monsterinsights_sitenote_note":"","_monsterinsights_sitenote_category":0,"_uf_show_specific_survey":0,"_uf_disable_surveys":false,"footnotes":""},"class_list":["post-187","page","type-page","status-publish","has-post-thumbnail","hentry"],"acf":[],"yoast_head":"<!-- This site is optimized with the Yoast SEO Premium plugin v25.3.1 (Yoast SEO v25.3.1) - https:\/\/yoast.com\/wordpress\/plugins\/seo\/ -->\n<title>Kontakt - Doglo<\/title>\n<meta name=\"description\" content=\"V\u00f5tke meiega \u00fchendust Doglo k\u00fcsimustes - t\u00e4itke kontaktvorm v\u00f5i helistage. Oleme siin, et aidata teil leida lahendused kiirelt ja t\u00f5husalt!\" \/>\n<meta name=\"robots\" content=\"index, follow, max-snippet:-1, max-image-preview:large, max-video-preview:-1\" \/>\n<link rel=\"canonical\" href=\"https:\/\/doglo.eu\/et\/kontakt\/\" \/>\n<meta property=\"og:locale\" content=\"et_EE\" \/>\n<meta property=\"og:type\" content=\"article\" \/>\n<meta property=\"og:title\" content=\"Kontakt\" \/>\n<meta property=\"og:description\" content=\"V\u00f5tke meiega \u00fchendust Doglo k\u00fcsimustes - t\u00e4itke kontaktvorm v\u00f5i helistage. Oleme siin, et aidata teil leida lahendused kiirelt ja t\u00f5husalt!\" \/>\n<meta property=\"og:url\" content=\"https:\/\/doglo.eu\/et\/kontakt\/\" \/>\n<meta property=\"og:site_name\" content=\"Doglo\" \/>\n<meta property=\"article:publisher\" content=\"https:\/\/www.facebook.com\/dogloapp\" \/>\n<meta property=\"article:modified_time\" content=\"2025-03-28T13:20:50+00:00\" \/>\n<meta property=\"og:image\" content=\"https:\/\/doglo.eu\/wp-content\/uploads\/2025\/02\/img_4185-1-300x200-1-5.jpg\" \/>\n\t<meta property=\"og:image:width\" content=\"300\" \/>\n\t<meta property=\"og:image:height\" content=\"200\" \/>\n\t<meta property=\"og:image:type\" content=\"image\/jpeg\" \/>\n<meta name=\"twitter:card\" content=\"summary_large_image\" \/>\n<meta name=\"twitter:label1\" content=\"Est. reading time\" \/>\n\t<meta name=\"twitter:data1\" content=\"2 minutit\" \/>\n<script type=\"application\/ld+json\" class=\"yoast-schema-graph\">{\"@context\":\"https:\/\/schema.org\",\"@graph\":[{\"@type\":\"WebPage\",\"@id\":\"https:\/\/doglo.eu\/et\/kontakt\/\",\"url\":\"https:\/\/doglo.eu\/et\/kontakt\/\",\"name\":\"Kontakt - Doglo\",\"isPartOf\":{\"@id\":\"https:\/\/doglo.eu\/et\/#website\"},\"primaryImageOfPage\":{\"@id\":\"https:\/\/doglo.eu\/et\/kontakt\/#primaryimage\"},\"image\":{\"@id\":\"https:\/\/doglo.eu\/et\/kontakt\/#primaryimage\"},\"thumbnailUrl\":\"https:\/\/doglo.eu\/wp-content\/uploads\/2025\/02\/img_4185-1-300x200-1-5.jpg\",\"datePublished\":\"2025-02-05T19:51:41+00:00\",\"dateModified\":\"2025-03-28T13:20:50+00:00\",\"description\":\"V\u00f5tke meiega \u00fchendust Doglo k\u00fcsimustes - t\u00e4itke kontaktvorm v\u00f5i helistage. Oleme siin, et aidata teil leida lahendused kiirelt ja t\u00f5husalt!\",\"breadcrumb\":{\"@id\":\"https:\/\/doglo.eu\/et\/kontakt\/#breadcrumb\"},\"inLanguage\":\"et\",\"potentialAction\":[{\"@type\":\"ReadAction\",\"target\":[\"https:\/\/doglo.eu\/et\/kontakt\/\"]}]},{\"@type\":\"ImageObject\",\"inLanguage\":\"et\",\"@id\":\"https:\/\/doglo.eu\/et\/kontakt\/#primaryimage\",\"url\":\"https:\/\/doglo.eu\/wp-content\/uploads\/2025\/02\/img_4185-1-300x200-1-5.jpg\",\"contentUrl\":\"https:\/\/doglo.eu\/wp-content\/uploads\/2025\/02\/img_4185-1-300x200-1-5.jpg\",\"width\":300,\"height\":200,\"caption\":\"Doglo kontakt\"},{\"@type\":\"BreadcrumbList\",\"@id\":\"https:\/\/doglo.eu\/et\/kontakt\/#breadcrumb\",\"itemListElement\":[{\"@type\":\"ListItem\",\"position\":1,\"name\":\"Avaleht\",\"item\":\"https:\/\/doglo.eu\/et\/\"},{\"@type\":\"ListItem\",\"position\":2,\"name\":\"Kontakt\"}]},{\"@type\":\"WebSite\",\"@id\":\"https:\/\/doglo.eu\/et\/#website\",\"url\":\"https:\/\/doglo.eu\/et\/\",\"name\":\"Doglo\",\"description\":\"Doglo koera j\u00e4lgimisseade\",\"publisher\":{\"@id\":\"https:\/\/doglo.eu\/et\/#organization\"},\"potentialAction\":[{\"@type\":\"SearchAction\",\"target\":{\"@type\":\"EntryPoint\",\"urlTemplate\":\"https:\/\/doglo.eu\/et\/?s={search_term_string}\"},\"query-input\":{\"@type\":\"PropertyValueSpecification\",\"valueRequired\":true,\"valueName\":\"search_term_string\"}}],\"inLanguage\":\"et\"},{\"@type\":\"Organization\",\"@id\":\"https:\/\/doglo.eu\/et\/#organization\",\"name\":\"Doglo\",\"url\":\"https:\/\/doglo.eu\/et\/\",\"logo\":{\"@type\":\"ImageObject\",\"inLanguage\":\"et\",\"@id\":\"https:\/\/doglo.eu\/et\/#\/schema\/logo\/image\/\",\"url\":\"https:\/\/doglo.eu\/wp-content\/uploads\/2025\/02\/doglo-black.png\",\"contentUrl\":\"https:\/\/doglo.eu\/wp-content\/uploads\/2025\/02\/doglo-black.png\",\"width\":1176,\"height\":520,\"caption\":\"Doglo\"},\"image\":{\"@id\":\"https:\/\/doglo.eu\/et\/#\/schema\/logo\/image\/\"},\"sameAs\":[\"https:\/\/www.facebook.com\/dogloapp\",\"https:\/\/youtube.com\/channel\/UCEwkHwp3LS_qwk0zg4SwWOA\"],\"description\":\"Traxby O\u00dc (formerly Huntloc O\u00dc) is a company owned by Estonian owners, founded in 2013, which develops various real-time tracking platforms via a smartphone and manufactures tracking devices. The company\u2019s product portfolio includes the following solutions: - hunting platform Huntloc for hunters, - dog tracking app Doglo.\",\"email\":\"info@traxby.com\",\"legalName\":\"Traxby O\u00dc\",\"foundingDate\":\"2013-06-14\",\"vatID\":\"EE101657569\",\"numberOfEmployees\":{\"@type\":\"QuantitativeValue\",\"minValue\":\"1\",\"maxValue\":\"10\"}}]}<\/script>\n<!-- \/ Yoast SEO Premium plugin. -->","yoast_head_json":{"title":"Kontakt - Doglo","description":"V\u00f5tke meiega \u00fchendust Doglo k\u00fcsimustes - t\u00e4itke kontaktvorm v\u00f5i helistage. Oleme siin, et aidata teil leida lahendused kiirelt ja t\u00f5husalt!","robots":{"index":"index","follow":"follow","max-snippet":"max-snippet:-1","max-image-preview":"max-image-preview:large","max-video-preview":"max-video-preview:-1"},"canonical":"https:\/\/doglo.eu\/et\/kontakt\/","og_locale":"et_EE","og_type":"article","og_title":"Kontakt","og_description":"V\u00f5tke meiega \u00fchendust Doglo k\u00fcsimustes - t\u00e4itke kontaktvorm v\u00f5i helistage. Oleme siin, et aidata teil leida lahendused kiirelt ja t\u00f5husalt!","og_url":"https:\/\/doglo.eu\/et\/kontakt\/","og_site_name":"Doglo","article_publisher":"https:\/\/www.facebook.com\/dogloapp","article_modified_time":"2025-03-28T13:20:50+00:00","og_image":[{"width":300,"height":200,"url":"https:\/\/doglo.eu\/wp-content\/uploads\/2025\/02\/img_4185-1-300x200-1-5.jpg","type":"image\/jpeg"}],"twitter_card":"summary_large_image","twitter_misc":{"Est. reading time":"2 minutit"},"schema":{"@context":"https:\/\/schema.org","@graph":[{"@type":"WebPage","@id":"https:\/\/doglo.eu\/et\/kontakt\/","url":"https:\/\/doglo.eu\/et\/kontakt\/","name":"Kontakt - Doglo","isPartOf":{"@id":"https:\/\/doglo.eu\/et\/#website"},"primaryImageOfPage":{"@id":"https:\/\/doglo.eu\/et\/kontakt\/#primaryimage"},"image":{"@id":"https:\/\/doglo.eu\/et\/kontakt\/#primaryimage"},"thumbnailUrl":"https:\/\/doglo.eu\/wp-content\/uploads\/2025\/02\/img_4185-1-300x200-1-5.jpg","datePublished":"2025-02-05T19:51:41+00:00","dateModified":"2025-03-28T13:20:50+00:00","description":"V\u00f5tke meiega \u00fchendust Doglo k\u00fcsimustes - t\u00e4itke kontaktvorm v\u00f5i helistage. Oleme siin, et aidata teil leida lahendused kiirelt ja t\u00f5husalt!","breadcrumb":{"@id":"https:\/\/doglo.eu\/et\/kontakt\/#breadcrumb"},"inLanguage":"et","potentialAction":[{"@type":"ReadAction","target":["https:\/\/doglo.eu\/et\/kontakt\/"]}]},{"@type":"ImageObject","inLanguage":"et","@id":"https:\/\/doglo.eu\/et\/kontakt\/#primaryimage","url":"https:\/\/doglo.eu\/wp-content\/uploads\/2025\/02\/img_4185-1-300x200-1-5.jpg","contentUrl":"https:\/\/doglo.eu\/wp-content\/uploads\/2025\/02\/img_4185-1-300x200-1-5.jpg","width":300,"height":200,"caption":"Doglo kontakt"},{"@type":"BreadcrumbList","@id":"https:\/\/doglo.eu\/et\/kontakt\/#breadcrumb","itemListElement":[{"@type":"ListItem","position":1,"name":"Avaleht","item":"https:\/\/doglo.eu\/et\/"},{"@type":"ListItem","position":2,"name":"Kontakt"}]},{"@type":"WebSite","@id":"https:\/\/doglo.eu\/et\/#website","url":"https:\/\/doglo.eu\/et\/","name":"Doglo","description":"Doglo koera j\u00e4lgimisseade","publisher":{"@id":"https:\/\/doglo.eu\/et\/#organization"},"potentialAction":[{"@type":"SearchAction","target":{"@type":"EntryPoint","urlTemplate":"https:\/\/doglo.eu\/et\/?s={search_term_string}"},"query-input":{"@type":"PropertyValueSpecification","valueRequired":true,"valueName":"search_term_string"}}],"inLanguage":"et"},{"@type":"Organization","@id":"https:\/\/doglo.eu\/et\/#organization","name":"Doglo","url":"https:\/\/doglo.eu\/et\/","logo":{"@type":"ImageObject","inLanguage":"et","@id":"https:\/\/doglo.eu\/et\/#\/schema\/logo\/image\/","url":"https:\/\/doglo.eu\/wp-content\/uploads\/2025\/02\/doglo-black.png","contentUrl":"https:\/\/doglo.eu\/wp-content\/uploads\/2025\/02\/doglo-black.png","width":1176,"height":520,"caption":"Doglo"},"image":{"@id":"https:\/\/doglo.eu\/et\/#\/schema\/logo\/image\/"},"sameAs":["https:\/\/www.facebook.com\/dogloapp","https:\/\/youtube.com\/channel\/UCEwkHwp3LS_qwk0zg4SwWOA"],"description":"Traxby O\u00dc (formerly Huntloc O\u00dc) is a company owned by Estonian owners, founded in 2013, which develops various real-time tracking platforms via a smartphone and manufactures tracking devices. The company\u2019s product portfolio includes the following solutions: - hunting platform Huntloc for hunters, - dog tracking app Doglo.","email":"info@traxby.com","legalName":"Traxby O\u00dc","foundingDate":"2013-06-14","vatID":"EE101657569","numberOfEmployees":{"@type":"QuantitativeValue","minValue":"1","maxValue":"10"}}]}},"_links":{"self":[{"href":"https:\/\/doglo.eu\/et\/wp-json\/wp\/v2\/pages\/187","targetHints":{"allow":["GET"]}}],"collection":[{"href":"https:\/\/doglo.eu\/et\/wp-json\/wp\/v2\/pages"}],"about":[{"href":"https:\/\/doglo.eu\/et\/wp-json\/wp\/v2\/types\/page"}],"author":[{"embeddable":true,"href":"https:\/\/doglo.eu\/et\/wp-json\/wp\/v2\/users\/4"}],"replies":[{"embeddable":true,"href":"https:\/\/doglo.eu\/et\/wp-json\/wp\/v2\/comments?post=187"}],"version-history":[{"count":34,"href":"https:\/\/doglo.eu\/et\/wp-json\/wp\/v2\/pages\/187\/revisions"}],"predecessor-version":[{"id":12762,"href":"https:\/\/doglo.eu\/et\/wp-json\/wp\/v2\/pages\/187\/revisions\/12762"}],"wp:featuredmedia":[{"embeddable":true,"href":"https:\/\/doglo.eu\/et\/wp-json\/wp\/v2\/media\/10936"}],"wp:attachment":[{"href":"https:\/\/doglo.eu\/et\/wp-json\/wp\/v2\/media?parent=187"}],"curies":[{"name":"wp","href":"https:\/\/api.w.org\/{rel}","templated":true}]}}