{"id":189,"date":"2025-02-05T19:51:54","date_gmt":"2025-02-05T19:51:54","guid":{"rendered":"https:\/\/doglo.vebelo.ee\/?page_id=189"},"modified":"2025-03-28T13:11:44","modified_gmt":"2025-03-28T13:11:44","slug":"edasimuujad","status":"publish","type":"page","link":"https:\/\/doglo.eu\/et\/edasimuujad\/","title":{"rendered":"Edasim\u00fc\u00fcjad"},"content":{"rendered":"\n  <section  class=\"block__wrapper dealerships\" >\n    <div class=\"block__inner max--width--medium\">\n      \n\n      <div class=\"dealerships__grid \">\n                  <div class=\"dealerships__map\">\n            <iframe loading=\"lazy\" src=\"https:\/\/www.google.com\/maps\/d\/embed?mid=1WGtDFGwK-FJz3OSBGmw0-E06YU2AHimB\" width=\"100%\" height=\"500\"><\/iframe>          <\/div>\n        \n                  <div class=\"dealerships__items\">\n            <div class=\"dealerships__accordion accordion__group\">\n                              \n                <div class=\"accordion__item\">\n                  <div class=\"accordion__header\">\n                    <span class=\"accordion__icon accordion__icon--plus-circle\">\n                      <i data-feather=\"plus-circle\"><\/i>\n                    <\/span>\n\n                    Jahipaun (Tartu, L\u00f5unakeskus)                  <\/div>\n                    \n                  <div class=\"accordion__content\" id=\"accordion-5090\">\n                    <div class=\"accordion__content__inner\">\n                      <ul>\n                                                    <li>\n                              <i data-feather=\"map-pin\"><\/i>\n                              Ringtee 73, 51014 Tartu                            <\/li>\n                                                                              <li>\n                              <i data-feather=\"clock\"><\/i>\n                              E-P 10-21                            <\/li>\n                                                                              <li>\n                              <i data-feather=\"phone\"><\/i>\n                              <a href=\"tel:http:\/\/+372%206000%20526\">+372 6000 526<\/a>                            <\/li>\n                                                                                                      <li>\n                              <i data-feather=\"globe\"><\/i>\n                              <a href=\"https:\/\/www.jahipaun.ee\/\" target=\"_blank\" rel=\"noopener\">Vaata veebilehte<\/a>                            <\/li>\n                                                                        <\/ul>\n                    <\/div>\n                  <\/div>\n                <\/div>\n\n                              \n                <div class=\"accordion__item\">\n                  <div class=\"accordion__header\">\n                    <span class=\"accordion__icon accordion__icon--plus-circle\">\n                      <i data-feather=\"plus-circle\"><\/i>\n                    <\/span>\n\n                    Jahipaun (P\u00e4rnu, Kaubamajakas)                  <\/div>\n                    \n                  <div class=\"accordion__content\" id=\"accordion-5091\">\n                    <div class=\"accordion__content__inner\">\n                      <ul>\n                                                    <li>\n                              <i data-feather=\"map-pin\"><\/i>\n                              Papiniidu 8\/10, 80010 P\u00e4rnu                            <\/li>\n                                                                              <li>\n                              <i data-feather=\"clock\"><\/i>\n                              E-P 10-20                            <\/li>\n                                                                              <li>\n                              <i data-feather=\"phone\"><\/i>\n                              <a href=\"tel:http:\/\/+372%206000%20524\">+372 6000 524<\/a>                            <\/li>\n                                                                                                      <li>\n                              <i data-feather=\"globe\"><\/i>\n                              <a href=\"https:\/\/www.jahipaun.ee\/\" target=\"_blank\" rel=\"noopener\">Vaata veebilehte<\/a>                            <\/li>\n                                                                        <\/ul>\n                    <\/div>\n                  <\/div>\n                <\/div>\n\n                                        <\/div>\n          <\/div>\n              <\/div>\n\n          <\/div>\n  <\/section>\n\n","protected":false},"excerpt":{"rendered":"","protected":false},"author":4,"featured_media":11906,"parent":0,"menu_order":0,"comment_status":"closed","ping_status":"closed","template":"","meta":{"_acf_changed":false,"om_disable_all_campaigns":false,"_monsterinsights_skip_tracking":false,"_monsterinsights_sitenote_active":false,"_monsterinsights_sitenote_note":"","_monsterinsights_sitenote_category":0,"_uf_show_specific_survey":0,"_uf_disable_surveys":false,"footnotes":""},"class_list":["post-189","page","type-page","status-publish","has-post-thumbnail","hentry"],"acf":[],"yoast_head":"<!-- This site is optimized with the Yoast SEO Premium plugin v25.3.1 (Yoast SEO v25.3.1) - https:\/\/yoast.com\/wordpress\/plugins\/seo\/ -->\n<title>Edasim\u00fc\u00fcjad - Doglo<\/title>\n<meta name=\"description\" content=\"Avasta Doglo edasim\u00fc\u00fcjate leht, et leida volitatud jaem\u00fc\u00fcjaid \u2013 leia, kust Doglo j\u00e4lgimisseadmeid kohapealt osta!\" \/>\n<meta name=\"robots\" content=\"index, follow, max-snippet:-1, max-image-preview:large, max-video-preview:-1\" \/>\n<link rel=\"canonical\" href=\"https:\/\/doglo.eu\/et\/edasimuujad\/\" \/>\n<meta property=\"og:locale\" content=\"et_EE\" \/>\n<meta property=\"og:type\" content=\"article\" \/>\n<meta property=\"og:title\" content=\"Edasim\u00fc\u00fcjad\" \/>\n<meta property=\"og:description\" content=\"Avasta Doglo edasim\u00fc\u00fcjate leht, et leida volitatud jaem\u00fc\u00fcjaid \u2013 leia, kust Doglo j\u00e4lgimisseadmeid kohapealt osta!\" \/>\n<meta property=\"og:url\" content=\"https:\/\/doglo.eu\/et\/edasimuujad\/\" \/>\n<meta property=\"og:site_name\" content=\"Doglo\" \/>\n<meta property=\"article:publisher\" content=\"https:\/\/www.facebook.com\/dogloapp\" \/>\n<meta property=\"article:modified_time\" content=\"2025-03-28T13:11:44+00:00\" \/>\n<meta property=\"og:image\" content=\"https:\/\/doglo.eu\/wp-content\/uploads\/2025\/02\/screenshot-2021-12-27-at-15.12.34-1-13.png\" \/>\n\t<meta property=\"og:image:width\" content=\"919\" \/>\n\t<meta property=\"og:image:height\" content=\"891\" \/>\n\t<meta property=\"og:image:type\" content=\"image\/png\" \/>\n<meta name=\"twitter:card\" content=\"summary_large_image\" \/>\n<meta name=\"twitter:label1\" content=\"Est. reading time\" \/>\n\t<meta name=\"twitter:data1\" content=\"1 minut\" \/>\n<script type=\"application\/ld+json\" class=\"yoast-schema-graph\">{\"@context\":\"https:\/\/schema.org\",\"@graph\":[{\"@type\":\"WebPage\",\"@id\":\"https:\/\/doglo.eu\/et\/edasimuujad\/\",\"url\":\"https:\/\/doglo.eu\/et\/edasimuujad\/\",\"name\":\"Edasim\u00fc\u00fcjad - Doglo\",\"isPartOf\":{\"@id\":\"https:\/\/doglo.eu\/et\/#website\"},\"primaryImageOfPage\":{\"@id\":\"https:\/\/doglo.eu\/et\/edasimuujad\/#primaryimage\"},\"image\":{\"@id\":\"https:\/\/doglo.eu\/et\/edasimuujad\/#primaryimage\"},\"thumbnailUrl\":\"https:\/\/doglo.eu\/wp-content\/uploads\/2025\/02\/screenshot-2021-12-27-at-15.12.34-1-13.png\",\"datePublished\":\"2025-02-05T19:51:54+00:00\",\"dateModified\":\"2025-03-28T13:11:44+00:00\",\"description\":\"Avasta Doglo edasim\u00fc\u00fcjate leht, et leida volitatud jaem\u00fc\u00fcjaid \u2013 leia, kust Doglo j\u00e4lgimisseadmeid kohapealt osta!\",\"breadcrumb\":{\"@id\":\"https:\/\/doglo.eu\/et\/edasimuujad\/#breadcrumb\"},\"inLanguage\":\"et\",\"potentialAction\":[{\"@type\":\"ReadAction\",\"target\":[\"https:\/\/doglo.eu\/et\/edasimuujad\/\"]}]},{\"@type\":\"ImageObject\",\"inLanguage\":\"et\",\"@id\":\"https:\/\/doglo.eu\/et\/edasimuujad\/#primaryimage\",\"url\":\"https:\/\/doglo.eu\/wp-content\/uploads\/2025\/02\/screenshot-2021-12-27-at-15.12.34-1-13.png\",\"contentUrl\":\"https:\/\/doglo.eu\/wp-content\/uploads\/2025\/02\/screenshot-2021-12-27-at-15.12.34-1-13.png\",\"width\":919,\"height\":891,\"caption\":\"Doglo edasim\u00fc\u00fcjad\"},{\"@type\":\"BreadcrumbList\",\"@id\":\"https:\/\/doglo.eu\/et\/edasimuujad\/#breadcrumb\",\"itemListElement\":[{\"@type\":\"ListItem\",\"position\":1,\"name\":\"Avaleht\",\"item\":\"https:\/\/doglo.eu\/et\/\"},{\"@type\":\"ListItem\",\"position\":2,\"name\":\"Edasim\u00fc\u00fcjad\"}]},{\"@type\":\"WebSite\",\"@id\":\"https:\/\/doglo.eu\/et\/#website\",\"url\":\"https:\/\/doglo.eu\/et\/\",\"name\":\"Doglo\",\"description\":\"Doglo koera j\u00e4lgimisseade\",\"publisher\":{\"@id\":\"https:\/\/doglo.eu\/et\/#organization\"},\"potentialAction\":[{\"@type\":\"SearchAction\",\"target\":{\"@type\":\"EntryPoint\",\"urlTemplate\":\"https:\/\/doglo.eu\/et\/?s={search_term_string}\"},\"query-input\":{\"@type\":\"PropertyValueSpecification\",\"valueRequired\":true,\"valueName\":\"search_term_string\"}}],\"inLanguage\":\"et\"},{\"@type\":\"Organization\",\"@id\":\"https:\/\/doglo.eu\/et\/#organization\",\"name\":\"Doglo\",\"url\":\"https:\/\/doglo.eu\/et\/\",\"logo\":{\"@type\":\"ImageObject\",\"inLanguage\":\"et\",\"@id\":\"https:\/\/doglo.eu\/et\/#\/schema\/logo\/image\/\",\"url\":\"https:\/\/doglo.eu\/wp-content\/uploads\/2025\/02\/doglo-black.png\",\"contentUrl\":\"https:\/\/doglo.eu\/wp-content\/uploads\/2025\/02\/doglo-black.png\",\"width\":1176,\"height\":520,\"caption\":\"Doglo\"},\"image\":{\"@id\":\"https:\/\/doglo.eu\/et\/#\/schema\/logo\/image\/\"},\"sameAs\":[\"https:\/\/www.facebook.com\/dogloapp\",\"https:\/\/youtube.com\/channel\/UCEwkHwp3LS_qwk0zg4SwWOA\"],\"description\":\"Traxby O\u00dc (formerly Huntloc O\u00dc) is a company owned by Estonian owners, founded in 2013, which develops various real-time tracking platforms via a smartphone and manufactures tracking devices. The company\u2019s product portfolio includes the following solutions: - hunting platform Huntloc for hunters, - dog tracking app Doglo.\",\"email\":\"info@traxby.com\",\"legalName\":\"Traxby O\u00dc\",\"foundingDate\":\"2013-06-14\",\"vatID\":\"EE101657569\",\"numberOfEmployees\":{\"@type\":\"QuantitativeValue\",\"minValue\":\"1\",\"maxValue\":\"10\"}}]}<\/script>\n<!-- \/ Yoast SEO Premium plugin. -->","yoast_head_json":{"title":"Edasim\u00fc\u00fcjad - Doglo","description":"Avasta Doglo edasim\u00fc\u00fcjate leht, et leida volitatud jaem\u00fc\u00fcjaid \u2013 leia, kust Doglo j\u00e4lgimisseadmeid kohapealt osta!","robots":{"index":"index","follow":"follow","max-snippet":"max-snippet:-1","max-image-preview":"max-image-preview:large","max-video-preview":"max-video-preview:-1"},"canonical":"https:\/\/doglo.eu\/et\/edasimuujad\/","og_locale":"et_EE","og_type":"article","og_title":"Edasim\u00fc\u00fcjad","og_description":"Avasta Doglo edasim\u00fc\u00fcjate leht, et leida volitatud jaem\u00fc\u00fcjaid \u2013 leia, kust Doglo j\u00e4lgimisseadmeid kohapealt osta!","og_url":"https:\/\/doglo.eu\/et\/edasimuujad\/","og_site_name":"Doglo","article_publisher":"https:\/\/www.facebook.com\/dogloapp","article_modified_time":"2025-03-28T13:11:44+00:00","og_image":[{"width":919,"height":891,"url":"https:\/\/doglo.eu\/wp-content\/uploads\/2025\/02\/screenshot-2021-12-27-at-15.12.34-1-13.png","type":"image\/png"}],"twitter_card":"summary_large_image","twitter_misc":{"Est. reading time":"1 minut"},"schema":{"@context":"https:\/\/schema.org","@graph":[{"@type":"WebPage","@id":"https:\/\/doglo.eu\/et\/edasimuujad\/","url":"https:\/\/doglo.eu\/et\/edasimuujad\/","name":"Edasim\u00fc\u00fcjad - Doglo","isPartOf":{"@id":"https:\/\/doglo.eu\/et\/#website"},"primaryImageOfPage":{"@id":"https:\/\/doglo.eu\/et\/edasimuujad\/#primaryimage"},"image":{"@id":"https:\/\/doglo.eu\/et\/edasimuujad\/#primaryimage"},"thumbnailUrl":"https:\/\/doglo.eu\/wp-content\/uploads\/2025\/02\/screenshot-2021-12-27-at-15.12.34-1-13.png","datePublished":"2025-02-05T19:51:54+00:00","dateModified":"2025-03-28T13:11:44+00:00","description":"Avasta Doglo edasim\u00fc\u00fcjate leht, et leida volitatud jaem\u00fc\u00fcjaid \u2013 leia, kust Doglo j\u00e4lgimisseadmeid kohapealt osta!","breadcrumb":{"@id":"https:\/\/doglo.eu\/et\/edasimuujad\/#breadcrumb"},"inLanguage":"et","potentialAction":[{"@type":"ReadAction","target":["https:\/\/doglo.eu\/et\/edasimuujad\/"]}]},{"@type":"ImageObject","inLanguage":"et","@id":"https:\/\/doglo.eu\/et\/edasimuujad\/#primaryimage","url":"https:\/\/doglo.eu\/wp-content\/uploads\/2025\/02\/screenshot-2021-12-27-at-15.12.34-1-13.png","contentUrl":"https:\/\/doglo.eu\/wp-content\/uploads\/2025\/02\/screenshot-2021-12-27-at-15.12.34-1-13.png","width":919,"height":891,"caption":"Doglo edasim\u00fc\u00fcjad"},{"@type":"BreadcrumbList","@id":"https:\/\/doglo.eu\/et\/edasimuujad\/#breadcrumb","itemListElement":[{"@type":"ListItem","position":1,"name":"Avaleht","item":"https:\/\/doglo.eu\/et\/"},{"@type":"ListItem","position":2,"name":"Edasim\u00fc\u00fcjad"}]},{"@type":"WebSite","@id":"https:\/\/doglo.eu\/et\/#website","url":"https:\/\/doglo.eu\/et\/","name":"Doglo","description":"Doglo koera j\u00e4lgimisseade","publisher":{"@id":"https:\/\/doglo.eu\/et\/#organization"},"potentialAction":[{"@type":"SearchAction","target":{"@type":"EntryPoint","urlTemplate":"https:\/\/doglo.eu\/et\/?s={search_term_string}"},"query-input":{"@type":"PropertyValueSpecification","valueRequired":true,"valueName":"search_term_string"}}],"inLanguage":"et"},{"@type":"Organization","@id":"https:\/\/doglo.eu\/et\/#organization","name":"Doglo","url":"https:\/\/doglo.eu\/et\/","logo":{"@type":"ImageObject","inLanguage":"et","@id":"https:\/\/doglo.eu\/et\/#\/schema\/logo\/image\/","url":"https:\/\/doglo.eu\/wp-content\/uploads\/2025\/02\/doglo-black.png","contentUrl":"https:\/\/doglo.eu\/wp-content\/uploads\/2025\/02\/doglo-black.png","width":1176,"height":520,"caption":"Doglo"},"image":{"@id":"https:\/\/doglo.eu\/et\/#\/schema\/logo\/image\/"},"sameAs":["https:\/\/www.facebook.com\/dogloapp","https:\/\/youtube.com\/channel\/UCEwkHwp3LS_qwk0zg4SwWOA"],"description":"Traxby O\u00dc (formerly Huntloc O\u00dc) is a company owned by Estonian owners, founded in 2013, which develops various real-time tracking platforms via a smartphone and manufactures tracking devices. The company\u2019s product portfolio includes the following solutions: - hunting platform Huntloc for hunters, - dog tracking app Doglo.","email":"info@traxby.com","legalName":"Traxby O\u00dc","foundingDate":"2013-06-14","vatID":"EE101657569","numberOfEmployees":{"@type":"QuantitativeValue","minValue":"1","maxValue":"10"}}]}},"_links":{"self":[{"href":"https:\/\/doglo.eu\/et\/wp-json\/wp\/v2\/pages\/189","targetHints":{"allow":["GET"]}}],"collection":[{"href":"https:\/\/doglo.eu\/et\/wp-json\/wp\/v2\/pages"}],"about":[{"href":"https:\/\/doglo.eu\/et\/wp-json\/wp\/v2\/types\/page"}],"author":[{"embeddable":true,"href":"https:\/\/doglo.eu\/et\/wp-json\/wp\/v2\/users\/4"}],"replies":[{"embeddable":true,"href":"https:\/\/doglo.eu\/et\/wp-json\/wp\/v2\/comments?post=189"}],"version-history":[{"count":9,"href":"https:\/\/doglo.eu\/et\/wp-json\/wp\/v2\/pages\/189\/revisions"}],"predecessor-version":[{"id":5129,"href":"https:\/\/doglo.eu\/et\/wp-json\/wp\/v2\/pages\/189\/revisions\/5129"}],"wp:featuredmedia":[{"embeddable":true,"href":"https:\/\/doglo.eu\/et\/wp-json\/wp\/v2\/media\/11906"}],"wp:attachment":[{"href":"https:\/\/doglo.eu\/et\/wp-json\/wp\/v2\/media?parent=189"}],"curies":[{"name":"wp","href":"https:\/\/api.w.org\/{rel}","templated":true}]}}