{"id":201,"date":"2025-02-05T20:36:00","date_gmt":"2025-02-05T20:36:00","guid":{"rendered":"https:\/\/doglo.vebelo.ee\/?page_id=201"},"modified":"2025-06-11T14:24:59","modified_gmt":"2025-06-11T11:24:59","slug":"mis-on-doglo","status":"publish","type":"page","link":"https:\/\/doglo.eu\/et\/mis-on-doglo\/","title":{"rendered":"Mis on Doglo?"},"content":{"rendered":"\n<h3 class=\"wp-block-heading\" id=\"h-doglo-on-vaga-vastupidav-koera-jalgimisseade-mis-tootab-igal-pool-ja-iga-ilmaga\"><strong>Doglo on v\u00e4ga vastupidav koera j\u00e4lgimisseade, mis t\u00f6\u00f6tab igal pool ja iga ilmaga<\/strong><\/h3>\n\n\n\n<p>Doglo annab sulle t\u00e4pse \u00fclevaate oma koera asukohast \u2013 nii metsas matkates kui linnas jalutades. Seade on <strong>veekindel, tugev ja kerge<\/strong>, loodud igap\u00e4evaseks kasutamiseks ka karmides ilmastikuoludes.<\/p>\n\n\n\n<p>Doglo t\u00f6\u00f6tab <strong>mobiiliv\u00f5rgus<\/strong> ja <strong>ilma kauguse piiranguta<\/strong> \u2013 saad oma koera j\u00e4lgida kas v\u00f5i teisest riigist. Seadet v\u00f5ib hoida pidevalt koera kaelas: see t\u00f6\u00f6tab <strong>valveseadmena<\/strong> ja v\u00f5imaldab vajadusel aktiveerida j\u00e4lgimise kaugelt. K\u00f5ik toimub <strong>nutitelefoni \u00e4pi kaudu<\/strong> ja laadimine on <strong>juhtmevaba<\/strong>.<\/p>\n\n\n\n<p>Doglo on nagu <strong>koera mobiiltelefon<\/strong> \u2013 sel on sisseehitatud SIM-kaart ja koeral on oma number. Lisaks asukoha j\u00e4lgimisele saad <strong>koerale helistada<\/strong>, kuulata tema \u00fcmbrust ja anda talle <strong>h\u00e4\u00e4lk\u00e4sklusi<\/strong> t\u00e4nu seadmes olevale mikrofonile ja k\u00f5larile.<\/p>\n\n\n\n<h3 class=\"wp-block-heading\" id=\"h-kaks-mudelit-igale-koerale-sobiv-doglo\"><strong>Kaks mudelit \u2013 igale koerale sobiv Doglo<\/strong><\/h3>\n\n\n\n<p>Doglo j\u00e4lgimisseadmed on loodud erineva suurusega koertele:<\/p>\n\n\n\n<ul class=\"wp-block-list\">\n<li><strong><a href=\"https:\/\/doglo.eu\/et\/toode\/jalgimisseade-hlt-4-5-vaike\">HLT-4.5<\/a><\/strong> \u2013 v\u00e4ikestele t\u00f5ugudele (nt corgi, taks, terjer):<br>\u2022 Aktiivne j\u00e4lgimine: kuni 24 tundi<br>\u2022 Ootere\u017eiim: kuni 3 n\u00e4dalat<\/li>\n\n\n\n<li><strong><a href=\"https:\/\/doglo.eu\/et\/toode\/koera-jalgimisseade-hlt-4-0\">HLT-4.0<\/a><\/strong> \u2013 suurtele t\u00f5ugudele (nt labrador, husky, retriiver):<br>\u2022 Aktiivne j\u00e4lgimine: kuni 36 tundi<br>\u2022 Ootere\u017eiim: kuni 30 p\u00e4eva<\/li>\n<\/ul>\n\n\n\n<div class=\"wp-block-group is-nowrap is-layout-flex wp-container-core-group-is-layout-ad2f72ca wp-block-group-is-layout-flex\">\n<p>\ud83c\uddea\ud83c\uddea Doglo j\u00e4lgimisseade on <strong>v\u00e4lja t\u00f6\u00f6tatud Eestis<\/strong> ja kasutab sama tehnoloogiat, mida <strong><a href=\"http:\/\/www.huntloc.com\">Huntloci<\/a><\/strong> jahikoerte j\u00e4lgimiss\u00fcsteem. Seade on loodud toimima ka k\u00f5ige raskemates tingimustes \u2013 tihedas metsas, kehvas ilmas ja ka suurte vahemaade puhul.<br>Usaldusv\u00e4\u00e4rne valik igale Eesti koeraomanikule. <\/p>\n<\/div>\n\n\n\n<div style=\"height:25px\" aria-hidden=\"true\" class=\"wp-block-spacer\"><\/div>\n\n\n\n<h1 class=\"wp-block-heading has-text-align-center\" id=\"h-miks-eelistada-doglot\">MIKS EELISTADA DOGLOT?<\/h1>\n\n\n\n<p>Doglo pakub t\u00e4ielikku koera j\u00e4lgimist, kahepoolset \u00fchendust ja pika t\u00f6\u00f6ajaga valvere\u017eiimi.<\/p>\n\n\n\n<figure class=\"wp-block-table is-style-stripes\" style=\"font-size:12px\"><table class=\"has-fixed-layout\"><thead><tr><th><\/th><th class=\"has-text-align-center\" data-align=\"center\"><strong>Doglo<\/strong><\/th><th class=\"has-text-align-center\" data-align=\"center\"><strong>Tractive<\/strong><\/th><th class=\"has-text-align-center\" data-align=\"center\"><strong>Apple <\/strong><br><strong>AirTag<\/strong><\/th><th class=\"has-text-align-center\" data-align=\"center\"><strong>Raadio<\/strong>&#8211;<br><strong>piire<\/strong><\/th><\/tr><\/thead><tbody><tr><td><strong>J\u00e4lgimine kaugelt<\/strong><\/td><td class=\"has-text-align-center\" data-align=\"center\">\u2705<br>Jah<\/td><td class=\"has-text-align-center\" data-align=\"center\">\u2705<br>Jah<\/td><td class=\"has-text-align-center\" data-align=\"center\">\u26a0\ufe0f<br>iPhone&#8217;i l\u00e4hedus<\/td><td class=\"has-text-align-center\" data-align=\"center\">\u274c<br>Ei<\/td><\/tr><tr><td><strong>T\u00e4psus metsas<\/strong><\/td><td class=\"has-text-align-center\" data-align=\"center\">\u2705<br>Jah<\/td><td class=\"has-text-align-center\" data-align=\"center\">\u26a0\ufe0f<br>Piiratud<\/td><td class=\"has-text-align-center\" data-align=\"center\">\u274c<br>Ei <\/td><td class=\"has-text-align-center\" data-align=\"center\">\u274c<br>Ei<\/td><\/tr><tr><td><strong>Paindlik aedik<\/strong><\/td><td class=\"has-text-align-center\" data-align=\"center\">\u2705<br>Virtuaalne<\/td><td class=\"has-text-align-center\" data-align=\"center\">\u2705<br>Virtuaalne<\/td><td class=\"has-text-align-center\" data-align=\"center\">\u274c<br>Ei<\/td><td class=\"has-text-align-center\" data-align=\"center\">\u26a0\ufe0f<br>Kaabel<\/td><\/tr><tr><td><strong>Suhtus koeraga<\/strong><\/td><td class=\"has-text-align-center\" data-align=\"center\">\u2705<br>Jah<\/td><td class=\"has-text-align-center\" data-align=\"center\">\u274c<br>Ei<\/td><td class=\"has-text-align-center\" data-align=\"center\">\u274c<br>Ei<\/td><td class=\"has-text-align-center\" data-align=\"center\">\u274c<br>Ei<\/td><\/tr><tr><td><strong>Kasutajad<\/strong><\/td><td class=\"has-text-align-center\" data-align=\"center\">\u2705<br>Kuni 5<\/td><td class=\"has-text-align-center\" data-align=\"center\">\u26a0\ufe0f<br>1\u20132<\/td><td class=\"has-text-align-center\" data-align=\"center\">\u26a0\ufe0f<br>ainult iPhone&#8217;id<\/td><td class=\"has-text-align-center\" data-align=\"center\">\u274c<br>Ei<\/td><\/tr><tr><td><strong>Vastupidav<\/strong><\/td><td class=\"has-text-align-center\" data-align=\"center\">\u2705<br>Jah<\/td><td class=\"has-text-align-center\" data-align=\"center\">\u274c<br>\u00d5rn<\/td><td class=\"has-text-align-center\" data-align=\"center\">\u274c<br>\u00d5rn<\/td><td class=\"has-text-align-center\" data-align=\"center\">\u2705<br>Jah<\/td><\/tr><tr><td><strong>T\u00f6\u00f6aeg<\/strong><\/td><td class=\"has-text-align-center\" data-align=\"center\">\u2705 <br>~1 kuu<\/td><td class=\"has-text-align-center\" data-align=\"center\">\u26a0\ufe0f <br>3\u20137 p<\/td><td class=\"has-text-align-center\" data-align=\"center\">\u2705<br>Kuid<\/td><td class=\"has-text-align-center\" data-align=\"center\">\u2705<br>Kuid<\/td><\/tr><tr><td><strong>Live asukoht<\/strong><\/td><td class=\"has-text-align-center\" data-align=\"center\">\u2705<br>Jah<\/td><td class=\"has-text-align-center\" data-align=\"center\">\u2705<br>Jah<\/td><td class=\"has-text-align-center\" data-align=\"center\">\u26a0\ufe0f<br>iPhone&#8217;i l\u00e4hedus<\/td><td class=\"has-text-align-center\" data-align=\"center\">\u274c<br>Ei<\/td><\/tr><\/tbody><\/table><\/figure>\n\n\n\n<p style=\"font-size:14px\"><em><strong>&#8211; Tractive<\/strong> t\u00f6\u00f6tab mobiilileviga, aga signaal ja t\u00e4psus v\u00f5ivad halveneda tihedas metsas <em> <strong>\u2013<\/strong><\/em> <strong>ei sobi n\u00f5rga GSM leviga piirkonda.<\/strong><br>&#8211; <strong>AirTag<\/strong> s\u00f5ltub teistest vaid Apple&#8217;i seadmetest koera l\u00e4heduses <strong>\u2013 ei sobi maapiirkonda.<\/strong><br>&#8211; <strong>Raadiopiirded<\/strong> ei j\u00e4lgi asukohta, annavad vaid h\u00e4iret, kui koer \u00fcletab piiriala<\/em> <em>\u2013<strong> ei sobi jooksuhimulisele koerale.<\/strong><\/em><\/p>\n\n\n\n  <section  class=\"block__wrapper block__padded info-boxes block--pattern\" style=\"--p-top: 10rem\">\n    <div class=\"block__inner max--width--medium\">\n      \n  <div class=\"block__head\">\n          <h2>Kuidas Doglo j\u00e4lgimisseade t\u00f6\u00f6tab<\/h2>\n    \n      <\/div>\n\n      <div class=\"info-boxes__container\">\n        \n          <div class=\"info-boxes__wrapper\">\n            <div class=\"info-boxes__title\">\n              <h3>\ud83d\udd52 Ootere\u017eiim<\/h3>\n            <\/div>\n\n            <div class=\"info-boxes__box\">\n              <ul>\n<li data-start=\"463\" data-end=\"555\">\n<p data-start=\"465\" data-end=\"555\">Ootere\u017eiimis vilgub seadme <strong data-start=\"492\" data-end=\"517\">sinine tuli aeglaselt<\/strong> (seadme k\u00e4ivitamisel vilgub kiirelt).<\/p>\n<\/li>\n<li data-start=\"556\" data-end=\"617\">\n<p data-start=\"558\" data-end=\"617\">Seade l\u00fclitub ootere\u017eiimi, kui see asetada laadimisalusele.<\/p>\n<\/li>\n<li data-start=\"618\" data-end=\"700\">\n<p data-start=\"620\" data-end=\"700\">Re\u017eiimis olles saadab seade <strong data-start=\"648\" data-end=\"667\">iga tunni j\u00e4rel<\/strong> aku taseme ja GSM-signaali info.<\/p>\n<\/li>\n<li data-start=\"701\" data-end=\"755\">\n<p data-start=\"703\" data-end=\"755\">Seade on valmis <strong data-start=\"719\" data-end=\"754\">vastama k\u00f5nele ja SMS-k\u00e4skudele<\/strong>.<\/p>\n<\/li>\n<li data-start=\"756\" data-end=\"896\">\n<p data-start=\"758\" data-end=\"896\">T\u00e4islaetud aku kestab:<br data-start=\"780\" data-end=\"783\" \/>\u2013 <strong data-start=\"787\" data-end=\"798\">HLT-4.0: <\/strong>kuni <strong data-start=\"806\" data-end=\"818\">30 p\u00e4eva<\/strong><br data-start=\"818\" data-end=\"821\" \/>\u2013 <strong data-start=\"825\" data-end=\"836\">HLT-4.5:<\/strong> kuni <strong data-start=\"844\" data-end=\"856\">20 p\u00e4eva<\/strong><br data-start=\"856\" data-end=\"859\" \/><em data-start=\"861\" data-end=\"896\">(kestvus s\u00f5ltub ilmast ja mobiililevist)<\/em><\/p>\n<\/li>\n<\/ul>\n            <\/div>\n          <\/div>\n        \n          <div class=\"info-boxes__wrapper\">\n            <div class=\"info-boxes__title\">\n              <h3>\ud83d\udce1J\u00e4lgimisre\u017eiimid<\/h3>\n            <\/div>\n\n            <div class=\"info-boxes__box\">\n              <p data-start=\"929\" data-end=\"1017\">Seadmel on kaks j\u00e4lgimisre\u017eiimi \u2013 <strong data-start=\"963\" data-end=\"982\">pidev j\u00e4lgimine<\/strong> ja <strong data-start=\"986\" data-end=\"1016\">aktiivsusep\u00f5hine j\u00e4lgimine<\/strong>:<\/p>\n<h4 data-start=\"1019\" data-end=\"1045\"><strong data-start=\"1024\" data-end=\"1043\">Pidev j\u00e4lgimine<\/strong><\/h4>\n<ul data-start=\"1046\" data-end=\"1301\">\n<li data-start=\"1046\" data-end=\"1098\">\n<p data-start=\"1048\" data-end=\"1098\">Seade saadab asukohaandmeid kindla intervalliga.<\/p>\n<\/li>\n<li data-start=\"1099\" data-end=\"1193\">\n<p data-start=\"1101\" data-end=\"1193\">Asukoha otsimisel vilgub <strong data-start=\"1126\" data-end=\"1143\">roheline tuli<\/strong>, leides asukoha, j\u00e4\u00e4b <strong data-start=\"1166\" data-end=\"1190\">roheline tuli p\u00f5lema<\/strong>.<\/p>\n<\/li>\n<li data-start=\"1194\" data-end=\"1254\">\n<p data-start=\"1196\" data-end=\"1254\">Vaikimisi uuendatakse asukohta iga <strong data-start=\"1231\" data-end=\"1245\">10 sekundi<\/strong> j\u00e4rel.<\/p>\n<\/li>\n<li data-start=\"1255\" data-end=\"1301\">\n<p data-start=\"1257\" data-end=\"1301\">Intervalli saab muuta (3\u201399 sek) SMS-i teel.<\/p>\n<\/li>\n<\/ul>\n<p data-start=\"1303\" data-end=\"1315\"><strong data-start=\"1303\" data-end=\"1315\">Kestvus:<br \/>\n<\/strong><strong data-start=\"1318\" data-end=\"1329\">&#8211; HLT-4.0<\/strong>: ~36 tundi 10 sek intervalliga.<br \/>\n<strong data-start=\"1318\" data-end=\"1329\">&#8211; HLT-4.5<\/strong>: ~24 tundi 10 sek intervalliga.<br \/>\n<em data-start=\"861\" data-end=\"896\">(kestvus s\u00f5ltub ilmast ja mobiililevist)<\/em><\/p>\n<p data-start=\"1366\" data-end=\"1386\"><strong data-start=\"1366\" data-end=\"1384\">Aktiveerimine:\u00a0 <\/strong>Helistades seadmele v\u00f5i saates SMS \u201e1\u201c.<\/p>\n<hr data-start=\"1430\" data-end=\"1433\" \/>\n<h4 data-start=\"1435\" data-end=\"1466\"><strong data-start=\"1440\" data-end=\"1464\">Aktiivsuse j\u00e4lgimine<\/strong><\/h4>\n<ul data-start=\"1467\" data-end=\"1717\">\n<li data-start=\"1467\" data-end=\"1510\">\n<p data-start=\"1469\" data-end=\"1510\">Seade j\u00e4lgib liikumist kiirendusanduriga.<\/p>\n<\/li>\n<li data-start=\"1511\" data-end=\"1578\">\n<p data-start=\"1513\" data-end=\"1578\">Liikumisel aktiveerub GPS, liikumise lakkamisel l\u00fclitub ootele.<\/p>\n<\/li>\n<li data-start=\"1579\" data-end=\"1717\">\n<p data-start=\"1581\" data-end=\"1717\">Edastamisintervall s\u00f5ltub liikumise intensiivsusest:<br data-start=\"1633\" data-end=\"1636\" \/>\u2013 Aeglane liikumine: ~20 sek<br data-start=\"1666\" data-end=\"1669\" \/>\u2013 Keskmine: ~10 sek<br data-start=\"1690\" data-end=\"1693\" \/>\u2013 Jooksev koer: ~3 sek<\/p>\n<\/li>\n<\/ul>\n<p data-start=\"1719\" data-end=\"1731\"><strong data-start=\"1719\" data-end=\"1731\">Kestvus:<br \/>\n<\/strong><strong data-start=\"1734\" data-end=\"1745\">&#8211; HLT-4.0<\/strong>: kuni 1 n\u00e4dal s\u00f5ltuvalt koera aktiivsusest.<br \/>\n<strong data-start=\"1734\" data-end=\"1745\">&#8211; HLT-4.5<\/strong>: kuni 4 p\u00e4eva s\u00f5ltuvalt koera aktiivsusest.<br \/>\n<em data-start=\"861\" data-end=\"896\">(kestvus s\u00f5ltub ilmast ja levist)<\/em><\/p>\n<p data-start=\"1785\" data-end=\"1805\"><strong data-start=\"1785\" data-end=\"1803\">Aktiveerimine: <\/strong>SMS \u201e2\u201c<\/p>\n<hr data-start=\"1817\" data-end=\"1820\" \/>\n<h4 data-start=\"1822\" data-end=\"1871\"><strong data-start=\"1827\" data-end=\"1871\">Re\u017eiimide vahetamine ja lisafunktsioonid<\/strong><\/h4>\n<ul data-start=\"1872\" data-end=\"2063\">\n<li data-start=\"1872\" data-end=\"1923\">\n<p data-start=\"1874\" data-end=\"1923\"><strong data-start=\"1874\" data-end=\"1901\">J\u00e4lgimisest ootere\u017eiimi<\/strong> l\u00fclitamiseks: SMS \u201e0\u201c<\/p>\n<\/li>\n<li data-start=\"1924\" data-end=\"1983\">\n<p data-start=\"1926\" data-end=\"1983\"><strong data-start=\"1926\" data-end=\"1946\">Koera kuulamine:<\/strong> j\u00e4lgimisel seadmele helistades v\u00f5tab seade k\u00f5ne vastu.<\/p>\n<\/li>\n<li data-start=\"1984\" data-end=\"2063\">\n<p data-start=\"1986\" data-end=\"2063\"><strong data-start=\"1986\" data-end=\"2004\">H\u00e4\u00e4lk\u00e4sklused:<\/strong> v\u00f5imalik edastada k\u00f5lari kaudu (vaikne, kuid koer kuuleb).<\/p>\n<\/li>\n<\/ul>\n<p data-start=\"2065\" data-end=\"2154\">\ud83d\udccc <em data-start=\"2068\" data-end=\"2154\">NB! GPS ja pidev andmeside tarbivad m\u00e4rkimisv\u00e4\u00e4rselt rohkem energiat kui ootere\u017eiim \u2013 kuni 25\u00d7.<\/em><\/p>\n            <\/div>\n          <\/div>\n        \n          <div class=\"info-boxes__wrapper\">\n            <div class=\"info-boxes__title\">\n              <h3>\ud83d\udd0cLaadimine<\/h3>\n            <\/div>\n\n            <div class=\"info-boxes__box\">\n              <div class=\"area\">\n<div class=\"inner\">\n<ul>\n<li data-start=\"2180\" data-end=\"2248\">\n<p data-start=\"2182\" data-end=\"2248\">Laadimisel vilgub <strong data-start=\"2200\" data-end=\"2215\">punane tuli<\/strong>, t\u00e4islaetuna <strong data-start=\"2229\" data-end=\"2247\">p\u00f5leb punaselt<\/strong>.<\/p>\n<\/li>\n<li data-start=\"2249\" data-end=\"2342\">\n<p data-start=\"2251\" data-end=\"2342\">Seade asetatakse <strong data-start=\"2268\" data-end=\"2287\">laadimisalusele<\/strong>, mis t\u00f6\u00f6tab microUSB toitega (sobib ka autolaadijaga).<\/p>\n<\/li>\n<li data-start=\"2343\" data-end=\"2427\">\n<p data-start=\"2345\" data-end=\"2427\">Laadimise alguses teeb seade <strong data-start=\"2374\" data-end=\"2391\">taask\u00e4ivituse<\/strong> \u2013 roheline tuli s\u00fcttib 3 sekundiks.<\/p>\n<\/li>\n<li data-start=\"2428\" data-end=\"2539\">\n<p data-start=\"2430\" data-end=\"2539\">Kui selle aja jooksul v\u00f5tta seade laadijalt ja raputada, siis <strong data-start=\"2492\" data-end=\"2515\">seade l\u00fclitub v\u00e4lja<\/strong> (kasulik hoiustamisel).<\/p>\n<\/li>\n<\/ul>\n<\/div>\n<\/div>\n<p>&nbsp;<\/p>\n            <\/div>\n          <\/div>\n              <\/div>\n\n          <\/div>\n  <\/section>\n\n\n\n\n<div class=\"wp-block-buttons is-content-justification-center is-layout-flex wp-container-core-buttons-is-layout-16018d1d wp-block-buttons-is-layout-flex\">\n<div class=\"wp-block-button is-style-fill\"><a class=\"wp-block-button__link has-white-color has-black-background-color has-text-color has-background has-link-color has-text-align-center wp-element-button\" href=\"https:\/\/doglo.eu\/et\/tooted\/\" style=\"text-decoration:none\"><strong>Osta Doglo GPS j\u00e4lgimisseade<\/strong><\/a><\/div>\n<\/div>\n\n\n\n<div style=\"height:50px\" aria-hidden=\"true\" class=\"wp-block-spacer\"><\/div>\n","protected":false},"excerpt":{"rendered":"<p>Doglo on v\u00e4ga vastupidav koera j\u00e4lgimisseade, mis t\u00f6\u00f6tab igal pool ja iga ilmaga Doglo annab sulle t\u00e4pse \u00fclevaate oma koera asukohast \u2013 nii metsas matkates kui linnas jalutades. Seade on veekindel, tugev ja kerge, loodud igap\u00e4evaseks kasutamiseks ka karmides ilmastikuoludes. Doglo t\u00f6\u00f6tab mobiiliv\u00f5rgus ja ilma kauguse piiranguta \u2013 saad oma koera j\u00e4lgida kas v\u00f5i teisest [&hellip;]<\/p>\n","protected":false},"author":4,"featured_media":0,"parent":0,"menu_order":0,"comment_status":"closed","ping_status":"closed","template":"","meta":{"_acf_changed":false,"om_disable_all_campaigns":false,"_monsterinsights_skip_tracking":false,"_monsterinsights_sitenote_active":false,"_monsterinsights_sitenote_note":"","_monsterinsights_sitenote_category":0,"_uf_show_specific_survey":0,"_uf_disable_surveys":false,"footnotes":""},"class_list":["post-201","page","type-page","status-publish","hentry"],"acf":[],"yoast_head":"<!-- This site is optimized with the Yoast SEO Premium plugin v25.3.1 (Yoast SEO v25.3.1) - https:\/\/yoast.com\/wordpress\/plugins\/seo\/ -->\n<title>Mis on Doglo? \u2013 Koera GPS j\u00e4lgimisseade Eestis<\/title>\n<meta name=\"description\" content=\"Doglo on ilmastikukindel koera GPS j\u00e4lgimisseade, mis n\u00e4itab su lemmiku asukohta reaalajas. Toodetud ja testitud Eestis.\" \/>\n<meta name=\"robots\" content=\"index, follow, max-snippet:-1, max-image-preview:large, max-video-preview:-1\" \/>\n<link rel=\"canonical\" href=\"https:\/\/doglo.eu\/et\/mis-on-doglo\/\" \/>\n<meta property=\"og:locale\" content=\"et_EE\" \/>\n<meta property=\"og:type\" content=\"article\" \/>\n<meta property=\"og:title\" content=\"Mis on Doglo?\" \/>\n<meta property=\"og:description\" content=\"Doglo on ilmastikukindel koera GPS j\u00e4lgimisseade, mis n\u00e4itab su lemmiku asukohta reaalajas. Toodetud ja testitud Eestis.\" \/>\n<meta property=\"og:url\" content=\"https:\/\/doglo.eu\/et\/mis-on-doglo\/\" \/>\n<meta property=\"og:site_name\" content=\"Doglo\" \/>\n<meta property=\"article:publisher\" content=\"https:\/\/www.facebook.com\/dogloapp\" \/>\n<meta property=\"article:modified_time\" content=\"2025-06-11T11:24:59+00:00\" \/>\n<meta name=\"twitter:card\" content=\"summary_large_image\" \/>\n<meta name=\"twitter:label1\" content=\"Est. reading time\" \/>\n\t<meta name=\"twitter:data1\" content=\"2 minutit\" \/>\n<script type=\"application\/ld+json\" class=\"yoast-schema-graph\">{\"@context\":\"https:\/\/schema.org\",\"@graph\":[{\"@type\":\"WebPage\",\"@id\":\"https:\/\/doglo.eu\/et\/mis-on-doglo\/\",\"url\":\"https:\/\/doglo.eu\/et\/mis-on-doglo\/\",\"name\":\"Mis on Doglo? \u2013 Koera GPS j\u00e4lgimisseade Eestis\",\"isPartOf\":{\"@id\":\"https:\/\/doglo.eu\/et\/#website\"},\"datePublished\":\"2025-02-05T20:36:00+00:00\",\"dateModified\":\"2025-06-11T11:24:59+00:00\",\"description\":\"Doglo on ilmastikukindel koera GPS j\u00e4lgimisseade, mis n\u00e4itab su lemmiku asukohta reaalajas. Toodetud ja testitud Eestis.\",\"breadcrumb\":{\"@id\":\"https:\/\/doglo.eu\/et\/mis-on-doglo\/#breadcrumb\"},\"inLanguage\":\"et\",\"potentialAction\":[{\"@type\":\"ReadAction\",\"target\":[\"https:\/\/doglo.eu\/et\/mis-on-doglo\/\"]}]},{\"@type\":\"BreadcrumbList\",\"@id\":\"https:\/\/doglo.eu\/et\/mis-on-doglo\/#breadcrumb\",\"itemListElement\":[{\"@type\":\"ListItem\",\"position\":1,\"name\":\"Avaleht\",\"item\":\"https:\/\/doglo.eu\/et\/\"},{\"@type\":\"ListItem\",\"position\":2,\"name\":\"Mis on Doglo?\"}]},{\"@type\":\"WebSite\",\"@id\":\"https:\/\/doglo.eu\/et\/#website\",\"url\":\"https:\/\/doglo.eu\/et\/\",\"name\":\"Doglo\",\"description\":\"Doglo koera j\u00e4lgimisseade\",\"publisher\":{\"@id\":\"https:\/\/doglo.eu\/et\/#organization\"},\"potentialAction\":[{\"@type\":\"SearchAction\",\"target\":{\"@type\":\"EntryPoint\",\"urlTemplate\":\"https:\/\/doglo.eu\/et\/?s={search_term_string}\"},\"query-input\":{\"@type\":\"PropertyValueSpecification\",\"valueRequired\":true,\"valueName\":\"search_term_string\"}}],\"inLanguage\":\"et\"},{\"@type\":\"Organization\",\"@id\":\"https:\/\/doglo.eu\/et\/#organization\",\"name\":\"Doglo\",\"url\":\"https:\/\/doglo.eu\/et\/\",\"logo\":{\"@type\":\"ImageObject\",\"inLanguage\":\"et\",\"@id\":\"https:\/\/doglo.eu\/et\/#\/schema\/logo\/image\/\",\"url\":\"https:\/\/doglo.eu\/wp-content\/uploads\/2025\/02\/doglo-black.png\",\"contentUrl\":\"https:\/\/doglo.eu\/wp-content\/uploads\/2025\/02\/doglo-black.png\",\"width\":1176,\"height\":520,\"caption\":\"Doglo\"},\"image\":{\"@id\":\"https:\/\/doglo.eu\/et\/#\/schema\/logo\/image\/\"},\"sameAs\":[\"https:\/\/www.facebook.com\/dogloapp\",\"https:\/\/youtube.com\/channel\/UCEwkHwp3LS_qwk0zg4SwWOA\"],\"description\":\"Traxby O\u00dc (formerly Huntloc O\u00dc) is a company owned by Estonian owners, founded in 2013, which develops various real-time tracking platforms via a smartphone and manufactures tracking devices. The company\u2019s product portfolio includes the following solutions: - hunting platform Huntloc for hunters, - dog tracking app Doglo.\",\"email\":\"info@traxby.com\",\"legalName\":\"Traxby O\u00dc\",\"foundingDate\":\"2013-06-14\",\"vatID\":\"EE101657569\",\"numberOfEmployees\":{\"@type\":\"QuantitativeValue\",\"minValue\":\"1\",\"maxValue\":\"10\"}}]}<\/script>\n<!-- \/ Yoast SEO Premium plugin. -->","yoast_head_json":{"title":"Mis on Doglo? \u2013 Koera GPS j\u00e4lgimisseade Eestis","description":"Doglo on ilmastikukindel koera GPS j\u00e4lgimisseade, mis n\u00e4itab su lemmiku asukohta reaalajas. Toodetud ja testitud Eestis.","robots":{"index":"index","follow":"follow","max-snippet":"max-snippet:-1","max-image-preview":"max-image-preview:large","max-video-preview":"max-video-preview:-1"},"canonical":"https:\/\/doglo.eu\/et\/mis-on-doglo\/","og_locale":"et_EE","og_type":"article","og_title":"Mis on Doglo?","og_description":"Doglo on ilmastikukindel koera GPS j\u00e4lgimisseade, mis n\u00e4itab su lemmiku asukohta reaalajas. Toodetud ja testitud Eestis.","og_url":"https:\/\/doglo.eu\/et\/mis-on-doglo\/","og_site_name":"Doglo","article_publisher":"https:\/\/www.facebook.com\/dogloapp","article_modified_time":"2025-06-11T11:24:59+00:00","twitter_card":"summary_large_image","twitter_misc":{"Est. reading time":"2 minutit"},"schema":{"@context":"https:\/\/schema.org","@graph":[{"@type":"WebPage","@id":"https:\/\/doglo.eu\/et\/mis-on-doglo\/","url":"https:\/\/doglo.eu\/et\/mis-on-doglo\/","name":"Mis on Doglo? \u2013 Koera GPS j\u00e4lgimisseade Eestis","isPartOf":{"@id":"https:\/\/doglo.eu\/et\/#website"},"datePublished":"2025-02-05T20:36:00+00:00","dateModified":"2025-06-11T11:24:59+00:00","description":"Doglo on ilmastikukindel koera GPS j\u00e4lgimisseade, mis n\u00e4itab su lemmiku asukohta reaalajas. Toodetud ja testitud Eestis.","breadcrumb":{"@id":"https:\/\/doglo.eu\/et\/mis-on-doglo\/#breadcrumb"},"inLanguage":"et","potentialAction":[{"@type":"ReadAction","target":["https:\/\/doglo.eu\/et\/mis-on-doglo\/"]}]},{"@type":"BreadcrumbList","@id":"https:\/\/doglo.eu\/et\/mis-on-doglo\/#breadcrumb","itemListElement":[{"@type":"ListItem","position":1,"name":"Avaleht","item":"https:\/\/doglo.eu\/et\/"},{"@type":"ListItem","position":2,"name":"Mis on Doglo?"}]},{"@type":"WebSite","@id":"https:\/\/doglo.eu\/et\/#website","url":"https:\/\/doglo.eu\/et\/","name":"Doglo","description":"Doglo koera j\u00e4lgimisseade","publisher":{"@id":"https:\/\/doglo.eu\/et\/#organization"},"potentialAction":[{"@type":"SearchAction","target":{"@type":"EntryPoint","urlTemplate":"https:\/\/doglo.eu\/et\/?s={search_term_string}"},"query-input":{"@type":"PropertyValueSpecification","valueRequired":true,"valueName":"search_term_string"}}],"inLanguage":"et"},{"@type":"Organization","@id":"https:\/\/doglo.eu\/et\/#organization","name":"Doglo","url":"https:\/\/doglo.eu\/et\/","logo":{"@type":"ImageObject","inLanguage":"et","@id":"https:\/\/doglo.eu\/et\/#\/schema\/logo\/image\/","url":"https:\/\/doglo.eu\/wp-content\/uploads\/2025\/02\/doglo-black.png","contentUrl":"https:\/\/doglo.eu\/wp-content\/uploads\/2025\/02\/doglo-black.png","width":1176,"height":520,"caption":"Doglo"},"image":{"@id":"https:\/\/doglo.eu\/et\/#\/schema\/logo\/image\/"},"sameAs":["https:\/\/www.facebook.com\/dogloapp","https:\/\/youtube.com\/channel\/UCEwkHwp3LS_qwk0zg4SwWOA"],"description":"Traxby O\u00dc (formerly Huntloc O\u00dc) is a company owned by Estonian owners, founded in 2013, which develops various real-time tracking platforms via a smartphone and manufactures tracking devices. The company\u2019s product portfolio includes the following solutions: - hunting platform Huntloc for hunters, - dog tracking app Doglo.","email":"info@traxby.com","legalName":"Traxby O\u00dc","foundingDate":"2013-06-14","vatID":"EE101657569","numberOfEmployees":{"@type":"QuantitativeValue","minValue":"1","maxValue":"10"}}]}},"_links":{"self":[{"href":"https:\/\/doglo.eu\/et\/wp-json\/wp\/v2\/pages\/201","targetHints":{"allow":["GET"]}}],"collection":[{"href":"https:\/\/doglo.eu\/et\/wp-json\/wp\/v2\/pages"}],"about":[{"href":"https:\/\/doglo.eu\/et\/wp-json\/wp\/v2\/types\/page"}],"author":[{"embeddable":true,"href":"https:\/\/doglo.eu\/et\/wp-json\/wp\/v2\/users\/4"}],"replies":[{"embeddable":true,"href":"https:\/\/doglo.eu\/et\/wp-json\/wp\/v2\/comments?post=201"}],"version-history":[{"count":88,"href":"https:\/\/doglo.eu\/et\/wp-json\/wp\/v2\/pages\/201\/revisions"}],"predecessor-version":[{"id":13478,"href":"https:\/\/doglo.eu\/et\/wp-json\/wp\/v2\/pages\/201\/revisions\/13478"}],"wp:attachment":[{"href":"https:\/\/doglo.eu\/et\/wp-json\/wp\/v2\/media?parent=201"}],"curies":[{"name":"wp","href":"https:\/\/api.w.org\/{rel}","templated":true}]}}