{"id":11290,"date":"2025-02-19T01:28:02","date_gmt":"2025-02-19T01:28:02","guid":{"rendered":"https:\/\/doglo.vebelo.ee\/?post_type=product&#038;p=11290"},"modified":"2025-08-04T15:08:03","modified_gmt":"2025-08-04T12:08:03","slug":"koera-kaelarihm-l-suurus-must","status":"publish","type":"product","link":"https:\/\/doglo.eu\/et\/toode\/koera-kaelarihm-l-suurus-must\/","title":{"rendered":"Koera kaelarihm, L suurus, must"},"content":{"rendered":"<div id=\"wsite-com-product-short-description\">\n<div class=\"paragraph\">\n<div class=\"extra-info\">\n<p>Tutvustame meie esmaklassilist koerakaelarihma, suuruses L, klassikalise <strong>must<\/strong>a viimistlusega, mis on kohandatud suurematele koertele. Rihm on valmistatud kvaliteetsest <strong>nailonist<\/strong>, kaetud <strong>termoplastilise pol\u00fcuretaaniga (TPU)<\/strong>, mis suurendab selle tugevust ja vastupidavust. See kombinatsioon tagab, et kaelarihm on vastupidav ilmastikule ning igasugusele karmimale m\u00e4ngule, milles teie koer v\u00f5ib osaleda. TPU kattekiht annab kaelarihmale ka stiilse, kaasaegse v\u00e4limuse, tagades samal ajal, et see on nii kerge kui vastupidav.<\/p>\n<h3>Kaelarihma m\u00f5\u00f5tmed:<\/h3>\n<p>See kaelarihm on loodud vastupidavuse ja mugavuse pakkumiseks koertele, kelle kaela\u00fcmberm\u00f5\u00f5t j\u00e4\u00e4b vahemikku <strong>20 kuni 56 cm<\/strong>. See sisaldab <strong>21 reguleerimisauku<\/strong>, nii et saate t\u00e4pselt sobitada see oma koera kaela suurusega. Venitades <strong>kogupikkuseks 60 cm<\/strong>, <strong>laiusega 25,4 mm<\/strong> ja <strong>paksusega 2,2 mm<\/strong>, on see kujundatud optimaalset tuge ja turvalisust pakkuma, kompromiteerimata mugavust. Kaaludes <strong>88 grammi<\/strong>, pakub see kaelarihm ideaalse tasakaalu, tagades teie lemmiklooma liikumisvabaduse, s\u00e4ilitades samal ajal teie kontrolli.<\/p>\n<hr \/>\n<p>Kaelarihma on varustatud <strong>tugeva kinnituspandlaga<\/strong>, mis garanteerib kindluse ja usaldusv\u00e4\u00e4rsuse. Lisaks on sellel rihma <strong>kinnitamiseks D-r\u00f5ngas<\/strong>, mis v\u00f5imaldab teil lemmiklooma h\u00f5lpsasti juhtida. T\u00e4nu TPU kattele saab igasuguse mustuse <strong>kergesti puhastada<\/strong>, tagades, et kaelarihm s\u00e4ilitab oma laitmatu v\u00e4limuse aastateks. Olgu teie lemmikloom porisele rajale tungimas v\u00f5i pargis m\u00e4ngimas, see kaelarihm on loodud k\u00f5ike seda taluma!<\/p>\n<p>Kui m\u00f5\u00f5dud ei sobi teie koerale, siis vaadake kindlasti ka meie teiste <a href=\"https:\/\/doglo.eu\/et\/toode\/koera-kaelarihm-s-suurus-must\/?v=08a4415e9d59\">S-suuruses<\/a> v\u00f5i <a href=\"https:\/\/doglo.eu\/et\/toode\/koera-kaelarihm-xl-suurus-must\/?v=08a4415e9d59\">XL-suuruses<\/a> kaelarihma!<\/p>\n<p>&nbsp;<\/p>\n<\/div>\n<\/div>\n<\/div>\n","protected":false},"excerpt":{"rendered":"<p>V\u00e4ga vastupidav kaelarihm suurematele koertele, sobib koertele kaela \u00fcmberm\u00f5\u00f5duga 20-56 cm.<\/p>\n","protected":false},"featured_media":13521,"template":"","meta":{"_acf_changed":false,"om_disable_all_campaigns":false,"_monsterinsights_skip_tracking":false,"_monsterinsights_sitenote_active":false,"_monsterinsights_sitenote_note":"","_monsterinsights_sitenote_category":0,"_uf_show_specific_survey":0,"_uf_disable_surveys":false},"product_brand":[],"product_cat":[101,187],"product_tag":[],"class_list":{"0":"post-11290","1":"product","2":"type-product","3":"status-publish","4":"has-post-thumbnail","6":"product_cat-tarvikud","7":"product_cat-kaelarihmad","9":"first","10":"instock","11":"taxable","12":"shipping-taxable","13":"purchasable","14":"product-type-simple"},"acf":[],"yoast_head":"<!-- This site is optimized with the Yoast SEO Premium plugin v25.3.1 (Yoast SEO v25.3.1) - https:\/\/yoast.com\/wordpress\/plugins\/seo\/ -->\n<title>Koera kaelarihm, L suurus, must - Doglo<\/title>\n<meta name=\"description\" content=\"Kui Doglo kaelarihm on kadunud v\u00f5i purunenud, siis lihtsalt ja mugavalt on v\u00f5imalik tellida see musta v\u00e4rvi L-suurusega kaelarihm koerale.\" \/>\n<meta name=\"robots\" content=\"index, follow, max-snippet:-1, max-image-preview:large, max-video-preview:-1\" \/>\n<link rel=\"canonical\" href=\"https:\/\/doglo.eu\/et\/toode\/koera-kaelarihm-l-suurus-must\/\" \/>\n<meta property=\"og:locale\" content=\"et_EE\" \/>\n<meta property=\"og:type\" content=\"article\" \/>\n<meta property=\"og:title\" content=\"Koera kaelarihm, L suurus, must\" \/>\n<meta property=\"og:description\" content=\"Kui Doglo kaelarihm on kadunud v\u00f5i purunenud, siis lihtsalt ja mugavalt on v\u00f5imalik tellida see musta v\u00e4rvi L-suurusega kaelarihm koerale.\" \/>\n<meta property=\"og:url\" content=\"https:\/\/doglo.eu\/et\/toode\/koera-kaelarihm-l-suurus-must\/\" \/>\n<meta property=\"og:site_name\" content=\"Doglo\" \/>\n<meta property=\"article:publisher\" content=\"https:\/\/www.facebook.com\/dogloapp\" \/>\n<meta property=\"article:modified_time\" content=\"2025-08-04T12:08:03+00:00\" \/>\n<meta property=\"og:image\" content=\"https:\/\/doglo.eu\/wp-content\/uploads\/2025\/02\/Doglo-L-kaelarihm-1.png\" \/>\n\t<meta property=\"og:image:width\" content=\"1536\" \/>\n\t<meta property=\"og:image:height\" content=\"1024\" \/>\n\t<meta property=\"og:image:type\" content=\"image\/png\" \/>\n<meta name=\"twitter:card\" content=\"summary_large_image\" \/>\n<meta name=\"twitter:label1\" content=\"Est. reading time\" \/>\n\t<meta name=\"twitter:data1\" content=\"2 minutit\" \/>\n<script type=\"application\/ld+json\" class=\"yoast-schema-graph\">{\"@context\":\"https:\/\/schema.org\",\"@graph\":[{\"@type\":\"WebPage\",\"@id\":\"https:\/\/doglo.eu\/et\/toode\/koera-kaelarihm-l-suurus-must\/\",\"url\":\"https:\/\/doglo.eu\/et\/toode\/koera-kaelarihm-l-suurus-must\/\",\"name\":\"Koera kaelarihm, L suurus, must - Doglo\",\"isPartOf\":{\"@id\":\"https:\/\/doglo.eu\/et\/#website\"},\"primaryImageOfPage\":{\"@id\":\"https:\/\/doglo.eu\/et\/toode\/koera-kaelarihm-l-suurus-must\/#primaryimage\"},\"image\":{\"@id\":\"https:\/\/doglo.eu\/et\/toode\/koera-kaelarihm-l-suurus-must\/#primaryimage\"},\"thumbnailUrl\":\"https:\/\/doglo.eu\/wp-content\/uploads\/2025\/02\/Doglo-L-kaelarihm-1.png\",\"datePublished\":\"2025-02-19T01:28:02+00:00\",\"dateModified\":\"2025-08-04T12:08:03+00:00\",\"description\":\"Kui Doglo kaelarihm on kadunud v\u00f5i purunenud, siis lihtsalt ja mugavalt on v\u00f5imalik tellida see musta v\u00e4rvi L-suurusega kaelarihm koerale.\",\"breadcrumb\":{\"@id\":\"https:\/\/doglo.eu\/et\/toode\/koera-kaelarihm-l-suurus-must\/#breadcrumb\"},\"inLanguage\":\"et\",\"potentialAction\":[{\"@type\":\"ReadAction\",\"target\":[\"https:\/\/doglo.eu\/et\/toode\/koera-kaelarihm-l-suurus-must\/\"]}]},{\"@type\":\"ImageObject\",\"inLanguage\":\"et\",\"@id\":\"https:\/\/doglo.eu\/et\/toode\/koera-kaelarihm-l-suurus-must\/#primaryimage\",\"url\":\"https:\/\/doglo.eu\/wp-content\/uploads\/2025\/02\/Doglo-L-kaelarihm-1.png\",\"contentUrl\":\"https:\/\/doglo.eu\/wp-content\/uploads\/2025\/02\/Doglo-L-kaelarihm-1.png\",\"width\":1536,\"height\":1024},{\"@type\":\"BreadcrumbList\",\"@id\":\"https:\/\/doglo.eu\/et\/toode\/koera-kaelarihm-l-suurus-must\/#breadcrumb\",\"itemListElement\":[{\"@type\":\"ListItem\",\"position\":1,\"name\":\"Avaleht\",\"item\":\"https:\/\/doglo.eu\/et\/\"},{\"@type\":\"ListItem\",\"position\":2,\"name\":\"E-pood\",\"item\":\"https:\/\/doglo.eu\/et\/e-pood\/\"},{\"@type\":\"ListItem\",\"position\":3,\"name\":\"Koera kaelarihm, L suurus, must\"}]},{\"@type\":\"WebSite\",\"@id\":\"https:\/\/doglo.eu\/et\/#website\",\"url\":\"https:\/\/doglo.eu\/et\/\",\"name\":\"Doglo\",\"description\":\"Doglo koera j\u00e4lgimisseade\",\"publisher\":{\"@id\":\"https:\/\/doglo.eu\/et\/#organization\"},\"potentialAction\":[{\"@type\":\"SearchAction\",\"target\":{\"@type\":\"EntryPoint\",\"urlTemplate\":\"https:\/\/doglo.eu\/et\/?s={search_term_string}\"},\"query-input\":{\"@type\":\"PropertyValueSpecification\",\"valueRequired\":true,\"valueName\":\"search_term_string\"}}],\"inLanguage\":\"et\"},{\"@type\":\"Organization\",\"@id\":\"https:\/\/doglo.eu\/et\/#organization\",\"name\":\"Doglo\",\"url\":\"https:\/\/doglo.eu\/et\/\",\"logo\":{\"@type\":\"ImageObject\",\"inLanguage\":\"et\",\"@id\":\"https:\/\/doglo.eu\/et\/#\/schema\/logo\/image\/\",\"url\":\"https:\/\/doglo.eu\/wp-content\/uploads\/2025\/02\/doglo-black.png\",\"contentUrl\":\"https:\/\/doglo.eu\/wp-content\/uploads\/2025\/02\/doglo-black.png\",\"width\":1176,\"height\":520,\"caption\":\"Doglo\"},\"image\":{\"@id\":\"https:\/\/doglo.eu\/et\/#\/schema\/logo\/image\/\"},\"sameAs\":[\"https:\/\/www.facebook.com\/dogloapp\",\"https:\/\/youtube.com\/channel\/UCEwkHwp3LS_qwk0zg4SwWOA\"],\"description\":\"Traxby O\u00dc (formerly Huntloc O\u00dc) is a company owned by Estonian owners, founded in 2013, which develops various real-time tracking platforms via a smartphone and manufactures tracking devices. The company\u2019s product portfolio includes the following solutions: - hunting platform Huntloc for hunters, - dog tracking app Doglo.\",\"email\":\"info@traxby.com\",\"legalName\":\"Traxby O\u00dc\",\"foundingDate\":\"2013-06-14\",\"vatID\":\"EE101657569\",\"numberOfEmployees\":{\"@type\":\"QuantitativeValue\",\"minValue\":\"1\",\"maxValue\":\"10\"}}]}<\/script>\n<!-- \/ Yoast SEO Premium plugin. -->","yoast_head_json":{"title":"Koera kaelarihm, L suurus, must - Doglo","description":"Kui Doglo kaelarihm on kadunud v\u00f5i purunenud, siis lihtsalt ja mugavalt on v\u00f5imalik tellida see musta v\u00e4rvi L-suurusega kaelarihm koerale.","robots":{"index":"index","follow":"follow","max-snippet":"max-snippet:-1","max-image-preview":"max-image-preview:large","max-video-preview":"max-video-preview:-1"},"canonical":"https:\/\/doglo.eu\/et\/toode\/koera-kaelarihm-l-suurus-must\/","og_locale":"et_EE","og_type":"article","og_title":"Koera kaelarihm, L suurus, must","og_description":"Kui Doglo kaelarihm on kadunud v\u00f5i purunenud, siis lihtsalt ja mugavalt on v\u00f5imalik tellida see musta v\u00e4rvi L-suurusega kaelarihm koerale.","og_url":"https:\/\/doglo.eu\/et\/toode\/koera-kaelarihm-l-suurus-must\/","og_site_name":"Doglo","article_publisher":"https:\/\/www.facebook.com\/dogloapp","article_modified_time":"2025-08-04T12:08:03+00:00","og_image":[{"width":1536,"height":1024,"url":"https:\/\/doglo.eu\/wp-content\/uploads\/2025\/02\/Doglo-L-kaelarihm-1.png","type":"image\/png"}],"twitter_card":"summary_large_image","twitter_misc":{"Est. reading time":"2 minutit"},"schema":{"@context":"https:\/\/schema.org","@graph":[{"@type":"WebPage","@id":"https:\/\/doglo.eu\/et\/toode\/koera-kaelarihm-l-suurus-must\/","url":"https:\/\/doglo.eu\/et\/toode\/koera-kaelarihm-l-suurus-must\/","name":"Koera kaelarihm, L suurus, must - Doglo","isPartOf":{"@id":"https:\/\/doglo.eu\/et\/#website"},"primaryImageOfPage":{"@id":"https:\/\/doglo.eu\/et\/toode\/koera-kaelarihm-l-suurus-must\/#primaryimage"},"image":{"@id":"https:\/\/doglo.eu\/et\/toode\/koera-kaelarihm-l-suurus-must\/#primaryimage"},"thumbnailUrl":"https:\/\/doglo.eu\/wp-content\/uploads\/2025\/02\/Doglo-L-kaelarihm-1.png","datePublished":"2025-02-19T01:28:02+00:00","dateModified":"2025-08-04T12:08:03+00:00","description":"Kui Doglo kaelarihm on kadunud v\u00f5i purunenud, siis lihtsalt ja mugavalt on v\u00f5imalik tellida see musta v\u00e4rvi L-suurusega kaelarihm koerale.","breadcrumb":{"@id":"https:\/\/doglo.eu\/et\/toode\/koera-kaelarihm-l-suurus-must\/#breadcrumb"},"inLanguage":"et","potentialAction":[{"@type":"ReadAction","target":["https:\/\/doglo.eu\/et\/toode\/koera-kaelarihm-l-suurus-must\/"]}]},{"@type":"ImageObject","inLanguage":"et","@id":"https:\/\/doglo.eu\/et\/toode\/koera-kaelarihm-l-suurus-must\/#primaryimage","url":"https:\/\/doglo.eu\/wp-content\/uploads\/2025\/02\/Doglo-L-kaelarihm-1.png","contentUrl":"https:\/\/doglo.eu\/wp-content\/uploads\/2025\/02\/Doglo-L-kaelarihm-1.png","width":1536,"height":1024},{"@type":"BreadcrumbList","@id":"https:\/\/doglo.eu\/et\/toode\/koera-kaelarihm-l-suurus-must\/#breadcrumb","itemListElement":[{"@type":"ListItem","position":1,"name":"Avaleht","item":"https:\/\/doglo.eu\/et\/"},{"@type":"ListItem","position":2,"name":"E-pood","item":"https:\/\/doglo.eu\/et\/e-pood\/"},{"@type":"ListItem","position":3,"name":"Koera kaelarihm, L suurus, must"}]},{"@type":"WebSite","@id":"https:\/\/doglo.eu\/et\/#website","url":"https:\/\/doglo.eu\/et\/","name":"Doglo","description":"Doglo koera j\u00e4lgimisseade","publisher":{"@id":"https:\/\/doglo.eu\/et\/#organization"},"potentialAction":[{"@type":"SearchAction","target":{"@type":"EntryPoint","urlTemplate":"https:\/\/doglo.eu\/et\/?s={search_term_string}"},"query-input":{"@type":"PropertyValueSpecification","valueRequired":true,"valueName":"search_term_string"}}],"inLanguage":"et"},{"@type":"Organization","@id":"https:\/\/doglo.eu\/et\/#organization","name":"Doglo","url":"https:\/\/doglo.eu\/et\/","logo":{"@type":"ImageObject","inLanguage":"et","@id":"https:\/\/doglo.eu\/et\/#\/schema\/logo\/image\/","url":"https:\/\/doglo.eu\/wp-content\/uploads\/2025\/02\/doglo-black.png","contentUrl":"https:\/\/doglo.eu\/wp-content\/uploads\/2025\/02\/doglo-black.png","width":1176,"height":520,"caption":"Doglo"},"image":{"@id":"https:\/\/doglo.eu\/et\/#\/schema\/logo\/image\/"},"sameAs":["https:\/\/www.facebook.com\/dogloapp","https:\/\/youtube.com\/channel\/UCEwkHwp3LS_qwk0zg4SwWOA"],"description":"Traxby O\u00dc (formerly Huntloc O\u00dc) is a company owned by Estonian owners, founded in 2013, which develops various real-time tracking platforms via a smartphone and manufactures tracking devices. The company\u2019s product portfolio includes the following solutions: - hunting platform Huntloc for hunters, - dog tracking app Doglo.","email":"info@traxby.com","legalName":"Traxby O\u00dc","foundingDate":"2013-06-14","vatID":"EE101657569","numberOfEmployees":{"@type":"QuantitativeValue","minValue":"1","maxValue":"10"}}]}},"_links":{"self":[{"href":"https:\/\/doglo.eu\/et\/wp-json\/wp\/v2\/product\/11290","targetHints":{"allow":["GET"]}}],"collection":[{"href":"https:\/\/doglo.eu\/et\/wp-json\/wp\/v2\/product"}],"about":[{"href":"https:\/\/doglo.eu\/et\/wp-json\/wp\/v2\/types\/product"}],"wp:featuredmedia":[{"embeddable":true,"href":"https:\/\/doglo.eu\/et\/wp-json\/wp\/v2\/media\/13521"}],"wp:attachment":[{"href":"https:\/\/doglo.eu\/et\/wp-json\/wp\/v2\/media?parent=11290"}],"wp:term":[{"taxonomy":"product_brand","embeddable":true,"href":"https:\/\/doglo.eu\/et\/wp-json\/wp\/v2\/product_brand?post=11290"},{"taxonomy":"product_cat","embeddable":true,"href":"https:\/\/doglo.eu\/et\/wp-json\/wp\/v2\/product_cat?post=11290"},{"taxonomy":"product_tag","embeddable":true,"href":"https:\/\/doglo.eu\/et\/wp-json\/wp\/v2\/product_tag?post=11290"}],"curies":[{"name":"wp","href":"https:\/\/api.w.org\/{rel}","templated":true}]}}