{"id":11296,"date":"2025-02-19T01:28:03","date_gmt":"2025-02-19T01:28:03","guid":{"rendered":"https:\/\/doglo.vebelo.ee\/?post_type=product&#038;p=11296"},"modified":"2025-08-04T15:09:59","modified_gmt":"2025-08-04T12:09:59","slug":"koera-kaelarihm-s-suurus-must","status":"publish","type":"product","link":"https:\/\/doglo.eu\/et\/toode\/koera-kaelarihm-s-suurus-must\/","title":{"rendered":"Koera kaelarihm, S suurus, must"},"content":{"rendered":"<div class=\"extra-info\">\n<div class=\"extra-info\">\n<p>Tutvustame meie stiilset koerakaelarihma suuruses S, elegantses <strong>must<\/strong>as v\u00e4rvitoonis, mis sobib igale lemmikloomale! See kaelarihm on hoolikalt valmistatud, et tagada vastupidavus ja mugavus, olles ideaalne aksessuaar keskmise suurusega koertele. Valmistatud <strong>kvaliteetsest nailonist<\/strong>, mis on <strong>kaetud termoplastilise pol\u00fcuretaaniga (TPU)<\/strong>, tagab see tugevuse ja paindlikkuse. Kaelarihm on vastupidav kulumisele, pidades vastu ka k\u00f5ige m\u00e4ngulisemate lemmikloomadele!<\/p>\n<h3>Rihma m\u00f5\u00f5tmed:<\/h3>\n<p><strong>\u00dcheksa auguga<\/strong> kaelarihm sobib kaela \u00fcmberm\u00f5\u00f5dule vahemikus <strong>28 kuni 41 cm<\/strong>. Kaelarihma <strong>kogupikkus on 45 cm<\/strong>, <strong>laius 20 mm<\/strong> ja <strong>paksus 2,2 mm<\/strong>, pakkudes t\u00e4iuslikku tasakaalu vastupidavuse ja kerge mugavuse vahel. <strong>Kaaludes vaid 44 grammi<\/strong>, on see teie lemmiklooma kaelale \u00f5rn, pakkudes neile vabadust liikumiseks ja m\u00e4ngimiseks ilma piiranguteta.<\/p>\n<hr \/>\n<p>Kaelarihma juurde kuulub <strong>tugev kinnituspannal<\/strong>, mis tagab kindla istuvuse, pakkudes teile rahu meelt koeraga jalutades. Lisaks on kaelarihma k\u00fcljes tugev <strong>D-r\u00f5ngas<\/strong> rihma kinnitamiseks. See omadus lihtsustab lemmiklooma kinnitamist, muutes v\u00e4ljas\u00f5idud mugavamaks ja turvalisemaks.<\/p>\n<p>Peale selle on kaelarihma <strong>lihtne puhastada<\/strong>. T\u00e4nu TPU kattele saab seiklusretkel kogutud mustuse v\u00f5i pori lihtsalt maha p\u00fchkida! Olgu tegu jalutusk\u00e4iguga pargis v\u00f5i matkaga maal, see kaelarihm on loodud k\u00f5ike seda taluma!<\/p>\n<p>Kui need m\u00f5\u00f5dud ei sobi teie koerale, siis vaadake kindlasti ka meie <a href=\"https:\/\/doglo.eu\/et\/toode\/koera-kaelarihm-l-suurus-must\/?v=08a4415e9d59\">L-suurusega<\/a> v\u00f5i <a href=\"https:\/\/doglo.eu\/et\/toode\/koera-kaelarihm-xl-suurus-must\/?v=08a4415e9d59\">XL-suurusega<\/a> kaelarihma!<\/p>\n<p>&nbsp;<\/p>\n<\/div>\n<\/div>\n","protected":false},"excerpt":{"rendered":"<p>V\u00e4ga vastupidav kaelarihm v\u00e4iksematele koertele (kaela \u00fcmberm\u00f5\u00f5duga 28-41 cm).<\/p>\n","protected":false},"featured_media":13516,"template":"","meta":{"_acf_changed":false,"om_disable_all_campaigns":false,"_monsterinsights_skip_tracking":false,"_monsterinsights_sitenote_active":false,"_monsterinsights_sitenote_note":"","_monsterinsights_sitenote_category":0,"_uf_show_specific_survey":0,"_uf_disable_surveys":false},"product_brand":[],"product_cat":[101,187],"product_tag":[],"class_list":{"0":"post-11296","1":"product","2":"type-product","3":"status-publish","4":"has-post-thumbnail","6":"product_cat-tarvikud","7":"product_cat-kaelarihmad","9":"first","10":"instock","11":"taxable","12":"shipping-taxable","13":"purchasable","14":"product-type-simple"},"acf":[],"yoast_head":"<!-- This site is optimized with the Yoast SEO Premium plugin v25.3.1 (Yoast SEO v25.3.1) - https:\/\/yoast.com\/wordpress\/plugins\/seo\/ -->\n<title>Koera kaelarihm, S suurus, must - Doglo<\/title>\n<meta name=\"description\" content=\"Hankige oma Doglo seadmele vastupidav asenduskaelarihm! Must suuruses S kaelarihm sobib keskmistele koertele, kelle kael on 28-41 cm.\" \/>\n<meta name=\"robots\" content=\"index, follow, max-snippet:-1, max-image-preview:large, max-video-preview:-1\" \/>\n<link rel=\"canonical\" href=\"https:\/\/doglo.eu\/et\/toode\/koera-kaelarihm-s-suurus-must\/\" \/>\n<meta property=\"og:locale\" content=\"et_EE\" \/>\n<meta property=\"og:type\" content=\"article\" \/>\n<meta property=\"og:title\" content=\"Koera kaelarihm, S suurus, must\" \/>\n<meta property=\"og:description\" content=\"Hankige oma Doglo seadmele vastupidav asenduskaelarihm! Must suuruses S kaelarihm sobib keskmistele koertele, kelle kael on 28-41 cm.\" \/>\n<meta property=\"og:url\" content=\"https:\/\/doglo.eu\/et\/toode\/koera-kaelarihm-s-suurus-must\/\" \/>\n<meta property=\"og:site_name\" content=\"Doglo\" \/>\n<meta property=\"article:publisher\" content=\"https:\/\/www.facebook.com\/dogloapp\" \/>\n<meta property=\"article:modified_time\" content=\"2025-08-04T12:09:59+00:00\" \/>\n<meta property=\"og:image\" content=\"https:\/\/doglo.eu\/wp-content\/uploads\/2025\/02\/Doglo-S-kaelarihm.png\" \/>\n\t<meta property=\"og:image:width\" content=\"1024\" \/>\n\t<meta property=\"og:image:height\" content=\"1024\" \/>\n\t<meta property=\"og:image:type\" content=\"image\/png\" \/>\n<meta name=\"twitter:card\" content=\"summary_large_image\" \/>\n<meta name=\"twitter:label1\" content=\"Est. reading time\" \/>\n\t<meta name=\"twitter:data1\" content=\"2 minutit\" \/>\n<script type=\"application\/ld+json\" class=\"yoast-schema-graph\">{\"@context\":\"https:\/\/schema.org\",\"@graph\":[{\"@type\":\"WebPage\",\"@id\":\"https:\/\/doglo.eu\/et\/toode\/koera-kaelarihm-s-suurus-must\/\",\"url\":\"https:\/\/doglo.eu\/et\/toode\/koera-kaelarihm-s-suurus-must\/\",\"name\":\"Koera kaelarihm, S suurus, must - Doglo\",\"isPartOf\":{\"@id\":\"https:\/\/doglo.eu\/et\/#website\"},\"primaryImageOfPage\":{\"@id\":\"https:\/\/doglo.eu\/et\/toode\/koera-kaelarihm-s-suurus-must\/#primaryimage\"},\"image\":{\"@id\":\"https:\/\/doglo.eu\/et\/toode\/koera-kaelarihm-s-suurus-must\/#primaryimage\"},\"thumbnailUrl\":\"https:\/\/doglo.eu\/wp-content\/uploads\/2025\/02\/Doglo-S-kaelarihm.png\",\"datePublished\":\"2025-02-19T01:28:03+00:00\",\"dateModified\":\"2025-08-04T12:09:59+00:00\",\"description\":\"Hankige oma Doglo seadmele vastupidav asenduskaelarihm! Must suuruses S kaelarihm sobib keskmistele koertele, kelle kael on 28-41 cm.\",\"breadcrumb\":{\"@id\":\"https:\/\/doglo.eu\/et\/toode\/koera-kaelarihm-s-suurus-must\/#breadcrumb\"},\"inLanguage\":\"et\",\"potentialAction\":[{\"@type\":\"ReadAction\",\"target\":[\"https:\/\/doglo.eu\/et\/toode\/koera-kaelarihm-s-suurus-must\/\"]}]},{\"@type\":\"ImageObject\",\"inLanguage\":\"et\",\"@id\":\"https:\/\/doglo.eu\/et\/toode\/koera-kaelarihm-s-suurus-must\/#primaryimage\",\"url\":\"https:\/\/doglo.eu\/wp-content\/uploads\/2025\/02\/Doglo-S-kaelarihm.png\",\"contentUrl\":\"https:\/\/doglo.eu\/wp-content\/uploads\/2025\/02\/Doglo-S-kaelarihm.png\",\"width\":1024,\"height\":1024},{\"@type\":\"BreadcrumbList\",\"@id\":\"https:\/\/doglo.eu\/et\/toode\/koera-kaelarihm-s-suurus-must\/#breadcrumb\",\"itemListElement\":[{\"@type\":\"ListItem\",\"position\":1,\"name\":\"Avaleht\",\"item\":\"https:\/\/doglo.eu\/et\/\"},{\"@type\":\"ListItem\",\"position\":2,\"name\":\"E-pood\",\"item\":\"https:\/\/doglo.eu\/et\/e-pood\/\"},{\"@type\":\"ListItem\",\"position\":3,\"name\":\"Koera kaelarihm, S suurus, must\"}]},{\"@type\":\"WebSite\",\"@id\":\"https:\/\/doglo.eu\/et\/#website\",\"url\":\"https:\/\/doglo.eu\/et\/\",\"name\":\"Doglo\",\"description\":\"Doglo koera j\u00e4lgimisseade\",\"publisher\":{\"@id\":\"https:\/\/doglo.eu\/et\/#organization\"},\"potentialAction\":[{\"@type\":\"SearchAction\",\"target\":{\"@type\":\"EntryPoint\",\"urlTemplate\":\"https:\/\/doglo.eu\/et\/?s={search_term_string}\"},\"query-input\":{\"@type\":\"PropertyValueSpecification\",\"valueRequired\":true,\"valueName\":\"search_term_string\"}}],\"inLanguage\":\"et\"},{\"@type\":\"Organization\",\"@id\":\"https:\/\/doglo.eu\/et\/#organization\",\"name\":\"Doglo\",\"url\":\"https:\/\/doglo.eu\/et\/\",\"logo\":{\"@type\":\"ImageObject\",\"inLanguage\":\"et\",\"@id\":\"https:\/\/doglo.eu\/et\/#\/schema\/logo\/image\/\",\"url\":\"https:\/\/doglo.eu\/wp-content\/uploads\/2025\/02\/doglo-black.png\",\"contentUrl\":\"https:\/\/doglo.eu\/wp-content\/uploads\/2025\/02\/doglo-black.png\",\"width\":1176,\"height\":520,\"caption\":\"Doglo\"},\"image\":{\"@id\":\"https:\/\/doglo.eu\/et\/#\/schema\/logo\/image\/\"},\"sameAs\":[\"https:\/\/www.facebook.com\/dogloapp\",\"https:\/\/youtube.com\/channel\/UCEwkHwp3LS_qwk0zg4SwWOA\"],\"description\":\"Traxby O\u00dc (formerly Huntloc O\u00dc) is a company owned by Estonian owners, founded in 2013, which develops various real-time tracking platforms via a smartphone and manufactures tracking devices. The company\u2019s product portfolio includes the following solutions: - hunting platform Huntloc for hunters, - dog tracking app Doglo.\",\"email\":\"info@traxby.com\",\"legalName\":\"Traxby O\u00dc\",\"foundingDate\":\"2013-06-14\",\"vatID\":\"EE101657569\",\"numberOfEmployees\":{\"@type\":\"QuantitativeValue\",\"minValue\":\"1\",\"maxValue\":\"10\"}}]}<\/script>\n<!-- \/ Yoast SEO Premium plugin. -->","yoast_head_json":{"title":"Koera kaelarihm, S suurus, must - Doglo","description":"Hankige oma Doglo seadmele vastupidav asenduskaelarihm! Must suuruses S kaelarihm sobib keskmistele koertele, kelle kael on 28-41 cm.","robots":{"index":"index","follow":"follow","max-snippet":"max-snippet:-1","max-image-preview":"max-image-preview:large","max-video-preview":"max-video-preview:-1"},"canonical":"https:\/\/doglo.eu\/et\/toode\/koera-kaelarihm-s-suurus-must\/","og_locale":"et_EE","og_type":"article","og_title":"Koera kaelarihm, S suurus, must","og_description":"Hankige oma Doglo seadmele vastupidav asenduskaelarihm! Must suuruses S kaelarihm sobib keskmistele koertele, kelle kael on 28-41 cm.","og_url":"https:\/\/doglo.eu\/et\/toode\/koera-kaelarihm-s-suurus-must\/","og_site_name":"Doglo","article_publisher":"https:\/\/www.facebook.com\/dogloapp","article_modified_time":"2025-08-04T12:09:59+00:00","og_image":[{"width":1024,"height":1024,"url":"https:\/\/doglo.eu\/wp-content\/uploads\/2025\/02\/Doglo-S-kaelarihm.png","type":"image\/png"}],"twitter_card":"summary_large_image","twitter_misc":{"Est. reading time":"2 minutit"},"schema":{"@context":"https:\/\/schema.org","@graph":[{"@type":"WebPage","@id":"https:\/\/doglo.eu\/et\/toode\/koera-kaelarihm-s-suurus-must\/","url":"https:\/\/doglo.eu\/et\/toode\/koera-kaelarihm-s-suurus-must\/","name":"Koera kaelarihm, S suurus, must - Doglo","isPartOf":{"@id":"https:\/\/doglo.eu\/et\/#website"},"primaryImageOfPage":{"@id":"https:\/\/doglo.eu\/et\/toode\/koera-kaelarihm-s-suurus-must\/#primaryimage"},"image":{"@id":"https:\/\/doglo.eu\/et\/toode\/koera-kaelarihm-s-suurus-must\/#primaryimage"},"thumbnailUrl":"https:\/\/doglo.eu\/wp-content\/uploads\/2025\/02\/Doglo-S-kaelarihm.png","datePublished":"2025-02-19T01:28:03+00:00","dateModified":"2025-08-04T12:09:59+00:00","description":"Hankige oma Doglo seadmele vastupidav asenduskaelarihm! Must suuruses S kaelarihm sobib keskmistele koertele, kelle kael on 28-41 cm.","breadcrumb":{"@id":"https:\/\/doglo.eu\/et\/toode\/koera-kaelarihm-s-suurus-must\/#breadcrumb"},"inLanguage":"et","potentialAction":[{"@type":"ReadAction","target":["https:\/\/doglo.eu\/et\/toode\/koera-kaelarihm-s-suurus-must\/"]}]},{"@type":"ImageObject","inLanguage":"et","@id":"https:\/\/doglo.eu\/et\/toode\/koera-kaelarihm-s-suurus-must\/#primaryimage","url":"https:\/\/doglo.eu\/wp-content\/uploads\/2025\/02\/Doglo-S-kaelarihm.png","contentUrl":"https:\/\/doglo.eu\/wp-content\/uploads\/2025\/02\/Doglo-S-kaelarihm.png","width":1024,"height":1024},{"@type":"BreadcrumbList","@id":"https:\/\/doglo.eu\/et\/toode\/koera-kaelarihm-s-suurus-must\/#breadcrumb","itemListElement":[{"@type":"ListItem","position":1,"name":"Avaleht","item":"https:\/\/doglo.eu\/et\/"},{"@type":"ListItem","position":2,"name":"E-pood","item":"https:\/\/doglo.eu\/et\/e-pood\/"},{"@type":"ListItem","position":3,"name":"Koera kaelarihm, S suurus, must"}]},{"@type":"WebSite","@id":"https:\/\/doglo.eu\/et\/#website","url":"https:\/\/doglo.eu\/et\/","name":"Doglo","description":"Doglo koera j\u00e4lgimisseade","publisher":{"@id":"https:\/\/doglo.eu\/et\/#organization"},"potentialAction":[{"@type":"SearchAction","target":{"@type":"EntryPoint","urlTemplate":"https:\/\/doglo.eu\/et\/?s={search_term_string}"},"query-input":{"@type":"PropertyValueSpecification","valueRequired":true,"valueName":"search_term_string"}}],"inLanguage":"et"},{"@type":"Organization","@id":"https:\/\/doglo.eu\/et\/#organization","name":"Doglo","url":"https:\/\/doglo.eu\/et\/","logo":{"@type":"ImageObject","inLanguage":"et","@id":"https:\/\/doglo.eu\/et\/#\/schema\/logo\/image\/","url":"https:\/\/doglo.eu\/wp-content\/uploads\/2025\/02\/doglo-black.png","contentUrl":"https:\/\/doglo.eu\/wp-content\/uploads\/2025\/02\/doglo-black.png","width":1176,"height":520,"caption":"Doglo"},"image":{"@id":"https:\/\/doglo.eu\/et\/#\/schema\/logo\/image\/"},"sameAs":["https:\/\/www.facebook.com\/dogloapp","https:\/\/youtube.com\/channel\/UCEwkHwp3LS_qwk0zg4SwWOA"],"description":"Traxby O\u00dc (formerly Huntloc O\u00dc) is a company owned by Estonian owners, founded in 2013, which develops various real-time tracking platforms via a smartphone and manufactures tracking devices. The company\u2019s product portfolio includes the following solutions: - hunting platform Huntloc for hunters, - dog tracking app Doglo.","email":"info@traxby.com","legalName":"Traxby O\u00dc","foundingDate":"2013-06-14","vatID":"EE101657569","numberOfEmployees":{"@type":"QuantitativeValue","minValue":"1","maxValue":"10"}}]}},"_links":{"self":[{"href":"https:\/\/doglo.eu\/et\/wp-json\/wp\/v2\/product\/11296","targetHints":{"allow":["GET"]}}],"collection":[{"href":"https:\/\/doglo.eu\/et\/wp-json\/wp\/v2\/product"}],"about":[{"href":"https:\/\/doglo.eu\/et\/wp-json\/wp\/v2\/types\/product"}],"wp:featuredmedia":[{"embeddable":true,"href":"https:\/\/doglo.eu\/et\/wp-json\/wp\/v2\/media\/13516"}],"wp:attachment":[{"href":"https:\/\/doglo.eu\/et\/wp-json\/wp\/v2\/media?parent=11296"}],"wp:term":[{"taxonomy":"product_brand","embeddable":true,"href":"https:\/\/doglo.eu\/et\/wp-json\/wp\/v2\/product_brand?post=11296"},{"taxonomy":"product_cat","embeddable":true,"href":"https:\/\/doglo.eu\/et\/wp-json\/wp\/v2\/product_cat?post=11296"},{"taxonomy":"product_tag","embeddable":true,"href":"https:\/\/doglo.eu\/et\/wp-json\/wp\/v2\/product_tag?post=11296"}],"curies":[{"name":"wp","href":"https:\/\/api.w.org\/{rel}","templated":true}]}}