{"id":11297,"date":"2025-02-19T01:28:03","date_gmt":"2025-02-19T01:28:03","guid":{"rendered":"https:\/\/doglo.vebelo.ee\/?post_type=product&#038;p=11297"},"modified":"2025-03-28T17:16:45","modified_gmt":"2025-03-28T17:16:45","slug":"juhtmevaba-laadija","status":"publish","type":"product","link":"https:\/\/doglo.eu\/et\/toode\/juhtmevaba-laadija\/","title":{"rendered":"Juhtmevaba laadija"},"content":{"rendered":"<p>Doglo seadmete juhtmevaba laadija on kujundatud nii, et see t\u00e4iustab sujuvalt teie Doglo j\u00e4lgimisseadet! See hoolikalt meisterdatud laadija kehastab mugavust ja t\u00f5husust, tagades, et teie Doglo j\u00e4lgija on alati laetud ja kasutusvalmis.<\/p>\n<h3>Omadused:<\/h3>\n<p>Selle disaini keskmes on <strong>induktiivne laadimiss\u00fcsteem<\/strong>, mis k\u00f5rvaldab vajaduse t\u00fclikate kaablite v\u00f5i pistikute j\u00e4rele. Lihtsalt asetage oma Doglo seade laadijale ning induktiivne tehnoloogia hoolitseb \u00fclej\u00e4\u00e4nu eest! See juhtmevaba laadija \u00fchildub peaaegu k\u00f5igi Doglo j\u00e4lgijatega, mis toetavad induktiivset laadimist. Juhtmevaba laadija annab <strong>maksimaalselt 5W laadimisv\u00f5imsust<\/strong>, mis on piisav, et tagada, et teie seadme laadimine on kiire, kuid ohutu. <strong>LED-indikaator<\/strong> toimib mugava olekukontrollina, v\u00f5imaldades teil laadimisprotsessi vaid pilguga j\u00e4lgida.<\/p>\n<p>Lisaks sisaldab disain <strong>kummist libisemisvastast pinda<\/strong>, mis hoiab teie seadet kindlalt paigal, tagades stabiilse kontakti kogu laadimisseansi v\u00e4ltel. See disain minimeerib katkestusi ja maksimeerib efektiivsust, muutes selle ideaalseks h\u00f5ivatud majapidamistele v\u00f5i liikvel olevatele lemmikloomaomanikele!<\/p>\n<p>Tehnilise poole pealt v\u00f5tab laadija <strong>sisendv\u00f5imsust 5V juures<\/strong>, maksimaalse <strong>vooluga 1,5A<\/strong>, tagades optimaalse energiakande ja ohutuse. \u00dchenduvus saavutatakse mugava <strong>Micro USB \u00fchenduse<\/strong> kaudu, mis on laialdaselt toetatud ja vajadusel h\u00f5lpsasti asendatav.<\/p>\n<p>See juhtmevaba laadija on kompaktne ja kerge, <strong>l\u00e4bim\u00f5\u00f5duga 70 mm<\/strong> ja <strong>k\u00f5rgusega 10 mm<\/strong>, kaaludes vaid <strong>36 grammi<\/strong>. Selle v\u00e4ike profiil t\u00e4hendab, et seda saab h\u00f5lpsasti hoiustada v\u00f5i transportida, muutes selle ideaalseks nii kodus kasutamiseks kui ka kaasa v\u00f5tmiseks. Kaasas on <strong>30 sentimeetri pikkune kaabel<\/strong>, mis pakub mugavust mitmesugustes laadimiskeskkondades.<\/p>\n","protected":false},"excerpt":{"rendered":"<p>Laadige oma Doglo seadet meie induktiivse laadimiss\u00fcsteemiga juhtmevaba laadijaga vaevata. Kiire, mugav ja loodud lihtsaks kasutamiseks, tagades, et teie seade on alati kasutusvalmis!<\/p>\n","protected":false},"featured_media":496,"template":"","meta":{"_acf_changed":false,"om_disable_all_campaigns":false,"_monsterinsights_skip_tracking":false,"_monsterinsights_sitenote_active":false,"_monsterinsights_sitenote_note":"","_monsterinsights_sitenote_category":0,"_uf_show_specific_survey":0,"_uf_disable_surveys":false},"product_brand":[],"product_cat":[101],"product_tag":[],"class_list":{"0":"post-11297","1":"product","2":"type-product","3":"status-publish","4":"has-post-thumbnail","6":"product_cat-tarvikud","8":"first","9":"instock","10":"taxable","11":"shipping-taxable","12":"purchasable","13":"product-type-simple"},"acf":[],"yoast_head":"<!-- This site is optimized with the Yoast SEO Premium plugin v25.3.1 (Yoast SEO v25.3.1) - https:\/\/yoast.com\/wordpress\/plugins\/seo\/ -->\n<title>Juhtmevaba laadija - Doglo<\/title>\n<meta name=\"description\" content=\"Laadige oma Doglo seadet meie juhtmevaba laadijaga vaevata. Kiire, mugav ja loodud lihtsaks kasutamiseks, tagades, et teie seade on alati kasutusvalmis!\" \/>\n<meta name=\"robots\" content=\"index, follow, max-snippet:-1, max-image-preview:large, max-video-preview:-1\" \/>\n<link rel=\"canonical\" href=\"https:\/\/doglo.eu\/et\/toode\/juhtmevaba-laadija\/\" \/>\n<meta property=\"og:locale\" content=\"et_EE\" \/>\n<meta property=\"og:type\" content=\"article\" \/>\n<meta property=\"og:title\" content=\"Juhtmevaba laadija\" \/>\n<meta property=\"og:description\" content=\"Laadige oma Doglo seadet meie juhtmevaba laadijaga vaevata. Kiire, mugav ja loodud lihtsaks kasutamiseks, tagades, et teie seade on alati kasutusvalmis!\" \/>\n<meta property=\"og:url\" content=\"https:\/\/doglo.eu\/et\/toode\/juhtmevaba-laadija\/\" \/>\n<meta property=\"og:site_name\" content=\"Doglo\" \/>\n<meta property=\"article:publisher\" content=\"https:\/\/www.facebook.com\/dogloapp\" \/>\n<meta property=\"article:modified_time\" content=\"2025-03-28T17:16:45+00:00\" \/>\n<meta property=\"og:image\" content=\"https:\/\/doglo.eu\/wp-content\/uploads\/2025\/02\/laadija.jpg\" \/>\n\t<meta property=\"og:image:width\" content=\"1024\" \/>\n\t<meta property=\"og:image:height\" content=\"1024\" \/>\n\t<meta property=\"og:image:type\" content=\"image\/jpeg\" \/>\n<meta name=\"twitter:card\" content=\"summary_large_image\" \/>\n<meta name=\"twitter:label1\" content=\"Est. reading time\" \/>\n\t<meta name=\"twitter:data1\" content=\"2 minutit\" \/>\n<script type=\"application\/ld+json\" class=\"yoast-schema-graph\">{\"@context\":\"https:\/\/schema.org\",\"@graph\":[{\"@type\":\"WebPage\",\"@id\":\"https:\/\/doglo.eu\/et\/toode\/juhtmevaba-laadija\/\",\"url\":\"https:\/\/doglo.eu\/et\/toode\/juhtmevaba-laadija\/\",\"name\":\"Juhtmevaba laadija - Doglo\",\"isPartOf\":{\"@id\":\"https:\/\/doglo.eu\/et\/#website\"},\"primaryImageOfPage\":{\"@id\":\"https:\/\/doglo.eu\/et\/toode\/juhtmevaba-laadija\/#primaryimage\"},\"image\":{\"@id\":\"https:\/\/doglo.eu\/et\/toode\/juhtmevaba-laadija\/#primaryimage\"},\"thumbnailUrl\":\"https:\/\/doglo.eu\/wp-content\/uploads\/2025\/02\/laadija.jpg\",\"datePublished\":\"2025-02-19T01:28:03+00:00\",\"dateModified\":\"2025-03-28T17:16:45+00:00\",\"description\":\"Laadige oma Doglo seadet meie juhtmevaba laadijaga vaevata. Kiire, mugav ja loodud lihtsaks kasutamiseks, tagades, et teie seade on alati kasutusvalmis!\",\"breadcrumb\":{\"@id\":\"https:\/\/doglo.eu\/et\/toode\/juhtmevaba-laadija\/#breadcrumb\"},\"inLanguage\":\"et\",\"potentialAction\":[{\"@type\":\"ReadAction\",\"target\":[\"https:\/\/doglo.eu\/et\/toode\/juhtmevaba-laadija\/\"]}]},{\"@type\":\"ImageObject\",\"inLanguage\":\"et\",\"@id\":\"https:\/\/doglo.eu\/et\/toode\/juhtmevaba-laadija\/#primaryimage\",\"url\":\"https:\/\/doglo.eu\/wp-content\/uploads\/2025\/02\/laadija.jpg\",\"contentUrl\":\"https:\/\/doglo.eu\/wp-content\/uploads\/2025\/02\/laadija.jpg\",\"width\":1024,\"height\":1024,\"caption\":\"Doglo juhtmevaba laadija\"},{\"@type\":\"BreadcrumbList\",\"@id\":\"https:\/\/doglo.eu\/et\/toode\/juhtmevaba-laadija\/#breadcrumb\",\"itemListElement\":[{\"@type\":\"ListItem\",\"position\":1,\"name\":\"Avaleht\",\"item\":\"https:\/\/doglo.eu\/et\/\"},{\"@type\":\"ListItem\",\"position\":2,\"name\":\"E-pood\",\"item\":\"https:\/\/doglo.eu\/et\/e-pood\/\"},{\"@type\":\"ListItem\",\"position\":3,\"name\":\"Juhtmevaba laadija\"}]},{\"@type\":\"WebSite\",\"@id\":\"https:\/\/doglo.eu\/et\/#website\",\"url\":\"https:\/\/doglo.eu\/et\/\",\"name\":\"Doglo\",\"description\":\"Doglo koera j\u00e4lgimisseade\",\"publisher\":{\"@id\":\"https:\/\/doglo.eu\/et\/#organization\"},\"potentialAction\":[{\"@type\":\"SearchAction\",\"target\":{\"@type\":\"EntryPoint\",\"urlTemplate\":\"https:\/\/doglo.eu\/et\/?s={search_term_string}\"},\"query-input\":{\"@type\":\"PropertyValueSpecification\",\"valueRequired\":true,\"valueName\":\"search_term_string\"}}],\"inLanguage\":\"et\"},{\"@type\":\"Organization\",\"@id\":\"https:\/\/doglo.eu\/et\/#organization\",\"name\":\"Doglo\",\"url\":\"https:\/\/doglo.eu\/et\/\",\"logo\":{\"@type\":\"ImageObject\",\"inLanguage\":\"et\",\"@id\":\"https:\/\/doglo.eu\/et\/#\/schema\/logo\/image\/\",\"url\":\"https:\/\/doglo.eu\/wp-content\/uploads\/2025\/02\/doglo-black.png\",\"contentUrl\":\"https:\/\/doglo.eu\/wp-content\/uploads\/2025\/02\/doglo-black.png\",\"width\":1176,\"height\":520,\"caption\":\"Doglo\"},\"image\":{\"@id\":\"https:\/\/doglo.eu\/et\/#\/schema\/logo\/image\/\"},\"sameAs\":[\"https:\/\/www.facebook.com\/dogloapp\",\"https:\/\/youtube.com\/channel\/UCEwkHwp3LS_qwk0zg4SwWOA\"],\"description\":\"Traxby O\u00dc (formerly Huntloc O\u00dc) is a company owned by Estonian owners, founded in 2013, which develops various real-time tracking platforms via a smartphone and manufactures tracking devices. The company\u2019s product portfolio includes the following solutions: - hunting platform Huntloc for hunters, - dog tracking app Doglo.\",\"email\":\"info@traxby.com\",\"legalName\":\"Traxby O\u00dc\",\"foundingDate\":\"2013-06-14\",\"vatID\":\"EE101657569\",\"numberOfEmployees\":{\"@type\":\"QuantitativeValue\",\"minValue\":\"1\",\"maxValue\":\"10\"}}]}<\/script>\n<!-- \/ Yoast SEO Premium plugin. -->","yoast_head_json":{"title":"Juhtmevaba laadija - Doglo","description":"Laadige oma Doglo seadet meie juhtmevaba laadijaga vaevata. Kiire, mugav ja loodud lihtsaks kasutamiseks, tagades, et teie seade on alati kasutusvalmis!","robots":{"index":"index","follow":"follow","max-snippet":"max-snippet:-1","max-image-preview":"max-image-preview:large","max-video-preview":"max-video-preview:-1"},"canonical":"https:\/\/doglo.eu\/et\/toode\/juhtmevaba-laadija\/","og_locale":"et_EE","og_type":"article","og_title":"Juhtmevaba laadija","og_description":"Laadige oma Doglo seadet meie juhtmevaba laadijaga vaevata. Kiire, mugav ja loodud lihtsaks kasutamiseks, tagades, et teie seade on alati kasutusvalmis!","og_url":"https:\/\/doglo.eu\/et\/toode\/juhtmevaba-laadija\/","og_site_name":"Doglo","article_publisher":"https:\/\/www.facebook.com\/dogloapp","article_modified_time":"2025-03-28T17:16:45+00:00","og_image":[{"width":1024,"height":1024,"url":"https:\/\/doglo.eu\/wp-content\/uploads\/2025\/02\/laadija.jpg","type":"image\/jpeg"}],"twitter_card":"summary_large_image","twitter_misc":{"Est. reading time":"2 minutit"},"schema":{"@context":"https:\/\/schema.org","@graph":[{"@type":"WebPage","@id":"https:\/\/doglo.eu\/et\/toode\/juhtmevaba-laadija\/","url":"https:\/\/doglo.eu\/et\/toode\/juhtmevaba-laadija\/","name":"Juhtmevaba laadija - Doglo","isPartOf":{"@id":"https:\/\/doglo.eu\/et\/#website"},"primaryImageOfPage":{"@id":"https:\/\/doglo.eu\/et\/toode\/juhtmevaba-laadija\/#primaryimage"},"image":{"@id":"https:\/\/doglo.eu\/et\/toode\/juhtmevaba-laadija\/#primaryimage"},"thumbnailUrl":"https:\/\/doglo.eu\/wp-content\/uploads\/2025\/02\/laadija.jpg","datePublished":"2025-02-19T01:28:03+00:00","dateModified":"2025-03-28T17:16:45+00:00","description":"Laadige oma Doglo seadet meie juhtmevaba laadijaga vaevata. Kiire, mugav ja loodud lihtsaks kasutamiseks, tagades, et teie seade on alati kasutusvalmis!","breadcrumb":{"@id":"https:\/\/doglo.eu\/et\/toode\/juhtmevaba-laadija\/#breadcrumb"},"inLanguage":"et","potentialAction":[{"@type":"ReadAction","target":["https:\/\/doglo.eu\/et\/toode\/juhtmevaba-laadija\/"]}]},{"@type":"ImageObject","inLanguage":"et","@id":"https:\/\/doglo.eu\/et\/toode\/juhtmevaba-laadija\/#primaryimage","url":"https:\/\/doglo.eu\/wp-content\/uploads\/2025\/02\/laadija.jpg","contentUrl":"https:\/\/doglo.eu\/wp-content\/uploads\/2025\/02\/laadija.jpg","width":1024,"height":1024,"caption":"Doglo juhtmevaba laadija"},{"@type":"BreadcrumbList","@id":"https:\/\/doglo.eu\/et\/toode\/juhtmevaba-laadija\/#breadcrumb","itemListElement":[{"@type":"ListItem","position":1,"name":"Avaleht","item":"https:\/\/doglo.eu\/et\/"},{"@type":"ListItem","position":2,"name":"E-pood","item":"https:\/\/doglo.eu\/et\/e-pood\/"},{"@type":"ListItem","position":3,"name":"Juhtmevaba laadija"}]},{"@type":"WebSite","@id":"https:\/\/doglo.eu\/et\/#website","url":"https:\/\/doglo.eu\/et\/","name":"Doglo","description":"Doglo koera j\u00e4lgimisseade","publisher":{"@id":"https:\/\/doglo.eu\/et\/#organization"},"potentialAction":[{"@type":"SearchAction","target":{"@type":"EntryPoint","urlTemplate":"https:\/\/doglo.eu\/et\/?s={search_term_string}"},"query-input":{"@type":"PropertyValueSpecification","valueRequired":true,"valueName":"search_term_string"}}],"inLanguage":"et"},{"@type":"Organization","@id":"https:\/\/doglo.eu\/et\/#organization","name":"Doglo","url":"https:\/\/doglo.eu\/et\/","logo":{"@type":"ImageObject","inLanguage":"et","@id":"https:\/\/doglo.eu\/et\/#\/schema\/logo\/image\/","url":"https:\/\/doglo.eu\/wp-content\/uploads\/2025\/02\/doglo-black.png","contentUrl":"https:\/\/doglo.eu\/wp-content\/uploads\/2025\/02\/doglo-black.png","width":1176,"height":520,"caption":"Doglo"},"image":{"@id":"https:\/\/doglo.eu\/et\/#\/schema\/logo\/image\/"},"sameAs":["https:\/\/www.facebook.com\/dogloapp","https:\/\/youtube.com\/channel\/UCEwkHwp3LS_qwk0zg4SwWOA"],"description":"Traxby O\u00dc (formerly Huntloc O\u00dc) is a company owned by Estonian owners, founded in 2013, which develops various real-time tracking platforms via a smartphone and manufactures tracking devices. The company\u2019s product portfolio includes the following solutions: - hunting platform Huntloc for hunters, - dog tracking app Doglo.","email":"info@traxby.com","legalName":"Traxby O\u00dc","foundingDate":"2013-06-14","vatID":"EE101657569","numberOfEmployees":{"@type":"QuantitativeValue","minValue":"1","maxValue":"10"}}]}},"_links":{"self":[{"href":"https:\/\/doglo.eu\/et\/wp-json\/wp\/v2\/product\/11297","targetHints":{"allow":["GET"]}}],"collection":[{"href":"https:\/\/doglo.eu\/et\/wp-json\/wp\/v2\/product"}],"about":[{"href":"https:\/\/doglo.eu\/et\/wp-json\/wp\/v2\/types\/product"}],"wp:featuredmedia":[{"embeddable":true,"href":"https:\/\/doglo.eu\/et\/wp-json\/wp\/v2\/media\/496"}],"wp:attachment":[{"href":"https:\/\/doglo.eu\/et\/wp-json\/wp\/v2\/media?parent=11297"}],"wp:term":[{"taxonomy":"product_brand","embeddable":true,"href":"https:\/\/doglo.eu\/et\/wp-json\/wp\/v2\/product_brand?post=11297"},{"taxonomy":"product_cat","embeddable":true,"href":"https:\/\/doglo.eu\/et\/wp-json\/wp\/v2\/product_cat?post=11297"},{"taxonomy":"product_tag","embeddable":true,"href":"https:\/\/doglo.eu\/et\/wp-json\/wp\/v2\/product_tag?post=11297"}],"curies":[{"name":"wp","href":"https:\/\/api.w.org\/{rel}","templated":true}]}}