{"id":11929,"date":"2025-02-05T20:36:00","date_gmt":"2025-02-05T18:36:00","guid":{"rendered":"https:\/\/doglo.vebelo.ee\/jalgimisseade\/"},"modified":"2025-06-27T15:54:30","modified_gmt":"2025-06-27T12:54:30","slug":"sunu-seklys","status":"publish","type":"page","link":"https:\/\/doglo.eu\/lt\/sunu-seklys\/","title":{"rendered":"\u0160un\u0173 seklys"},"content":{"rendered":"\n<h3 class=\"wp-block-heading\" id=\"h-doglo-yra-patvarus-gps-sekiklis-tavo-suniui-pritaikytas-visiems-reljefams-ir-bet-kokioms-oro-salygoms\">Doglo yra patvarus GPS sekiklis tavo \u0161uniui, pritaikytas visiems reljefams ir bet kokioms oro s\u0105lygoms<\/h3>\n\n\n\n<p>Doglo leid\u017eia tiksliai matyti tavo \u0161uns buvimo viet\u0105, nesvarbu, ar vaik\u0161tai mi\u0161ke, ar mieste. \u012erenginys yra <strong>atsparus vandeniui, patikimas ir lengvas<\/strong>. Jis skirtas kasdieniam naudojimui net ir sud\u0117tingomis oro s\u0105lygomis.<\/p>\n\n\n\n<p>Doglo veikia naudodamas mobil\u0173j\u012f tinkl\u0105, tod\u0117l n\u0117ra <strong>joki\u0173 atstumo apribojim\u0173<\/strong>. Jei reikia, gali sekti \u0161un\u012f net i\u0161 kitos \u0161alies. Sekikl\u012f galima nuolat palikti pritvirtint\u0105 prie \u0161uns antkaklio. Jis veikia kaip <strong>apsaugos \u012frenginys<\/strong> ir leid\u017eia nuotoliniu b\u016bdu \u012fjungti realaus laiko sekim\u0105. Visas valdymas vyksta per <strong>Doglo i\u0161mani\u0105j\u0105 program\u0117l\u0119<\/strong>, o <strong>\u012fkrovimas yra belaidis<\/strong>.<\/p>\n\n\n\n<p>Doglo veikia kaip <strong>\u0161uns telefonas<\/strong>. Jame yra \u012fmontuota SIM kortel\u0117 ir priskirtas numeris. Be buvimo vietos sekimo, gali paskambinti \u0161uniui ir <strong>duoti balso komandas<\/strong> per \u012frenginyje esant\u012f mikrofon\u0105 ir garsiakalb\u012f.<\/p>\n\n\n\n<h3 class=\"wp-block-heading\" id=\"h-du-modeliai-tinkamas-doglo-kiekvienam-suniui\">Du modeliai \u2013 tinkamas Doglo kiekvienam \u0161uniui<\/h3>\n\n\n\n<p>Doglo GPS sekikliai sukurti skirtingo dyd\u017eio \u0161unims<\/p>\n\n\n\n<ul class=\"wp-block-list\">\n<li><strong><a href=\"https:\/\/doglo.eu\/lt\/produktas\/suns-sekimo-irenginys-hlt-4-5\/?v=08a4415e9d59\">HLT-4.5<\/a><\/strong> \u2013 ma\u017eoms veisl\u0117ms (pvz., korgiams, taksams, terjerams):<br>\u2022 Aktyvus sekimas \u2013 iki 24 valand\u0173<br>\u2022 Bud\u0117jimo re\u017eimas \u2013 iki 3 savai\u010di\u0173<\/li>\n\n\n\n<li><strong><a href=\"https:\/\/doglo.eu\/lt\/produktas\/suns-sekimo-irenginys-hlt-4-0\/?v=08a4415e9d59\">HLT-4.0<\/a><\/strong> \u2013 didel\u0117ms veisl\u0117ms (pvz., labradorams, haskiams, retriveriams):<br>\u2022 Aktyvus sekimas \u2013 iki 36 valand\u0173<br>\u2022 Bud\u0117jimo re\u017eimas \u2013 iki 30 dien\u0173<\/li>\n<\/ul>\n\n\n\n<p>\ud83c\uddea\ud83c\uddea <strong>Sukurtas Estijoje<\/strong>, Doglo sekiklis naudoja t\u0105 pa\u010di\u0105 technologij\u0105 kaip ir <a href=\"https:\/\/huntloc.com\/lt\/?_gl=1%2A1k9tf67%2A_up%2AMQ..%2A_ga%2AMTczNjU1NDQ4Ny4xNzUxMDA4OTk4%2A_ga_L6NH82DKSK%2AczE3NTEwMDg5OTckbzEkZzAkdDE3NTEwMDg5OTckajYwJGwwJGgw\">Huntloc<\/a> med\u017eioklini\u0173 \u0161un\u0173 sekimo sistema. \u012erenginys veikia patikimai net ir sud\u0117tingiausiomis s\u0105lygomis \u2013 tankiuose mi\u0161kuose, prastu oru ir dideliais atstumais.<\/p>\n\n\n\n<p><strong>Patikimas pasirinkimas kiekvienam \u0161uns \u0161eimininkui.<\/strong><\/p>\n\n\n\n<h1 class=\"wp-block-heading has-text-align-center\" id=\"h-kodel-verta-rinktis-doglo\">KOD\u0116L VERTA RINKTIS DOGLO?<\/h1>\n\n\n\n<p>Doglo si\u016blo piln\u0105 \u0161uns sekim\u0105, dvipus\u012f ry\u0161\u012f ir ilg\u0105 bud\u0117jimo re\u017eim\u0105.<\/p>\n\n\n\n<figure class=\"wp-block-table is-style-stripes\"><table class=\"has-fixed-layout\"><thead><tr><th><\/th><th class=\"has-text-align-center\" data-align=\"center\">Doglo<\/th><th class=\"has-text-align-center\" data-align=\"center\">Tractive<\/th><th class=\"has-text-align-center\" data-align=\"center\">Apple AirTag<\/th><th class=\"has-text-align-center\" data-align=\"center\">Radijo tvora<\/th><\/tr><\/thead><tbody><tr><td><strong>Nuotolinis steb\u0117jimas<\/strong><\/td><td class=\"has-text-align-center\" data-align=\"center\">\u2705<\/td><td class=\"has-text-align-center\" data-align=\"center\">\u2705<\/td><td class=\"has-text-align-center\" data-align=\"center\">\u26a0\ufe0f<br><sub>B\u016btinas \u201eiPhone\u201c artumas<\/sub><\/td><td class=\"has-text-align-center\" data-align=\"center\">\u274c<\/td><\/tr><tr><td><strong>Tikslumas mi\u0161ke<\/strong><\/td><td class=\"has-text-align-center\" data-align=\"center\">\u2705<\/td><td class=\"has-text-align-center\" data-align=\"center\">\u26a0\ufe0f<br><sub>Ribotas<\/sub><\/td><td class=\"has-text-align-center\" data-align=\"center\">\u274c<\/td><td class=\"has-text-align-center\" data-align=\"center\">\u274c<\/td><\/tr><tr><td><strong>Lanksti tvora<\/strong><\/td><td class=\"has-text-align-center\" data-align=\"center\">\u2705<br><sub>Virtualus<\/sub><\/td><td class=\"has-text-align-center\" data-align=\"center\">\u2705<br><sub>Virtualus<\/sub><\/td><td class=\"has-text-align-center\" data-align=\"center\">\u274c<\/td><td class=\"has-text-align-center\" data-align=\"center\">\u26a0\ufe0f<br><sub>Laidas<\/sub><\/td><\/tr><tr><td><strong>Dvipusis garsas<\/strong><\/td><td class=\"has-text-align-center\" data-align=\"center\">\u2705<\/td><td class=\"has-text-align-center\" data-align=\"center\">\u274c<\/td><td class=\"has-text-align-center\" data-align=\"center\">\u274c<\/td><td class=\"has-text-align-center\" data-align=\"center\">\u274c<\/td><\/tr><tr><td><strong>Keli naudotojai<\/strong><\/td><td class=\"has-text-align-center\" data-align=\"center\">\u2705<br><sub>Iki 5<\/sub><\/td><td class=\"has-text-align-center\" data-align=\"center\">\u26a0\ufe0f<br><sub>1-2<\/sub><\/td><td class=\"has-text-align-center\" data-align=\"center\">\u26a0\ufe0f<br><sub>Tik iPhone \u012frenginiai<\/sub><\/td><td class=\"has-text-align-center\" data-align=\"center\">\u274c<\/td><\/tr><tr><td><strong>Patvarus<\/strong><\/td><td class=\"has-text-align-center\" data-align=\"center\">\u2705<\/td><td class=\"has-text-align-center\" data-align=\"center\">\u274c<\/td><td class=\"has-text-align-center\" data-align=\"center\">\u274c<\/td><td class=\"has-text-align-center\" data-align=\"center\">\u2705<\/td><\/tr><tr><td><strong>Veikimo laikas<\/strong><\/td><td class=\"has-text-align-center\" data-align=\"center\">\u2705<br><sub>~1 m\u0117nuo<\/sub><\/td><td class=\"has-text-align-center\" data-align=\"center\">\u26a0\ufe0f<br><sub>3-7 dienos<\/sub><\/td><td class=\"has-text-align-center\" data-align=\"center\">\u2705<br><sub>M\u0117nesi\u0173<\/sub><\/td><td class=\"has-text-align-center\" data-align=\"center\">\u2705<br><sub>M\u0117nesi\u0173<\/sub><\/td><\/tr><tr><td><strong>Realiu laiku vieta<\/strong><\/td><td class=\"has-text-align-center\" data-align=\"center\">\u2705<\/td><td class=\"has-text-align-center\" data-align=\"center\">\u2705<\/td><td class=\"has-text-align-center\" data-align=\"center\">\u26a0\ufe0f<br><sub>B\u016btinas \u201eiPhone\u201c artumas<\/sub><\/td><td class=\"has-text-align-center\" data-align=\"center\">\u274c<\/td><\/tr><\/tbody><\/table><\/figure>\n\n\n\n<p style=\"font-size:14px\"><em><em>\u2013&nbsp;<\/em><strong>Tractive <\/strong>naudoja mobil\u0173j\u012f ry\u0161\u012f, ta\u010diau tankiuose mi\u0161kuose signalas ir tikslumas gali suma\u017e\u0117ti \u2013 <strong>netinka vietov\u0117ms, kur silpnas GSM ry\u0161ys.<\/strong><br><em>\u2013&nbsp;<\/em><strong>AirTag <\/strong>veikia tik netoliese esan\u010di\u0173 \u201eApple\u201c \u012frengini\u0173 d\u0117ka \u2013 <strong>netinka kaimo vietov\u0117ms<\/strong>.<br><em>\u2013&nbsp;<\/em><strong>Radijo tvoros<\/strong> neseka \u0161uns buvimo vietos, jos tik siun\u010dia persp\u0117jim\u0105, kai \u0161uo per\u017eengia nustatyt\u0105 rib\u0105 \u2013 <strong>netinka b\u0117gti m\u0117gstantiems \u0161unims<\/strong>.<\/em><\/p>\n\n\n\n  <section  class=\"block__wrapper block__padded info-boxes block--pattern\" style=\"--p-top: 10rem\">\n    <div class=\"block__inner max--width--medium\">\n      \n  <div class=\"block__head\">\n          <h2>Kaip veikia Doglo sekiklis<\/h2>\n    \n      <\/div>\n\n      <div class=\"info-boxes__container\">\n        \n          <div class=\"info-boxes__wrapper\">\n            <div class=\"info-boxes__title\">\n              <h3>Bud\u0117jimo re\u017eimas<\/h3>\n            <\/div>\n\n            <div class=\"info-boxes__box\">\n              <div class=\"area\">\n<div class=\"inner\">\n<p class=\"short-desc\">\u012ejungus \u012frengin\u012f m\u0117lyna lemput\u0117 mirksi greitai, o prietaiso bud\u0117jimo re\u017eime m\u0117lyna lemput\u0117 mirksi \u201eneaktyviai\u201c.<\/p>\n<ul>\n<li>\u012erenginys pereina \u012f bud\u0117jimo re\u017eim\u0105, kai jis padedamas ant \u012fkroviklio.<\/li>\n<li>Bud\u0117jimo re\u017eime \u012frenginys kas valand\u0105 siun\u010dia informacij\u0105 apie baterijos lyg\u012f ir GSM signalo stiprum\u0105.<\/li>\n<li>Bud\u0117jimo re\u017eime \u012frenginys pasiruo\u0161\u0119s atsiliepti \u012f telefono skambu\u010dius ir SMS komandas.<\/li>\n<li>Su visi\u0161kai \u012fkrauta baterija \u012frenginys bud\u0117jimo re\u017eime veikia apie 30 dien\u0173 (priklausomai nuo oro temperat\u016bros ir GSM signalo stiprumo).<\/li>\n<\/ul>\n<\/div>\n<\/div>\n            <\/div>\n          <\/div>\n        \n          <div class=\"info-boxes__wrapper\">\n            <div class=\"info-boxes__title\">\n              <h3>Steb\u0117jimo re\u017eimas<\/h3>\n            <\/div>\n\n            <div class=\"info-boxes__box\">\n              <div class=\"area\">\n<div class=\"inner\">\n<p class=\"short-desc\">\u017dalia lemput\u0117 mirksi ie\u0161kant vietos, o \u017ealia lemput\u0117 u\u017esidega, kai vieta aptinkama.<\/p>\n<ul>\n<li>\u012erenginio sekimo re\u017eim\u0105 perjungiama paskambinus \u012f \u012frengin\u012f, \u012frenginys pradeda ie\u0161koti palydov\u0173, o juos radus mobiliojoje program\u0117l\u0117je parodoma \u0161uns buvimo vieta. GPS vietos nustatymo greitis priklauso nuo to, ar \u0161uo yra kambaryje, automobilyje, lauke, ar nuo \u0161uns jud\u0117jimo grei\u010dio.<\/li>\n<li>Skambinus prietaisui sekimo re\u017eimu, \u012frenginys atsiliepia \u012f skambut\u012f, o vartotojas gali klausytis, k\u0105 veikia \u0161uo. Balso komandas \u0161uniui galima perduoti per \u012frenginio garsiakalb\u012f.<\/li>\n<li>Sekimo re\u017eimu duomen\u0173 atnaujinimo intervalas pagal numatytuosius nustatymus yra 10 sekund\u017ei\u0173, vartotojas program\u0117l\u0117je gali keisti vietos atnaujinimo da\u017en\u012f nuo 1 iki 99 sekund\u017ei\u0173 (atsisi\u0173sti atitinkam\u0105 SMS \u017einut\u0119 \u012f \u012frengin\u012f).<\/li>\n<li>Sekimo re\u017eimu \u012frenginio, siun\u010dian\u010dio 10 sekund\u017ei\u0173 intervalais, aktyvus veikimo laikas yra apytiksliai. 1,5 paros (priklausomai nuo oro temperat\u016bros ir GSM apr\u0117pties).<\/li>\n<li>Nor\u0117dami pereiti i\u0161 sekimo re\u017eimo \u012f bud\u0117jimo re\u017eim\u0105, \u012f j\u016bs\u0173 \u012frengin\u012f i\u0161siun\u010diama atitinkama SMS \u017einut\u0117.<\/li>\n<\/ul>\n<\/div>\n<\/div>\n            <\/div>\n          <\/div>\n        \n          <div class=\"info-boxes__wrapper\">\n            <div class=\"info-boxes__title\">\n              <h3>\u012erenginio \u012fkrovimas<\/h3>\n            <\/div>\n\n            <div class=\"info-boxes__box\">\n              <div class=\"area\">\n<p>Doglo veikia kaip \u0161uns telefonas. Jame yra \u012fmontuota SIM kortel\u0117 ir priskirtas numeris. Be buvimo vietos sekimo, gali paskambinti \u0161uniui, klausytis aplinkos ir duoti balso komandas per \u012frenginyje esant\u012f mikrofon\u0105 ir garsiakalb\u012f.<\/p>\n<div class=\"inner\">\n<div class=\"area\">\n<div class=\"inner\">\n<p class=\"short-desc\">Raudona lemput\u0117 mirksi, kai \u012frenginys kraunamas, o raudona lemput\u0117 dega, kai \u012frenginys visi\u0161kai \u012fkrautas.<\/p>\n<ul>\n<li>Nor\u0117dami \u012fkrauti \u012frengin\u012f, pad\u0117kite j\u012f ant \u012fkrovimo pad\u0117klo, kuris yra prijungtas prie elektros tinklo. \u012ekrovimo blokelyje naudojamas microUSB \u012fkroviklis, kuris taip pat suderinamas su automobiliniu \u012fkrovikliu.<\/li>\n<li>Jei ant \u012fkroviklio u\u017ededamas veikiantis \u012frenginys, \u012frenginys paleid\u017eiamas i\u0161 naujo (\u017ealia lemput\u0117 u\u017esidega 5 s). Jei per t\u0105 laik\u0105 i\u0161imsite sekim\u0105 i\u0161 \u012fkroviklio ir v\u0117l j\u012f \u012fd\u0117site (dega \u017ealia lemput\u0117), sekiklis i\u0161sijungs.<\/li>\n<\/ul>\n<\/div>\n<\/div>\n<\/div>\n<\/div>\n<p>Du modeliai \u2013 tinkamas Doglo kiekvienam \u0161uniui<\/p>\n            <\/div>\n          <\/div>\n              <\/div>\n\n          <\/div>\n  <\/section>\n\n","protected":false},"excerpt":{"rendered":"<p>Doglo yra patvarus GPS sekiklis tavo \u0161uniui, pritaikytas visiems reljefams ir bet kokioms oro s\u0105lygoms Doglo leid\u017eia tiksliai matyti tavo \u0161uns buvimo viet\u0105, nesvarbu, ar vaik\u0161tai mi\u0161ke, ar mieste. \u012erenginys yra atsparus vandeniui, patikimas ir lengvas. Jis skirtas kasdieniam naudojimui net ir sud\u0117tingomis oro s\u0105lygomis. Doglo veikia naudodamas mobil\u0173j\u012f tinkl\u0105, tod\u0117l n\u0117ra joki\u0173 atstumo apribojim\u0173. [&hellip;]<\/p>\n","protected":false},"author":4,"featured_media":0,"parent":0,"menu_order":0,"comment_status":"closed","ping_status":"closed","template":"","meta":{"_acf_changed":false,"om_disable_all_campaigns":false,"_monsterinsights_skip_tracking":false,"_monsterinsights_sitenote_active":false,"_monsterinsights_sitenote_note":"","_monsterinsights_sitenote_category":0,"_uf_show_specific_survey":0,"_uf_disable_surveys":false,"footnotes":""},"class_list":["post-11929","page","type-page","status-publish","hentry"],"acf":[],"yoast_head":"<!-- This site is optimized with the Yoast SEO Premium plugin v25.3.1 (Yoast SEO v25.3.1) - https:\/\/yoast.com\/wordpress\/plugins\/seo\/ -->\n<title>\u0160un\u0173 seklys - Doglo<\/title>\n<meta name=\"robots\" content=\"index, follow, max-snippet:-1, max-image-preview:large, max-video-preview:-1\" \/>\n<link rel=\"canonical\" href=\"https:\/\/doglo.eu\/lt\/sunu-seklys\/\" \/>\n<meta property=\"og:locale\" content=\"lt_LT\" \/>\n<meta property=\"og:type\" content=\"article\" \/>\n<meta property=\"og:title\" content=\"\u0160un\u0173 seklys\" \/>\n<meta property=\"og:description\" content=\"Doglo yra patvarus GPS sekiklis tavo \u0161uniui, pritaikytas visiems reljefams ir bet kokioms oro s\u0105lygoms Doglo leid\u017eia tiksliai matyti tavo \u0161uns buvimo viet\u0105, nesvarbu, ar vaik\u0161tai mi\u0161ke, ar mieste. \u012erenginys yra atsparus vandeniui, patikimas ir lengvas. Jis skirtas kasdieniam naudojimui net ir sud\u0117tingomis oro s\u0105lygomis. Doglo veikia naudodamas mobil\u0173j\u012f tinkl\u0105, tod\u0117l n\u0117ra joki\u0173 atstumo apribojim\u0173. [&hellip;]\" \/>\n<meta property=\"og:url\" content=\"https:\/\/doglo.eu\/lt\/sunu-seklys\/\" \/>\n<meta property=\"og:site_name\" content=\"Doglo\" \/>\n<meta property=\"article:publisher\" content=\"https:\/\/www.facebook.com\/dogloapp\" \/>\n<meta property=\"article:modified_time\" content=\"2025-06-27T12:54:30+00:00\" \/>\n<meta name=\"twitter:card\" content=\"summary_large_image\" \/>\n<meta name=\"twitter:label1\" content=\"Est. reading time\" \/>\n\t<meta name=\"twitter:data1\" content=\"2 minut\u0117s\" \/>\n<script type=\"application\/ld+json\" class=\"yoast-schema-graph\">{\"@context\":\"https:\/\/schema.org\",\"@graph\":[{\"@type\":\"WebPage\",\"@id\":\"https:\/\/doglo.eu\/lt\/sunu-seklys\/\",\"url\":\"https:\/\/doglo.eu\/lt\/sunu-seklys\/\",\"name\":\"\u0160un\u0173 seklys - Doglo\",\"isPartOf\":{\"@id\":\"https:\/\/doglo.eu\/lt\/#website\"},\"datePublished\":\"2025-02-05T18:36:00+00:00\",\"dateModified\":\"2025-06-27T12:54:30+00:00\",\"breadcrumb\":{\"@id\":\"https:\/\/doglo.eu\/lt\/sunu-seklys\/#breadcrumb\"},\"inLanguage\":\"lt-LT\",\"potentialAction\":[{\"@type\":\"ReadAction\",\"target\":[\"https:\/\/doglo.eu\/lt\/sunu-seklys\/\"]}]},{\"@type\":\"BreadcrumbList\",\"@id\":\"https:\/\/doglo.eu\/lt\/sunu-seklys\/#breadcrumb\",\"itemListElement\":[{\"@type\":\"ListItem\",\"position\":1,\"name\":\"Prad\u017eia\",\"item\":\"https:\/\/doglo.eu\/lt\/\"},{\"@type\":\"ListItem\",\"position\":2,\"name\":\"\u0160un\u0173 seklys\"}]},{\"@type\":\"WebSite\",\"@id\":\"https:\/\/doglo.eu\/lt\/#website\",\"url\":\"https:\/\/doglo.eu\/lt\/\",\"name\":\"Doglo\",\"description\":\"Doglo koera j\u00e4lgimisseade\",\"publisher\":{\"@id\":\"https:\/\/doglo.eu\/lt\/#organization\"},\"potentialAction\":[{\"@type\":\"SearchAction\",\"target\":{\"@type\":\"EntryPoint\",\"urlTemplate\":\"https:\/\/doglo.eu\/lt\/?s={search_term_string}\"},\"query-input\":{\"@type\":\"PropertyValueSpecification\",\"valueRequired\":true,\"valueName\":\"search_term_string\"}}],\"inLanguage\":\"lt-LT\"},{\"@type\":\"Organization\",\"@id\":\"https:\/\/doglo.eu\/lt\/#organization\",\"name\":\"Doglo\",\"url\":\"https:\/\/doglo.eu\/lt\/\",\"logo\":{\"@type\":\"ImageObject\",\"inLanguage\":\"lt-LT\",\"@id\":\"https:\/\/doglo.eu\/lt\/#\/schema\/logo\/image\/\",\"url\":\"https:\/\/doglo.eu\/wp-content\/uploads\/2025\/02\/doglo-black.png\",\"contentUrl\":\"https:\/\/doglo.eu\/wp-content\/uploads\/2025\/02\/doglo-black.png\",\"width\":1176,\"height\":520,\"caption\":\"Doglo\"},\"image\":{\"@id\":\"https:\/\/doglo.eu\/lt\/#\/schema\/logo\/image\/\"},\"sameAs\":[\"https:\/\/www.facebook.com\/dogloapp\",\"https:\/\/youtube.com\/channel\/UCEwkHwp3LS_qwk0zg4SwWOA\"],\"description\":\"Traxby O\u00dc (formerly Huntloc O\u00dc) is a company owned by Estonian owners, founded in 2013, which develops various real-time tracking platforms via a smartphone and manufactures tracking devices. The company\u2019s product portfolio includes the following solutions: - hunting platform Huntloc for hunters, - dog tracking app Doglo.\",\"email\":\"info@traxby.com\",\"legalName\":\"Traxby O\u00dc\",\"foundingDate\":\"2013-06-14\",\"vatID\":\"EE101657569\",\"numberOfEmployees\":{\"@type\":\"QuantitativeValue\",\"minValue\":\"1\",\"maxValue\":\"10\"}}]}<\/script>\n<!-- \/ Yoast SEO Premium plugin. -->","yoast_head_json":{"title":"\u0160un\u0173 seklys - Doglo","robots":{"index":"index","follow":"follow","max-snippet":"max-snippet:-1","max-image-preview":"max-image-preview:large","max-video-preview":"max-video-preview:-1"},"canonical":"https:\/\/doglo.eu\/lt\/sunu-seklys\/","og_locale":"lt_LT","og_type":"article","og_title":"\u0160un\u0173 seklys","og_description":"Doglo yra patvarus GPS sekiklis tavo \u0161uniui, pritaikytas visiems reljefams ir bet kokioms oro s\u0105lygoms Doglo leid\u017eia tiksliai matyti tavo \u0161uns buvimo viet\u0105, nesvarbu, ar vaik\u0161tai mi\u0161ke, ar mieste. \u012erenginys yra atsparus vandeniui, patikimas ir lengvas. Jis skirtas kasdieniam naudojimui net ir sud\u0117tingomis oro s\u0105lygomis. Doglo veikia naudodamas mobil\u0173j\u012f tinkl\u0105, tod\u0117l n\u0117ra joki\u0173 atstumo apribojim\u0173. [&hellip;]","og_url":"https:\/\/doglo.eu\/lt\/sunu-seklys\/","og_site_name":"Doglo","article_publisher":"https:\/\/www.facebook.com\/dogloapp","article_modified_time":"2025-06-27T12:54:30+00:00","twitter_card":"summary_large_image","twitter_misc":{"Est. reading time":"2 minut\u0117s"},"schema":{"@context":"https:\/\/schema.org","@graph":[{"@type":"WebPage","@id":"https:\/\/doglo.eu\/lt\/sunu-seklys\/","url":"https:\/\/doglo.eu\/lt\/sunu-seklys\/","name":"\u0160un\u0173 seklys - Doglo","isPartOf":{"@id":"https:\/\/doglo.eu\/lt\/#website"},"datePublished":"2025-02-05T18:36:00+00:00","dateModified":"2025-06-27T12:54:30+00:00","breadcrumb":{"@id":"https:\/\/doglo.eu\/lt\/sunu-seklys\/#breadcrumb"},"inLanguage":"lt-LT","potentialAction":[{"@type":"ReadAction","target":["https:\/\/doglo.eu\/lt\/sunu-seklys\/"]}]},{"@type":"BreadcrumbList","@id":"https:\/\/doglo.eu\/lt\/sunu-seklys\/#breadcrumb","itemListElement":[{"@type":"ListItem","position":1,"name":"Prad\u017eia","item":"https:\/\/doglo.eu\/lt\/"},{"@type":"ListItem","position":2,"name":"\u0160un\u0173 seklys"}]},{"@type":"WebSite","@id":"https:\/\/doglo.eu\/lt\/#website","url":"https:\/\/doglo.eu\/lt\/","name":"Doglo","description":"Doglo koera j\u00e4lgimisseade","publisher":{"@id":"https:\/\/doglo.eu\/lt\/#organization"},"potentialAction":[{"@type":"SearchAction","target":{"@type":"EntryPoint","urlTemplate":"https:\/\/doglo.eu\/lt\/?s={search_term_string}"},"query-input":{"@type":"PropertyValueSpecification","valueRequired":true,"valueName":"search_term_string"}}],"inLanguage":"lt-LT"},{"@type":"Organization","@id":"https:\/\/doglo.eu\/lt\/#organization","name":"Doglo","url":"https:\/\/doglo.eu\/lt\/","logo":{"@type":"ImageObject","inLanguage":"lt-LT","@id":"https:\/\/doglo.eu\/lt\/#\/schema\/logo\/image\/","url":"https:\/\/doglo.eu\/wp-content\/uploads\/2025\/02\/doglo-black.png","contentUrl":"https:\/\/doglo.eu\/wp-content\/uploads\/2025\/02\/doglo-black.png","width":1176,"height":520,"caption":"Doglo"},"image":{"@id":"https:\/\/doglo.eu\/lt\/#\/schema\/logo\/image\/"},"sameAs":["https:\/\/www.facebook.com\/dogloapp","https:\/\/youtube.com\/channel\/UCEwkHwp3LS_qwk0zg4SwWOA"],"description":"Traxby O\u00dc (formerly Huntloc O\u00dc) is a company owned by Estonian owners, founded in 2013, which develops various real-time tracking platforms via a smartphone and manufactures tracking devices. The company\u2019s product portfolio includes the following solutions: - hunting platform Huntloc for hunters, - dog tracking app Doglo.","email":"info@traxby.com","legalName":"Traxby O\u00dc","foundingDate":"2013-06-14","vatID":"EE101657569","numberOfEmployees":{"@type":"QuantitativeValue","minValue":"1","maxValue":"10"}}]}},"_links":{"self":[{"href":"https:\/\/doglo.eu\/lt\/wp-json\/wp\/v2\/pages\/11929","targetHints":{"allow":["GET"]}}],"collection":[{"href":"https:\/\/doglo.eu\/lt\/wp-json\/wp\/v2\/pages"}],"about":[{"href":"https:\/\/doglo.eu\/lt\/wp-json\/wp\/v2\/types\/page"}],"author":[{"embeddable":true,"href":"https:\/\/doglo.eu\/lt\/wp-json\/wp\/v2\/users\/4"}],"replies":[{"embeddable":true,"href":"https:\/\/doglo.eu\/lt\/wp-json\/wp\/v2\/comments?post=11929"}],"version-history":[{"count":12,"href":"https:\/\/doglo.eu\/lt\/wp-json\/wp\/v2\/pages\/11929\/revisions"}],"predecessor-version":[{"id":13381,"href":"https:\/\/doglo.eu\/lt\/wp-json\/wp\/v2\/pages\/11929\/revisions\/13381"}],"wp:attachment":[{"href":"https:\/\/doglo.eu\/lt\/wp-json\/wp\/v2\/media?parent=11929"}],"curies":[{"name":"wp","href":"https:\/\/api.w.org\/{rel}","templated":true}]}}