{"id":5146,"date":"2025-02-05T19:51:41","date_gmt":"2025-02-05T19:51:41","guid":{"rendered":"https:\/\/doglo.vebelo.ee\/kontakt\/"},"modified":"2025-03-20T23:49:49","modified_gmt":"2025-03-20T23:49:49","slug":"susisiekite","status":"publish","type":"page","link":"https:\/\/doglo.eu\/lt\/susisiekite\/","title":{"rendered":"Susisiekite"},"content":{"rendered":"\n<p>Steb\u0117jimo \u012frenginio ir programin\u0117s \u012frangos k\u016br\u0117jas yra&nbsp;<strong><a href=\"https:\/\/www.traxby.com\/index.php\/en\/sample-page\/\" data-type=\"link\" data-id=\"https:\/\/www.traxby.com\/index.php\/en\/sample-page\/\" target=\"_blank\" rel=\"noreferrer noopener nofollow\">Traxby O\u00dc<\/a>.<\/strong><\/p>\n\n\n\n<p>\u201eTraxby O\u00dc\u201d yra 2013 m. \u012fkurta privati Estijos \u012fmon\u0117, kurianti med\u017eiotojams skirt\u0105 programin\u0119 \u012frang\u0105 \u201eHuntloc\u201d, komandos valdymo programin\u0119 \u012frang\u0105 \u201eLiveTeam\u201d ir namini\u0173 gyv\u016bn\u0117li\u0173 programin\u0119 \u012frang\u0105 \u201eDoglo\u201d. M\u016bs\u0173 platformomis naudojasi apie 10 000 naudotoj\u0173 daugiau nei 120 pasaulio \u0161ali\u0173. Did\u017eiausia programin\u0117s \u012frangos paklausa yra Estijoje, Latvijoje ir Lietuvoje. 2015 m. sprendimas \u201eHuntloc\u201d laim\u0117jo antr\u0105j\u0105 viet\u0105 Estijos verslo konkurse.<\/p>\n\n\n\n<p>Nuo 2014 met\u0173 \u012fmon\u0117 k\u016br\u0117 ir gamina savo steb\u0117jimo \u012frengin\u012f. Per \u0161\u012f laik\u0105 produktas buvo kruop\u0161\u010diai kuriamas ir jau yra 8 skirtingos \u012frenginio versijos (HLT-1, HLT-2.0, HLT-2.5, HLT-2.6, HLT-2.7, HLT-3 ir HLT-4.0, HLT-4.5).<\/p>\n\n\n\n  <section  class=\"block__wrapper block__padded contact block--pattern\" style=\"--p-top: 5rem\">\n    <div class=\"block__inner max--width--medium\">\n              <div class=\"contact__title\">\n          <h3>Susisiekite su mumis<\/h3>\n        <\/div>\n      \n      <div class=\"contact__grid\">\n                  <div class=\"contact__image\">\n            <img loading=\"lazy\" decoding=\"async\" width=\"2560\" height=\"1709\" src=\"https:\/\/doglo.eu\/wp-content\/uploads\/2025\/02\/dsc7575-1-scaled-1.jpg\" class=\"contact__image\" alt=\"\" srcset=\"https:\/\/doglo.eu\/wp-content\/uploads\/2025\/02\/dsc7575-1-scaled-1.jpg 2560w, https:\/\/doglo.eu\/wp-content\/uploads\/2025\/02\/dsc7575-1-scaled-1-536x358.jpg 536w\" sizes=\"auto, (max-width: 2560px) 100vw, 2560px\" \/>          <\/div>\n                \n        <div class=\"contact__box\">\n          <div class=\"contact__form\">\n            <p class=\"wpcf7-contact-form-not-found\"><strong>Klaida:<\/strong> Kontakt\u0173 forma nerasta.<\/p>          <\/div>\n        <\/div>\n      <\/div>\n    <\/div>\n  <\/section>\n\n","protected":false},"excerpt":{"rendered":"<p>Steb\u0117jimo \u012frenginio ir programin\u0117s \u012frangos k\u016br\u0117jas yra&nbsp;Traxby O\u00dc. \u201eTraxby O\u00dc\u201d yra 2013 m. \u012fkurta privati Estijos \u012fmon\u0117, kurianti med\u017eiotojams skirt\u0105 programin\u0119 \u012frang\u0105 \u201eHuntloc\u201d, komandos valdymo programin\u0119 \u012frang\u0105 \u201eLiveTeam\u201d ir namini\u0173 gyv\u016bn\u0117li\u0173 programin\u0119 \u012frang\u0105 \u201eDoglo\u201d. M\u016bs\u0173 platformomis naudojasi apie 10 000 naudotoj\u0173 daugiau nei 120 pasaulio \u0161ali\u0173. Did\u017eiausia programin\u0117s \u012frangos paklausa yra Estijoje, Latvijoje ir Lietuvoje. [&hellip;]<\/p>\n","protected":false},"author":4,"featured_media":10938,"parent":0,"menu_order":0,"comment_status":"closed","ping_status":"closed","template":"","meta":{"_acf_changed":false,"om_disable_all_campaigns":false,"_monsterinsights_skip_tracking":false,"_monsterinsights_sitenote_active":false,"_monsterinsights_sitenote_note":"","_monsterinsights_sitenote_category":0,"_uf_show_specific_survey":0,"_uf_disable_surveys":false,"footnotes":""},"class_list":["post-5146","page","type-page","status-publish","has-post-thumbnail","hentry"],"acf":[],"yoast_head":"<!-- This site is optimized with the Yoast SEO Premium plugin v25.3.1 (Yoast SEO v25.3.1) - https:\/\/yoast.com\/wordpress\/plugins\/seo\/ -->\n<title>Susisiekite - Doglo<\/title>\n<meta name=\"robots\" content=\"index, follow, max-snippet:-1, max-image-preview:large, max-video-preview:-1\" \/>\n<link rel=\"canonical\" href=\"https:\/\/doglo.eu\/lt\/susisiekite\/\" \/>\n<meta property=\"og:locale\" content=\"lt_LT\" \/>\n<meta property=\"og:type\" content=\"article\" \/>\n<meta property=\"og:title\" content=\"Susisiekite\" \/>\n<meta property=\"og:description\" content=\"Steb\u0117jimo \u012frenginio ir programin\u0117s \u012frangos k\u016br\u0117jas yra&nbsp;Traxby O\u00dc. \u201eTraxby O\u00dc\u201d yra 2013 m. \u012fkurta privati Estijos \u012fmon\u0117, kurianti med\u017eiotojams skirt\u0105 programin\u0119 \u012frang\u0105 \u201eHuntloc\u201d, komandos valdymo programin\u0119 \u012frang\u0105 \u201eLiveTeam\u201d ir namini\u0173 gyv\u016bn\u0117li\u0173 programin\u0119 \u012frang\u0105 \u201eDoglo\u201d. M\u016bs\u0173 platformomis naudojasi apie 10 000 naudotoj\u0173 daugiau nei 120 pasaulio \u0161ali\u0173. Did\u017eiausia programin\u0117s \u012frangos paklausa yra Estijoje, Latvijoje ir Lietuvoje. [&hellip;]\" \/>\n<meta property=\"og:url\" content=\"https:\/\/doglo.eu\/lt\/susisiekite\/\" \/>\n<meta property=\"og:site_name\" content=\"Doglo\" \/>\n<meta property=\"article:publisher\" content=\"https:\/\/www.facebook.com\/dogloapp\" \/>\n<meta property=\"article:modified_time\" content=\"2025-03-20T23:49:49+00:00\" \/>\n<meta name=\"twitter:card\" content=\"summary_large_image\" \/>\n<meta name=\"twitter:label1\" content=\"Est. reading time\" \/>\n\t<meta name=\"twitter:data1\" content=\"1 minut\u0117\" \/>\n<script type=\"application\/ld+json\" class=\"yoast-schema-graph\">{\"@context\":\"https:\/\/schema.org\",\"@graph\":[{\"@type\":\"WebPage\",\"@id\":\"https:\/\/doglo.eu\/lt\/susisiekite\/\",\"url\":\"https:\/\/doglo.eu\/lt\/susisiekite\/\",\"name\":\"Susisiekite - Doglo\",\"isPartOf\":{\"@id\":\"https:\/\/doglo.eu\/lt\/#website\"},\"primaryImageOfPage\":{\"@id\":\"https:\/\/doglo.eu\/lt\/susisiekite\/#primaryimage\"},\"image\":{\"@id\":\"https:\/\/doglo.eu\/lt\/susisiekite\/#primaryimage\"},\"thumbnailUrl\":\"https:\/\/doglo.eu\/wp-content\/uploads\/2025\/02\/img_4185-1-300x200-1-5.jpg\",\"datePublished\":\"2025-02-05T19:51:41+00:00\",\"dateModified\":\"2025-03-20T23:49:49+00:00\",\"breadcrumb\":{\"@id\":\"https:\/\/doglo.eu\/lt\/susisiekite\/#breadcrumb\"},\"inLanguage\":\"lt-LT\",\"potentialAction\":[{\"@type\":\"ReadAction\",\"target\":[\"https:\/\/doglo.eu\/lt\/susisiekite\/\"]}]},{\"@type\":\"ImageObject\",\"inLanguage\":\"lt-LT\",\"@id\":\"https:\/\/doglo.eu\/lt\/susisiekite\/#primaryimage\",\"url\":\"https:\/\/doglo.eu\/wp-content\/uploads\/2025\/02\/img_4185-1-300x200-1-5.jpg\",\"contentUrl\":\"https:\/\/doglo.eu\/wp-content\/uploads\/2025\/02\/img_4185-1-300x200-1-5.jpg\",\"width\":300,\"height\":200,\"caption\":\"Doglo kontakt\"},{\"@type\":\"BreadcrumbList\",\"@id\":\"https:\/\/doglo.eu\/lt\/susisiekite\/#breadcrumb\",\"itemListElement\":[{\"@type\":\"ListItem\",\"position\":1,\"name\":\"Prad\u017eia\",\"item\":\"https:\/\/doglo.eu\/lt\/\"},{\"@type\":\"ListItem\",\"position\":2,\"name\":\"Susisiekite\"}]},{\"@type\":\"WebSite\",\"@id\":\"https:\/\/doglo.eu\/lt\/#website\",\"url\":\"https:\/\/doglo.eu\/lt\/\",\"name\":\"Doglo\",\"description\":\"Doglo koera j\u00e4lgimisseade\",\"publisher\":{\"@id\":\"https:\/\/doglo.eu\/lt\/#organization\"},\"potentialAction\":[{\"@type\":\"SearchAction\",\"target\":{\"@type\":\"EntryPoint\",\"urlTemplate\":\"https:\/\/doglo.eu\/lt\/?s={search_term_string}\"},\"query-input\":{\"@type\":\"PropertyValueSpecification\",\"valueRequired\":true,\"valueName\":\"search_term_string\"}}],\"inLanguage\":\"lt-LT\"},{\"@type\":\"Organization\",\"@id\":\"https:\/\/doglo.eu\/lt\/#organization\",\"name\":\"Doglo\",\"url\":\"https:\/\/doglo.eu\/lt\/\",\"logo\":{\"@type\":\"ImageObject\",\"inLanguage\":\"lt-LT\",\"@id\":\"https:\/\/doglo.eu\/lt\/#\/schema\/logo\/image\/\",\"url\":\"https:\/\/doglo.eu\/wp-content\/uploads\/2025\/02\/doglo-black.png\",\"contentUrl\":\"https:\/\/doglo.eu\/wp-content\/uploads\/2025\/02\/doglo-black.png\",\"width\":1176,\"height\":520,\"caption\":\"Doglo\"},\"image\":{\"@id\":\"https:\/\/doglo.eu\/lt\/#\/schema\/logo\/image\/\"},\"sameAs\":[\"https:\/\/www.facebook.com\/dogloapp\",\"https:\/\/youtube.com\/channel\/UCEwkHwp3LS_qwk0zg4SwWOA\"],\"description\":\"Traxby O\u00dc (formerly Huntloc O\u00dc) is a company owned by Estonian owners, founded in 2013, which develops various real-time tracking platforms via a smartphone and manufactures tracking devices. The company\u2019s product portfolio includes the following solutions: - hunting platform Huntloc for hunters, - dog tracking app Doglo.\",\"email\":\"info@traxby.com\",\"legalName\":\"Traxby O\u00dc\",\"foundingDate\":\"2013-06-14\",\"vatID\":\"EE101657569\",\"numberOfEmployees\":{\"@type\":\"QuantitativeValue\",\"minValue\":\"1\",\"maxValue\":\"10\"}}]}<\/script>\n<!-- \/ Yoast SEO Premium plugin. -->","yoast_head_json":{"title":"Susisiekite - Doglo","robots":{"index":"index","follow":"follow","max-snippet":"max-snippet:-1","max-image-preview":"max-image-preview:large","max-video-preview":"max-video-preview:-1"},"canonical":"https:\/\/doglo.eu\/lt\/susisiekite\/","og_locale":"lt_LT","og_type":"article","og_title":"Susisiekite","og_description":"Steb\u0117jimo \u012frenginio ir programin\u0117s \u012frangos k\u016br\u0117jas yra&nbsp;Traxby O\u00dc. \u201eTraxby O\u00dc\u201d yra 2013 m. \u012fkurta privati Estijos \u012fmon\u0117, kurianti med\u017eiotojams skirt\u0105 programin\u0119 \u012frang\u0105 \u201eHuntloc\u201d, komandos valdymo programin\u0119 \u012frang\u0105 \u201eLiveTeam\u201d ir namini\u0173 gyv\u016bn\u0117li\u0173 programin\u0119 \u012frang\u0105 \u201eDoglo\u201d. M\u016bs\u0173 platformomis naudojasi apie 10 000 naudotoj\u0173 daugiau nei 120 pasaulio \u0161ali\u0173. Did\u017eiausia programin\u0117s \u012frangos paklausa yra Estijoje, Latvijoje ir Lietuvoje. [&hellip;]","og_url":"https:\/\/doglo.eu\/lt\/susisiekite\/","og_site_name":"Doglo","article_publisher":"https:\/\/www.facebook.com\/dogloapp","article_modified_time":"2025-03-20T23:49:49+00:00","twitter_card":"summary_large_image","twitter_misc":{"Est. reading time":"1 minut\u0117"},"schema":{"@context":"https:\/\/schema.org","@graph":[{"@type":"WebPage","@id":"https:\/\/doglo.eu\/lt\/susisiekite\/","url":"https:\/\/doglo.eu\/lt\/susisiekite\/","name":"Susisiekite - Doglo","isPartOf":{"@id":"https:\/\/doglo.eu\/lt\/#website"},"primaryImageOfPage":{"@id":"https:\/\/doglo.eu\/lt\/susisiekite\/#primaryimage"},"image":{"@id":"https:\/\/doglo.eu\/lt\/susisiekite\/#primaryimage"},"thumbnailUrl":"https:\/\/doglo.eu\/wp-content\/uploads\/2025\/02\/img_4185-1-300x200-1-5.jpg","datePublished":"2025-02-05T19:51:41+00:00","dateModified":"2025-03-20T23:49:49+00:00","breadcrumb":{"@id":"https:\/\/doglo.eu\/lt\/susisiekite\/#breadcrumb"},"inLanguage":"lt-LT","potentialAction":[{"@type":"ReadAction","target":["https:\/\/doglo.eu\/lt\/susisiekite\/"]}]},{"@type":"ImageObject","inLanguage":"lt-LT","@id":"https:\/\/doglo.eu\/lt\/susisiekite\/#primaryimage","url":"https:\/\/doglo.eu\/wp-content\/uploads\/2025\/02\/img_4185-1-300x200-1-5.jpg","contentUrl":"https:\/\/doglo.eu\/wp-content\/uploads\/2025\/02\/img_4185-1-300x200-1-5.jpg","width":300,"height":200,"caption":"Doglo kontakt"},{"@type":"BreadcrumbList","@id":"https:\/\/doglo.eu\/lt\/susisiekite\/#breadcrumb","itemListElement":[{"@type":"ListItem","position":1,"name":"Prad\u017eia","item":"https:\/\/doglo.eu\/lt\/"},{"@type":"ListItem","position":2,"name":"Susisiekite"}]},{"@type":"WebSite","@id":"https:\/\/doglo.eu\/lt\/#website","url":"https:\/\/doglo.eu\/lt\/","name":"Doglo","description":"Doglo koera j\u00e4lgimisseade","publisher":{"@id":"https:\/\/doglo.eu\/lt\/#organization"},"potentialAction":[{"@type":"SearchAction","target":{"@type":"EntryPoint","urlTemplate":"https:\/\/doglo.eu\/lt\/?s={search_term_string}"},"query-input":{"@type":"PropertyValueSpecification","valueRequired":true,"valueName":"search_term_string"}}],"inLanguage":"lt-LT"},{"@type":"Organization","@id":"https:\/\/doglo.eu\/lt\/#organization","name":"Doglo","url":"https:\/\/doglo.eu\/lt\/","logo":{"@type":"ImageObject","inLanguage":"lt-LT","@id":"https:\/\/doglo.eu\/lt\/#\/schema\/logo\/image\/","url":"https:\/\/doglo.eu\/wp-content\/uploads\/2025\/02\/doglo-black.png","contentUrl":"https:\/\/doglo.eu\/wp-content\/uploads\/2025\/02\/doglo-black.png","width":1176,"height":520,"caption":"Doglo"},"image":{"@id":"https:\/\/doglo.eu\/lt\/#\/schema\/logo\/image\/"},"sameAs":["https:\/\/www.facebook.com\/dogloapp","https:\/\/youtube.com\/channel\/UCEwkHwp3LS_qwk0zg4SwWOA"],"description":"Traxby O\u00dc (formerly Huntloc O\u00dc) is a company owned by Estonian owners, founded in 2013, which develops various real-time tracking platforms via a smartphone and manufactures tracking devices. The company\u2019s product portfolio includes the following solutions: - hunting platform Huntloc for hunters, - dog tracking app Doglo.","email":"info@traxby.com","legalName":"Traxby O\u00dc","foundingDate":"2013-06-14","vatID":"EE101657569","numberOfEmployees":{"@type":"QuantitativeValue","minValue":"1","maxValue":"10"}}]}},"_links":{"self":[{"href":"https:\/\/doglo.eu\/lt\/wp-json\/wp\/v2\/pages\/5146","targetHints":{"allow":["GET"]}}],"collection":[{"href":"https:\/\/doglo.eu\/lt\/wp-json\/wp\/v2\/pages"}],"about":[{"href":"https:\/\/doglo.eu\/lt\/wp-json\/wp\/v2\/types\/page"}],"author":[{"embeddable":true,"href":"https:\/\/doglo.eu\/lt\/wp-json\/wp\/v2\/users\/4"}],"replies":[{"embeddable":true,"href":"https:\/\/doglo.eu\/lt\/wp-json\/wp\/v2\/comments?post=5146"}],"version-history":[{"count":2,"href":"https:\/\/doglo.eu\/lt\/wp-json\/wp\/v2\/pages\/5146\/revisions"}],"predecessor-version":[{"id":5166,"href":"https:\/\/doglo.eu\/lt\/wp-json\/wp\/v2\/pages\/5146\/revisions\/5166"}],"wp:featuredmedia":[{"embeddable":true,"href":"https:\/\/doglo.eu\/lt\/wp-json\/wp\/v2\/media\/10938"}],"wp:attachment":[{"href":"https:\/\/doglo.eu\/lt\/wp-json\/wp\/v2\/media?parent=5146"}],"curies":[{"name":"wp","href":"https:\/\/api.w.org\/{rel}","templated":true}]}}