{"id":11690,"date":"2025-02-19T01:33:12","date_gmt":"2025-02-18T23:33:12","guid":{"rendered":"https:\/\/doglo.vebelo.ee\/product\/jalgimisseadme-rent-1-kuu\/"},"modified":"2025-02-19T15:00:35","modified_gmt":"2025-02-19T15:00:35","slug":"jalgimisseadme-rent-1-kuu","status":"publish","type":"product","link":"https:\/\/doglo.eu\/lt\/produktas\/jalgimisseadme-rent-1-kuu\/","title":{"rendered":"Sekimo \u012frenginio nuoma 1 m\u0117n."},"content":{"rendered":"<p>Sekimo prietaiso veikimo atstumas neribojamas &#8211; galite j\u012f \u012fjungti ir sekti \u0161un\u012f u\u017e t\u016bkstan\u010di\u0173 kilometr\u0173! Aktyviuoju sekimo re\u017eimu sekimo prietaisas veikia 36 valandas, o bud\u0117jimo re\u017eimu &#8211; iki 1 m\u0117nesio. Doglo yra atsparus vandeniui ir dulk\u0117ms. Program\u0117l\u0117je galite saugoti informacij\u0105 apie \u0161un\u012f ir dalytis sekimo \u012frenginio valdymu su kitais iki 4 \u0161eimos nariais. Su Doglo visada \u017einosite, kur yra j\u016bs\u0173 augintinis.<\/p>\n<ul>\n<li>Ma\u017eiausias nuomos dien\u0173 skai\u010dius yra 30.<\/li>\n<li>\u012e rinkin\u012f \u012feina sekimo \u012frenginys, apykakl\u0117 \u0161uniui ir \u012fkroviklis.<\/li>\n<li>Nor\u0117dami valdyti sekimo \u012frengin\u012f, atsisi\u0173skite nemokam\u0105 Doglo program\u0117l\u0119 i\u0161 Google Play arba AppStore.<\/li>\n<li>\u012erenginys bus i\u0161si\u0173stas \u012f artimiausi\u0105 siunt\u0173 automat\u0105 per vien\u0105 dien\u0105 nuo mok\u0117jimo gavimo. Siuntimas atliekamas per 3-4 darbo dienas.<\/li>\n<li>Pastabose nurodykite, ar norite didelio (HLT-4.0), ar ma\u017eo (HLT-4.5) sekiklio.<\/li>\n<\/ul>\n","protected":false},"excerpt":{"rendered":"<p>\u0160un\u0173 seklys gali b\u016bti nuomojamas trumpalaikei \u0161un\u0173 apsaugai. Nuomos komplekt\u0105 sudaro sekimo \u012frenginys, belaid\u017eio \u012fkrovimo laikiklis ir antkaklis.<\/p>\n","protected":false},"featured_media":13465,"template":"","meta":{"_acf_changed":false,"om_disable_all_campaigns":false,"_monsterinsights_skip_tracking":false,"_monsterinsights_sitenote_active":false,"_monsterinsights_sitenote_note":"","_monsterinsights_sitenote_category":0,"_uf_show_specific_survey":0,"_uf_disable_surveys":false},"product_brand":[],"product_cat":[128],"product_tag":[],"class_list":{"0":"post-11690","1":"product","2":"type-product","3":"status-publish","4":"has-post-thumbnail","6":"product_cat-prietaisai","8":"first","9":"instock","10":"taxable","11":"shipping-taxable","12":"purchasable","13":"product-type-variable"},"acf":[],"yoast_head":"<!-- This site is optimized with the Yoast SEO Premium plugin v25.3.1 (Yoast SEO v25.3.1) - https:\/\/yoast.com\/wordpress\/plugins\/seo\/ -->\n<title>Sekimo \u012frenginio nuoma 1 m\u0117n. - Doglo<\/title>\n<meta name=\"robots\" content=\"index, follow, max-snippet:-1, max-image-preview:large, max-video-preview:-1\" \/>\n<link rel=\"canonical\" href=\"https:\/\/doglo.eu\/lt\/produktas\/jalgimisseadme-rent-1-kuu\/\" \/>\n<meta property=\"og:locale\" content=\"lt_LT\" \/>\n<meta property=\"og:type\" content=\"article\" \/>\n<meta property=\"og:title\" content=\"Sekimo \u012frenginio nuoma 1 m\u0117n.\" \/>\n<meta property=\"og:description\" content=\"\u0160un\u0173 seklys gali b\u016bti nuomojamas trumpalaikei \u0161un\u0173 apsaugai. Nuomos komplekt\u0105 sudaro sekimo \u012frenginys, belaid\u017eio \u012fkrovimo laikiklis ir antkaklis.\" \/>\n<meta property=\"og:url\" content=\"https:\/\/doglo.eu\/lt\/produktas\/jalgimisseadme-rent-1-kuu\/\" \/>\n<meta property=\"og:site_name\" content=\"Doglo\" \/>\n<meta property=\"article:publisher\" content=\"https:\/\/www.facebook.com\/dogloapp\" \/>\n<meta property=\"article:modified_time\" content=\"2025-02-19T15:00:35+00:00\" \/>\n<meta property=\"og:image\" content=\"https:\/\/doglo.eu\/wp-content\/uploads\/2025\/02\/seadme_rent-1.png\" \/>\n\t<meta property=\"og:image:width\" content=\"1432\" \/>\n\t<meta property=\"og:image:height\" content=\"1125\" \/>\n\t<meta property=\"og:image:type\" content=\"image\/png\" \/>\n<meta name=\"twitter:card\" content=\"summary_large_image\" \/>\n<meta name=\"twitter:label1\" content=\"Est. reading time\" \/>\n\t<meta name=\"twitter:data1\" content=\"1 minut\u0117\" \/>\n<script type=\"application\/ld+json\" class=\"yoast-schema-graph\">{\"@context\":\"https:\/\/schema.org\",\"@graph\":[{\"@type\":\"WebPage\",\"@id\":\"https:\/\/doglo.eu\/lt\/produktas\/jalgimisseadme-rent-1-kuu\/\",\"url\":\"https:\/\/doglo.eu\/lt\/produktas\/jalgimisseadme-rent-1-kuu\/\",\"name\":\"Sekimo \u012frenginio nuoma 1 m\u0117n. - Doglo\",\"isPartOf\":{\"@id\":\"https:\/\/doglo.eu\/lt\/#website\"},\"primaryImageOfPage\":{\"@id\":\"https:\/\/doglo.eu\/lt\/produktas\/jalgimisseadme-rent-1-kuu\/#primaryimage\"},\"image\":{\"@id\":\"https:\/\/doglo.eu\/lt\/produktas\/jalgimisseadme-rent-1-kuu\/#primaryimage\"},\"thumbnailUrl\":\"https:\/\/doglo.eu\/wp-content\/uploads\/2025\/02\/Doglo-rent.jpg\",\"datePublished\":\"2025-02-18T23:33:12+00:00\",\"dateModified\":\"2025-02-19T15:00:35+00:00\",\"breadcrumb\":{\"@id\":\"https:\/\/doglo.eu\/lt\/produktas\/jalgimisseadme-rent-1-kuu\/#breadcrumb\"},\"inLanguage\":\"lt-LT\",\"potentialAction\":[{\"@type\":\"ReadAction\",\"target\":[\"https:\/\/doglo.eu\/lt\/produktas\/jalgimisseadme-rent-1-kuu\/\"]}]},{\"@type\":\"ImageObject\",\"inLanguage\":\"lt-LT\",\"@id\":\"https:\/\/doglo.eu\/lt\/produktas\/jalgimisseadme-rent-1-kuu\/#primaryimage\",\"url\":\"https:\/\/doglo.eu\/wp-content\/uploads\/2025\/02\/Doglo-rent.jpg\",\"contentUrl\":\"https:\/\/doglo.eu\/wp-content\/uploads\/2025\/02\/Doglo-rent.jpg\",\"width\":768,\"height\":655},{\"@type\":\"BreadcrumbList\",\"@id\":\"https:\/\/doglo.eu\/lt\/produktas\/jalgimisseadme-rent-1-kuu\/#breadcrumb\",\"itemListElement\":[{\"@type\":\"ListItem\",\"position\":1,\"name\":\"Prad\u017eia\",\"item\":\"https:\/\/doglo.eu\/lt\/\"},{\"@type\":\"ListItem\",\"position\":2,\"name\":\"Parduotuv\u0117\",\"item\":\"https:\/\/doglo.eu\/lt\/parduotuve\/\"},{\"@type\":\"ListItem\",\"position\":3,\"name\":\"Sekimo \u012frenginio nuoma 1 m\u0117n.\"}]},{\"@type\":\"WebSite\",\"@id\":\"https:\/\/doglo.eu\/lt\/#website\",\"url\":\"https:\/\/doglo.eu\/lt\/\",\"name\":\"Doglo\",\"description\":\"Doglo koera j\u00e4lgimisseade\",\"publisher\":{\"@id\":\"https:\/\/doglo.eu\/lt\/#organization\"},\"potentialAction\":[{\"@type\":\"SearchAction\",\"target\":{\"@type\":\"EntryPoint\",\"urlTemplate\":\"https:\/\/doglo.eu\/lt\/?s={search_term_string}\"},\"query-input\":{\"@type\":\"PropertyValueSpecification\",\"valueRequired\":true,\"valueName\":\"search_term_string\"}}],\"inLanguage\":\"lt-LT\"},{\"@type\":\"Organization\",\"@id\":\"https:\/\/doglo.eu\/lt\/#organization\",\"name\":\"Doglo\",\"url\":\"https:\/\/doglo.eu\/lt\/\",\"logo\":{\"@type\":\"ImageObject\",\"inLanguage\":\"lt-LT\",\"@id\":\"https:\/\/doglo.eu\/lt\/#\/schema\/logo\/image\/\",\"url\":\"https:\/\/doglo.eu\/wp-content\/uploads\/2025\/02\/doglo-black.png\",\"contentUrl\":\"https:\/\/doglo.eu\/wp-content\/uploads\/2025\/02\/doglo-black.png\",\"width\":1176,\"height\":520,\"caption\":\"Doglo\"},\"image\":{\"@id\":\"https:\/\/doglo.eu\/lt\/#\/schema\/logo\/image\/\"},\"sameAs\":[\"https:\/\/www.facebook.com\/dogloapp\",\"https:\/\/youtube.com\/channel\/UCEwkHwp3LS_qwk0zg4SwWOA\"],\"description\":\"Traxby O\u00dc (formerly Huntloc O\u00dc) is a company owned by Estonian owners, founded in 2013, which develops various real-time tracking platforms via a smartphone and manufactures tracking devices. The company\u2019s product portfolio includes the following solutions: - hunting platform Huntloc for hunters, - dog tracking app Doglo.\",\"email\":\"info@traxby.com\",\"legalName\":\"Traxby O\u00dc\",\"foundingDate\":\"2013-06-14\",\"vatID\":\"EE101657569\",\"numberOfEmployees\":{\"@type\":\"QuantitativeValue\",\"minValue\":\"1\",\"maxValue\":\"10\"}}]}<\/script>\n<!-- \/ Yoast SEO Premium plugin. -->","yoast_head_json":{"title":"Sekimo \u012frenginio nuoma 1 m\u0117n. - Doglo","robots":{"index":"index","follow":"follow","max-snippet":"max-snippet:-1","max-image-preview":"max-image-preview:large","max-video-preview":"max-video-preview:-1"},"canonical":"https:\/\/doglo.eu\/lt\/produktas\/jalgimisseadme-rent-1-kuu\/","og_locale":"lt_LT","og_type":"article","og_title":"Sekimo \u012frenginio nuoma 1 m\u0117n.","og_description":"\u0160un\u0173 seklys gali b\u016bti nuomojamas trumpalaikei \u0161un\u0173 apsaugai. Nuomos komplekt\u0105 sudaro sekimo \u012frenginys, belaid\u017eio \u012fkrovimo laikiklis ir antkaklis.","og_url":"https:\/\/doglo.eu\/lt\/produktas\/jalgimisseadme-rent-1-kuu\/","og_site_name":"Doglo","article_publisher":"https:\/\/www.facebook.com\/dogloapp","article_modified_time":"2025-02-19T15:00:35+00:00","og_image":[{"width":1432,"height":1125,"url":"https:\/\/doglo.eu\/wp-content\/uploads\/2025\/02\/seadme_rent-1.png","type":"image\/png"}],"twitter_card":"summary_large_image","twitter_misc":{"Est. reading time":"1 minut\u0117"},"schema":{"@context":"https:\/\/schema.org","@graph":[{"@type":"WebPage","@id":"https:\/\/doglo.eu\/lt\/produktas\/jalgimisseadme-rent-1-kuu\/","url":"https:\/\/doglo.eu\/lt\/produktas\/jalgimisseadme-rent-1-kuu\/","name":"Sekimo \u012frenginio nuoma 1 m\u0117n. - Doglo","isPartOf":{"@id":"https:\/\/doglo.eu\/lt\/#website"},"primaryImageOfPage":{"@id":"https:\/\/doglo.eu\/lt\/produktas\/jalgimisseadme-rent-1-kuu\/#primaryimage"},"image":{"@id":"https:\/\/doglo.eu\/lt\/produktas\/jalgimisseadme-rent-1-kuu\/#primaryimage"},"thumbnailUrl":"https:\/\/doglo.eu\/wp-content\/uploads\/2025\/02\/Doglo-rent.jpg","datePublished":"2025-02-18T23:33:12+00:00","dateModified":"2025-02-19T15:00:35+00:00","breadcrumb":{"@id":"https:\/\/doglo.eu\/lt\/produktas\/jalgimisseadme-rent-1-kuu\/#breadcrumb"},"inLanguage":"lt-LT","potentialAction":[{"@type":"ReadAction","target":["https:\/\/doglo.eu\/lt\/produktas\/jalgimisseadme-rent-1-kuu\/"]}]},{"@type":"ImageObject","inLanguage":"lt-LT","@id":"https:\/\/doglo.eu\/lt\/produktas\/jalgimisseadme-rent-1-kuu\/#primaryimage","url":"https:\/\/doglo.eu\/wp-content\/uploads\/2025\/02\/Doglo-rent.jpg","contentUrl":"https:\/\/doglo.eu\/wp-content\/uploads\/2025\/02\/Doglo-rent.jpg","width":768,"height":655},{"@type":"BreadcrumbList","@id":"https:\/\/doglo.eu\/lt\/produktas\/jalgimisseadme-rent-1-kuu\/#breadcrumb","itemListElement":[{"@type":"ListItem","position":1,"name":"Prad\u017eia","item":"https:\/\/doglo.eu\/lt\/"},{"@type":"ListItem","position":2,"name":"Parduotuv\u0117","item":"https:\/\/doglo.eu\/lt\/parduotuve\/"},{"@type":"ListItem","position":3,"name":"Sekimo \u012frenginio nuoma 1 m\u0117n."}]},{"@type":"WebSite","@id":"https:\/\/doglo.eu\/lt\/#website","url":"https:\/\/doglo.eu\/lt\/","name":"Doglo","description":"Doglo koera j\u00e4lgimisseade","publisher":{"@id":"https:\/\/doglo.eu\/lt\/#organization"},"potentialAction":[{"@type":"SearchAction","target":{"@type":"EntryPoint","urlTemplate":"https:\/\/doglo.eu\/lt\/?s={search_term_string}"},"query-input":{"@type":"PropertyValueSpecification","valueRequired":true,"valueName":"search_term_string"}}],"inLanguage":"lt-LT"},{"@type":"Organization","@id":"https:\/\/doglo.eu\/lt\/#organization","name":"Doglo","url":"https:\/\/doglo.eu\/lt\/","logo":{"@type":"ImageObject","inLanguage":"lt-LT","@id":"https:\/\/doglo.eu\/lt\/#\/schema\/logo\/image\/","url":"https:\/\/doglo.eu\/wp-content\/uploads\/2025\/02\/doglo-black.png","contentUrl":"https:\/\/doglo.eu\/wp-content\/uploads\/2025\/02\/doglo-black.png","width":1176,"height":520,"caption":"Doglo"},"image":{"@id":"https:\/\/doglo.eu\/lt\/#\/schema\/logo\/image\/"},"sameAs":["https:\/\/www.facebook.com\/dogloapp","https:\/\/youtube.com\/channel\/UCEwkHwp3LS_qwk0zg4SwWOA"],"description":"Traxby O\u00dc (formerly Huntloc O\u00dc) is a company owned by Estonian owners, founded in 2013, which develops various real-time tracking platforms via a smartphone and manufactures tracking devices. The company\u2019s product portfolio includes the following solutions: - hunting platform Huntloc for hunters, - dog tracking app Doglo.","email":"info@traxby.com","legalName":"Traxby O\u00dc","foundingDate":"2013-06-14","vatID":"EE101657569","numberOfEmployees":{"@type":"QuantitativeValue","minValue":"1","maxValue":"10"}}]}},"_links":{"self":[{"href":"https:\/\/doglo.eu\/lt\/wp-json\/wp\/v2\/product\/11690","targetHints":{"allow":["GET"]}}],"collection":[{"href":"https:\/\/doglo.eu\/lt\/wp-json\/wp\/v2\/product"}],"about":[{"href":"https:\/\/doglo.eu\/lt\/wp-json\/wp\/v2\/types\/product"}],"wp:featuredmedia":[{"embeddable":true,"href":"https:\/\/doglo.eu\/lt\/wp-json\/wp\/v2\/media\/13465"}],"wp:attachment":[{"href":"https:\/\/doglo.eu\/lt\/wp-json\/wp\/v2\/media?parent=11690"}],"wp:term":[{"taxonomy":"product_brand","embeddable":true,"href":"https:\/\/doglo.eu\/lt\/wp-json\/wp\/v2\/product_brand?post=11690"},{"taxonomy":"product_cat","embeddable":true,"href":"https:\/\/doglo.eu\/lt\/wp-json\/wp\/v2\/product_cat?post=11690"},{"taxonomy":"product_tag","embeddable":true,"href":"https:\/\/doglo.eu\/lt\/wp-json\/wp\/v2\/product_tag?post=11690"}],"curies":[{"name":"wp","href":"https:\/\/api.w.org\/{rel}","templated":true}]}}