{"id":11722,"date":"2025-02-19T01:28:03","date_gmt":"2025-02-18T23:28:03","guid":{"rendered":"https:\/\/doglo.vebelo.ee\/product\/jalgimisseade-hlt-4-5-vaike\/"},"modified":"2026-01-28T10:42:42","modified_gmt":"2026-01-28T08:42:42","slug":"suns-sekimo-irenginys-hlt-4-5","status":"publish","type":"product","link":"https:\/\/doglo.eu\/lt\/produktas\/suns-sekimo-irenginys-hlt-4-5\/","title":{"rendered":"Patikimas GPS seklys ma\u017eesniam \u0161uniui"},"content":{"rendered":"<h2>Doglo GPS seklys HLT-4.5<\/h2>\n<h4><strong>Ar tavo \u0161uo link\u0119s pasiklysti? Doglo HLT-4.5 pad\u0117s j\u012f visada rasti \u2013 net ir mi\u0161ke. Veikia be m\u0117nesinio mokes\u010dio, greitai \u012fkraunamas ir ilgai tarnauja.<\/strong><\/h4>\n<p><strong>GPS sekimo \u012frenginys HLT-4.5<\/strong> sukurtas specialiai ma\u017eiems \u0161unims \u2013 jis yra kompakti\u0161kas ir lengvas. Pavyzd\u017eiui, \u0161iai versijai tinka tokios veisl\u0117s kaip: korgiai, taksai, terjerai.<\/p>\n<p>\u0160uns sekimo \u012frenginys <strong>HLT-4.5\u00a0<\/strong>u\u017etikrina tiksl\u0173 ir patikim\u0105 sekim\u0105 nepriklausomai nuo vietov\u0117s \u2013 visada \u017einosi, kur yra tavo augintinis. Naudodamas mobiliojo ry\u0161io technologij\u0105, \u012frenginys veikia <strong>be atstumo apribojim\u0173<\/strong> \u2013 gali sekti savo \u0161un\u012f tiek netoliese, tiek ir b\u016bdamas t\u016bkstan\u010dius kilometr\u0173 toliau. Galingas signalas u\u017etikrina stabil\u0173 ry\u0161\u012f ir tavo ramyb\u0119. Sekti augintinio buvimo viet\u0105 ir valdyti \u012frengin\u012f gali <strong>tiesiog i\u0161maniuoju telefonu<\/strong> \u2013 paprasta, greita ir patogu.<\/p>\n<p>\u012erenginys patogiai tvirtinamas prie \u0161uns kaklo ir veikia kaip <strong>apsauga 24\/7<\/strong> \u2013 jei \u0161uo pasimeta, gali nuotoliniu b\u016bdu \u012fjungti steb\u0117jimo re\u017eim\u0105 ir realiuoju laiku matyti jo buvimo viet\u0105. Be tikslaus sekimo, sekiklis turi dvipus\u012f garso ry\u0161\u012f: gali paskambinti \u0161uniui, i\u0161girsti aplink\u0105 ir duoti balso komandas, kad pad\u0117tum jam gr\u012f\u017eti namo. Sprendimas sukurtas \u0161eimai \u2013 <strong>iki 5 naudotoj\u0173<\/strong> gali vienu metu steb\u0117ti \u0161uns buvimo viet\u0105 per mobili\u0105j\u0105 program\u0117l\u0119. Idealiai tinka, kad tavo augintinis b\u016bt\u0173 saugus \u2013 nesvarbu, kur jis beb\u016bt\u0173.<\/p>\n<p>\u0160is sekimo \u012frenginys yra <strong data-start=\"1381\" data-end=\"1433\">patvarus, lengvas ir visi\u0161kai atsparus vandeniui<\/strong>, sukurtas ilgalaikiam naudojimui. U\u017etikrina <strong data-start=\"1478\" data-end=\"1511\">24 val. nepertraukiam\u0105 sekim\u0105<\/strong> (kas 10 sek.) ir veikia <strong data-start=\"1536\" data-end=\"1570\">bud\u0117jimo re\u017eimu iki 3 savai\u010di\u0173<\/strong>. Norint visi\u0161ko atsparumo vandeniui, \u012frenginys yra be mygtuk\u0173, vientiso korpuso, su trimis LED lemput\u0117mis, rodan\u010diomis veikimo b\u016bsen\u0105. \u012ekrovimas atliekamas <strong data-start=\"1727\" data-end=\"1745\">belaid\u017eiu b\u016bdu<\/strong>, kad naudojimas b\u016bt\u0173 kuo paprastesnis. Jei tavo \u0161uo didesnis \u2013 rinkis <a href=\"https:\/\/doglo.eu\/lt\/produktas\/suns-sekimo-irenginys-hlt-4-0\/?v=08a4415e9d59\">didesn\u012f sekimo \u012frengin\u012f<\/a>!<\/p>\n<h4>Komplekte sudaro:<\/h4>\n<ul>\n<li><strong>HLT-4.5 sekiklis<\/strong><\/li>\n<li><strong>Juodas \u0161uns antkaklis, dydis S<\/strong> (tinka 28\u201341 cm kaklo apim\u010diai)<\/li>\n<li><strong>Belaidis \u012fkroviklis<\/strong><\/li>\n<li><strong>1 met\u0173 nemokamas interneto<\/strong> ry\u0161ys \u012frenginiui<\/li>\n<\/ul>\n<hr \/>\n<p>Po pirm\u0173j\u0173 met\u0173 interneto ry\u0161io kaina \u012frenginiui \u2013 <strong>36\u202f\u20ac\/metus<\/strong><\/p>\n<hr \/>\n<p><strong>Doglo sekimo \u012frenginys sukurtas Estijoje.<\/strong><\/p>\n<iframe loading=\"lazy\"  id=\"_ytid_58544\"  width=\"800\" height=\"450\"  data-origwidth=\"800\" data-origheight=\"450\" src=\"https:\/\/www.youtube.com\/embed\/--jioMJMu5s?enablejsapi=1&autoplay=1&cc_load_policy=0&iv_load_policy=1&loop=0&fs=1&playsinline=0&controls=1&disablekb=0&color=red&cc_lang_pref=&rel=1&autohide=2&theme=dark&\" class=\"__youtube_prefs__  no-lazyload\" title=\"YouTube player\"  allow=\"fullscreen; accelerometer; autoplay; clipboard-write; encrypted-media; gyroscope; picture-in-picture; web-share\" referrerpolicy=\"strict-origin-when-cross-origin\" allowfullscreen data-no-lazy=\"1\" data-skipgform_ajax_framebjll=\"\"><\/iframe>\n","protected":false},"excerpt":{"rendered":"<p>Lengvas ir patvarus GPS sekimo \u012frenginys ma\u017eesniam \u0161uniui (iki 45 cm). Patikrintas patikimumas su med\u017eiokliniais \u0161unimis. Tinka ir didesniems \u0161unims \u2013 prireikus galima prid\u0117ti ilgesn\u012f antkakl\u012f.<\/p>\n","protected":false},"featured_media":13448,"template":"","meta":{"_acf_changed":false,"om_disable_all_campaigns":false,"_monsterinsights_skip_tracking":false,"_monsterinsights_sitenote_active":false,"_monsterinsights_sitenote_note":"","_monsterinsights_sitenote_category":0,"_uf_show_specific_survey":0,"_uf_disable_surveys":false},"product_brand":[],"product_cat":[128],"product_tag":[],"class_list":{"0":"post-11722","1":"product","2":"type-product","3":"status-publish","4":"has-post-thumbnail","6":"product_cat-prietaisai","8":"first","9":"instock","10":"taxable","11":"shipping-taxable","12":"purchasable","13":"product-type-simple"},"acf":[],"yoast_head":"<!-- This site is optimized with the Yoast SEO Premium plugin v25.3.1 (Yoast SEO v25.3.1) - https:\/\/yoast.com\/wordpress\/plugins\/seo\/ -->\n<title>Patikimas GPS seklys ma\u017eesniam \u0161uniui - Doglo<\/title>\n<meta name=\"description\" content=\"Sekimo \u012frenginys HLT-4.5 \u2013 puikus pasirinkimas ma\u017eam \u0161uniui. Su Doglo gali sekti savo \u0161un\u012f net i\u0161 keli\u0173 de\u0161im\u010di\u0173 kilometr\u0173 atstumo.\" \/>\n<meta name=\"robots\" content=\"index, follow, max-snippet:-1, max-image-preview:large, max-video-preview:-1\" \/>\n<link rel=\"canonical\" href=\"https:\/\/doglo.eu\/lt\/produktas\/suns-sekimo-irenginys-hlt-4-5\/\" \/>\n<meta property=\"og:locale\" content=\"lt_LT\" \/>\n<meta property=\"og:type\" content=\"article\" \/>\n<meta property=\"og:title\" content=\"Patikimas GPS seklys ma\u017eesniam \u0161uniui\" \/>\n<meta property=\"og:description\" content=\"Sekimo \u012frenginys HLT-4.5 \u2013 puikus pasirinkimas ma\u017eam \u0161uniui. Su Doglo gali sekti savo \u0161un\u012f net i\u0161 keli\u0173 de\u0161im\u010di\u0173 kilometr\u0173 atstumo.\" \/>\n<meta property=\"og:url\" content=\"https:\/\/doglo.eu\/lt\/produktas\/suns-sekimo-irenginys-hlt-4-5\/\" \/>\n<meta property=\"og:site_name\" content=\"Doglo\" \/>\n<meta property=\"article:publisher\" content=\"https:\/\/www.facebook.com\/dogloapp\" \/>\n<meta property=\"article:modified_time\" content=\"2026-01-28T08:42:42+00:00\" \/>\n<meta property=\"og:image\" content=\"https:\/\/doglo.eu\/wp-content\/uploads\/2025\/02\/Doglo_dog-_tracker_HLT-4.5.jpg\" \/>\n\t<meta property=\"og:image:width\" content=\"1024\" \/>\n\t<meta property=\"og:image:height\" content=\"1024\" \/>\n\t<meta property=\"og:image:type\" content=\"image\/jpeg\" \/>\n<meta name=\"twitter:card\" content=\"summary_large_image\" \/>\n<meta name=\"twitter:label1\" content=\"Est. reading time\" \/>\n\t<meta name=\"twitter:data1\" content=\"2 minut\u0117s\" \/>\n<script type=\"application\/ld+json\" class=\"yoast-schema-graph\">{\"@context\":\"https:\/\/schema.org\",\"@graph\":[{\"@type\":\"WebPage\",\"@id\":\"https:\/\/doglo.eu\/lt\/produktas\/suns-sekimo-irenginys-hlt-4-5\/\",\"url\":\"https:\/\/doglo.eu\/lt\/produktas\/suns-sekimo-irenginys-hlt-4-5\/\",\"name\":\"Patikimas GPS seklys ma\u017eesniam \u0161uniui - Doglo\",\"isPartOf\":{\"@id\":\"https:\/\/doglo.eu\/lt\/#website\"},\"primaryImageOfPage\":{\"@id\":\"https:\/\/doglo.eu\/lt\/produktas\/suns-sekimo-irenginys-hlt-4-5\/#primaryimage\"},\"image\":{\"@id\":\"https:\/\/doglo.eu\/lt\/produktas\/suns-sekimo-irenginys-hlt-4-5\/#primaryimage\"},\"thumbnailUrl\":\"https:\/\/doglo.eu\/wp-content\/uploads\/2025\/02\/Doglo_dog-_tracker_HLT-4.5.jpg\",\"datePublished\":\"2025-02-18T23:28:03+00:00\",\"dateModified\":\"2026-01-28T08:42:42+00:00\",\"description\":\"Sekimo \u012frenginys HLT-4.5 \u2013 puikus pasirinkimas ma\u017eam \u0161uniui. Su Doglo gali sekti savo \u0161un\u012f net i\u0161 keli\u0173 de\u0161im\u010di\u0173 kilometr\u0173 atstumo.\",\"breadcrumb\":{\"@id\":\"https:\/\/doglo.eu\/lt\/produktas\/suns-sekimo-irenginys-hlt-4-5\/#breadcrumb\"},\"inLanguage\":\"lt-LT\",\"potentialAction\":[{\"@type\":\"ReadAction\",\"target\":[\"https:\/\/doglo.eu\/lt\/produktas\/suns-sekimo-irenginys-hlt-4-5\/\"]}]},{\"@type\":\"ImageObject\",\"inLanguage\":\"lt-LT\",\"@id\":\"https:\/\/doglo.eu\/lt\/produktas\/suns-sekimo-irenginys-hlt-4-5\/#primaryimage\",\"url\":\"https:\/\/doglo.eu\/wp-content\/uploads\/2025\/02\/Doglo_dog-_tracker_HLT-4.5.jpg\",\"contentUrl\":\"https:\/\/doglo.eu\/wp-content\/uploads\/2025\/02\/Doglo_dog-_tracker_HLT-4.5.jpg\",\"width\":1024,\"height\":1024},{\"@type\":\"BreadcrumbList\",\"@id\":\"https:\/\/doglo.eu\/lt\/produktas\/suns-sekimo-irenginys-hlt-4-5\/#breadcrumb\",\"itemListElement\":[{\"@type\":\"ListItem\",\"position\":1,\"name\":\"Prad\u017eia\",\"item\":\"https:\/\/doglo.eu\/lt\/\"},{\"@type\":\"ListItem\",\"position\":2,\"name\":\"Parduotuv\u0117\",\"item\":\"https:\/\/doglo.eu\/lt\/parduotuve\/\"},{\"@type\":\"ListItem\",\"position\":3,\"name\":\"Patikimas GPS seklys ma\u017eesniam \u0161uniui\"}]},{\"@type\":\"WebSite\",\"@id\":\"https:\/\/doglo.eu\/lt\/#website\",\"url\":\"https:\/\/doglo.eu\/lt\/\",\"name\":\"Doglo\",\"description\":\"Doglo koera j\u00e4lgimisseade\",\"publisher\":{\"@id\":\"https:\/\/doglo.eu\/lt\/#organization\"},\"potentialAction\":[{\"@type\":\"SearchAction\",\"target\":{\"@type\":\"EntryPoint\",\"urlTemplate\":\"https:\/\/doglo.eu\/lt\/?s={search_term_string}\"},\"query-input\":{\"@type\":\"PropertyValueSpecification\",\"valueRequired\":true,\"valueName\":\"search_term_string\"}}],\"inLanguage\":\"lt-LT\"},{\"@type\":\"Organization\",\"@id\":\"https:\/\/doglo.eu\/lt\/#organization\",\"name\":\"Doglo\",\"url\":\"https:\/\/doglo.eu\/lt\/\",\"logo\":{\"@type\":\"ImageObject\",\"inLanguage\":\"lt-LT\",\"@id\":\"https:\/\/doglo.eu\/lt\/#\/schema\/logo\/image\/\",\"url\":\"https:\/\/doglo.eu\/wp-content\/uploads\/2025\/02\/doglo-black.png\",\"contentUrl\":\"https:\/\/doglo.eu\/wp-content\/uploads\/2025\/02\/doglo-black.png\",\"width\":1176,\"height\":520,\"caption\":\"Doglo\"},\"image\":{\"@id\":\"https:\/\/doglo.eu\/lt\/#\/schema\/logo\/image\/\"},\"sameAs\":[\"https:\/\/www.facebook.com\/dogloapp\",\"https:\/\/youtube.com\/channel\/UCEwkHwp3LS_qwk0zg4SwWOA\"],\"description\":\"Traxby O\u00dc (formerly Huntloc O\u00dc) is a company owned by Estonian owners, founded in 2013, which develops various real-time tracking platforms via a smartphone and manufactures tracking devices. The company\u2019s product portfolio includes the following solutions: - hunting platform Huntloc for hunters, - dog tracking app Doglo.\",\"email\":\"info@traxby.com\",\"legalName\":\"Traxby O\u00dc\",\"foundingDate\":\"2013-06-14\",\"vatID\":\"EE101657569\",\"numberOfEmployees\":{\"@type\":\"QuantitativeValue\",\"minValue\":\"1\",\"maxValue\":\"10\"}}]}<\/script>\n<!-- \/ Yoast SEO Premium plugin. -->","yoast_head_json":{"title":"Patikimas GPS seklys ma\u017eesniam \u0161uniui - Doglo","description":"Sekimo \u012frenginys HLT-4.5 \u2013 puikus pasirinkimas ma\u017eam \u0161uniui. Su Doglo gali sekti savo \u0161un\u012f net i\u0161 keli\u0173 de\u0161im\u010di\u0173 kilometr\u0173 atstumo.","robots":{"index":"index","follow":"follow","max-snippet":"max-snippet:-1","max-image-preview":"max-image-preview:large","max-video-preview":"max-video-preview:-1"},"canonical":"https:\/\/doglo.eu\/lt\/produktas\/suns-sekimo-irenginys-hlt-4-5\/","og_locale":"lt_LT","og_type":"article","og_title":"Patikimas GPS seklys ma\u017eesniam \u0161uniui","og_description":"Sekimo \u012frenginys HLT-4.5 \u2013 puikus pasirinkimas ma\u017eam \u0161uniui. Su Doglo gali sekti savo \u0161un\u012f net i\u0161 keli\u0173 de\u0161im\u010di\u0173 kilometr\u0173 atstumo.","og_url":"https:\/\/doglo.eu\/lt\/produktas\/suns-sekimo-irenginys-hlt-4-5\/","og_site_name":"Doglo","article_publisher":"https:\/\/www.facebook.com\/dogloapp","article_modified_time":"2026-01-28T08:42:42+00:00","og_image":[{"width":1024,"height":1024,"url":"https:\/\/doglo.eu\/wp-content\/uploads\/2025\/02\/Doglo_dog-_tracker_HLT-4.5.jpg","type":"image\/jpeg"}],"twitter_card":"summary_large_image","twitter_misc":{"Est. reading time":"2 minut\u0117s"},"schema":{"@context":"https:\/\/schema.org","@graph":[{"@type":"WebPage","@id":"https:\/\/doglo.eu\/lt\/produktas\/suns-sekimo-irenginys-hlt-4-5\/","url":"https:\/\/doglo.eu\/lt\/produktas\/suns-sekimo-irenginys-hlt-4-5\/","name":"Patikimas GPS seklys ma\u017eesniam \u0161uniui - Doglo","isPartOf":{"@id":"https:\/\/doglo.eu\/lt\/#website"},"primaryImageOfPage":{"@id":"https:\/\/doglo.eu\/lt\/produktas\/suns-sekimo-irenginys-hlt-4-5\/#primaryimage"},"image":{"@id":"https:\/\/doglo.eu\/lt\/produktas\/suns-sekimo-irenginys-hlt-4-5\/#primaryimage"},"thumbnailUrl":"https:\/\/doglo.eu\/wp-content\/uploads\/2025\/02\/Doglo_dog-_tracker_HLT-4.5.jpg","datePublished":"2025-02-18T23:28:03+00:00","dateModified":"2026-01-28T08:42:42+00:00","description":"Sekimo \u012frenginys HLT-4.5 \u2013 puikus pasirinkimas ma\u017eam \u0161uniui. Su Doglo gali sekti savo \u0161un\u012f net i\u0161 keli\u0173 de\u0161im\u010di\u0173 kilometr\u0173 atstumo.","breadcrumb":{"@id":"https:\/\/doglo.eu\/lt\/produktas\/suns-sekimo-irenginys-hlt-4-5\/#breadcrumb"},"inLanguage":"lt-LT","potentialAction":[{"@type":"ReadAction","target":["https:\/\/doglo.eu\/lt\/produktas\/suns-sekimo-irenginys-hlt-4-5\/"]}]},{"@type":"ImageObject","inLanguage":"lt-LT","@id":"https:\/\/doglo.eu\/lt\/produktas\/suns-sekimo-irenginys-hlt-4-5\/#primaryimage","url":"https:\/\/doglo.eu\/wp-content\/uploads\/2025\/02\/Doglo_dog-_tracker_HLT-4.5.jpg","contentUrl":"https:\/\/doglo.eu\/wp-content\/uploads\/2025\/02\/Doglo_dog-_tracker_HLT-4.5.jpg","width":1024,"height":1024},{"@type":"BreadcrumbList","@id":"https:\/\/doglo.eu\/lt\/produktas\/suns-sekimo-irenginys-hlt-4-5\/#breadcrumb","itemListElement":[{"@type":"ListItem","position":1,"name":"Prad\u017eia","item":"https:\/\/doglo.eu\/lt\/"},{"@type":"ListItem","position":2,"name":"Parduotuv\u0117","item":"https:\/\/doglo.eu\/lt\/parduotuve\/"},{"@type":"ListItem","position":3,"name":"Patikimas GPS seklys ma\u017eesniam \u0161uniui"}]},{"@type":"WebSite","@id":"https:\/\/doglo.eu\/lt\/#website","url":"https:\/\/doglo.eu\/lt\/","name":"Doglo","description":"Doglo koera j\u00e4lgimisseade","publisher":{"@id":"https:\/\/doglo.eu\/lt\/#organization"},"potentialAction":[{"@type":"SearchAction","target":{"@type":"EntryPoint","urlTemplate":"https:\/\/doglo.eu\/lt\/?s={search_term_string}"},"query-input":{"@type":"PropertyValueSpecification","valueRequired":true,"valueName":"search_term_string"}}],"inLanguage":"lt-LT"},{"@type":"Organization","@id":"https:\/\/doglo.eu\/lt\/#organization","name":"Doglo","url":"https:\/\/doglo.eu\/lt\/","logo":{"@type":"ImageObject","inLanguage":"lt-LT","@id":"https:\/\/doglo.eu\/lt\/#\/schema\/logo\/image\/","url":"https:\/\/doglo.eu\/wp-content\/uploads\/2025\/02\/doglo-black.png","contentUrl":"https:\/\/doglo.eu\/wp-content\/uploads\/2025\/02\/doglo-black.png","width":1176,"height":520,"caption":"Doglo"},"image":{"@id":"https:\/\/doglo.eu\/lt\/#\/schema\/logo\/image\/"},"sameAs":["https:\/\/www.facebook.com\/dogloapp","https:\/\/youtube.com\/channel\/UCEwkHwp3LS_qwk0zg4SwWOA"],"description":"Traxby O\u00dc (formerly Huntloc O\u00dc) is a company owned by Estonian owners, founded in 2013, which develops various real-time tracking platforms via a smartphone and manufactures tracking devices. The company\u2019s product portfolio includes the following solutions: - hunting platform Huntloc for hunters, - dog tracking app Doglo.","email":"info@traxby.com","legalName":"Traxby O\u00dc","foundingDate":"2013-06-14","vatID":"EE101657569","numberOfEmployees":{"@type":"QuantitativeValue","minValue":"1","maxValue":"10"}}]}},"_links":{"self":[{"href":"https:\/\/doglo.eu\/lt\/wp-json\/wp\/v2\/product\/11722","targetHints":{"allow":["GET"]}}],"collection":[{"href":"https:\/\/doglo.eu\/lt\/wp-json\/wp\/v2\/product"}],"about":[{"href":"https:\/\/doglo.eu\/lt\/wp-json\/wp\/v2\/types\/product"}],"wp:featuredmedia":[{"embeddable":true,"href":"https:\/\/doglo.eu\/lt\/wp-json\/wp\/v2\/media\/13448"}],"wp:attachment":[{"href":"https:\/\/doglo.eu\/lt\/wp-json\/wp\/v2\/media?parent=11722"}],"wp:term":[{"taxonomy":"product_brand","embeddable":true,"href":"https:\/\/doglo.eu\/lt\/wp-json\/wp\/v2\/product_brand?post=11722"},{"taxonomy":"product_cat","embeddable":true,"href":"https:\/\/doglo.eu\/lt\/wp-json\/wp\/v2\/product_cat?post=11722"},{"taxonomy":"product_tag","embeddable":true,"href":"https:\/\/doglo.eu\/lt\/wp-json\/wp\/v2\/product_tag?post=11722"}],"curies":[{"name":"wp","href":"https:\/\/api.w.org\/{rel}","templated":true}]}}