{"id":11750,"date":"2025-02-19T01:28:02","date_gmt":"2025-02-18T23:28:02","guid":{"rendered":"https:\/\/doglo.vebelo.ee\/product\/jalgimisseade-hlt-4-0\/"},"modified":"2026-01-28T10:36:38","modified_gmt":"2026-01-28T08:36:38","slug":"suns-sekimo-irenginys-hlt-4-0","status":"publish","type":"product","link":"https:\/\/doglo.eu\/lt\/produktas\/suns-sekimo-irenginys-hlt-4-0\/","title":{"rendered":"Patvarus GPS seklys didesniam \u0161uniui"},"content":{"rendered":"<h2>Doglo GPS seklys HLT-4.0<\/h2>\n<h4><strong>Ar tavo \u0161uo link\u0119s pasiklysti? Doglo HLT-4.0 pad\u0117s j\u012f visada rasti \u2013 net ir mi\u0161ke. Veikia be m\u0117nesinio mokes\u010dio, greitai \u012fkraunamas ir ilgai tarnauja.<\/strong><\/h4>\n<p><strong data-start=\"124\" data-end=\"212\">HLT-4.0 GPS \u0161uns sekiklis u\u017etikrina tiksl\u0173 ir patikim\u0105 sekim\u0105 bet kokioje vietov\u0117je. <\/strong>Jis leid\u017eia tau visada \u017einoti, kur yra tavo \u0161uo. Naudodamas mobiliojo ry\u0161io technologij\u0105, \u012frenginys veikia <strong data-start=\"322\" data-end=\"347\">be atstumo apribojim\u0173<\/strong> \u2013 savo \u0161un\u012f gali sekti i\u0161 bet kurios pasaulio vietos, nesvarbu, ar jis netoliese, ar u\u017e t\u016bkstan\u010di\u0173 kilometr\u0173. Galingas sekiklio signalas garantuoja stabil\u0173 ry\u0161\u012f ir suteikia ramyb\u0119. Nor\u0117damas valdyti \u012frengin\u012f ir steb\u0117ti \u0161uns buvimo viet\u0105, tiesiog naudokis savo i\u0161maniuoju telefonu \u2013 <strong data-start=\"632\" data-end=\"664\">paprasta, patogu ir efektyvu<\/strong>.<\/p>\n<p>Patogiai d\u0117vimas ant \u0161uns kaklo, \u0161is pa\u017eangus GPS sekiklis veikia kaip apsaugos priemon\u0117, u\u017etikrinanti tavo augintinio saugum\u0105 vis\u0105 laik\u0105. Jei \u0161uo pasimest\u0173, gali nuotoliniu b\u016bdu \u012fjungti steb\u0117jimo re\u017eim\u0105 ir realiuoju laiku matyti jo buvimo viet\u0105. Be tikslaus sekimo, \u012frenginys turi dvipusio garso ry\u0161io funkcij\u0105 \u2013 gali paskambinti ir klausytis, kas vyksta aplink \u0161un\u012f, arba duoti balso komandas, kad jis gr\u012f\u017et\u0173 namo.<br data-start=\"535\" data-end=\"538\" \/>Sistema sukurta \u0161eimoms \u2013 <strong data-start=\"564\" data-end=\"594\">palaikomi iki 5 naudotojai<\/strong>, tad keli \u0161eimos nariai gali vienu metu steb\u0117ti \u0161uns viet\u0105 per mobili\u0105j\u0105 program\u0117l\u0119. <strong data-start=\"682\" data-end=\"760\">Puikus sprendimas tavo augintiniui apsaugoti \u2013 nesvarbu, kur jis nuklyst\u0173!<\/strong><\/p>\n<p><strong data-start=\"73\" data-end=\"181\">Sekimo \u012frenginys yra patvarus, lengvas ir visi\u0161kai atsparus vandeniui <\/strong>\u2013 sukurtas ilgalaikiam naudojimui. Jis u\u017etikrina <strong data-start=\"198\" data-end=\"235\">36 valandas nepertraukiamo sekimo<\/strong> (kas 10 sek.) ir veikia bud\u0117jimo re\u017eimu iki <strong>1 m\u0117nesio.<\/strong>\u00a0Visi\u0161kam atsparumui vandeniui u\u017etikrinti \u012frenginys turi <strong data-start=\"341\" data-end=\"373\">vientis\u0105, be mygtuk\u0173 korpus\u0105<\/strong> su trimis signalin\u0117mis lemput\u0117mis, rodan\u010diomis veikimo b\u016bsen\u0105. Patogiam naudojimui \u012frenginys <strong data-start=\"469\" data-end=\"497\">kraunamas belaid\u017eiu b\u016bdu<\/strong>. Jei turi vidutinio dyd\u017eio \u0161un\u012f ir ie\u0161kai ma\u017eesnio, patogesnio \u012frenginio \u2013 per\u017ei\u016br\u0117k m\u016bs\u0173 <a href=\"https:\/\/doglo.eu\/lt\/produktas\/gps-gsm-suns-sekiklis-hlt-4-5\/?v=08a4415e9d59\">ma\u017eesn\u012f sekimo \u012frengin\u012f<\/a>!<\/p>\n<p><strong>Kas \u012feina \u012f komplekt\u0105:<\/strong><br \/>\nKaina apima visk\u0105, ko reikia tavo \u0161uns saugumui:<\/p>\n<ul>\n<li><strong>HLT-4.0 sekiklis<\/strong><\/li>\n<li><strong>\u0160uns antkaklis, dydis L<\/strong><\/li>\n<li><strong>Belaidis \u012fkroviklis<\/strong><\/li>\n<li><strong>1 met\u0173 nemokamas interneto<\/strong>\u00a0ry\u0161ys \u012frenginiui<\/li>\n<\/ul>\n<hr \/>\n<p>Po pirm\u0173j\u0173 met\u0173 interneto ry\u0161io kaina \u012frenginiui \u2013\u00a0<strong>36\u202f\u20ac\/metus<\/strong><\/p>\n<hr \/>\n<p><strong>Doglo sekimo \u012frenginys sukurtas Estijoje.<\/strong><\/p>\n<iframe loading=\"lazy\"  id=\"_ytid_34344\"  width=\"800\" height=\"450\"  data-origwidth=\"800\" data-origheight=\"450\" src=\"https:\/\/www.youtube.com\/embed\/ETkaPq5viLU?enablejsapi=1&autoplay=1&cc_load_policy=0&iv_load_policy=1&loop=0&fs=1&playsinline=0&controls=1&disablekb=0&color=red&cc_lang_pref=&rel=1&autohide=2&theme=dark&\" class=\"__youtube_prefs__  no-lazyload\" title=\"YouTube player\"  allow=\"fullscreen; accelerometer; autoplay; clipboard-write; encrypted-media; gyroscope; picture-in-picture; web-share\" referrerpolicy=\"strict-origin-when-cross-origin\" allowfullscreen data-no-lazy=\"1\" data-skipgform_ajax_framebjll=\"\"><\/iframe>\n<p>&nbsp;<\/p>\n","protected":false},"excerpt":{"rendered":"<p class=\"ai-optimize-35\">Patikimas GPS sekiklis dideliam \u0161uniui \u2013 veikia bet kokiu oru ir net esant kitoje \u0161alyje. Patikrintas patikimumas su med\u017eiokliniais \u0161unimis.<\/p>\n","protected":false},"featured_media":13439,"template":"","meta":{"_acf_changed":false,"om_disable_all_campaigns":false,"_monsterinsights_skip_tracking":false,"_monsterinsights_sitenote_active":false,"_monsterinsights_sitenote_note":"","_monsterinsights_sitenote_category":0,"_uf_show_specific_survey":0,"_uf_disable_surveys":false},"product_brand":[176],"product_cat":[128],"product_tag":[],"class_list":{"0":"post-11750","1":"product","2":"type-product","3":"status-publish","4":"has-post-thumbnail","6":"product_brand-doglo","7":"product_cat-prietaisai","9":"first","10":"instock","11":"taxable","12":"shipping-taxable","13":"purchasable","14":"product-type-simple"},"acf":[],"yoast_head":"<!-- This site is optimized with the Yoast SEO Premium plugin v25.3.1 (Yoast SEO v25.3.1) - https:\/\/yoast.com\/wordpress\/plugins\/seo\/ -->\n<title>Patvarus GPS seklys didesniam \u0161uniui - Doglo<\/title>\n<meta name=\"description\" content=\"Sek savo \u0161un\u012f bet kur su \u0161uns sekimo \u012frenginys HLT-4.0 Doglo sekikliu: atsparus vandeniui, patvarus GPS sekimas. Lengvai valdomas i\u0161maniuoju telefonu!\" \/>\n<meta name=\"robots\" content=\"index, follow, max-snippet:-1, max-image-preview:large, max-video-preview:-1\" \/>\n<link rel=\"canonical\" href=\"https:\/\/doglo.eu\/lt\/produktas\/suns-sekimo-irenginys-hlt-4-0\/\" \/>\n<meta property=\"og:locale\" content=\"lt_LT\" \/>\n<meta property=\"og:type\" content=\"article\" \/>\n<meta property=\"og:title\" content=\"Patvarus GPS seklys didesniam \u0161uniui\" \/>\n<meta property=\"og:description\" content=\"Sek savo \u0161un\u012f bet kur su \u0161uns sekimo \u012frenginys HLT-4.0 Doglo sekikliu: atsparus vandeniui, patvarus GPS sekimas. Lengvai valdomas i\u0161maniuoju telefonu!\" \/>\n<meta property=\"og:url\" content=\"https:\/\/doglo.eu\/lt\/produktas\/suns-sekimo-irenginys-hlt-4-0\/\" \/>\n<meta property=\"og:site_name\" content=\"Doglo\" \/>\n<meta property=\"article:publisher\" content=\"https:\/\/www.facebook.com\/dogloapp\" \/>\n<meta property=\"article:modified_time\" content=\"2026-01-28T08:36:38+00:00\" \/>\n<meta property=\"og:image\" content=\"https:\/\/doglo.eu\/wp-content\/uploads\/2025\/06\/Doglo_Koer.jpg\" \/>\n\t<meta property=\"og:image:width\" content=\"1000\" \/>\n\t<meta property=\"og:image:height\" content=\"1000\" \/>\n\t<meta property=\"og:image:type\" content=\"image\/jpeg\" \/>\n<meta name=\"twitter:card\" content=\"summary_large_image\" \/>\n<meta name=\"twitter:label1\" content=\"Est. reading time\" \/>\n\t<meta name=\"twitter:data1\" content=\"2 minut\u0117s\" \/>\n<script type=\"application\/ld+json\" class=\"yoast-schema-graph\">{\"@context\":\"https:\/\/schema.org\",\"@graph\":[{\"@type\":\"WebPage\",\"@id\":\"https:\/\/doglo.eu\/lt\/produktas\/suns-sekimo-irenginys-hlt-4-0\/\",\"url\":\"https:\/\/doglo.eu\/lt\/produktas\/suns-sekimo-irenginys-hlt-4-0\/\",\"name\":\"Patvarus GPS seklys didesniam \u0161uniui - Doglo\",\"isPartOf\":{\"@id\":\"https:\/\/doglo.eu\/lt\/#website\"},\"primaryImageOfPage\":{\"@id\":\"https:\/\/doglo.eu\/lt\/produktas\/suns-sekimo-irenginys-hlt-4-0\/#primaryimage\"},\"image\":{\"@id\":\"https:\/\/doglo.eu\/lt\/produktas\/suns-sekimo-irenginys-hlt-4-0\/#primaryimage\"},\"thumbnailUrl\":\"https:\/\/doglo.eu\/wp-content\/uploads\/2025\/06\/Doglo_Koer.jpg\",\"datePublished\":\"2025-02-18T23:28:02+00:00\",\"dateModified\":\"2026-01-28T08:36:38+00:00\",\"description\":\"Sek savo \u0161un\u012f bet kur su \u0161uns sekimo \u012frenginys HLT-4.0 Doglo sekikliu: atsparus vandeniui, patvarus GPS sekimas. Lengvai valdomas i\u0161maniuoju telefonu!\",\"breadcrumb\":{\"@id\":\"https:\/\/doglo.eu\/lt\/produktas\/suns-sekimo-irenginys-hlt-4-0\/#breadcrumb\"},\"inLanguage\":\"lt-LT\",\"potentialAction\":[{\"@type\":\"ReadAction\",\"target\":[\"https:\/\/doglo.eu\/lt\/produktas\/suns-sekimo-irenginys-hlt-4-0\/\"]}]},{\"@type\":\"ImageObject\",\"inLanguage\":\"lt-LT\",\"@id\":\"https:\/\/doglo.eu\/lt\/produktas\/suns-sekimo-irenginys-hlt-4-0\/#primaryimage\",\"url\":\"https:\/\/doglo.eu\/wp-content\/uploads\/2025\/06\/Doglo_Koer.jpg\",\"contentUrl\":\"https:\/\/doglo.eu\/wp-content\/uploads\/2025\/06\/Doglo_Koer.jpg\",\"width\":1000,\"height\":1000},{\"@type\":\"BreadcrumbList\",\"@id\":\"https:\/\/doglo.eu\/lt\/produktas\/suns-sekimo-irenginys-hlt-4-0\/#breadcrumb\",\"itemListElement\":[{\"@type\":\"ListItem\",\"position\":1,\"name\":\"Prad\u017eia\",\"item\":\"https:\/\/doglo.eu\/lt\/\"},{\"@type\":\"ListItem\",\"position\":2,\"name\":\"Parduotuv\u0117\",\"item\":\"https:\/\/doglo.eu\/lt\/parduotuve\/\"},{\"@type\":\"ListItem\",\"position\":3,\"name\":\"Patvarus GPS seklys didesniam \u0161uniui\"}]},{\"@type\":\"WebSite\",\"@id\":\"https:\/\/doglo.eu\/lt\/#website\",\"url\":\"https:\/\/doglo.eu\/lt\/\",\"name\":\"Doglo\",\"description\":\"Doglo koera j\u00e4lgimisseade\",\"publisher\":{\"@id\":\"https:\/\/doglo.eu\/lt\/#organization\"},\"potentialAction\":[{\"@type\":\"SearchAction\",\"target\":{\"@type\":\"EntryPoint\",\"urlTemplate\":\"https:\/\/doglo.eu\/lt\/?s={search_term_string}\"},\"query-input\":{\"@type\":\"PropertyValueSpecification\",\"valueRequired\":true,\"valueName\":\"search_term_string\"}}],\"inLanguage\":\"lt-LT\"},{\"@type\":\"Organization\",\"@id\":\"https:\/\/doglo.eu\/lt\/#organization\",\"name\":\"Doglo\",\"url\":\"https:\/\/doglo.eu\/lt\/\",\"logo\":{\"@type\":\"ImageObject\",\"inLanguage\":\"lt-LT\",\"@id\":\"https:\/\/doglo.eu\/lt\/#\/schema\/logo\/image\/\",\"url\":\"https:\/\/doglo.eu\/wp-content\/uploads\/2025\/02\/doglo-black.png\",\"contentUrl\":\"https:\/\/doglo.eu\/wp-content\/uploads\/2025\/02\/doglo-black.png\",\"width\":1176,\"height\":520,\"caption\":\"Doglo\"},\"image\":{\"@id\":\"https:\/\/doglo.eu\/lt\/#\/schema\/logo\/image\/\"},\"sameAs\":[\"https:\/\/www.facebook.com\/dogloapp\",\"https:\/\/youtube.com\/channel\/UCEwkHwp3LS_qwk0zg4SwWOA\"],\"description\":\"Traxby O\u00dc (formerly Huntloc O\u00dc) is a company owned by Estonian owners, founded in 2013, which develops various real-time tracking platforms via a smartphone and manufactures tracking devices. The company\u2019s product portfolio includes the following solutions: - hunting platform Huntloc for hunters, - dog tracking app Doglo.\",\"email\":\"info@traxby.com\",\"legalName\":\"Traxby O\u00dc\",\"foundingDate\":\"2013-06-14\",\"vatID\":\"EE101657569\",\"numberOfEmployees\":{\"@type\":\"QuantitativeValue\",\"minValue\":\"1\",\"maxValue\":\"10\"}}]}<\/script>\n<!-- \/ Yoast SEO Premium plugin. -->","yoast_head_json":{"title":"Patvarus GPS seklys didesniam \u0161uniui - Doglo","description":"Sek savo \u0161un\u012f bet kur su \u0161uns sekimo \u012frenginys HLT-4.0 Doglo sekikliu: atsparus vandeniui, patvarus GPS sekimas. Lengvai valdomas i\u0161maniuoju telefonu!","robots":{"index":"index","follow":"follow","max-snippet":"max-snippet:-1","max-image-preview":"max-image-preview:large","max-video-preview":"max-video-preview:-1"},"canonical":"https:\/\/doglo.eu\/lt\/produktas\/suns-sekimo-irenginys-hlt-4-0\/","og_locale":"lt_LT","og_type":"article","og_title":"Patvarus GPS seklys didesniam \u0161uniui","og_description":"Sek savo \u0161un\u012f bet kur su \u0161uns sekimo \u012frenginys HLT-4.0 Doglo sekikliu: atsparus vandeniui, patvarus GPS sekimas. Lengvai valdomas i\u0161maniuoju telefonu!","og_url":"https:\/\/doglo.eu\/lt\/produktas\/suns-sekimo-irenginys-hlt-4-0\/","og_site_name":"Doglo","article_publisher":"https:\/\/www.facebook.com\/dogloapp","article_modified_time":"2026-01-28T08:36:38+00:00","og_image":[{"width":1000,"height":1000,"url":"https:\/\/doglo.eu\/wp-content\/uploads\/2025\/06\/Doglo_Koer.jpg","type":"image\/jpeg"}],"twitter_card":"summary_large_image","twitter_misc":{"Est. reading time":"2 minut\u0117s"},"schema":{"@context":"https:\/\/schema.org","@graph":[{"@type":"WebPage","@id":"https:\/\/doglo.eu\/lt\/produktas\/suns-sekimo-irenginys-hlt-4-0\/","url":"https:\/\/doglo.eu\/lt\/produktas\/suns-sekimo-irenginys-hlt-4-0\/","name":"Patvarus GPS seklys didesniam \u0161uniui - Doglo","isPartOf":{"@id":"https:\/\/doglo.eu\/lt\/#website"},"primaryImageOfPage":{"@id":"https:\/\/doglo.eu\/lt\/produktas\/suns-sekimo-irenginys-hlt-4-0\/#primaryimage"},"image":{"@id":"https:\/\/doglo.eu\/lt\/produktas\/suns-sekimo-irenginys-hlt-4-0\/#primaryimage"},"thumbnailUrl":"https:\/\/doglo.eu\/wp-content\/uploads\/2025\/06\/Doglo_Koer.jpg","datePublished":"2025-02-18T23:28:02+00:00","dateModified":"2026-01-28T08:36:38+00:00","description":"Sek savo \u0161un\u012f bet kur su \u0161uns sekimo \u012frenginys HLT-4.0 Doglo sekikliu: atsparus vandeniui, patvarus GPS sekimas. Lengvai valdomas i\u0161maniuoju telefonu!","breadcrumb":{"@id":"https:\/\/doglo.eu\/lt\/produktas\/suns-sekimo-irenginys-hlt-4-0\/#breadcrumb"},"inLanguage":"lt-LT","potentialAction":[{"@type":"ReadAction","target":["https:\/\/doglo.eu\/lt\/produktas\/suns-sekimo-irenginys-hlt-4-0\/"]}]},{"@type":"ImageObject","inLanguage":"lt-LT","@id":"https:\/\/doglo.eu\/lt\/produktas\/suns-sekimo-irenginys-hlt-4-0\/#primaryimage","url":"https:\/\/doglo.eu\/wp-content\/uploads\/2025\/06\/Doglo_Koer.jpg","contentUrl":"https:\/\/doglo.eu\/wp-content\/uploads\/2025\/06\/Doglo_Koer.jpg","width":1000,"height":1000},{"@type":"BreadcrumbList","@id":"https:\/\/doglo.eu\/lt\/produktas\/suns-sekimo-irenginys-hlt-4-0\/#breadcrumb","itemListElement":[{"@type":"ListItem","position":1,"name":"Prad\u017eia","item":"https:\/\/doglo.eu\/lt\/"},{"@type":"ListItem","position":2,"name":"Parduotuv\u0117","item":"https:\/\/doglo.eu\/lt\/parduotuve\/"},{"@type":"ListItem","position":3,"name":"Patvarus GPS seklys didesniam \u0161uniui"}]},{"@type":"WebSite","@id":"https:\/\/doglo.eu\/lt\/#website","url":"https:\/\/doglo.eu\/lt\/","name":"Doglo","description":"Doglo koera j\u00e4lgimisseade","publisher":{"@id":"https:\/\/doglo.eu\/lt\/#organization"},"potentialAction":[{"@type":"SearchAction","target":{"@type":"EntryPoint","urlTemplate":"https:\/\/doglo.eu\/lt\/?s={search_term_string}"},"query-input":{"@type":"PropertyValueSpecification","valueRequired":true,"valueName":"search_term_string"}}],"inLanguage":"lt-LT"},{"@type":"Organization","@id":"https:\/\/doglo.eu\/lt\/#organization","name":"Doglo","url":"https:\/\/doglo.eu\/lt\/","logo":{"@type":"ImageObject","inLanguage":"lt-LT","@id":"https:\/\/doglo.eu\/lt\/#\/schema\/logo\/image\/","url":"https:\/\/doglo.eu\/wp-content\/uploads\/2025\/02\/doglo-black.png","contentUrl":"https:\/\/doglo.eu\/wp-content\/uploads\/2025\/02\/doglo-black.png","width":1176,"height":520,"caption":"Doglo"},"image":{"@id":"https:\/\/doglo.eu\/lt\/#\/schema\/logo\/image\/"},"sameAs":["https:\/\/www.facebook.com\/dogloapp","https:\/\/youtube.com\/channel\/UCEwkHwp3LS_qwk0zg4SwWOA"],"description":"Traxby O\u00dc (formerly Huntloc O\u00dc) is a company owned by Estonian owners, founded in 2013, which develops various real-time tracking platforms via a smartphone and manufactures tracking devices. The company\u2019s product portfolio includes the following solutions: - hunting platform Huntloc for hunters, - dog tracking app Doglo.","email":"info@traxby.com","legalName":"Traxby O\u00dc","foundingDate":"2013-06-14","vatID":"EE101657569","numberOfEmployees":{"@type":"QuantitativeValue","minValue":"1","maxValue":"10"}}]}},"_links":{"self":[{"href":"https:\/\/doglo.eu\/lt\/wp-json\/wp\/v2\/product\/11750","targetHints":{"allow":["GET"]}}],"collection":[{"href":"https:\/\/doglo.eu\/lt\/wp-json\/wp\/v2\/product"}],"about":[{"href":"https:\/\/doglo.eu\/lt\/wp-json\/wp\/v2\/types\/product"}],"wp:featuredmedia":[{"embeddable":true,"href":"https:\/\/doglo.eu\/lt\/wp-json\/wp\/v2\/media\/13439"}],"wp:attachment":[{"href":"https:\/\/doglo.eu\/lt\/wp-json\/wp\/v2\/media?parent=11750"}],"wp:term":[{"taxonomy":"product_brand","embeddable":true,"href":"https:\/\/doglo.eu\/lt\/wp-json\/wp\/v2\/product_brand?post=11750"},{"taxonomy":"product_cat","embeddable":true,"href":"https:\/\/doglo.eu\/lt\/wp-json\/wp\/v2\/product_cat?post=11750"},{"taxonomy":"product_tag","embeddable":true,"href":"https:\/\/doglo.eu\/lt\/wp-json\/wp\/v2\/product_tag?post=11750"}],"curies":[{"name":"wp","href":"https:\/\/api.w.org\/{rel}","templated":true}]}}