{"id":11773,"date":"2025-02-19T01:28:02","date_gmt":"2025-02-18T23:28:02","guid":{"rendered":"https:\/\/doglo.vebelo.ee\/product\/internetiuhenduse-pikendamine\/"},"modified":"2025-02-19T15:34:46","modified_gmt":"2025-02-19T15:34:46","slug":"internetiuhenduse-pikendamine","status":"publish","type":"product","link":"https:\/\/doglo.eu\/lt\/produktas\/internetiuhenduse-pikendamine\/","title":{"rendered":"Interneto ry\u0161io pl\u0117tinys"},"content":{"rendered":"<p>SIM kortel\u0117s duomen\u0173 ry\u0161io prat\u0119simas sekimo \u012frenginyje 1 metams. Suaktyvinamas automati\u0161kai po apmok\u0117jimo. Skai\u010diuojamas 3 eurai per m\u0117nes\u012f.<\/p>\n","protected":false},"excerpt":{"rendered":"<p>SIM kortel\u0117s duomen\u0173 ry\u0161io prat\u0119simas sekimo \u012frenginyje 1 metams. Suaktyvinamas automati\u0161kai po apmok\u0117jimo. Skai\u010diuojamas 3 eurai per m\u0117nes\u012f.<\/p>\n","protected":false},"featured_media":13459,"template":"","meta":{"_acf_changed":false,"om_disable_all_campaigns":false,"_monsterinsights_skip_tracking":false,"_monsterinsights_sitenote_active":false,"_monsterinsights_sitenote_note":"","_monsterinsights_sitenote_category":0,"_uf_show_specific_survey":0,"_uf_disable_surveys":false},"product_brand":[],"product_cat":[135],"product_tag":[],"class_list":{"0":"post-11773","1":"product","2":"type-product","3":"status-publish","4":"has-post-thumbnail","6":"product_cat-priedai","8":"first","9":"instock","10":"virtual","11":"sold-individually","12":"taxable","13":"purchasable","14":"product-type-simple"},"acf":[],"yoast_head":"<!-- This site is optimized with the Yoast SEO Premium plugin v25.3.1 (Yoast SEO v25.3.1) - https:\/\/yoast.com\/wordpress\/plugins\/seo\/ -->\n<title>Interneto ry\u0161io pl\u0117tinys - Doglo<\/title>\n<meta name=\"robots\" content=\"index, follow, max-snippet:-1, max-image-preview:large, max-video-preview:-1\" \/>\n<link rel=\"canonical\" href=\"https:\/\/doglo.eu\/lt\/produktas\/internetiuhenduse-pikendamine\/\" \/>\n<meta property=\"og:locale\" content=\"lt_LT\" \/>\n<meta property=\"og:type\" content=\"article\" \/>\n<meta property=\"og:title\" content=\"Interneto ry\u0161io pl\u0117tinys\" \/>\n<meta property=\"og:description\" content=\"SIM kortel\u0117s duomen\u0173 ry\u0161io prat\u0119simas sekimo \u012frenginyje 1 metams. Suaktyvinamas automati\u0161kai po apmok\u0117jimo. Skai\u010diuojamas 3 eurai per m\u0117nes\u012f.\" \/>\n<meta property=\"og:url\" content=\"https:\/\/doglo.eu\/lt\/produktas\/internetiuhenduse-pikendamine\/\" \/>\n<meta property=\"og:site_name\" content=\"Doglo\" \/>\n<meta property=\"article:publisher\" content=\"https:\/\/www.facebook.com\/dogloapp\" \/>\n<meta property=\"article:modified_time\" content=\"2025-02-19T15:34:46+00:00\" \/>\n<meta property=\"og:image\" content=\"https:\/\/doglo.eu\/wp-content\/uploads\/2025\/02\/seadme-pikendamine.png\" \/>\n\t<meta property=\"og:image:width\" content=\"600\" \/>\n\t<meta property=\"og:image:height\" content=\"472\" \/>\n\t<meta property=\"og:image:type\" content=\"image\/png\" \/>\n<meta name=\"twitter:card\" content=\"summary_large_image\" \/>\n<script type=\"application\/ld+json\" class=\"yoast-schema-graph\">{\"@context\":\"https:\/\/schema.org\",\"@graph\":[{\"@type\":\"WebPage\",\"@id\":\"https:\/\/doglo.eu\/lt\/produktas\/internetiuhenduse-pikendamine\/\",\"url\":\"https:\/\/doglo.eu\/lt\/produktas\/internetiuhenduse-pikendamine\/\",\"name\":\"Interneto ry\u0161io pl\u0117tinys - Doglo\",\"isPartOf\":{\"@id\":\"https:\/\/doglo.eu\/lt\/#website\"},\"primaryImageOfPage\":{\"@id\":\"https:\/\/doglo.eu\/lt\/produktas\/internetiuhenduse-pikendamine\/#primaryimage\"},\"image\":{\"@id\":\"https:\/\/doglo.eu\/lt\/produktas\/internetiuhenduse-pikendamine\/#primaryimage\"},\"thumbnailUrl\":\"https:\/\/doglo.eu\/wp-content\/uploads\/2025\/02\/Doglo_Internet_validation.jpg\",\"datePublished\":\"2025-02-18T23:28:02+00:00\",\"dateModified\":\"2025-02-19T15:34:46+00:00\",\"breadcrumb\":{\"@id\":\"https:\/\/doglo.eu\/lt\/produktas\/internetiuhenduse-pikendamine\/#breadcrumb\"},\"inLanguage\":\"lt-LT\",\"potentialAction\":[{\"@type\":\"ReadAction\",\"target\":[\"https:\/\/doglo.eu\/lt\/produktas\/internetiuhenduse-pikendamine\/\"]}]},{\"@type\":\"ImageObject\",\"inLanguage\":\"lt-LT\",\"@id\":\"https:\/\/doglo.eu\/lt\/produktas\/internetiuhenduse-pikendamine\/#primaryimage\",\"url\":\"https:\/\/doglo.eu\/wp-content\/uploads\/2025\/02\/Doglo_Internet_validation.jpg\",\"contentUrl\":\"https:\/\/doglo.eu\/wp-content\/uploads\/2025\/02\/Doglo_Internet_validation.jpg\",\"width\":768,\"height\":768},{\"@type\":\"BreadcrumbList\",\"@id\":\"https:\/\/doglo.eu\/lt\/produktas\/internetiuhenduse-pikendamine\/#breadcrumb\",\"itemListElement\":[{\"@type\":\"ListItem\",\"position\":1,\"name\":\"Prad\u017eia\",\"item\":\"https:\/\/doglo.eu\/lt\/\"},{\"@type\":\"ListItem\",\"position\":2,\"name\":\"Parduotuv\u0117\",\"item\":\"https:\/\/doglo.eu\/lt\/parduotuve\/\"},{\"@type\":\"ListItem\",\"position\":3,\"name\":\"Interneto ry\u0161io pl\u0117tinys\"}]},{\"@type\":\"WebSite\",\"@id\":\"https:\/\/doglo.eu\/lt\/#website\",\"url\":\"https:\/\/doglo.eu\/lt\/\",\"name\":\"Doglo\",\"description\":\"Doglo koera j\u00e4lgimisseade\",\"publisher\":{\"@id\":\"https:\/\/doglo.eu\/lt\/#organization\"},\"potentialAction\":[{\"@type\":\"SearchAction\",\"target\":{\"@type\":\"EntryPoint\",\"urlTemplate\":\"https:\/\/doglo.eu\/lt\/?s={search_term_string}\"},\"query-input\":{\"@type\":\"PropertyValueSpecification\",\"valueRequired\":true,\"valueName\":\"search_term_string\"}}],\"inLanguage\":\"lt-LT\"},{\"@type\":\"Organization\",\"@id\":\"https:\/\/doglo.eu\/lt\/#organization\",\"name\":\"Doglo\",\"url\":\"https:\/\/doglo.eu\/lt\/\",\"logo\":{\"@type\":\"ImageObject\",\"inLanguage\":\"lt-LT\",\"@id\":\"https:\/\/doglo.eu\/lt\/#\/schema\/logo\/image\/\",\"url\":\"https:\/\/doglo.eu\/wp-content\/uploads\/2025\/02\/doglo-black.png\",\"contentUrl\":\"https:\/\/doglo.eu\/wp-content\/uploads\/2025\/02\/doglo-black.png\",\"width\":1176,\"height\":520,\"caption\":\"Doglo\"},\"image\":{\"@id\":\"https:\/\/doglo.eu\/lt\/#\/schema\/logo\/image\/\"},\"sameAs\":[\"https:\/\/www.facebook.com\/dogloapp\",\"https:\/\/youtube.com\/channel\/UCEwkHwp3LS_qwk0zg4SwWOA\"],\"description\":\"Traxby O\u00dc (formerly Huntloc O\u00dc) is a company owned by Estonian owners, founded in 2013, which develops various real-time tracking platforms via a smartphone and manufactures tracking devices. The company\u2019s product portfolio includes the following solutions: - hunting platform Huntloc for hunters, - dog tracking app Doglo.\",\"email\":\"info@traxby.com\",\"legalName\":\"Traxby O\u00dc\",\"foundingDate\":\"2013-06-14\",\"vatID\":\"EE101657569\",\"numberOfEmployees\":{\"@type\":\"QuantitativeValue\",\"minValue\":\"1\",\"maxValue\":\"10\"}}]}<\/script>\n<!-- \/ Yoast SEO Premium plugin. -->","yoast_head_json":{"title":"Interneto ry\u0161io pl\u0117tinys - Doglo","robots":{"index":"index","follow":"follow","max-snippet":"max-snippet:-1","max-image-preview":"max-image-preview:large","max-video-preview":"max-video-preview:-1"},"canonical":"https:\/\/doglo.eu\/lt\/produktas\/internetiuhenduse-pikendamine\/","og_locale":"lt_LT","og_type":"article","og_title":"Interneto ry\u0161io pl\u0117tinys","og_description":"SIM kortel\u0117s duomen\u0173 ry\u0161io prat\u0119simas sekimo \u012frenginyje 1 metams. Suaktyvinamas automati\u0161kai po apmok\u0117jimo. Skai\u010diuojamas 3 eurai per m\u0117nes\u012f.","og_url":"https:\/\/doglo.eu\/lt\/produktas\/internetiuhenduse-pikendamine\/","og_site_name":"Doglo","article_publisher":"https:\/\/www.facebook.com\/dogloapp","article_modified_time":"2025-02-19T15:34:46+00:00","og_image":[{"width":600,"height":472,"url":"https:\/\/doglo.eu\/wp-content\/uploads\/2025\/02\/seadme-pikendamine.png","type":"image\/png"}],"twitter_card":"summary_large_image","schema":{"@context":"https:\/\/schema.org","@graph":[{"@type":"WebPage","@id":"https:\/\/doglo.eu\/lt\/produktas\/internetiuhenduse-pikendamine\/","url":"https:\/\/doglo.eu\/lt\/produktas\/internetiuhenduse-pikendamine\/","name":"Interneto ry\u0161io pl\u0117tinys - Doglo","isPartOf":{"@id":"https:\/\/doglo.eu\/lt\/#website"},"primaryImageOfPage":{"@id":"https:\/\/doglo.eu\/lt\/produktas\/internetiuhenduse-pikendamine\/#primaryimage"},"image":{"@id":"https:\/\/doglo.eu\/lt\/produktas\/internetiuhenduse-pikendamine\/#primaryimage"},"thumbnailUrl":"https:\/\/doglo.eu\/wp-content\/uploads\/2025\/02\/Doglo_Internet_validation.jpg","datePublished":"2025-02-18T23:28:02+00:00","dateModified":"2025-02-19T15:34:46+00:00","breadcrumb":{"@id":"https:\/\/doglo.eu\/lt\/produktas\/internetiuhenduse-pikendamine\/#breadcrumb"},"inLanguage":"lt-LT","potentialAction":[{"@type":"ReadAction","target":["https:\/\/doglo.eu\/lt\/produktas\/internetiuhenduse-pikendamine\/"]}]},{"@type":"ImageObject","inLanguage":"lt-LT","@id":"https:\/\/doglo.eu\/lt\/produktas\/internetiuhenduse-pikendamine\/#primaryimage","url":"https:\/\/doglo.eu\/wp-content\/uploads\/2025\/02\/Doglo_Internet_validation.jpg","contentUrl":"https:\/\/doglo.eu\/wp-content\/uploads\/2025\/02\/Doglo_Internet_validation.jpg","width":768,"height":768},{"@type":"BreadcrumbList","@id":"https:\/\/doglo.eu\/lt\/produktas\/internetiuhenduse-pikendamine\/#breadcrumb","itemListElement":[{"@type":"ListItem","position":1,"name":"Prad\u017eia","item":"https:\/\/doglo.eu\/lt\/"},{"@type":"ListItem","position":2,"name":"Parduotuv\u0117","item":"https:\/\/doglo.eu\/lt\/parduotuve\/"},{"@type":"ListItem","position":3,"name":"Interneto ry\u0161io pl\u0117tinys"}]},{"@type":"WebSite","@id":"https:\/\/doglo.eu\/lt\/#website","url":"https:\/\/doglo.eu\/lt\/","name":"Doglo","description":"Doglo koera j\u00e4lgimisseade","publisher":{"@id":"https:\/\/doglo.eu\/lt\/#organization"},"potentialAction":[{"@type":"SearchAction","target":{"@type":"EntryPoint","urlTemplate":"https:\/\/doglo.eu\/lt\/?s={search_term_string}"},"query-input":{"@type":"PropertyValueSpecification","valueRequired":true,"valueName":"search_term_string"}}],"inLanguage":"lt-LT"},{"@type":"Organization","@id":"https:\/\/doglo.eu\/lt\/#organization","name":"Doglo","url":"https:\/\/doglo.eu\/lt\/","logo":{"@type":"ImageObject","inLanguage":"lt-LT","@id":"https:\/\/doglo.eu\/lt\/#\/schema\/logo\/image\/","url":"https:\/\/doglo.eu\/wp-content\/uploads\/2025\/02\/doglo-black.png","contentUrl":"https:\/\/doglo.eu\/wp-content\/uploads\/2025\/02\/doglo-black.png","width":1176,"height":520,"caption":"Doglo"},"image":{"@id":"https:\/\/doglo.eu\/lt\/#\/schema\/logo\/image\/"},"sameAs":["https:\/\/www.facebook.com\/dogloapp","https:\/\/youtube.com\/channel\/UCEwkHwp3LS_qwk0zg4SwWOA"],"description":"Traxby O\u00dc (formerly Huntloc O\u00dc) is a company owned by Estonian owners, founded in 2013, which develops various real-time tracking platforms via a smartphone and manufactures tracking devices. The company\u2019s product portfolio includes the following solutions: - hunting platform Huntloc for hunters, - dog tracking app Doglo.","email":"info@traxby.com","legalName":"Traxby O\u00dc","foundingDate":"2013-06-14","vatID":"EE101657569","numberOfEmployees":{"@type":"QuantitativeValue","minValue":"1","maxValue":"10"}}]}},"_links":{"self":[{"href":"https:\/\/doglo.eu\/lt\/wp-json\/wp\/v2\/product\/11773","targetHints":{"allow":["GET"]}}],"collection":[{"href":"https:\/\/doglo.eu\/lt\/wp-json\/wp\/v2\/product"}],"about":[{"href":"https:\/\/doglo.eu\/lt\/wp-json\/wp\/v2\/types\/product"}],"wp:featuredmedia":[{"embeddable":true,"href":"https:\/\/doglo.eu\/lt\/wp-json\/wp\/v2\/media\/13459"}],"wp:attachment":[{"href":"https:\/\/doglo.eu\/lt\/wp-json\/wp\/v2\/media?parent=11773"}],"wp:term":[{"taxonomy":"product_brand","embeddable":true,"href":"https:\/\/doglo.eu\/lt\/wp-json\/wp\/v2\/product_brand?post=11773"},{"taxonomy":"product_cat","embeddable":true,"href":"https:\/\/doglo.eu\/lt\/wp-json\/wp\/v2\/product_cat?post=11773"},{"taxonomy":"product_tag","embeddable":true,"href":"https:\/\/doglo.eu\/lt\/wp-json\/wp\/v2\/product_tag?post=11773"}],"curies":[{"name":"wp","href":"https:\/\/api.w.org\/{rel}","templated":true}]}}