{"id":11854,"date":"2025-02-05T19:23:06","date_gmt":"2025-02-05T17:23:06","guid":{"rendered":"https:\/\/doglo.vebelo.ee\/uld-ja-ostutingimused\/"},"modified":"2026-04-01T16:18:30","modified_gmt":"2026-04-01T13:18:30","slug":"noteikumi-un-nosacijumi","status":"publish","type":"page","link":"https:\/\/doglo.eu\/lv\/noteikumi-un-nosacijumi\/","title":{"rendered":"Noteikumi un nosac\u012bjumi"},"content":{"rendered":"\n<h3 class=\"wp-block-heading\" id=\"h-1-darbibas-sfera-un-noteikumi\"><strong>1.DARB\u012aBAS SF\u0112RA UN NOTEIKUMI<\/strong><\/h3>\n\n\n\n<p>1.1. Noteikumi un nosac\u012bjumi attiecas uz tiesiskaj\u0101m attiec\u012bb\u0101m starp vis\u0101m person\u0101m un doglo.eu iepirk\u0161an\u0101s vides (turpm\u0101k tekst\u0101 Doglo interneta veikals) Traxby O\u00dc \u012bpa\u0161nieku par produkta ieg\u0101di caur Doglo interneta veikalu.<\/p>\n\n\n\n<p>1.2. Papildus \u0161iem noteikumiem un nosac\u012bjumiem, kas rodas, ieg\u0101d\u0101joties produktus caur Doglo interneta veikalu, regul\u0113 Igaunijas Republik\u0101 sp\u0113k\u0101 eso\u0161ie ties\u012bbu akti.<\/p>\n\n\n\n<p>1.3. Traxby O\u00dc ir ties\u012bbas atsaukt p\u0101rdo\u0161anas l\u012bgumu, kas nosl\u0113gts ar Doglo interneta veikala starpniec\u012bbu, un nepieg\u0101d\u0101t preces vai nenodro\u0161in\u0101t pakalpojumu \u0161\u0101dos gad\u012bjumos:<\/p>\n\n\n\n<ol class=\"wp-block-list\">\n<li>prece noliktav\u0101 nav vairs pieejama;<\/li>\n\n\n\n<li>produkta cena vai apraksts ir nepareizi nor\u0101d\u012bts sist\u0113mas k\u013c\u016bdas d\u0113\u013c.<\/li>\n<\/ol>\n\n\n\n<p>Ja Traxby O\u00dc nesp\u0113s nodro\u0161in\u0101t pas\u016bt\u012bjuma izpildi, ar pirc\u0113ju sazin\u0101sies caur e-pastu vai telefona numuru un pas\u016bt\u012bjuma summa tiks atmaks\u0101ta, ja pirc\u0113js ir veicis avansa maks\u0101jumu par preci.<\/p>\n\n\n\n<p>1.4. 1.4. Traxby O\u00dc ir ties\u012bbas groz\u012bt un papildin\u0101t noteikumus un cenr\u0101di, \u0146emot v\u0113r\u0101 Doglo interneta veikala att\u012bst\u012bbu, k\u0101 ar\u012b lab\u0101ku un dro\u0161\u0101ku interneta veikala lieto\u0161anu. Par groz\u012bjumiem un papildin\u0101jumiem Lieto\u0161anas noteikumos un Cenr\u0101d\u012b tiks pazi\u0146ots, izmantojot vietni doglo.eu. Groz\u012bjumi un papildin\u0101jumi st\u0101jas sp\u0113k\u0101 p\u0113c attiec\u012bg\u0101 groz\u012bjuma vai papildin\u0101juma public\u0113\u0161anas t\u012bmek\u013ca vietn\u0113 doglo.eu. Ja j\u016bs pas\u016bt\u012bjums tika veikts pirms noteikumu un nosac\u012bjumu izmai\u0146u st\u0101\u0161an\u0101s sp\u0113k\u0101, tiesisk\u0101s attiec\u012bbas starp jums un Traxby O\u00dc regul\u0113s noteikumi un nosac\u012bjumi, kas bija sp\u0113k\u0101 pas\u016bt\u012bjuma iesnieg\u0161anas laik\u0101, ja vien likum\u0101 vai \u0161ajos noteikumos nav paredz\u0113ts cit\u0101di.<\/p>\n\n\n\n<p><strong>2. CENAS<\/strong><\/p>\n\n\n\n<p>2.1. Doglo interneta veikala cenas ir sp\u0113k\u0101 laic\u012bga r\u0113\u0137ina atmaksai, k\u0101 nor\u0101d\u012bts 4. punkt\u0101.<\/p>\n\n\n\n<p>2.2. Visas cenas ietver 24% PVN un t\u0101s ir nor\u0101d\u012btas Eiro.<\/p>\n\n\n\n<p><strong>3. PIRKUMA GROZS UN PAS\u016aT\u012aJUMA VEIK\u0160ANA<\/strong><\/p>\n\n\n\n<p>3.1. Pievienojiet v\u0113lamo produktu vai pakalpojumu iepirkuma grozam. Izv\u0113lieties, vai j\u016bs jau esat Doglo e-veikala vides lietot\u0101js, vai v\u0113laties izveidot jaunu kontu vai ar\u012b pirkt k\u0101 viesis. Ja nepiecie\u0161ams, ievadiet savus personas datus un adresi vai p\u0101rbaudiet iepriek\u0161 ievad\u012btos datus. Esiet piesardz\u012bgs, ievadot klienta datus, jo ieg\u0101d\u0101to produkta \u0101tra un bez probl\u0113m\u0101m pieg\u0101de ir atkar\u012bga no attiec\u012bg\u0101s inform\u0101cijas precizit\u0101tes un pareiz\u012bbas.<\/p>\n\n\n\n<p>3.2. Izv\u0113lieties atbilsto\u0161u pieg\u0101des veidu. Atkar\u012bb\u0101 no izv\u0113l\u0113t\u0101 pieg\u0101des veida, iepirkuma groz\u0101, veicot atmaksu, var tikt l\u016bgta papildus inform\u0101cija, lai tiktu nor\u0101d\u012bts preces pieg\u0101des galam\u0113r\u0137is.<\/p>\n\n\n\n<p>3.3. P\u0113c pieg\u0101des veida izv\u0113les par\u0101d\u012bsies maks\u0101jumu veidi, izv\u0113lieties sev piem\u0113rot\u0101ko.<\/p>\n\n\n\n<p>3.4. L\u012bgums par produktu p\u0101rdo\u0161anu tiek uzskat\u012bts par nosl\u0113gtu (l\u012bguma sp\u0113k\u0101 st\u0101\u0161an\u0101s), s\u0101kot no maks\u0101jam\u0101s summas sa\u0146em\u0161anas saska\u0146\u0101 ar pas\u016bt\u012bjuma apstiprin\u0101jumu Traxby O\u00dc, Maksekeskus AS vai Montonio Finance nor\u0113\u0137inu kont\u0101, kas ir starpnieks maks\u0101jumu pakalpojum\u0101.<\/p>\n\n\n\n<p><strong>4. SAMAKSA PAR PRODUKTIEM<\/strong><\/p>\n\n\n\n<p>4.1. Lai veiktu maks\u0101jumu, izv\u0113lieties sev piem\u0113rotu maks\u0101juma veidu pas\u016bt\u012bjuma veik\u0161anas vietn\u0113.<\/p>\n\n\n\n<p>4.2. Produkta atmaksu j\u016bs variet veikt:<\/p>\n\n\n\n<ol class=\"wp-block-list\">\n<li>izmantojot bankas saiti caur Maksekeskus AS vai Montonio Finance;<\/li>\n\n\n\n<li>ar bankas p\u0101rskait\u012bjumu eiro.<\/li>\n<\/ol>\n\n\n\n<p>4.3. Pas\u016bt\u012bjums tiks atcelts, ja samaksa par pas\u016bt\u012bjumu netiks veikta 5 dienu laik\u0101.<\/p>\n\n\n\n<p><strong>5. PRODUKTU PIEG\u0100DE<\/strong><\/p>\n\n\n\n<p>5.1. Doglo interneta veikala pas\u016bt\u012bjumu pieg\u0101di nodro\u0161ina Omniva (Eesti Post AS) un SmartPost (Itella Estonia O\u00dc), pre\u010du pieg\u0101de tiek nodro\u0161in\u0101ta 1 l\u012bdz 4 darba dienu laik\u0101, izmantojot pakom\u0101tu un kurjera pakalpojumus. Produktus ir iesp\u0113jams pas\u016bt\u012bt valst\u012bs, kas ir min\u0113tas pie pirkuma atmaksas veik\u0161anas. Maksim\u0101lais pieg\u0101des laiks ir 10 darba dienas, ko var ietekm\u0113t ar\u012b produktu pieejamais atlikums noliktav\u0101.<\/p>\n\n\n\n<p>5.2. P\u0113c L\u012bguma st\u0101\u0161an\u0101s sp\u0113k\u0101 saska\u0146\u0101 ar noteikumu 3.4. punkt\u0101, produkti tiks pieg\u0101d\u0101ti uz vietu, kuru j\u016bs nor\u0101d\u012bj\u0101t pas\u016bt\u012bjuma veik\u0161anas br\u012bd\u012b, iepriek\u0161 saska\u0146ot\u0101 laik\u0101. Skat\u012bt pieg\u0101des noteikumus.<\/p>\n\n\n\n<p>5.3. Veicot pas\u016bt\u012bjumu, l\u016bdzu, p\u0101rbaudiet ievad\u012bt\u0101s kontaktinform\u0101cijas pareiz\u012bbu, lai izvair\u012btos no kav\u0113jumiem un p\u0101rpratumiem, kas saist\u012bti ar produktu pieg\u0101di. Traxby O\u00dc nav atbild\u012bgs par pre\u010du pieg\u0101des kav\u0113\u0161anos un p\u0101rpratumiem, ja tas ir saist\u012bts ar nepareizu vai neprec\u012bzu inform\u0101ciju, kas tika sniegta, veicot pas\u016bt\u012bjumu.<\/p>\n\n\n\n<p><strong>6. PAS\u016aT\u012aJUMA ATCEL\u0160ANA UN ATGRIE\u0160ANA<\/strong><\/p>\n\n\n\n<p>6.1. Jums ir ties\u012bbas atcelt pas\u016bt\u012bjumu p\u0113c pre\u010du apmaksas, bet pirms produktu pieg\u0101des, nos\u016btot atbilsto\u0161u pazi\u0146ojumu uz Doglo interneta veikala e-pasta adresi info@doglo.eu, nor\u0101dot taj\u0101 pas\u016bt\u012bjuma numuru un savu nor\u0113\u0137inu konta numuru.<\/p>\n\n\n\n<p>6.2. P\u0113c produkta sa\u0146em\u0161anas jums ir 14 dienas, lai atgrieztu produktu (-s). Ja k\u0101da iemesla d\u0113\u013c ieg\u0101d\u0101t\u0101s preces jums nav piem\u0113rotas. J\u016bs varat preci atgriezt vai apmain\u012bt pret citu produktu 14 dienu laik\u0101, nos\u016btot atbilsto\u0161u pazi\u0146ojumu par atcel\u0161anu un pas\u016bt\u012bjuma numuru uz Doglo interneta veikala e-pasta adresi info@doglo.eu. Programmat\u016bras licences netiek atmaks\u0101tas.<\/p>\n\n\n\n<p>6.3. Atgrie\u017eamajai precei j\u0101b\u016bt piln\u012bgai (ieskaitot visas preces, kuras bija produkta iepakojum\u0101 &#8211; kabe\u013ci utt.), Un j\u016bs esat iepazinies ar produkta raksturu, \u012bpa\u0161\u012bb\u0101m un darb\u012bbu, k\u0101 parasti at\u013cauts dar\u012bt veikal\u0101. Ja produkts ir ieg\u0101d\u0101ts k\u0101 da\u013ca no kampa\u0146as, kur\u0101 produktam ir pievienots cits produkts, jums j\u0101atgrie\u017e viss komplekts (t.i., visi produkti).<\/p>\n\n\n\n<p>6.4. Ja pas\u016bt\u012bjums tiek atcelts 6.1. punkt\u0101 min\u0113taj\u0101 gad\u012bjum\u0101 vai tiek atsaukts no pas\u016bt\u012bjuma 6.2. punkt\u0101 min\u0113taj\u0101 gad\u012bjum\u0101, tiks atmaks\u0101ta par pirkumu samaks\u0101t\u0101 summa, no kuras klients sedz izmaksas, kas saist\u012btas ar produkta nos\u016bt\u012b\u0161anu uz noliktavu l\u012bdz 10 EUR (6.5. punkts). M\u0113s atmaks\u0101sim atgriezto preci uz j\u016bsu nor\u0113\u0137inu kontu ne v\u0113l\u0101k k\u0101 14 dienu laik\u0101 p\u0113c atteikuma pazi\u0146ojuma sa\u0146em\u0161anas, ja vien preces esat atgriezis \u0161aj\u0101 pa\u0161\u0101 laika posm\u0101, iz\u0146emot gad\u012bjumus, kas min\u0113ti 6.4., 6.5. un 6.6. punkt\u0101.<\/p>\n\n\n\n<p>6.5. Doglo interneta veikalam ir ties\u012bbas piepras\u012bt klientam atgriezt\u0101s preces transporta izmaksas l\u012bdz 10 EUR apm\u0113r\u0101 un ietur\u0113t summu no atmaks\u0101jam\u0101s summas.<\/p>\n\n\n\n<p>6.6. Ja atgriezt\u0101 prece (un produkta iepakojums) ir saboj\u0101ts un t\u0101 boj\u0101jumus ir izrais\u012bju\u0161i apst\u0101k\u013ci, kas nav radu\u0161ies Traxby O\u00dc ietekm\u0113; un produkta nepareizas izmanto\u0161anas rezult\u0101t\u0101 Traxby O\u00dc ir ties\u012bbas ieskait\u012bt produkta v\u0113rt\u012bbas samazin\u0101jumu ar summu, kuru esat samaks\u0101jis par produktu, un atgriezt to jums. No Traxby O\u00dc tiek nos\u016bt\u012bs ieskaita pieteikums uz e-pasta adresi, kuru nor\u0101d\u012bj\u0101t, veicot pas\u016bt\u012bjumu. Ja nepiekr\u012btat ieskaita pazi\u0146ojum\u0101 nor\u0101d\u012btajam v\u0113rt\u012bbas samazin\u0101jumam, jums ir ties\u012bbas piesaist\u012bt neatkar\u012bgu ekspertu, lai noteiktu produkta v\u0113rt\u012bbas samazin\u0101jumu. Izmaksas, kas saist\u012btas ar ekspert\u012bzi, tiek dal\u012btas uz pus\u0113m starp jums un Traxby O\u00dc, ja vien vienas puses nost\u0101ja nav ac\u012bmredzami nepamatota. \u0160\u0101d\u0101 gad\u012bjum\u0101 ekspert\u012bzes izmaksas sedz puse, kuras nost\u0101ja bija ac\u012bmredzami nepamatota.<\/p>\n\n\n\n<p><strong>7. GARANTIJA UN NEATBILSTO\u0160U PRODUKTU ATGRIE\u0160ANA<\/strong><\/p>\n\n\n\n<p>7.1. Traxby O\u00dc ir atbild\u012bgs par produktu neatbilst\u012bbu pras\u012bb\u0101m un defektiem, kas par\u0101d\u0101s 2 gadu laik\u0101 no produkta pieg\u0101des br\u012b\u017ea.<\/p>\n\n\n\n<p>7.2. Traxby O\u00dc nav atbild\u012bgs par:<\/p>\n\n\n\n<ol class=\"wp-block-list\">\n<li>produkta boj\u0101\u0161anos vai boj\u0101jumiem kas ir radu\u0161ies j\u016bsu vainas d\u0113\u013c;<\/li>\n\n\n\n<li>defekti, ko izrais\u012bjusi produkta neregul\u0101ra lieto\u0161ana;<\/li>\n\n\n\n<li>produkta nodilumu, kas radies no regul\u0101ras lieto\u0161anas (piem\u0113ram, akumulatori, l\u0101d\u0113t\u0101ji utt.).<\/li>\n<\/ol>\n\n\n\n<p>7.3. Preces neatbilst\u012bbas vai defekta gad\u012bjum\u0101 jums ir ties\u012bbas piepras\u012bt preces nomai\u0146u uz jaunu, atbilsto\u0161u un bez defektiem, vai atteikties no pas\u016bt\u012bjuma un atgriezt neatbilsto\u0161o preci, kur s\u016bt\u012b\u0161anas izmaksas sedz Traxby O\u00dc.<\/p>\n\n\n\n<p>7.4. Neatbilsto\u0161a produkta atgrie\u0161anas gad\u012bjum\u0101 samaks\u0101t\u0101 summa par preci (ieskaitot transporta izmaksas) tiks p\u0101rskait\u012bta uz j\u016bsu nor\u0101d\u012bto bankas kontu ne v\u0113l\u0101k k\u0101 30 dienu laik\u0101 no pazi\u0146ojuma sa\u0146em\u0161anas par atteikumu un l\u016bguma atgriezt preci.<\/p>\n\n\n\n<p>7.5. Papildus ties\u012bb\u0101m, kas izriet no garantijas, jums ir ar\u012b citas ties\u012bbas, kas izriet no likumiem.<\/p>\n\n\n\n<p><strong>8. ATBILD\u012aBA UN NEP\u0100RVARAMA VARA<\/strong><\/p>\n\n\n\n<p>8.1. Traxby O\u00dc ir atbild\u012bgs pret jums, un j\u016bs esat atbild\u012bgs pret Traxby O\u00dc par zaud\u0113jumiem, kas nodar\u012bti otrai pusei, p\u0101rk\u0101pjot \u0161os noteikumus un nosac\u012bjumus, gad\u012bjumos un apjom\u0101, ko paredz Igaunijas Republik\u0101 sp\u0113k\u0101 eso\u0161ie ties\u012bbu akti.<\/p>\n\n\n\n<p>8.2. 8.2. Traxby O\u00dc nav atbild\u012bgs par zaud\u0113jumiem, kas nodar\u012bti jums, vai par preces pieg\u0101des kav\u0113\u0161anos, ja produkta boj\u0101jums vai aizkav\u0113\u0161an\u0101s ir saist\u012bta ar apst\u0101kli, kuru Traxby O\u00dc nevar\u0113ja ietekm\u0113t un kura pieg\u0101di Traxby O\u00dc nevar\u0113ja paredz\u0113t (nep\u0101rvarama vara).<\/p>\n\n\n\n<p><strong>9. CITI NOSAC\u012aJUMI<\/strong><\/p>\n\n\n\n<p>9.1. Visi klienta personas dati, kas k\u013cuvu\u0161i zin\u0101mi Doglo interneta veikala apmekl\u0113juma laik\u0101 un pirkumu veik\u0161anas laik\u0101, tiks uzskat\u012bti par konfidenci\u0101lu inform\u0101ciju. \u0160ifr\u0113ts datu sazi\u0146as kan\u0101ls ar bank\u0101m nodro\u0161ina pirc\u0113ja personas datu un bankas rekviz\u012btu dro\u0161\u012bbu. Traxby O\u00dc nav piek\u013cuves tiem.<\/p>\n\n\n\n<p>9.2. Jaut\u0101jumos, kas \u0161ajos noteikumos un nosac\u012bjumos nav atrisin\u0101ti atsevi\u0161\u0137i, j\u0101iev\u0113ro Igaunijas Republik\u0101 sp\u0113k\u0101 eso\u0161ie ties\u012bbu akti.<\/p>\n\n\n\n<p>9.3. Str\u012bdu gad\u012bjum\u0101 starp jums un Traxby O\u00dc saist\u012bb\u0101 ar pre\u010du pas\u016bt\u012b\u0161anu un ieg\u0101di, izmantojot Doglo interneta veikalu, tiks risin\u0101ti sarunu ce\u013c\u0101. Ja vieno\u0161an\u0101s netiek pan\u0101kta, jums ir ties\u012bbas v\u0113rsties Pat\u0113r\u0113t\u0101ju ties\u012bbu aizsardz\u012bbas padom\u0113, lai aizsarg\u0101tu savas ties\u012bbas. Str\u012bdi tiek risin\u0101ti saska\u0146\u0101 ar Igaunijas Republik\u0101 sp\u0113k\u0101 eso\u0161ajiem ties\u012bbu aktiem.<\/p>\n\n\n\n<p>9.4. Traxby O\u00dc interneta veikal\u0101 &nbsp;p\u0101rdotie produkti nav paredz\u0113ti t\u0101l\u0101kp\u0101rdo\u0161anai juridisk\u0101m person\u0101m. Visi attiec\u012bgie pas\u016bt\u012bjumi tiks atcelti.<\/p>\n\n\n\n<p>9.5. Produktiem, ko t\u0101l\u0101k p\u0101rdod juridiskas personas, Doglo garantija neattiecas.<\/p>\n\n\n\n<p><strong>10. ATBILD\u012aBA<\/strong><\/p>\n\n\n\n<p>10.1. Produktu att\u0113li ir paredz\u0113ti tikai ilustrat\u012bviem nol\u016bkiem.<\/p>\n\n\n\n<p>10.2. Produktu cenas un pieejam\u012bba var tikt main\u012bta bez iepriek\u0161\u0113ja br\u012bdin\u0101juma.<\/p>\n\n\n\n<p>10.3 Inform\u0101cija par produktiem tiek regul\u0101ri p\u0101rbaud\u012bta un uzlabota. Dati, iesp\u0113jams, ir atjaunin\u0101ti kop\u0161 j\u016bsu p\u0113d\u0113j\u0101s viz\u012btes.<\/p>\n","protected":false},"excerpt":{"rendered":"<p>1.DARB\u012aBAS SF\u0112RA UN NOTEIKUMI 1.1. Noteikumi un nosac\u012bjumi attiecas uz tiesiskaj\u0101m attiec\u012bb\u0101m starp vis\u0101m person\u0101m un doglo.eu iepirk\u0161an\u0101s vides (turpm\u0101k tekst\u0101 Doglo interneta veikals) Traxby O\u00dc \u012bpa\u0161nieku par produkta ieg\u0101di caur Doglo interneta veikalu. 1.2. Papildus \u0161iem noteikumiem un nosac\u012bjumiem, kas rodas, ieg\u0101d\u0101joties produktus caur Doglo interneta veikalu, regul\u0113 Igaunijas Republik\u0101 sp\u0113k\u0101 eso\u0161ie ties\u012bbu akti. [&hellip;]<\/p>\n","protected":false},"author":1,"featured_media":12021,"parent":0,"menu_order":0,"comment_status":"closed","ping_status":"closed","template":"","meta":{"_acf_changed":false,"om_disable_all_campaigns":false,"_monsterinsights_skip_tracking":false,"_monsterinsights_sitenote_active":false,"_monsterinsights_sitenote_note":"","_monsterinsights_sitenote_category":0,"_uf_show_specific_survey":0,"_uf_disable_surveys":false,"footnotes":""},"class_list":["post-11854","page","type-page","status-publish","has-post-thumbnail","hentry"],"acf":[],"yoast_head":"<!-- This site is optimized with the Yoast SEO Premium plugin v25.3.1 (Yoast SEO v25.3.1) - https:\/\/yoast.com\/wordpress\/plugins\/seo\/ -->\n<title>Noteikumi un nosac\u012bjumi - Doglo<\/title>\n<meta name=\"robots\" content=\"index, follow, max-snippet:-1, max-image-preview:large, max-video-preview:-1\" \/>\n<link rel=\"canonical\" href=\"https:\/\/doglo.eu\/lv\/noteikumi-un-nosacijumi\/\" \/>\n<meta property=\"og:locale\" content=\"lv_LV\" \/>\n<meta property=\"og:type\" content=\"article\" \/>\n<meta property=\"og:title\" content=\"Noteikumi un nosac\u012bjumi\" \/>\n<meta property=\"og:description\" content=\"1.DARB\u012aBAS SF\u0112RA UN NOTEIKUMI 1.1. Noteikumi un nosac\u012bjumi attiecas uz tiesiskaj\u0101m attiec\u012bb\u0101m starp vis\u0101m person\u0101m un doglo.eu iepirk\u0161an\u0101s vides (turpm\u0101k tekst\u0101 Doglo interneta veikals) Traxby O\u00dc \u012bpa\u0161nieku par produkta ieg\u0101di caur Doglo interneta veikalu. 1.2. Papildus \u0161iem noteikumiem un nosac\u012bjumiem, kas rodas, ieg\u0101d\u0101joties produktus caur Doglo interneta veikalu, regul\u0113 Igaunijas Republik\u0101 sp\u0113k\u0101 eso\u0161ie ties\u012bbu akti. [&hellip;]\" \/>\n<meta property=\"og:url\" content=\"https:\/\/doglo.eu\/lv\/noteikumi-un-nosacijumi\/\" \/>\n<meta property=\"og:site_name\" content=\"Doglo\" \/>\n<meta property=\"article:publisher\" content=\"https:\/\/www.facebook.com\/dogloapp\" \/>\n<meta property=\"article:modified_time\" content=\"2026-04-01T13:18:30+00:00\" \/>\n<meta property=\"og:image\" content=\"https:\/\/doglo.eu\/wp-content\/uploads\/2025\/03\/doglo-39-1-scaled.jpg\" \/>\n\t<meta property=\"og:image:width\" content=\"2560\" \/>\n\t<meta property=\"og:image:height\" content=\"2048\" \/>\n\t<meta property=\"og:image:type\" content=\"image\/jpeg\" \/>\n<meta name=\"twitter:card\" content=\"summary_large_image\" \/>\n<meta name=\"twitter:label1\" content=\"Est. reading time\" \/>\n\t<meta name=\"twitter:data1\" content=\"8 minutes\" \/>\n<script type=\"application\/ld+json\" class=\"yoast-schema-graph\">{\"@context\":\"https:\/\/schema.org\",\"@graph\":[{\"@type\":\"WebPage\",\"@id\":\"https:\/\/doglo.eu\/lv\/noteikumi-un-nosacijumi\/\",\"url\":\"https:\/\/doglo.eu\/lv\/noteikumi-un-nosacijumi\/\",\"name\":\"Noteikumi un nosac\u012bjumi - Doglo\",\"isPartOf\":{\"@id\":\"https:\/\/doglo.eu\/lv\/#website\"},\"primaryImageOfPage\":{\"@id\":\"https:\/\/doglo.eu\/lv\/noteikumi-un-nosacijumi\/#primaryimage\"},\"image\":{\"@id\":\"https:\/\/doglo.eu\/lv\/noteikumi-un-nosacijumi\/#primaryimage\"},\"thumbnailUrl\":\"https:\/\/doglo.eu\/wp-content\/uploads\/2025\/03\/doglo-39-1-scaled.jpg\",\"datePublished\":\"2025-02-05T17:23:06+00:00\",\"dateModified\":\"2026-04-01T13:18:30+00:00\",\"breadcrumb\":{\"@id\":\"https:\/\/doglo.eu\/lv\/noteikumi-un-nosacijumi\/#breadcrumb\"},\"inLanguage\":\"lv-LV\",\"potentialAction\":[{\"@type\":\"ReadAction\",\"target\":[\"https:\/\/doglo.eu\/lv\/noteikumi-un-nosacijumi\/\"]}]},{\"@type\":\"ImageObject\",\"inLanguage\":\"lv-LV\",\"@id\":\"https:\/\/doglo.eu\/lv\/noteikumi-un-nosacijumi\/#primaryimage\",\"url\":\"https:\/\/doglo.eu\/wp-content\/uploads\/2025\/03\/doglo-39-1-scaled.jpg\",\"contentUrl\":\"https:\/\/doglo.eu\/wp-content\/uploads\/2025\/03\/doglo-39-1-scaled.jpg\",\"width\":2560,\"height\":2048,\"caption\":\"Doglo tracker on a retriever\"},{\"@type\":\"BreadcrumbList\",\"@id\":\"https:\/\/doglo.eu\/lv\/noteikumi-un-nosacijumi\/#breadcrumb\",\"itemListElement\":[{\"@type\":\"ListItem\",\"position\":1,\"name\":\"S\u0101kums\",\"item\":\"https:\/\/doglo.eu\/lv\/\"},{\"@type\":\"ListItem\",\"position\":2,\"name\":\"Noteikumi un nosac\u012bjumi\"}]},{\"@type\":\"WebSite\",\"@id\":\"https:\/\/doglo.eu\/lv\/#website\",\"url\":\"https:\/\/doglo.eu\/lv\/\",\"name\":\"Doglo\",\"description\":\"Doglo koera j\u00e4lgimisseade\",\"publisher\":{\"@id\":\"https:\/\/doglo.eu\/lv\/#organization\"},\"potentialAction\":[{\"@type\":\"SearchAction\",\"target\":{\"@type\":\"EntryPoint\",\"urlTemplate\":\"https:\/\/doglo.eu\/lv\/?s={search_term_string}\"},\"query-input\":{\"@type\":\"PropertyValueSpecification\",\"valueRequired\":true,\"valueName\":\"search_term_string\"}}],\"inLanguage\":\"lv-LV\"},{\"@type\":\"Organization\",\"@id\":\"https:\/\/doglo.eu\/lv\/#organization\",\"name\":\"Doglo\",\"url\":\"https:\/\/doglo.eu\/lv\/\",\"logo\":{\"@type\":\"ImageObject\",\"inLanguage\":\"lv-LV\",\"@id\":\"https:\/\/doglo.eu\/lv\/#\/schema\/logo\/image\/\",\"url\":\"https:\/\/doglo.eu\/wp-content\/uploads\/2025\/02\/doglo-black.png\",\"contentUrl\":\"https:\/\/doglo.eu\/wp-content\/uploads\/2025\/02\/doglo-black.png\",\"width\":1176,\"height\":520,\"caption\":\"Doglo\"},\"image\":{\"@id\":\"https:\/\/doglo.eu\/lv\/#\/schema\/logo\/image\/\"},\"sameAs\":[\"https:\/\/www.facebook.com\/dogloapp\",\"https:\/\/youtube.com\/channel\/UCEwkHwp3LS_qwk0zg4SwWOA\"],\"description\":\"Traxby O\u00dc (formerly Huntloc O\u00dc) is a company owned by Estonian owners, founded in 2013, which develops various real-time tracking platforms via a smartphone and manufactures tracking devices. The company\u2019s product portfolio includes the following solutions: - hunting platform Huntloc for hunters, - dog tracking app Doglo.\",\"email\":\"info@traxby.com\",\"legalName\":\"Traxby O\u00dc\",\"foundingDate\":\"2013-06-14\",\"vatID\":\"EE101657569\",\"numberOfEmployees\":{\"@type\":\"QuantitativeValue\",\"minValue\":\"1\",\"maxValue\":\"10\"}}]}<\/script>\n<!-- \/ Yoast SEO Premium plugin. -->","yoast_head_json":{"title":"Noteikumi un nosac\u012bjumi - Doglo","robots":{"index":"index","follow":"follow","max-snippet":"max-snippet:-1","max-image-preview":"max-image-preview:large","max-video-preview":"max-video-preview:-1"},"canonical":"https:\/\/doglo.eu\/lv\/noteikumi-un-nosacijumi\/","og_locale":"lv_LV","og_type":"article","og_title":"Noteikumi un nosac\u012bjumi","og_description":"1.DARB\u012aBAS SF\u0112RA UN NOTEIKUMI 1.1. Noteikumi un nosac\u012bjumi attiecas uz tiesiskaj\u0101m attiec\u012bb\u0101m starp vis\u0101m person\u0101m un doglo.eu iepirk\u0161an\u0101s vides (turpm\u0101k tekst\u0101 Doglo interneta veikals) Traxby O\u00dc \u012bpa\u0161nieku par produkta ieg\u0101di caur Doglo interneta veikalu. 1.2. Papildus \u0161iem noteikumiem un nosac\u012bjumiem, kas rodas, ieg\u0101d\u0101joties produktus caur Doglo interneta veikalu, regul\u0113 Igaunijas Republik\u0101 sp\u0113k\u0101 eso\u0161ie ties\u012bbu akti. [&hellip;]","og_url":"https:\/\/doglo.eu\/lv\/noteikumi-un-nosacijumi\/","og_site_name":"Doglo","article_publisher":"https:\/\/www.facebook.com\/dogloapp","article_modified_time":"2026-04-01T13:18:30+00:00","og_image":[{"width":2560,"height":2048,"url":"https:\/\/doglo.eu\/wp-content\/uploads\/2025\/03\/doglo-39-1-scaled.jpg","type":"image\/jpeg"}],"twitter_card":"summary_large_image","twitter_misc":{"Est. reading time":"8 minutes"},"schema":{"@context":"https:\/\/schema.org","@graph":[{"@type":"WebPage","@id":"https:\/\/doglo.eu\/lv\/noteikumi-un-nosacijumi\/","url":"https:\/\/doglo.eu\/lv\/noteikumi-un-nosacijumi\/","name":"Noteikumi un nosac\u012bjumi - Doglo","isPartOf":{"@id":"https:\/\/doglo.eu\/lv\/#website"},"primaryImageOfPage":{"@id":"https:\/\/doglo.eu\/lv\/noteikumi-un-nosacijumi\/#primaryimage"},"image":{"@id":"https:\/\/doglo.eu\/lv\/noteikumi-un-nosacijumi\/#primaryimage"},"thumbnailUrl":"https:\/\/doglo.eu\/wp-content\/uploads\/2025\/03\/doglo-39-1-scaled.jpg","datePublished":"2025-02-05T17:23:06+00:00","dateModified":"2026-04-01T13:18:30+00:00","breadcrumb":{"@id":"https:\/\/doglo.eu\/lv\/noteikumi-un-nosacijumi\/#breadcrumb"},"inLanguage":"lv-LV","potentialAction":[{"@type":"ReadAction","target":["https:\/\/doglo.eu\/lv\/noteikumi-un-nosacijumi\/"]}]},{"@type":"ImageObject","inLanguage":"lv-LV","@id":"https:\/\/doglo.eu\/lv\/noteikumi-un-nosacijumi\/#primaryimage","url":"https:\/\/doglo.eu\/wp-content\/uploads\/2025\/03\/doglo-39-1-scaled.jpg","contentUrl":"https:\/\/doglo.eu\/wp-content\/uploads\/2025\/03\/doglo-39-1-scaled.jpg","width":2560,"height":2048,"caption":"Doglo tracker on a retriever"},{"@type":"BreadcrumbList","@id":"https:\/\/doglo.eu\/lv\/noteikumi-un-nosacijumi\/#breadcrumb","itemListElement":[{"@type":"ListItem","position":1,"name":"S\u0101kums","item":"https:\/\/doglo.eu\/lv\/"},{"@type":"ListItem","position":2,"name":"Noteikumi un nosac\u012bjumi"}]},{"@type":"WebSite","@id":"https:\/\/doglo.eu\/lv\/#website","url":"https:\/\/doglo.eu\/lv\/","name":"Doglo","description":"Doglo koera j\u00e4lgimisseade","publisher":{"@id":"https:\/\/doglo.eu\/lv\/#organization"},"potentialAction":[{"@type":"SearchAction","target":{"@type":"EntryPoint","urlTemplate":"https:\/\/doglo.eu\/lv\/?s={search_term_string}"},"query-input":{"@type":"PropertyValueSpecification","valueRequired":true,"valueName":"search_term_string"}}],"inLanguage":"lv-LV"},{"@type":"Organization","@id":"https:\/\/doglo.eu\/lv\/#organization","name":"Doglo","url":"https:\/\/doglo.eu\/lv\/","logo":{"@type":"ImageObject","inLanguage":"lv-LV","@id":"https:\/\/doglo.eu\/lv\/#\/schema\/logo\/image\/","url":"https:\/\/doglo.eu\/wp-content\/uploads\/2025\/02\/doglo-black.png","contentUrl":"https:\/\/doglo.eu\/wp-content\/uploads\/2025\/02\/doglo-black.png","width":1176,"height":520,"caption":"Doglo"},"image":{"@id":"https:\/\/doglo.eu\/lv\/#\/schema\/logo\/image\/"},"sameAs":["https:\/\/www.facebook.com\/dogloapp","https:\/\/youtube.com\/channel\/UCEwkHwp3LS_qwk0zg4SwWOA"],"description":"Traxby O\u00dc (formerly Huntloc O\u00dc) is a company owned by Estonian owners, founded in 2013, which develops various real-time tracking platforms via a smartphone and manufactures tracking devices. The company\u2019s product portfolio includes the following solutions: - hunting platform Huntloc for hunters, - dog tracking app Doglo.","email":"info@traxby.com","legalName":"Traxby O\u00dc","foundingDate":"2013-06-14","vatID":"EE101657569","numberOfEmployees":{"@type":"QuantitativeValue","minValue":"1","maxValue":"10"}}]}},"_links":{"self":[{"href":"https:\/\/doglo.eu\/lv\/wp-json\/wp\/v2\/pages\/11854","targetHints":{"allow":["GET"]}}],"collection":[{"href":"https:\/\/doglo.eu\/lv\/wp-json\/wp\/v2\/pages"}],"about":[{"href":"https:\/\/doglo.eu\/lv\/wp-json\/wp\/v2\/types\/page"}],"author":[{"embeddable":true,"href":"https:\/\/doglo.eu\/lv\/wp-json\/wp\/v2\/users\/1"}],"replies":[{"embeddable":true,"href":"https:\/\/doglo.eu\/lv\/wp-json\/wp\/v2\/comments?post=11854"}],"version-history":[{"count":4,"href":"https:\/\/doglo.eu\/lv\/wp-json\/wp\/v2\/pages\/11854\/revisions"}],"predecessor-version":[{"id":14212,"href":"https:\/\/doglo.eu\/lv\/wp-json\/wp\/v2\/pages\/11854\/revisions\/14212"}],"wp:featuredmedia":[{"embeddable":true,"href":"https:\/\/doglo.eu\/lv\/wp-json\/wp\/v2\/media\/12021"}],"wp:attachment":[{"href":"https:\/\/doglo.eu\/lv\/wp-json\/wp\/v2\/media?parent=11854"}],"curies":[{"name":"wp","href":"https:\/\/api.w.org\/{rel}","templated":true}]}}