{"id":11928,"date":"2025-02-05T20:36:00","date_gmt":"2025-02-05T18:36:00","guid":{"rendered":"https:\/\/doglo.vebelo.ee\/jalgimisseade\/"},"modified":"2025-02-19T19:41:47","modified_gmt":"2025-02-19T19:41:47","slug":"izsekosanas-ierice","status":"publish","type":"page","link":"https:\/\/doglo.eu\/lv\/izsekosanas-ierice\/","title":{"rendered":"Izseko\u0161anas ier\u012bce"},"content":{"rendered":"\n<p><strong>Ar su\u0146a GPS izseko\u0161anas ier\u012bci Doglo j\u016bs varat uzraudz\u012bt savu m\u012bluli no jebkuras vietas un jebk\u0101dos laika apst\u0101k\u013cos.<\/strong><\/p>\n\n\n\n<p>Doglo GPS izseko\u0161anas ier\u012bce nor\u0101da prec\u012bzu su\u0146a atra\u0161an\u0101s vietu dab\u0101. Izseko\u0161anas ier\u012bce&nbsp;darbojas,&nbsp;izmantojot&nbsp;mobilo datu (GSM) un GPS savienojumus,&nbsp;l\u012bdz ar to, tai nav att\u0101luma ierobe\u017eojuma \u2013 suni var izsekot no t\u016bksto\u0161iem kilometru&nbsp;liela&nbsp;att\u0101luma. Viss, kas nepiecie\u0161ams, lai uzraudz\u012btu savu m\u0101jdz\u012bvnieku un p\u0101rvald\u012btu izsekot\u0101ju ir viedt\u0101lrunis!<\/p>\n\n\n\n<p>Izseko\u0161anas ier\u012bce ir izgatavota no iztur\u012bga materi\u0101la. T\u0101 ir viegla, \u016bdens un putek\u013cu dro\u0161a. J\u016bsu suns ar to var&nbsp;p\u0101rvietoties jebkur un jebk\u0101dos laika apst\u0101k\u013cos.&nbsp;Ier\u012bcei nav atveru vai pogu, par t\u0101s darb\u012bbu zi\u0146o tr\u012bs sign\u0101llampi\u0146as \u2013 zila, za\u013ca, sarkana.&nbsp;T\u0101s&nbsp;uzl\u0101de&nbsp;notiek uz bezvadu uzl\u0101des palikt\u0146a.&nbsp;GPS izsekot\u0101j\u0101 ir ieb\u016bv\u0113ts mikrofons un ska\u013crunis, kur papildus izseko\u0161anai, j\u016bs varat klaus\u012bties su\u0146a darb\u012bb\u0101s vai dot balss komandu.<\/p>\n\n\n\n<p>Turot izseko\u0161anas ier\u012bci uz su\u0146a kakla siksnas, t\u0101 darbojas ar\u012b k\u0101 aizsargier\u012bce gad\u012bjumos, kad suns aizskrien nezin\u0101m\u0101 virzien\u0101, to var iesl\u0113gt att\u0101lin\u0101ti un atrast pazudu\u0161o m\u0101jdz\u012bvnieku.<\/p>\n\n\n\n<p>Doglo pied\u0101v\u0101jum\u0101 ir izseko\u0161anas ier\u012bces gan mazo, gan lielo \u0161\u0137ir\u0146u su\u0146iem.&nbsp;<strong><a href=\"https:\/\/doglo.eu\/lv\/toode\/hlt-4-0-uzraudzibas-ierice\/\">HLT-4.0<\/a><\/strong>&nbsp;b\u016bs piem\u0113rots lielo \u0161\u0137ir\u0146u su\u0146iem k\u0101 labradors, haskijs, zelta retr\u012bvers u.c. Ier\u012bces darb\u012bbas laiks akt\u012bv\u0101 izseko\u0161anas re\u017e\u012bm\u0101 ir l\u012bdz 36 h (ar sign\u0101la nos\u016bt\u012b\u0161anas interv\u0101lu 10 sekundes), turkl\u0101t gaid\u012b\u0161anas re\u017e\u012bm\u0101, izsekot\u0101js darbojas l\u012bdz 30 dien\u0101m.&nbsp;<strong><a href=\"https:\/\/doglo.eu\/lv\/toode\/hlt-4-5-uzraudzibas-ierice\/\">HLT-4.5<\/a><\/strong>&nbsp;ir paredz\u0113ts mazo \u0161\u0137ir\u0146u su\u0146iem, k\u0101 korgijs, taksis, terjers u.c. Ier\u012bce akt\u012bv\u0101 izseko\u0161anas re\u017e\u012bm\u0101 darbojas 24 h (ar sign\u0101la nos\u016bt\u012b\u0161anas interv\u0101lu 10 sekundes), bet gaid\u012b\u0161anas re\u017e\u012bm\u0101 l\u012bdz tr\u012bs ned\u0113\u013c\u0101m. Izseko\u0161anas ier\u012bcei ir pieejami 2 uzraudz\u012bbas re\u017e\u012bmi, par tiem vair\u0101k var&nbsp;<a href=\"https:\/\/doglo.eu\/lv\/jaunumi\/jauns-izsekosanas-rezims\/\">uzzin\u0101t \u0161eit.&nbsp;<\/a><\/p>\n\n\n\n<p><strong>Su\u0146a izseko\u0161anas ier\u012bce Doglo ir izstr\u0101d\u0101ta Igaunij\u0101.<\/strong><\/p>\n\n\n\n  <section  class=\"block__wrapper block__padded info-boxes block--pattern\" style=\"--p-top: 10rem\">\n    <div class=\"block__inner max--width--medium\">\n      \n  <div class=\"block__head\">\n          <h2>Izseko\u0161anas ier\u012bces darb\u012bbas re\u017e\u012bmi<\/h2>\n    \n      <\/div>\n\n      <div class=\"info-boxes__container\">\n        \n          <div class=\"info-boxes__wrapper\">\n            <div class=\"info-boxes__title\">\n              <h3>Gaid\u012b\u0161anas re\u017e\u012bms<\/h3>\n            <\/div>\n\n            <div class=\"info-boxes__box\">\n              <div class=\"area\">\n<div class=\"inner\">\n<p class=\"short-desc\">Kad ier\u012bce tiek iesl\u0113gta, zil\u0101 gaisma mirgo \u0101tri. Kad ier\u012bce ir iesl\u0113gta gaid\u012b\u0161anas re\u017e\u012bm\u0101, zil\u0101 gaisma mirgo ar liel\u0101ku interv\u0101lu.<\/p>\n<\/div>\n<\/div>\n<ul>\n<li>Novietojot izseko\u0161anas ier\u012bci uz l\u0101d\u0113t\u0101ja, ier\u012bce iesl\u0113dzas un autom\u0101tiski p\u0101rsl\u0113dzas gaid\u012b\u0161anas re\u017e\u012bm\u0101.<\/li>\n<li>Gaid\u012b\u0161anas re\u017e\u012bm\u0101 ier\u012bce reizi stund\u0101 nos\u016bta inform\u0101ciju par akumulatora uzl\u0101des l\u012bmeni un GSM sign\u0101la stiprumu.<\/li>\n<li>Gaid\u012b\u0161anas re\u017e\u012bm\u0101, ier\u012bce ir gatava p\u0101rsl\u0113gties uz izseko\u0161anas re\u017e\u012bmu, sa\u0146emot attiec\u012bgo zvanu.<\/li>\n<li>Ier\u012bce gaid\u012b\u0161anas re\u017e\u012bm\u0101 var darboties l\u012bdz \u00a030 dien\u0101m ar piln\u012bb\u0101 uzl\u0101d\u0113tu akumulatoru (darb\u012bbas laiks var main\u012bties atkar\u012bb\u0101 no gaisa temperat\u016bras un GSM sign\u0101la stipruma).<\/li>\n<\/ul>\n            <\/div>\n          <\/div>\n        \n          <div class=\"info-boxes__wrapper\">\n            <div class=\"info-boxes__title\">\n              <h3>Izseko\u0161anas re\u017e\u012bms<\/h3>\n            <\/div>\n\n            <div class=\"info-boxes__box\">\n              <div class=\"area\">\n<div class=\"inner\">\n<p class=\"short-desc\">Za\u013c\u0101 gaisma mirgo, kad tiek mekl\u0113ta atra\u0161an\u0101s vieta. Za\u013c\u0101 gaisma deg, kad atra\u0161an\u0101s vieta ir atrasta.<\/p>\n<\/div>\n<\/div>\n<ul>\n<li>Ier\u012bcei ir divi izseko\u0161anas re\u017e\u012bmi:\u00a0<a href=\"https:\/\/doglo.eu\/lv\/jaunumi\/jauns-izsekosanas-rezims\/\">\u201cnep\u0101rtraukta izseko\u0161ana\u201d un \u201caktivit\u0101tes izseko\u0161ana\u201d<\/a><\/li>\n<li>Ier\u012bces iesl\u0113g\u0161ana\u00a0<strong>nep\u0101rtraukt\u0101 izseko\u0161anas<\/strong>\u00a0re\u017e\u012bm\u0101 notiek veicot zvanu uz ier\u012bci vai nos\u016btot SMS ar saturu \u201c1\u201d. Izseko\u0161anas ier\u012bce s\u0101k mekl\u0113t satel\u012btus, un, tos atrodot, tiek nor\u0101d\u012bta su\u0146a atra\u0161an\u0101s vieta mobilaj\u0101 aplik\u0101cij\u0101. GPS sign\u0101la atra\u0161anas \u0101trums ir atkar\u012bgs no t\u0101, vai suns ir telp\u0101, automa\u0161\u012bn\u0101, pagalm\u0101 un vi\u0146a kust\u012bbas \u0101truma.<\/li>\n<li>Lai iesl\u0113gtu ier\u012bci\u00a0<strong>aktivit\u0101tes izseko\u0161anas<\/strong>\u00a0re\u017e\u012bm\u0101, j\u0101nos\u016bta SMS ar saturu \u201c2\u201d, un akselerometra sensors nov\u0113ro ier\u012bces kust\u012bbu (vai suns staig\u0101, vai gu\u013c) un, pamatojoties uz to, p\u0101rsl\u0113dz ier\u012bci nov\u0113ro\u0161anas jeb gaid\u012b\u0161anas re\u017e\u012bm\u0101. Kad ier\u012bce s\u0101k kust\u0113ties, t\u0101 iesl\u0113dz GPS un s\u0101k izseko\u0161anu. Ja ier\u012bce nav kust\u012bb\u0101 (suns gu\u013c, ier\u012bce nav uz su\u0146a kakla siksnas), t\u0101 p\u0101rsl\u0113dzas uz gaid\u012b\u0161anas re\u017e\u012bmu un atjauno akumulatora inform\u0101ciju ik p\u0113c stundas.<\/li>\n<li>Veicot zvanu uz izseko\u0161anas ier\u012bci, ier\u012bce atbild uz zvanu un lietot\u0101js var klaus\u012bties su\u0146a aktivit\u0101t\u0113s. Izmantojot ier\u012bc\u0113 eso\u0161o ska\u013cruni, sunim var dot balss komandas.<\/li>\n<li>Nep\u0101rtraukt\u0101 izseko\u0161anas re\u017e\u012bm\u0101 atra\u0161an\u0101s vietas nos\u016bt\u012b\u0161anas interv\u0101ls ir fiks\u0113ts (p\u0113c noklus\u0113juma 10 sekundes). Lietot\u0101js var main\u012bt atra\u0161an\u0101s vietas atjaunin\u0101\u0161anas bie\u017eumu diapazon\u0101 no 1 l\u012bdz 99 sekund\u0113m (nos\u016btot SMS zi\u0146ojumu uz ier\u012bci). Aktivit\u0101tes izseko\u0161anas re\u017e\u012bm\u0101 atra\u0161an\u0101s vietas atjauno\u0161an\u0101s bie\u017eums ir atkar\u012bgs no ier\u012bces vibr\u0101cijas intensit\u0101tes. Ja suns p\u0101rvietojas l\u0113n\u0101m, atra\u0161an\u0101s vietas sign\u0101ls tiek nos\u016bt\u012bts ik p\u0113c 20 sekund\u0113m, pieaugot su\u0146a aktivit\u0101tei, ier\u012bces atra\u0161an\u0101s vietas nos\u016bt\u012b\u0161anas sign\u0101ls paliek \u0101tr\u0101ks. Ja suns skrien, dati tiek nos\u016bt\u012bti ik p\u0113c 3 sekund\u0113m. Izseko\u0161anas ier\u012bces HLT-4.0 darba laiks\u00a0<b>nep\u0101rtraukt\u0101 nov\u0113ro\u0161anas<\/b>\u00a0re\u017e\u012bm\u0101 ir aptuveni 1,5 dienas ar 10 sekun\u017eu interv\u0101lu. Izseko\u0161anas ier\u012bces HLT-4.0 ier\u012bces darb\u012bbas laiks\u00a0<b>aktivit\u0101tes izseko\u0161anas<\/b>\u00a0re\u017e\u012bm\u0101 ir apm\u0113ram 1 ned\u0113\u013ca, atkar\u012bb\u0101 no su\u0146a aktivit\u0101t\u0113m (darb\u012bbas laiku b\u016btiski ietekm\u0113 ar\u012b GSM izplat\u012bbas intensit\u0101te, satel\u012btu redzam\u012bba, gaisa temperat\u016bra).<\/li>\n<li>Lai aktivit\u0101tes re\u017e\u012bmu p\u0101rsl\u0113gtu uz nep\u0101rtraukto izseko\u0161anas re\u017e\u012bmu, uz ier\u012bci j\u0101nos\u016bta SMS ar saturu \u201c0\u201d.<\/li>\n<\/ul>\n            <\/div>\n          <\/div>\n        \n          <div class=\"info-boxes__wrapper\">\n            <div class=\"info-boxes__title\">\n              <h3>Ier\u012bces uzl\u0101de<\/h3>\n            <\/div>\n\n            <div class=\"info-boxes__box\">\n              <div class=\"area\">\n<div class=\"inner\">\n<div class=\"area\">\n<div class=\"inner\">\n<p class=\"short-desc\">Sarkan\u0101 gaisma mirgo, kad notiek uzl\u0101de. Sarkan\u0101 gaisma deg, kad ier\u012bce ir piln\u012bb\u0101 uzl\u0101d\u0113ta.<\/p>\n<\/div>\n<\/div>\n<\/div>\n<\/div>\n<ul>\n<li>Lietojot ier\u012bci pirmo reizi, ir j\u0101uzl\u0101d\u0113 baterija.<\/li>\n<li>Lai uzl\u0101d\u0113tu ier\u012bci, novietojiet to uz bezvadu l\u0101d\u0113t\u0101ja, kur\u0161 ir pievienots elektrot\u012bklam. L\u0101d\u0113t\u0101jam tiek izmantota microUSB ieeja, kura ir sader\u012bga ar\u012b ar automa\u0161\u012bnas l\u0101d\u0113t\u0101ju.<\/li>\n<li>Kad ier\u012bces akumulators ir uzl\u0101d\u0113ts, ier\u012bces sarkan\u0101 gaisma paliks iesl\u0113gta.<\/li>\n<\/ul>\n            <\/div>\n          <\/div>\n              <\/div>\n\n          <\/div>\n  <\/section>\n\n","protected":false},"excerpt":{"rendered":"<p>Ar su\u0146a GPS izseko\u0161anas ier\u012bci Doglo j\u016bs varat uzraudz\u012bt savu m\u012bluli no jebkuras vietas un jebk\u0101dos laika apst\u0101k\u013cos. Doglo GPS izseko\u0161anas ier\u012bce nor\u0101da prec\u012bzu su\u0146a atra\u0161an\u0101s vietu dab\u0101. Izseko\u0161anas ier\u012bce&nbsp;darbojas,&nbsp;izmantojot&nbsp;mobilo datu (GSM) un GPS savienojumus,&nbsp;l\u012bdz ar to, tai nav att\u0101luma ierobe\u017eojuma \u2013 suni var izsekot no t\u016bksto\u0161iem kilometru&nbsp;liela&nbsp;att\u0101luma. Viss, kas nepiecie\u0161ams, lai uzraudz\u012btu savu m\u0101jdz\u012bvnieku [&hellip;]<\/p>\n","protected":false},"author":1,"featured_media":0,"parent":0,"menu_order":0,"comment_status":"closed","ping_status":"closed","template":"","meta":{"_acf_changed":false,"om_disable_all_campaigns":false,"_monsterinsights_skip_tracking":false,"_monsterinsights_sitenote_active":false,"_monsterinsights_sitenote_note":"","_monsterinsights_sitenote_category":0,"_uf_show_specific_survey":0,"_uf_disable_surveys":false,"footnotes":""},"class_list":["post-11928","page","type-page","status-publish","hentry"],"acf":[],"yoast_head":"<!-- This site is optimized with the Yoast SEO Premium plugin v25.3.1 (Yoast SEO v25.3.1) - https:\/\/yoast.com\/wordpress\/plugins\/seo\/ -->\n<title>Izseko\u0161anas ier\u012bce - Doglo<\/title>\n<meta name=\"robots\" content=\"index, follow, max-snippet:-1, max-image-preview:large, max-video-preview:-1\" \/>\n<link rel=\"canonical\" href=\"https:\/\/doglo.eu\/lv\/izsekosanas-ierice\/\" \/>\n<meta property=\"og:locale\" content=\"lv_LV\" \/>\n<meta property=\"og:type\" content=\"article\" \/>\n<meta property=\"og:title\" content=\"Izseko\u0161anas ier\u012bce\" \/>\n<meta property=\"og:description\" content=\"Ar su\u0146a GPS izseko\u0161anas ier\u012bci Doglo j\u016bs varat uzraudz\u012bt savu m\u012bluli no jebkuras vietas un jebk\u0101dos laika apst\u0101k\u013cos. Doglo GPS izseko\u0161anas ier\u012bce nor\u0101da prec\u012bzu su\u0146a atra\u0161an\u0101s vietu dab\u0101. Izseko\u0161anas ier\u012bce&nbsp;darbojas,&nbsp;izmantojot&nbsp;mobilo datu (GSM) un GPS savienojumus,&nbsp;l\u012bdz ar to, tai nav att\u0101luma ierobe\u017eojuma \u2013 suni var izsekot no t\u016bksto\u0161iem kilometru&nbsp;liela&nbsp;att\u0101luma. Viss, kas nepiecie\u0161ams, lai uzraudz\u012btu savu m\u0101jdz\u012bvnieku [&hellip;]\" \/>\n<meta property=\"og:url\" content=\"https:\/\/doglo.eu\/lv\/izsekosanas-ierice\/\" \/>\n<meta property=\"og:site_name\" content=\"Doglo\" \/>\n<meta property=\"article:publisher\" content=\"https:\/\/www.facebook.com\/dogloapp\" \/>\n<meta property=\"article:modified_time\" content=\"2025-02-19T19:41:47+00:00\" \/>\n<meta name=\"twitter:card\" content=\"summary_large_image\" \/>\n<meta name=\"twitter:label1\" content=\"Est. reading time\" \/>\n\t<meta name=\"twitter:data1\" content=\"2 minutes\" \/>\n<script type=\"application\/ld+json\" class=\"yoast-schema-graph\">{\"@context\":\"https:\/\/schema.org\",\"@graph\":[{\"@type\":\"WebPage\",\"@id\":\"https:\/\/doglo.eu\/lv\/izsekosanas-ierice\/\",\"url\":\"https:\/\/doglo.eu\/lv\/izsekosanas-ierice\/\",\"name\":\"Izseko\u0161anas ier\u012bce - Doglo\",\"isPartOf\":{\"@id\":\"https:\/\/doglo.eu\/lv\/#website\"},\"datePublished\":\"2025-02-05T18:36:00+00:00\",\"dateModified\":\"2025-02-19T19:41:47+00:00\",\"breadcrumb\":{\"@id\":\"https:\/\/doglo.eu\/lv\/izsekosanas-ierice\/#breadcrumb\"},\"inLanguage\":\"lv-LV\",\"potentialAction\":[{\"@type\":\"ReadAction\",\"target\":[\"https:\/\/doglo.eu\/lv\/izsekosanas-ierice\/\"]}]},{\"@type\":\"BreadcrumbList\",\"@id\":\"https:\/\/doglo.eu\/lv\/izsekosanas-ierice\/#breadcrumb\",\"itemListElement\":[{\"@type\":\"ListItem\",\"position\":1,\"name\":\"S\u0101kums\",\"item\":\"https:\/\/doglo.eu\/lv\/\"},{\"@type\":\"ListItem\",\"position\":2,\"name\":\"Izseko\u0161anas ier\u012bce\"}]},{\"@type\":\"WebSite\",\"@id\":\"https:\/\/doglo.eu\/lv\/#website\",\"url\":\"https:\/\/doglo.eu\/lv\/\",\"name\":\"Doglo\",\"description\":\"Doglo koera j\u00e4lgimisseade\",\"publisher\":{\"@id\":\"https:\/\/doglo.eu\/lv\/#organization\"},\"potentialAction\":[{\"@type\":\"SearchAction\",\"target\":{\"@type\":\"EntryPoint\",\"urlTemplate\":\"https:\/\/doglo.eu\/lv\/?s={search_term_string}\"},\"query-input\":{\"@type\":\"PropertyValueSpecification\",\"valueRequired\":true,\"valueName\":\"search_term_string\"}}],\"inLanguage\":\"lv-LV\"},{\"@type\":\"Organization\",\"@id\":\"https:\/\/doglo.eu\/lv\/#organization\",\"name\":\"Doglo\",\"url\":\"https:\/\/doglo.eu\/lv\/\",\"logo\":{\"@type\":\"ImageObject\",\"inLanguage\":\"lv-LV\",\"@id\":\"https:\/\/doglo.eu\/lv\/#\/schema\/logo\/image\/\",\"url\":\"https:\/\/doglo.eu\/wp-content\/uploads\/2025\/02\/doglo-black.png\",\"contentUrl\":\"https:\/\/doglo.eu\/wp-content\/uploads\/2025\/02\/doglo-black.png\",\"width\":1176,\"height\":520,\"caption\":\"Doglo\"},\"image\":{\"@id\":\"https:\/\/doglo.eu\/lv\/#\/schema\/logo\/image\/\"},\"sameAs\":[\"https:\/\/www.facebook.com\/dogloapp\",\"https:\/\/youtube.com\/channel\/UCEwkHwp3LS_qwk0zg4SwWOA\"],\"description\":\"Traxby O\u00dc (formerly Huntloc O\u00dc) is a company owned by Estonian owners, founded in 2013, which develops various real-time tracking platforms via a smartphone and manufactures tracking devices. The company\u2019s product portfolio includes the following solutions: - hunting platform Huntloc for hunters, - dog tracking app Doglo.\",\"email\":\"info@traxby.com\",\"legalName\":\"Traxby O\u00dc\",\"foundingDate\":\"2013-06-14\",\"vatID\":\"EE101657569\",\"numberOfEmployees\":{\"@type\":\"QuantitativeValue\",\"minValue\":\"1\",\"maxValue\":\"10\"}}]}<\/script>\n<!-- \/ Yoast SEO Premium plugin. -->","yoast_head_json":{"title":"Izseko\u0161anas ier\u012bce - Doglo","robots":{"index":"index","follow":"follow","max-snippet":"max-snippet:-1","max-image-preview":"max-image-preview:large","max-video-preview":"max-video-preview:-1"},"canonical":"https:\/\/doglo.eu\/lv\/izsekosanas-ierice\/","og_locale":"lv_LV","og_type":"article","og_title":"Izseko\u0161anas ier\u012bce","og_description":"Ar su\u0146a GPS izseko\u0161anas ier\u012bci Doglo j\u016bs varat uzraudz\u012bt savu m\u012bluli no jebkuras vietas un jebk\u0101dos laika apst\u0101k\u013cos. Doglo GPS izseko\u0161anas ier\u012bce nor\u0101da prec\u012bzu su\u0146a atra\u0161an\u0101s vietu dab\u0101. Izseko\u0161anas ier\u012bce&nbsp;darbojas,&nbsp;izmantojot&nbsp;mobilo datu (GSM) un GPS savienojumus,&nbsp;l\u012bdz ar to, tai nav att\u0101luma ierobe\u017eojuma \u2013 suni var izsekot no t\u016bksto\u0161iem kilometru&nbsp;liela&nbsp;att\u0101luma. Viss, kas nepiecie\u0161ams, lai uzraudz\u012btu savu m\u0101jdz\u012bvnieku [&hellip;]","og_url":"https:\/\/doglo.eu\/lv\/izsekosanas-ierice\/","og_site_name":"Doglo","article_publisher":"https:\/\/www.facebook.com\/dogloapp","article_modified_time":"2025-02-19T19:41:47+00:00","twitter_card":"summary_large_image","twitter_misc":{"Est. reading time":"2 minutes"},"schema":{"@context":"https:\/\/schema.org","@graph":[{"@type":"WebPage","@id":"https:\/\/doglo.eu\/lv\/izsekosanas-ierice\/","url":"https:\/\/doglo.eu\/lv\/izsekosanas-ierice\/","name":"Izseko\u0161anas ier\u012bce - Doglo","isPartOf":{"@id":"https:\/\/doglo.eu\/lv\/#website"},"datePublished":"2025-02-05T18:36:00+00:00","dateModified":"2025-02-19T19:41:47+00:00","breadcrumb":{"@id":"https:\/\/doglo.eu\/lv\/izsekosanas-ierice\/#breadcrumb"},"inLanguage":"lv-LV","potentialAction":[{"@type":"ReadAction","target":["https:\/\/doglo.eu\/lv\/izsekosanas-ierice\/"]}]},{"@type":"BreadcrumbList","@id":"https:\/\/doglo.eu\/lv\/izsekosanas-ierice\/#breadcrumb","itemListElement":[{"@type":"ListItem","position":1,"name":"S\u0101kums","item":"https:\/\/doglo.eu\/lv\/"},{"@type":"ListItem","position":2,"name":"Izseko\u0161anas ier\u012bce"}]},{"@type":"WebSite","@id":"https:\/\/doglo.eu\/lv\/#website","url":"https:\/\/doglo.eu\/lv\/","name":"Doglo","description":"Doglo koera j\u00e4lgimisseade","publisher":{"@id":"https:\/\/doglo.eu\/lv\/#organization"},"potentialAction":[{"@type":"SearchAction","target":{"@type":"EntryPoint","urlTemplate":"https:\/\/doglo.eu\/lv\/?s={search_term_string}"},"query-input":{"@type":"PropertyValueSpecification","valueRequired":true,"valueName":"search_term_string"}}],"inLanguage":"lv-LV"},{"@type":"Organization","@id":"https:\/\/doglo.eu\/lv\/#organization","name":"Doglo","url":"https:\/\/doglo.eu\/lv\/","logo":{"@type":"ImageObject","inLanguage":"lv-LV","@id":"https:\/\/doglo.eu\/lv\/#\/schema\/logo\/image\/","url":"https:\/\/doglo.eu\/wp-content\/uploads\/2025\/02\/doglo-black.png","contentUrl":"https:\/\/doglo.eu\/wp-content\/uploads\/2025\/02\/doglo-black.png","width":1176,"height":520,"caption":"Doglo"},"image":{"@id":"https:\/\/doglo.eu\/lv\/#\/schema\/logo\/image\/"},"sameAs":["https:\/\/www.facebook.com\/dogloapp","https:\/\/youtube.com\/channel\/UCEwkHwp3LS_qwk0zg4SwWOA"],"description":"Traxby O\u00dc (formerly Huntloc O\u00dc) is a company owned by Estonian owners, founded in 2013, which develops various real-time tracking platforms via a smartphone and manufactures tracking devices. The company\u2019s product portfolio includes the following solutions: - hunting platform Huntloc for hunters, - dog tracking app Doglo.","email":"info@traxby.com","legalName":"Traxby O\u00dc","foundingDate":"2013-06-14","vatID":"EE101657569","numberOfEmployees":{"@type":"QuantitativeValue","minValue":"1","maxValue":"10"}}]}},"_links":{"self":[{"href":"https:\/\/doglo.eu\/lv\/wp-json\/wp\/v2\/pages\/11928","targetHints":{"allow":["GET"]}}],"collection":[{"href":"https:\/\/doglo.eu\/lv\/wp-json\/wp\/v2\/pages"}],"about":[{"href":"https:\/\/doglo.eu\/lv\/wp-json\/wp\/v2\/types\/page"}],"author":[{"embeddable":true,"href":"https:\/\/doglo.eu\/lv\/wp-json\/wp\/v2\/users\/1"}],"replies":[{"embeddable":true,"href":"https:\/\/doglo.eu\/lv\/wp-json\/wp\/v2\/comments?post=11928"}],"version-history":[{"count":2,"href":"https:\/\/doglo.eu\/lv\/wp-json\/wp\/v2\/pages\/11928\/revisions"}],"predecessor-version":[{"id":11954,"href":"https:\/\/doglo.eu\/lv\/wp-json\/wp\/v2\/pages\/11928\/revisions\/11954"}],"wp:attachment":[{"href":"https:\/\/doglo.eu\/lv\/wp-json\/wp\/v2\/media?parent=11928"}],"curies":[{"name":"wp","href":"https:\/\/api.w.org\/{rel}","templated":true}]}}