{"id":5131,"date":"2025-02-05T19:51:54","date_gmt":"2025-02-05T19:51:54","guid":{"rendered":"https:\/\/doglo.vebelo.ee\/edasimuujad\/"},"modified":"2025-02-18T20:47:47","modified_gmt":"2025-02-18T20:47:47","slug":"talakpardeveji","status":"publish","type":"page","link":"https:\/\/doglo.eu\/lv\/talakpardeveji\/","title":{"rendered":"T\u0101l\u0101kp\u0101rdev\u0113ji"},"content":{"rendered":"\n  <section  class=\"block__wrapper dealerships\" >\n    <div class=\"block__inner max--width--medium\">\n      \n\n      <div class=\"dealerships__grid \">\n                  <div class=\"dealerships__map\">\n            <iframe loading=\"lazy\" src=\"https:\/\/www.google.com\/maps\/d\/embed?mid=1WGtDFGwK-FJz3OSBGmw0-E06YU2AHimB\" width=\"100%\" height=\"500\"><\/iframe>          <\/div>\n        \n                  <div class=\"dealerships__items\">\n            <div class=\"dealerships__accordion accordion__group\">\n                              \n                <div class=\"accordion__item\">\n                  <div class=\"accordion__header\">\n                    <span class=\"accordion__icon accordion__icon--plus-circle\">\n                      <i data-feather=\"plus-circle\"><\/i>\n                    <\/span>\n\n                    GPSPRO                  <\/div>\n                    \n                  <div class=\"accordion__content\" id=\"accordion-14211\">\n                    <div class=\"accordion__content__inner\">\n                      <ul>\n                                                    <li>\n                              <i data-feather=\"map-pin\"><\/i>\n                              Jaunmoku 26, R\u012bga                            <\/li>\n                                                                              <li>\n                              <i data-feather=\"clock\"><\/i>\n                              P. &#8211; Pt. 10.00 &#8211; 19.00; Sest. 10.00 &#8211; 17.00                            <\/li>\n                                                                              <li>\n                              <i data-feather=\"phone\"><\/i>\n                              <a href=\"tel:http:\/\/20%20015%20015%20(WhatsApp)\">20 015 015 (WhatsApp)<\/a>                            <\/li>\n                                                                              <li>\n                              <i data-feather=\"mail\"><\/i>\n                              <a href=\"mailto:http:\/\/askme@gpspro.lv\">askme@gpspro.lv<\/a>                            <\/li>\n                                                                              <li>\n                              <i data-feather=\"globe\"><\/i>\n                              <a href=\"https:\/\/www.gpspro.lv\" target=\"_blank\" rel=\"noopener\">Skat\u012bt vietni<\/a>                            <\/li>\n                                                                        <\/ul>\n                    <\/div>\n                  <\/div>\n                <\/div>\n\n                              \n                <div class=\"accordion__item\">\n                  <div class=\"accordion__header\">\n                    <span class=\"accordion__icon accordion__icon--plus-circle\">\n                      <i data-feather=\"plus-circle\"><\/i>\n                    <\/span>\n\n                    ZooCentrs (Latvij\u0101)                  <\/div>\n                    \n                  <div class=\"accordion__content\" id=\"accordion-12087\">\n                    <div class=\"accordion__content__inner\">\n                      <ul>\n                                                    <li>\n                              <i data-feather=\"map-pin\"><\/i>\n                              Upes pr.13, Ogr\u0113, LV-5001                            <\/li>\n                                                                              <li>\n                              <i data-feather=\"clock\"><\/i>\n                              Veikali atv\u0113rti darba dien\u0101s no plkst. 10:00 &#8211; 20:00                            <\/li>\n                                                                              <li>\n                              <i data-feather=\"phone\"><\/i>\n                              <a href=\"tel:http:\/\/+371%2065045553\">+371 65045553<\/a>                            <\/li>\n                                                                              <li>\n                              <i data-feather=\"mail\"><\/i>\n                              <a href=\"mailto:http:\/\/veikals@zoocentrs.lv\">veikals@zoocentrs.lv<\/a>                            <\/li>\n                                                                              <li>\n                              <i data-feather=\"globe\"><\/i>\n                              <a href=\"https:\/\/www.zoocentrs.lv\/doglo-sunu-izsekosanas-ierice-sunu-monitoringa-kaklasiksna-melna?_ga=2.74963351.421297067.1741165203-1943517276.1741165203\" target=\"_blank\" rel=\"noopener\">Skat\u012bt vietni<\/a>                            <\/li>\n                                                                        <\/ul>\n                    <\/div>\n                  <\/div>\n                <\/div>\n\n                              \n                <div class=\"accordion__item\">\n                  <div class=\"accordion__header\">\n                    <span class=\"accordion__icon accordion__icon--plus-circle\">\n                      <i data-feather=\"plus-circle\"><\/i>\n                    <\/span>\n\n                    Zoostore24.lv                  <\/div>\n                    \n                  <div class=\"accordion__content\" id=\"accordion-11739\">\n                    <div class=\"accordion__content__inner\">\n                      <ul>\n                                                    <li>\n                              <i data-feather=\"map-pin\"><\/i>\n                              Celtnieku 5, \u0136ekava, LV-2123                            <\/li>\n                                                                              <li>\n                              <i data-feather=\"clock\"><\/i>\n                              E-R 8.30-16.45                            <\/li>\n                                                                              <li>\n                              <i data-feather=\"phone\"><\/i>\n                              <a href=\"tel:http:\/\/+371%2026466412\">+371 26466412<\/a>                            <\/li>\n                                                                                                      <li>\n                              <i data-feather=\"globe\"><\/i>\n                              <a href=\"https:\/\/www.zoostore24.lv\/lv-lv\/suniem\/izsekosanas-kaklasiksnas\" target=\"_blank\" rel=\"noopener\">Skat\u012bt vietni<\/a>                            <\/li>\n                                                                        <\/ul>\n                    <\/div>\n                  <\/div>\n                <\/div>\n\n                                        <\/div>\n          <\/div>\n              <\/div>\n\n          <\/div>\n  <\/section>\n\n\n\n\n<p><\/p>\n","protected":false},"excerpt":{"rendered":"","protected":false},"author":1,"featured_media":11908,"parent":0,"menu_order":0,"comment_status":"closed","ping_status":"closed","template":"","meta":{"_acf_changed":false,"om_disable_all_campaigns":false,"_monsterinsights_skip_tracking":false,"_monsterinsights_sitenote_active":false,"_monsterinsights_sitenote_note":"","_monsterinsights_sitenote_category":0,"_uf_show_specific_survey":0,"_uf_disable_surveys":false,"footnotes":""},"class_list":["post-5131","page","type-page","status-publish","has-post-thumbnail","hentry"],"acf":[],"yoast_head":"<!-- This site is optimized with the Yoast SEO Premium plugin v25.3.1 (Yoast SEO v25.3.1) - https:\/\/yoast.com\/wordpress\/plugins\/seo\/ -->\n<title>T\u0101l\u0101kp\u0101rdev\u0113ji - Doglo<\/title>\n<meta name=\"robots\" content=\"index, follow, max-snippet:-1, max-image-preview:large, max-video-preview:-1\" \/>\n<link rel=\"canonical\" href=\"https:\/\/doglo.eu\/lv\/talakpardeveji\/\" \/>\n<meta property=\"og:locale\" content=\"lv_LV\" \/>\n<meta property=\"og:type\" content=\"article\" \/>\n<meta property=\"og:title\" content=\"T\u0101l\u0101kp\u0101rdev\u0113ji\" \/>\n<meta property=\"og:url\" content=\"https:\/\/doglo.eu\/lv\/talakpardeveji\/\" \/>\n<meta property=\"og:site_name\" content=\"Doglo\" \/>\n<meta property=\"article:publisher\" content=\"https:\/\/www.facebook.com\/dogloapp\" \/>\n<meta property=\"article:modified_time\" content=\"2025-02-18T20:47:47+00:00\" \/>\n<meta name=\"twitter:card\" content=\"summary_large_image\" \/>\n<script type=\"application\/ld+json\" class=\"yoast-schema-graph\">{\"@context\":\"https:\/\/schema.org\",\"@graph\":[{\"@type\":\"WebPage\",\"@id\":\"https:\/\/doglo.eu\/lv\/talakpardeveji\/\",\"url\":\"https:\/\/doglo.eu\/lv\/talakpardeveji\/\",\"name\":\"T\u0101l\u0101kp\u0101rdev\u0113ji - Doglo\",\"isPartOf\":{\"@id\":\"https:\/\/doglo.eu\/lv\/#website\"},\"primaryImageOfPage\":{\"@id\":\"https:\/\/doglo.eu\/lv\/talakpardeveji\/#primaryimage\"},\"image\":{\"@id\":\"https:\/\/doglo.eu\/lv\/talakpardeveji\/#primaryimage\"},\"thumbnailUrl\":\"https:\/\/doglo.eu\/wp-content\/uploads\/2025\/02\/screenshot-2021-12-27-at-15.12.34-1-13.png\",\"datePublished\":\"2025-02-05T19:51:54+00:00\",\"dateModified\":\"2025-02-18T20:47:47+00:00\",\"breadcrumb\":{\"@id\":\"https:\/\/doglo.eu\/lv\/talakpardeveji\/#breadcrumb\"},\"inLanguage\":\"lv-LV\",\"potentialAction\":[{\"@type\":\"ReadAction\",\"target\":[\"https:\/\/doglo.eu\/lv\/talakpardeveji\/\"]}]},{\"@type\":\"ImageObject\",\"inLanguage\":\"lv-LV\",\"@id\":\"https:\/\/doglo.eu\/lv\/talakpardeveji\/#primaryimage\",\"url\":\"https:\/\/doglo.eu\/wp-content\/uploads\/2025\/02\/screenshot-2021-12-27-at-15.12.34-1-13.png\",\"contentUrl\":\"https:\/\/doglo.eu\/wp-content\/uploads\/2025\/02\/screenshot-2021-12-27-at-15.12.34-1-13.png\",\"width\":919,\"height\":891,\"caption\":\"Doglo edasim\u00fc\u00fcjad\"},{\"@type\":\"BreadcrumbList\",\"@id\":\"https:\/\/doglo.eu\/lv\/talakpardeveji\/#breadcrumb\",\"itemListElement\":[{\"@type\":\"ListItem\",\"position\":1,\"name\":\"S\u0101kums\",\"item\":\"https:\/\/doglo.eu\/lv\/\"},{\"@type\":\"ListItem\",\"position\":2,\"name\":\"T\u0101l\u0101kp\u0101rdev\u0113ji\"}]},{\"@type\":\"WebSite\",\"@id\":\"https:\/\/doglo.eu\/lv\/#website\",\"url\":\"https:\/\/doglo.eu\/lv\/\",\"name\":\"Doglo\",\"description\":\"Doglo koera j\u00e4lgimisseade\",\"publisher\":{\"@id\":\"https:\/\/doglo.eu\/lv\/#organization\"},\"potentialAction\":[{\"@type\":\"SearchAction\",\"target\":{\"@type\":\"EntryPoint\",\"urlTemplate\":\"https:\/\/doglo.eu\/lv\/?s={search_term_string}\"},\"query-input\":{\"@type\":\"PropertyValueSpecification\",\"valueRequired\":true,\"valueName\":\"search_term_string\"}}],\"inLanguage\":\"lv-LV\"},{\"@type\":\"Organization\",\"@id\":\"https:\/\/doglo.eu\/lv\/#organization\",\"name\":\"Doglo\",\"url\":\"https:\/\/doglo.eu\/lv\/\",\"logo\":{\"@type\":\"ImageObject\",\"inLanguage\":\"lv-LV\",\"@id\":\"https:\/\/doglo.eu\/lv\/#\/schema\/logo\/image\/\",\"url\":\"https:\/\/doglo.eu\/wp-content\/uploads\/2025\/02\/doglo-black.png\",\"contentUrl\":\"https:\/\/doglo.eu\/wp-content\/uploads\/2025\/02\/doglo-black.png\",\"width\":1176,\"height\":520,\"caption\":\"Doglo\"},\"image\":{\"@id\":\"https:\/\/doglo.eu\/lv\/#\/schema\/logo\/image\/\"},\"sameAs\":[\"https:\/\/www.facebook.com\/dogloapp\",\"https:\/\/youtube.com\/channel\/UCEwkHwp3LS_qwk0zg4SwWOA\"],\"description\":\"Traxby O\u00dc (formerly Huntloc O\u00dc) is a company owned by Estonian owners, founded in 2013, which develops various real-time tracking platforms via a smartphone and manufactures tracking devices. The company\u2019s product portfolio includes the following solutions: - hunting platform Huntloc for hunters, - dog tracking app Doglo.\",\"email\":\"info@traxby.com\",\"legalName\":\"Traxby O\u00dc\",\"foundingDate\":\"2013-06-14\",\"vatID\":\"EE101657569\",\"numberOfEmployees\":{\"@type\":\"QuantitativeValue\",\"minValue\":\"1\",\"maxValue\":\"10\"}}]}<\/script>\n<!-- \/ Yoast SEO Premium plugin. -->","yoast_head_json":{"title":"T\u0101l\u0101kp\u0101rdev\u0113ji - Doglo","robots":{"index":"index","follow":"follow","max-snippet":"max-snippet:-1","max-image-preview":"max-image-preview:large","max-video-preview":"max-video-preview:-1"},"canonical":"https:\/\/doglo.eu\/lv\/talakpardeveji\/","og_locale":"lv_LV","og_type":"article","og_title":"T\u0101l\u0101kp\u0101rdev\u0113ji","og_url":"https:\/\/doglo.eu\/lv\/talakpardeveji\/","og_site_name":"Doglo","article_publisher":"https:\/\/www.facebook.com\/dogloapp","article_modified_time":"2025-02-18T20:47:47+00:00","twitter_card":"summary_large_image","schema":{"@context":"https:\/\/schema.org","@graph":[{"@type":"WebPage","@id":"https:\/\/doglo.eu\/lv\/talakpardeveji\/","url":"https:\/\/doglo.eu\/lv\/talakpardeveji\/","name":"T\u0101l\u0101kp\u0101rdev\u0113ji - Doglo","isPartOf":{"@id":"https:\/\/doglo.eu\/lv\/#website"},"primaryImageOfPage":{"@id":"https:\/\/doglo.eu\/lv\/talakpardeveji\/#primaryimage"},"image":{"@id":"https:\/\/doglo.eu\/lv\/talakpardeveji\/#primaryimage"},"thumbnailUrl":"https:\/\/doglo.eu\/wp-content\/uploads\/2025\/02\/screenshot-2021-12-27-at-15.12.34-1-13.png","datePublished":"2025-02-05T19:51:54+00:00","dateModified":"2025-02-18T20:47:47+00:00","breadcrumb":{"@id":"https:\/\/doglo.eu\/lv\/talakpardeveji\/#breadcrumb"},"inLanguage":"lv-LV","potentialAction":[{"@type":"ReadAction","target":["https:\/\/doglo.eu\/lv\/talakpardeveji\/"]}]},{"@type":"ImageObject","inLanguage":"lv-LV","@id":"https:\/\/doglo.eu\/lv\/talakpardeveji\/#primaryimage","url":"https:\/\/doglo.eu\/wp-content\/uploads\/2025\/02\/screenshot-2021-12-27-at-15.12.34-1-13.png","contentUrl":"https:\/\/doglo.eu\/wp-content\/uploads\/2025\/02\/screenshot-2021-12-27-at-15.12.34-1-13.png","width":919,"height":891,"caption":"Doglo edasim\u00fc\u00fcjad"},{"@type":"BreadcrumbList","@id":"https:\/\/doglo.eu\/lv\/talakpardeveji\/#breadcrumb","itemListElement":[{"@type":"ListItem","position":1,"name":"S\u0101kums","item":"https:\/\/doglo.eu\/lv\/"},{"@type":"ListItem","position":2,"name":"T\u0101l\u0101kp\u0101rdev\u0113ji"}]},{"@type":"WebSite","@id":"https:\/\/doglo.eu\/lv\/#website","url":"https:\/\/doglo.eu\/lv\/","name":"Doglo","description":"Doglo koera j\u00e4lgimisseade","publisher":{"@id":"https:\/\/doglo.eu\/lv\/#organization"},"potentialAction":[{"@type":"SearchAction","target":{"@type":"EntryPoint","urlTemplate":"https:\/\/doglo.eu\/lv\/?s={search_term_string}"},"query-input":{"@type":"PropertyValueSpecification","valueRequired":true,"valueName":"search_term_string"}}],"inLanguage":"lv-LV"},{"@type":"Organization","@id":"https:\/\/doglo.eu\/lv\/#organization","name":"Doglo","url":"https:\/\/doglo.eu\/lv\/","logo":{"@type":"ImageObject","inLanguage":"lv-LV","@id":"https:\/\/doglo.eu\/lv\/#\/schema\/logo\/image\/","url":"https:\/\/doglo.eu\/wp-content\/uploads\/2025\/02\/doglo-black.png","contentUrl":"https:\/\/doglo.eu\/wp-content\/uploads\/2025\/02\/doglo-black.png","width":1176,"height":520,"caption":"Doglo"},"image":{"@id":"https:\/\/doglo.eu\/lv\/#\/schema\/logo\/image\/"},"sameAs":["https:\/\/www.facebook.com\/dogloapp","https:\/\/youtube.com\/channel\/UCEwkHwp3LS_qwk0zg4SwWOA"],"description":"Traxby O\u00dc (formerly Huntloc O\u00dc) is a company owned by Estonian owners, founded in 2013, which develops various real-time tracking platforms via a smartphone and manufactures tracking devices. The company\u2019s product portfolio includes the following solutions: - hunting platform Huntloc for hunters, - dog tracking app Doglo.","email":"info@traxby.com","legalName":"Traxby O\u00dc","foundingDate":"2013-06-14","vatID":"EE101657569","numberOfEmployees":{"@type":"QuantitativeValue","minValue":"1","maxValue":"10"}}]}},"_links":{"self":[{"href":"https:\/\/doglo.eu\/lv\/wp-json\/wp\/v2\/pages\/5131","targetHints":{"allow":["GET"]}}],"collection":[{"href":"https:\/\/doglo.eu\/lv\/wp-json\/wp\/v2\/pages"}],"about":[{"href":"https:\/\/doglo.eu\/lv\/wp-json\/wp\/v2\/types\/page"}],"author":[{"embeddable":true,"href":"https:\/\/doglo.eu\/lv\/wp-json\/wp\/v2\/users\/1"}],"replies":[{"embeddable":true,"href":"https:\/\/doglo.eu\/lv\/wp-json\/wp\/v2\/comments?post=5131"}],"version-history":[{"count":1,"href":"https:\/\/doglo.eu\/lv\/wp-json\/wp\/v2\/pages\/5131\/revisions"}],"predecessor-version":[{"id":5136,"href":"https:\/\/doglo.eu\/lv\/wp-json\/wp\/v2\/pages\/5131\/revisions\/5136"}],"wp:featuredmedia":[{"embeddable":true,"href":"https:\/\/doglo.eu\/lv\/wp-json\/wp\/v2\/media\/11908"}],"wp:attachment":[{"href":"https:\/\/doglo.eu\/lv\/wp-json\/wp\/v2\/media?parent=5131"}],"curies":[{"name":"wp","href":"https:\/\/api.w.org\/{rel}","templated":true}]}}