{"id":5145,"date":"2025-02-05T19:51:41","date_gmt":"2025-02-05T19:51:41","guid":{"rendered":"https:\/\/doglo.vebelo.ee\/kontakt\/"},"modified":"2025-02-18T21:26:49","modified_gmt":"2025-02-18T21:26:49","slug":"sazinaties","status":"publish","type":"page","link":"https:\/\/doglo.eu\/lv\/sazinaties\/","title":{"rendered":"Sazin\u0101ties"},"content":{"rendered":"\n<p>Izseko\u0161anas ier\u012bces un programmat\u016bras izstr\u0101d\u0101t\u0101js ir&nbsp;<strong><a href=\"https:\/\/www.traxby.com\/index.php\/lv\/par-mums\/\" data-type=\"link\" data-id=\"https:\/\/www.traxby.com\/index.php\/lv\/par-mums\/\" target=\"_blank\" rel=\"noreferrer noopener nofollow\">Traxby O\u00dc<\/a>.<\/strong><\/p>\n\n\n\n<p>Traxby O\u00dc ir priv\u0101ts Igaunijas uz\u0146\u0113mums, kas dibin\u0101ts 2013. gad\u0101, kur\u0161 izstr\u0101d\u0101&nbsp;<strong>Huntloc<\/strong>&nbsp;programmat\u016bru medniekiem, komandas vad\u012bbas programmat\u016bru&nbsp;<strong>LiveTeam<\/strong>&nbsp;un m\u0101jdz\u012bvnieku programmat\u016bru Doglo. M\u016bsu platform\u0101m ir aptuveni 10 000 lietot\u0101ju no&nbsp; vair\u0101k nek\u0101 120 valst\u012bm vis\u0101 pasaul\u0113. Visliel\u0101kais piepras\u012bjums p\u0113c pied\u0101v\u0101tajiem produktiem ir Igaunij\u0101, Latvij\u0101, Lietuv\u0101 un Krievij\u0101. 2015. gad\u0101 Huntloc risin\u0101jums ieguva otro vietu Igaunijas biznesa konkurs\u0101 \u201cBrain Hunt\u201d.<\/p>\n\n\n\n<p>Kop\u0161 2014. gada uz\u0146\u0113mums ir izstr\u0101d\u0101jis un izgatavojis pats savu izseko\u0161anas ier\u012bci. \u0160aj\u0101 laik\u0101 produkts tika r\u016bp\u012bgi izstr\u0101d\u0101ts, un pa\u0161reiz tas jau ir &nbsp;7 da\u017e\u0101das ier\u012bces versijas (HLT-1, HLT-2.0, HLT-2.5, HLT-2.6, HLT-2.7, HLT-3 un HLT-4.0).<\/p>\n\n\n\n  <section  class=\"block__wrapper block__padded contact block--pattern\" style=\"--p-top: 5rem\">\n    <div class=\"block__inner max--width--medium\">\n              <div class=\"contact__title\">\n          <h3>Sazinieties ar mums<\/h3>\n        <\/div>\n      \n      <div class=\"contact__grid\">\n                  <div class=\"contact__image\">\n            <img loading=\"lazy\" decoding=\"async\" width=\"2560\" height=\"1709\" src=\"https:\/\/doglo.eu\/wp-content\/uploads\/2025\/02\/dsc7575-1-scaled-1.jpg\" class=\"contact__image\" alt=\"\" srcset=\"https:\/\/doglo.eu\/wp-content\/uploads\/2025\/02\/dsc7575-1-scaled-1.jpg 2560w, https:\/\/doglo.eu\/wp-content\/uploads\/2025\/02\/dsc7575-1-scaled-1-536x358.jpg 536w\" sizes=\"auto, (max-width: 2560px) 100vw, 2560px\" \/>          <\/div>\n                \n        <div class=\"contact__box\">\n          <div class=\"contact__form\">\n            <p class=\"wpcf7-contact-form-not-found\"><strong>Error:<\/strong> Contact form not found.<\/p>          <\/div>\n        <\/div>\n      <\/div>\n    <\/div>\n  <\/section>\n\n","protected":false},"excerpt":{"rendered":"<p>Izseko\u0161anas ier\u012bces un programmat\u016bras izstr\u0101d\u0101t\u0101js ir&nbsp;Traxby O\u00dc. Traxby O\u00dc ir priv\u0101ts Igaunijas uz\u0146\u0113mums, kas dibin\u0101ts 2013. gad\u0101, kur\u0161 izstr\u0101d\u0101&nbsp;Huntloc&nbsp;programmat\u016bru medniekiem, komandas vad\u012bbas programmat\u016bru&nbsp;LiveTeam&nbsp;un m\u0101jdz\u012bvnieku programmat\u016bru Doglo. M\u016bsu platform\u0101m ir aptuveni 10 000 lietot\u0101ju no&nbsp; vair\u0101k nek\u0101 120 valst\u012bm vis\u0101 pasaul\u0113. Visliel\u0101kais piepras\u012bjums p\u0113c pied\u0101v\u0101tajiem produktiem ir Igaunij\u0101, Latvij\u0101, Lietuv\u0101 un Krievij\u0101. 2015. gad\u0101 Huntloc risin\u0101jums [&hellip;]<\/p>\n","protected":false},"author":1,"featured_media":10937,"parent":0,"menu_order":0,"comment_status":"closed","ping_status":"closed","template":"","meta":{"_acf_changed":false,"om_disable_all_campaigns":false,"_monsterinsights_skip_tracking":false,"_monsterinsights_sitenote_active":false,"_monsterinsights_sitenote_note":"","_monsterinsights_sitenote_category":0,"_uf_show_specific_survey":0,"_uf_disable_surveys":false,"footnotes":""},"class_list":["post-5145","page","type-page","status-publish","has-post-thumbnail","hentry"],"acf":[],"yoast_head":"<!-- This site is optimized with the Yoast SEO Premium plugin v25.3.1 (Yoast SEO v25.3.1) - https:\/\/yoast.com\/wordpress\/plugins\/seo\/ -->\n<title>Sazin\u0101ties - Doglo<\/title>\n<meta name=\"robots\" content=\"index, follow, max-snippet:-1, max-image-preview:large, max-video-preview:-1\" \/>\n<link rel=\"canonical\" href=\"https:\/\/doglo.eu\/lv\/sazinaties\/\" \/>\n<meta property=\"og:locale\" content=\"lv_LV\" \/>\n<meta property=\"og:type\" content=\"article\" \/>\n<meta property=\"og:title\" content=\"Sazin\u0101ties\" \/>\n<meta property=\"og:description\" content=\"Izseko\u0161anas ier\u012bces un programmat\u016bras izstr\u0101d\u0101t\u0101js ir&nbsp;Traxby O\u00dc. Traxby O\u00dc ir priv\u0101ts Igaunijas uz\u0146\u0113mums, kas dibin\u0101ts 2013. gad\u0101, kur\u0161 izstr\u0101d\u0101&nbsp;Huntloc&nbsp;programmat\u016bru medniekiem, komandas vad\u012bbas programmat\u016bru&nbsp;LiveTeam&nbsp;un m\u0101jdz\u012bvnieku programmat\u016bru Doglo. M\u016bsu platform\u0101m ir aptuveni 10 000 lietot\u0101ju no&nbsp; vair\u0101k nek\u0101 120 valst\u012bm vis\u0101 pasaul\u0113. Visliel\u0101kais piepras\u012bjums p\u0113c pied\u0101v\u0101tajiem produktiem ir Igaunij\u0101, Latvij\u0101, Lietuv\u0101 un Krievij\u0101. 2015. gad\u0101 Huntloc risin\u0101jums [&hellip;]\" \/>\n<meta property=\"og:url\" content=\"https:\/\/doglo.eu\/lv\/sazinaties\/\" \/>\n<meta property=\"og:site_name\" content=\"Doglo\" \/>\n<meta property=\"article:publisher\" content=\"https:\/\/www.facebook.com\/dogloapp\" \/>\n<meta property=\"article:modified_time\" content=\"2025-02-18T21:26:49+00:00\" \/>\n<meta name=\"twitter:card\" content=\"summary_large_image\" \/>\n<meta name=\"twitter:label1\" content=\"Est. reading time\" \/>\n\t<meta name=\"twitter:data1\" content=\"1 minute\" \/>\n<script type=\"application\/ld+json\" class=\"yoast-schema-graph\">{\"@context\":\"https:\/\/schema.org\",\"@graph\":[{\"@type\":\"WebPage\",\"@id\":\"https:\/\/doglo.eu\/lv\/sazinaties\/\",\"url\":\"https:\/\/doglo.eu\/lv\/sazinaties\/\",\"name\":\"Sazin\u0101ties - Doglo\",\"isPartOf\":{\"@id\":\"https:\/\/doglo.eu\/lv\/#website\"},\"primaryImageOfPage\":{\"@id\":\"https:\/\/doglo.eu\/lv\/sazinaties\/#primaryimage\"},\"image\":{\"@id\":\"https:\/\/doglo.eu\/lv\/sazinaties\/#primaryimage\"},\"thumbnailUrl\":\"https:\/\/doglo.eu\/wp-content\/uploads\/2025\/02\/img_4185-1-300x200-1-5.jpg\",\"datePublished\":\"2025-02-05T19:51:41+00:00\",\"dateModified\":\"2025-02-18T21:26:49+00:00\",\"breadcrumb\":{\"@id\":\"https:\/\/doglo.eu\/lv\/sazinaties\/#breadcrumb\"},\"inLanguage\":\"lv-LV\",\"potentialAction\":[{\"@type\":\"ReadAction\",\"target\":[\"https:\/\/doglo.eu\/lv\/sazinaties\/\"]}]},{\"@type\":\"ImageObject\",\"inLanguage\":\"lv-LV\",\"@id\":\"https:\/\/doglo.eu\/lv\/sazinaties\/#primaryimage\",\"url\":\"https:\/\/doglo.eu\/wp-content\/uploads\/2025\/02\/img_4185-1-300x200-1-5.jpg\",\"contentUrl\":\"https:\/\/doglo.eu\/wp-content\/uploads\/2025\/02\/img_4185-1-300x200-1-5.jpg\",\"width\":300,\"height\":200,\"caption\":\"Doglo kontakt\"},{\"@type\":\"BreadcrumbList\",\"@id\":\"https:\/\/doglo.eu\/lv\/sazinaties\/#breadcrumb\",\"itemListElement\":[{\"@type\":\"ListItem\",\"position\":1,\"name\":\"S\u0101kums\",\"item\":\"https:\/\/doglo.eu\/lv\/\"},{\"@type\":\"ListItem\",\"position\":2,\"name\":\"Sazin\u0101ties\"}]},{\"@type\":\"WebSite\",\"@id\":\"https:\/\/doglo.eu\/lv\/#website\",\"url\":\"https:\/\/doglo.eu\/lv\/\",\"name\":\"Doglo\",\"description\":\"Doglo koera j\u00e4lgimisseade\",\"publisher\":{\"@id\":\"https:\/\/doglo.eu\/lv\/#organization\"},\"potentialAction\":[{\"@type\":\"SearchAction\",\"target\":{\"@type\":\"EntryPoint\",\"urlTemplate\":\"https:\/\/doglo.eu\/lv\/?s={search_term_string}\"},\"query-input\":{\"@type\":\"PropertyValueSpecification\",\"valueRequired\":true,\"valueName\":\"search_term_string\"}}],\"inLanguage\":\"lv-LV\"},{\"@type\":\"Organization\",\"@id\":\"https:\/\/doglo.eu\/lv\/#organization\",\"name\":\"Doglo\",\"url\":\"https:\/\/doglo.eu\/lv\/\",\"logo\":{\"@type\":\"ImageObject\",\"inLanguage\":\"lv-LV\",\"@id\":\"https:\/\/doglo.eu\/lv\/#\/schema\/logo\/image\/\",\"url\":\"https:\/\/doglo.eu\/wp-content\/uploads\/2025\/02\/doglo-black.png\",\"contentUrl\":\"https:\/\/doglo.eu\/wp-content\/uploads\/2025\/02\/doglo-black.png\",\"width\":1176,\"height\":520,\"caption\":\"Doglo\"},\"image\":{\"@id\":\"https:\/\/doglo.eu\/lv\/#\/schema\/logo\/image\/\"},\"sameAs\":[\"https:\/\/www.facebook.com\/dogloapp\",\"https:\/\/youtube.com\/channel\/UCEwkHwp3LS_qwk0zg4SwWOA\"],\"description\":\"Traxby O\u00dc (formerly Huntloc O\u00dc) is a company owned by Estonian owners, founded in 2013, which develops various real-time tracking platforms via a smartphone and manufactures tracking devices. The company\u2019s product portfolio includes the following solutions: - hunting platform Huntloc for hunters, - dog tracking app Doglo.\",\"email\":\"info@traxby.com\",\"legalName\":\"Traxby O\u00dc\",\"foundingDate\":\"2013-06-14\",\"vatID\":\"EE101657569\",\"numberOfEmployees\":{\"@type\":\"QuantitativeValue\",\"minValue\":\"1\",\"maxValue\":\"10\"}}]}<\/script>\n<!-- \/ Yoast SEO Premium plugin. -->","yoast_head_json":{"title":"Sazin\u0101ties - Doglo","robots":{"index":"index","follow":"follow","max-snippet":"max-snippet:-1","max-image-preview":"max-image-preview:large","max-video-preview":"max-video-preview:-1"},"canonical":"https:\/\/doglo.eu\/lv\/sazinaties\/","og_locale":"lv_LV","og_type":"article","og_title":"Sazin\u0101ties","og_description":"Izseko\u0161anas ier\u012bces un programmat\u016bras izstr\u0101d\u0101t\u0101js ir&nbsp;Traxby O\u00dc. Traxby O\u00dc ir priv\u0101ts Igaunijas uz\u0146\u0113mums, kas dibin\u0101ts 2013. gad\u0101, kur\u0161 izstr\u0101d\u0101&nbsp;Huntloc&nbsp;programmat\u016bru medniekiem, komandas vad\u012bbas programmat\u016bru&nbsp;LiveTeam&nbsp;un m\u0101jdz\u012bvnieku programmat\u016bru Doglo. M\u016bsu platform\u0101m ir aptuveni 10 000 lietot\u0101ju no&nbsp; vair\u0101k nek\u0101 120 valst\u012bm vis\u0101 pasaul\u0113. Visliel\u0101kais piepras\u012bjums p\u0113c pied\u0101v\u0101tajiem produktiem ir Igaunij\u0101, Latvij\u0101, Lietuv\u0101 un Krievij\u0101. 2015. gad\u0101 Huntloc risin\u0101jums [&hellip;]","og_url":"https:\/\/doglo.eu\/lv\/sazinaties\/","og_site_name":"Doglo","article_publisher":"https:\/\/www.facebook.com\/dogloapp","article_modified_time":"2025-02-18T21:26:49+00:00","twitter_card":"summary_large_image","twitter_misc":{"Est. reading time":"1 minute"},"schema":{"@context":"https:\/\/schema.org","@graph":[{"@type":"WebPage","@id":"https:\/\/doglo.eu\/lv\/sazinaties\/","url":"https:\/\/doglo.eu\/lv\/sazinaties\/","name":"Sazin\u0101ties - Doglo","isPartOf":{"@id":"https:\/\/doglo.eu\/lv\/#website"},"primaryImageOfPage":{"@id":"https:\/\/doglo.eu\/lv\/sazinaties\/#primaryimage"},"image":{"@id":"https:\/\/doglo.eu\/lv\/sazinaties\/#primaryimage"},"thumbnailUrl":"https:\/\/doglo.eu\/wp-content\/uploads\/2025\/02\/img_4185-1-300x200-1-5.jpg","datePublished":"2025-02-05T19:51:41+00:00","dateModified":"2025-02-18T21:26:49+00:00","breadcrumb":{"@id":"https:\/\/doglo.eu\/lv\/sazinaties\/#breadcrumb"},"inLanguage":"lv-LV","potentialAction":[{"@type":"ReadAction","target":["https:\/\/doglo.eu\/lv\/sazinaties\/"]}]},{"@type":"ImageObject","inLanguage":"lv-LV","@id":"https:\/\/doglo.eu\/lv\/sazinaties\/#primaryimage","url":"https:\/\/doglo.eu\/wp-content\/uploads\/2025\/02\/img_4185-1-300x200-1-5.jpg","contentUrl":"https:\/\/doglo.eu\/wp-content\/uploads\/2025\/02\/img_4185-1-300x200-1-5.jpg","width":300,"height":200,"caption":"Doglo kontakt"},{"@type":"BreadcrumbList","@id":"https:\/\/doglo.eu\/lv\/sazinaties\/#breadcrumb","itemListElement":[{"@type":"ListItem","position":1,"name":"S\u0101kums","item":"https:\/\/doglo.eu\/lv\/"},{"@type":"ListItem","position":2,"name":"Sazin\u0101ties"}]},{"@type":"WebSite","@id":"https:\/\/doglo.eu\/lv\/#website","url":"https:\/\/doglo.eu\/lv\/","name":"Doglo","description":"Doglo koera j\u00e4lgimisseade","publisher":{"@id":"https:\/\/doglo.eu\/lv\/#organization"},"potentialAction":[{"@type":"SearchAction","target":{"@type":"EntryPoint","urlTemplate":"https:\/\/doglo.eu\/lv\/?s={search_term_string}"},"query-input":{"@type":"PropertyValueSpecification","valueRequired":true,"valueName":"search_term_string"}}],"inLanguage":"lv-LV"},{"@type":"Organization","@id":"https:\/\/doglo.eu\/lv\/#organization","name":"Doglo","url":"https:\/\/doglo.eu\/lv\/","logo":{"@type":"ImageObject","inLanguage":"lv-LV","@id":"https:\/\/doglo.eu\/lv\/#\/schema\/logo\/image\/","url":"https:\/\/doglo.eu\/wp-content\/uploads\/2025\/02\/doglo-black.png","contentUrl":"https:\/\/doglo.eu\/wp-content\/uploads\/2025\/02\/doglo-black.png","width":1176,"height":520,"caption":"Doglo"},"image":{"@id":"https:\/\/doglo.eu\/lv\/#\/schema\/logo\/image\/"},"sameAs":["https:\/\/www.facebook.com\/dogloapp","https:\/\/youtube.com\/channel\/UCEwkHwp3LS_qwk0zg4SwWOA"],"description":"Traxby O\u00dc (formerly Huntloc O\u00dc) is a company owned by Estonian owners, founded in 2013, which develops various real-time tracking platforms via a smartphone and manufactures tracking devices. The company\u2019s product portfolio includes the following solutions: - hunting platform Huntloc for hunters, - dog tracking app Doglo.","email":"info@traxby.com","legalName":"Traxby O\u00dc","foundingDate":"2013-06-14","vatID":"EE101657569","numberOfEmployees":{"@type":"QuantitativeValue","minValue":"1","maxValue":"10"}}]}},"_links":{"self":[{"href":"https:\/\/doglo.eu\/lv\/wp-json\/wp\/v2\/pages\/5145","targetHints":{"allow":["GET"]}}],"collection":[{"href":"https:\/\/doglo.eu\/lv\/wp-json\/wp\/v2\/pages"}],"about":[{"href":"https:\/\/doglo.eu\/lv\/wp-json\/wp\/v2\/types\/page"}],"author":[{"embeddable":true,"href":"https:\/\/doglo.eu\/lv\/wp-json\/wp\/v2\/users\/1"}],"replies":[{"embeddable":true,"href":"https:\/\/doglo.eu\/lv\/wp-json\/wp\/v2\/comments?post=5145"}],"version-history":[{"count":5,"href":"https:\/\/doglo.eu\/lv\/wp-json\/wp\/v2\/pages\/5145\/revisions"}],"predecessor-version":[{"id":5167,"href":"https:\/\/doglo.eu\/lv\/wp-json\/wp\/v2\/pages\/5145\/revisions\/5167"}],"wp:featuredmedia":[{"embeddable":true,"href":"https:\/\/doglo.eu\/lv\/wp-json\/wp\/v2\/media\/10937"}],"wp:attachment":[{"href":"https:\/\/doglo.eu\/lv\/wp-json\/wp\/v2\/media?parent=5145"}],"curies":[{"name":"wp","href":"https:\/\/api.w.org\/{rel}","templated":true}]}}