{"id":11687,"date":"2025-02-19T01:33:12","date_gmt":"2025-02-18T23:33:12","guid":{"rendered":"https:\/\/doglo.vebelo.ee\/product\/jalgimisseadme-rent-1-kuu\/"},"modified":"2025-02-19T14:57:35","modified_gmt":"2025-02-19T14:57:35","slug":"jalgimisseadme-rent-1-kuu","status":"publish","type":"product","link":"https:\/\/doglo.eu\/lv\/produkts\/jalgimisseadme-rent-1-kuu\/","title":{"rendered":"Su\u0146a izsekot\u0101ja noma uz 1 m\u0113nesi"},"content":{"rendered":"<p>Izseko\u0161anas ier\u012bcei ir neierobe\u017eots darb\u012bbas att\u0101lums &#8211; varat to iesl\u0113gt un izsekot suni t\u016bksto\u0161iem kilometru att\u0101lum\u0101! Izseko\u0161anas ier\u012bce darbojas 36 stundas akt\u012bv\u0101 izseko\u0161anas re\u017e\u012bm\u0101 un l\u012bdz pat 1 m\u0113nesim gaid\u012b\u0161anas re\u017e\u012bm\u0101. Doglo ir \u016bdens un putek\u013cu iztur\u012bgs. Lietotn\u0113 varat saglab\u0101t inform\u0101ciju par savu suni un kop\u012bgi p\u0101rvald\u012bt izseko\u0161anas ier\u012bci ar l\u012bdz pat 4 citiem \u0123imenes locek\u013ciem. Ar Doglo j\u016bs vienm\u0113r zin\u0101siet, kur atrodas j\u016bsu m\u012blulis.<\/p>\n<ul>\n<li>Minim\u0101lais nomas dienu skaits ir 30.<\/li>\n<li>Komplekt\u0101 ietilpst izseko\u0161anas ier\u012bce, su\u0146a apkakle un l\u0101d\u0113t\u0101js.<\/li>\n<li>Lai p\u0101rvald\u012btu izseko\u0161anas ier\u012bci, lejupiel\u0101d\u0113jiet bezmaksas Doglo lietotni no Google Play vai AppStore.<\/li>\n<li>Ier\u012bce tiks nos\u016bt\u012bta uz tuv\u0101ko pakom\u0101tu vienas dienas laik\u0101 p\u0113c maks\u0101juma sa\u0146em\u0161anas. Nos\u016bt\u012b\u0161ana notiek 3-4 darba dienu laik\u0101.<\/li>\n<li>Piez\u012bm\u0113s nor\u0101diet, vai v\u0113laties lielo izsekot\u0101ju (HLT-4.0) vai mazo izsekot\u0101ju (HLT-4.5).<\/li>\n<\/ul>\n","protected":false},"excerpt":{"rendered":"<p>Su\u0146u mekl\u0113t\u0101ju var iznom\u0101t \u012bslaic\u012bgai su\u0146u apsardzei. Nomas komplekt\u0101 ietilpst izseko\u0161anas ier\u012bce, bezvadu uzl\u0101des paliktnis un apkakle.<\/p>\n","protected":false},"featured_media":13464,"template":"","meta":{"_acf_changed":false,"om_disable_all_campaigns":false,"_monsterinsights_skip_tracking":false,"_monsterinsights_sitenote_active":false,"_monsterinsights_sitenote_note":"","_monsterinsights_sitenote_category":0,"_uf_show_specific_survey":0,"_uf_disable_surveys":false},"product_brand":[],"product_cat":[125],"product_tag":[],"class_list":{"0":"post-11687","1":"product","2":"type-product","3":"status-publish","4":"has-post-thumbnail","6":"product_cat-ierices","8":"first","9":"instock","10":"taxable","11":"shipping-taxable","12":"purchasable","13":"product-type-variable"},"acf":[],"yoast_head":"<!-- This site is optimized with the Yoast SEO Premium plugin v25.3.1 (Yoast SEO v25.3.1) - https:\/\/yoast.com\/wordpress\/plugins\/seo\/ -->\n<title>Su\u0146a izsekot\u0101ja noma uz 1 m\u0113nesi - Doglo<\/title>\n<meta name=\"robots\" content=\"index, follow, max-snippet:-1, max-image-preview:large, max-video-preview:-1\" \/>\n<link rel=\"canonical\" href=\"https:\/\/doglo.eu\/lv\/produkts\/jalgimisseadme-rent-1-kuu\/\" \/>\n<meta property=\"og:locale\" content=\"lv_LV\" \/>\n<meta property=\"og:type\" content=\"article\" \/>\n<meta property=\"og:title\" content=\"Su\u0146a izsekot\u0101ja noma uz 1 m\u0113nesi\" \/>\n<meta property=\"og:description\" content=\"Su\u0146u mekl\u0113t\u0101ju var iznom\u0101t \u012bslaic\u012bgai su\u0146u apsardzei. Nomas komplekt\u0101 ietilpst izseko\u0161anas ier\u012bce, bezvadu uzl\u0101des paliktnis un apkakle.\" \/>\n<meta property=\"og:url\" content=\"https:\/\/doglo.eu\/lv\/produkts\/jalgimisseadme-rent-1-kuu\/\" \/>\n<meta property=\"og:site_name\" content=\"Doglo\" \/>\n<meta property=\"article:publisher\" content=\"https:\/\/www.facebook.com\/dogloapp\" \/>\n<meta property=\"article:modified_time\" content=\"2025-02-19T14:57:35+00:00\" \/>\n<meta property=\"og:image\" content=\"https:\/\/doglo.eu\/wp-content\/uploads\/2025\/02\/seadme_rent-1.png\" \/>\n\t<meta property=\"og:image:width\" content=\"1432\" \/>\n\t<meta property=\"og:image:height\" content=\"1125\" \/>\n\t<meta property=\"og:image:type\" content=\"image\/png\" \/>\n<meta name=\"twitter:card\" content=\"summary_large_image\" \/>\n<meta name=\"twitter:label1\" content=\"Est. reading time\" \/>\n\t<meta name=\"twitter:data1\" content=\"1 minute\" \/>\n<script type=\"application\/ld+json\" class=\"yoast-schema-graph\">{\"@context\":\"https:\/\/schema.org\",\"@graph\":[{\"@type\":\"WebPage\",\"@id\":\"https:\/\/doglo.eu\/lv\/produkts\/jalgimisseadme-rent-1-kuu\/\",\"url\":\"https:\/\/doglo.eu\/lv\/produkts\/jalgimisseadme-rent-1-kuu\/\",\"name\":\"Su\u0146a izsekot\u0101ja noma uz 1 m\u0113nesi - Doglo\",\"isPartOf\":{\"@id\":\"https:\/\/doglo.eu\/lv\/#website\"},\"primaryImageOfPage\":{\"@id\":\"https:\/\/doglo.eu\/lv\/produkts\/jalgimisseadme-rent-1-kuu\/#primaryimage\"},\"image\":{\"@id\":\"https:\/\/doglo.eu\/lv\/produkts\/jalgimisseadme-rent-1-kuu\/#primaryimage\"},\"thumbnailUrl\":\"https:\/\/doglo.eu\/wp-content\/uploads\/2025\/02\/Doglo-rent.jpg\",\"datePublished\":\"2025-02-18T23:33:12+00:00\",\"dateModified\":\"2025-02-19T14:57:35+00:00\",\"breadcrumb\":{\"@id\":\"https:\/\/doglo.eu\/lv\/produkts\/jalgimisseadme-rent-1-kuu\/#breadcrumb\"},\"inLanguage\":\"lv-LV\",\"potentialAction\":[{\"@type\":\"ReadAction\",\"target\":[\"https:\/\/doglo.eu\/lv\/produkts\/jalgimisseadme-rent-1-kuu\/\"]}]},{\"@type\":\"ImageObject\",\"inLanguage\":\"lv-LV\",\"@id\":\"https:\/\/doglo.eu\/lv\/produkts\/jalgimisseadme-rent-1-kuu\/#primaryimage\",\"url\":\"https:\/\/doglo.eu\/wp-content\/uploads\/2025\/02\/Doglo-rent.jpg\",\"contentUrl\":\"https:\/\/doglo.eu\/wp-content\/uploads\/2025\/02\/Doglo-rent.jpg\",\"width\":768,\"height\":655},{\"@type\":\"BreadcrumbList\",\"@id\":\"https:\/\/doglo.eu\/lv\/produkts\/jalgimisseadme-rent-1-kuu\/#breadcrumb\",\"itemListElement\":[{\"@type\":\"ListItem\",\"position\":1,\"name\":\"S\u0101kums\",\"item\":\"https:\/\/doglo.eu\/lv\/\"},{\"@type\":\"ListItem\",\"position\":2,\"name\":\"Veikals\",\"item\":\"https:\/\/doglo.eu\/tooted\/\"},{\"@type\":\"ListItem\",\"position\":3,\"name\":\"Su\u0146a izsekot\u0101ja noma uz 1 m\u0113nesi\"}]},{\"@type\":\"WebSite\",\"@id\":\"https:\/\/doglo.eu\/lv\/#website\",\"url\":\"https:\/\/doglo.eu\/lv\/\",\"name\":\"Doglo\",\"description\":\"Doglo koera j\u00e4lgimisseade\",\"publisher\":{\"@id\":\"https:\/\/doglo.eu\/lv\/#organization\"},\"potentialAction\":[{\"@type\":\"SearchAction\",\"target\":{\"@type\":\"EntryPoint\",\"urlTemplate\":\"https:\/\/doglo.eu\/lv\/?s={search_term_string}\"},\"query-input\":{\"@type\":\"PropertyValueSpecification\",\"valueRequired\":true,\"valueName\":\"search_term_string\"}}],\"inLanguage\":\"lv-LV\"},{\"@type\":\"Organization\",\"@id\":\"https:\/\/doglo.eu\/lv\/#organization\",\"name\":\"Doglo\",\"url\":\"https:\/\/doglo.eu\/lv\/\",\"logo\":{\"@type\":\"ImageObject\",\"inLanguage\":\"lv-LV\",\"@id\":\"https:\/\/doglo.eu\/lv\/#\/schema\/logo\/image\/\",\"url\":\"https:\/\/doglo.eu\/wp-content\/uploads\/2025\/02\/doglo-black.png\",\"contentUrl\":\"https:\/\/doglo.eu\/wp-content\/uploads\/2025\/02\/doglo-black.png\",\"width\":1176,\"height\":520,\"caption\":\"Doglo\"},\"image\":{\"@id\":\"https:\/\/doglo.eu\/lv\/#\/schema\/logo\/image\/\"},\"sameAs\":[\"https:\/\/www.facebook.com\/dogloapp\",\"https:\/\/youtube.com\/channel\/UCEwkHwp3LS_qwk0zg4SwWOA\"],\"description\":\"Traxby O\u00dc (formerly Huntloc O\u00dc) is a company owned by Estonian owners, founded in 2013, which develops various real-time tracking platforms via a smartphone and manufactures tracking devices. The company\u2019s product portfolio includes the following solutions: - hunting platform Huntloc for hunters, - dog tracking app Doglo.\",\"email\":\"info@traxby.com\",\"legalName\":\"Traxby O\u00dc\",\"foundingDate\":\"2013-06-14\",\"vatID\":\"EE101657569\",\"numberOfEmployees\":{\"@type\":\"QuantitativeValue\",\"minValue\":\"1\",\"maxValue\":\"10\"}}]}<\/script>\n<!-- \/ Yoast SEO Premium plugin. -->","yoast_head_json":{"title":"Su\u0146a izsekot\u0101ja noma uz 1 m\u0113nesi - Doglo","robots":{"index":"index","follow":"follow","max-snippet":"max-snippet:-1","max-image-preview":"max-image-preview:large","max-video-preview":"max-video-preview:-1"},"canonical":"https:\/\/doglo.eu\/lv\/produkts\/jalgimisseadme-rent-1-kuu\/","og_locale":"lv_LV","og_type":"article","og_title":"Su\u0146a izsekot\u0101ja noma uz 1 m\u0113nesi","og_description":"Su\u0146u mekl\u0113t\u0101ju var iznom\u0101t \u012bslaic\u012bgai su\u0146u apsardzei. Nomas komplekt\u0101 ietilpst izseko\u0161anas ier\u012bce, bezvadu uzl\u0101des paliktnis un apkakle.","og_url":"https:\/\/doglo.eu\/lv\/produkts\/jalgimisseadme-rent-1-kuu\/","og_site_name":"Doglo","article_publisher":"https:\/\/www.facebook.com\/dogloapp","article_modified_time":"2025-02-19T14:57:35+00:00","og_image":[{"width":1432,"height":1125,"url":"https:\/\/doglo.eu\/wp-content\/uploads\/2025\/02\/seadme_rent-1.png","type":"image\/png"}],"twitter_card":"summary_large_image","twitter_misc":{"Est. reading time":"1 minute"},"schema":{"@context":"https:\/\/schema.org","@graph":[{"@type":"WebPage","@id":"https:\/\/doglo.eu\/lv\/produkts\/jalgimisseadme-rent-1-kuu\/","url":"https:\/\/doglo.eu\/lv\/produkts\/jalgimisseadme-rent-1-kuu\/","name":"Su\u0146a izsekot\u0101ja noma uz 1 m\u0113nesi - Doglo","isPartOf":{"@id":"https:\/\/doglo.eu\/lv\/#website"},"primaryImageOfPage":{"@id":"https:\/\/doglo.eu\/lv\/produkts\/jalgimisseadme-rent-1-kuu\/#primaryimage"},"image":{"@id":"https:\/\/doglo.eu\/lv\/produkts\/jalgimisseadme-rent-1-kuu\/#primaryimage"},"thumbnailUrl":"https:\/\/doglo.eu\/wp-content\/uploads\/2025\/02\/Doglo-rent.jpg","datePublished":"2025-02-18T23:33:12+00:00","dateModified":"2025-02-19T14:57:35+00:00","breadcrumb":{"@id":"https:\/\/doglo.eu\/lv\/produkts\/jalgimisseadme-rent-1-kuu\/#breadcrumb"},"inLanguage":"lv-LV","potentialAction":[{"@type":"ReadAction","target":["https:\/\/doglo.eu\/lv\/produkts\/jalgimisseadme-rent-1-kuu\/"]}]},{"@type":"ImageObject","inLanguage":"lv-LV","@id":"https:\/\/doglo.eu\/lv\/produkts\/jalgimisseadme-rent-1-kuu\/#primaryimage","url":"https:\/\/doglo.eu\/wp-content\/uploads\/2025\/02\/Doglo-rent.jpg","contentUrl":"https:\/\/doglo.eu\/wp-content\/uploads\/2025\/02\/Doglo-rent.jpg","width":768,"height":655},{"@type":"BreadcrumbList","@id":"https:\/\/doglo.eu\/lv\/produkts\/jalgimisseadme-rent-1-kuu\/#breadcrumb","itemListElement":[{"@type":"ListItem","position":1,"name":"S\u0101kums","item":"https:\/\/doglo.eu\/lv\/"},{"@type":"ListItem","position":2,"name":"Veikals","item":"https:\/\/doglo.eu\/tooted\/"},{"@type":"ListItem","position":3,"name":"Su\u0146a izsekot\u0101ja noma uz 1 m\u0113nesi"}]},{"@type":"WebSite","@id":"https:\/\/doglo.eu\/lv\/#website","url":"https:\/\/doglo.eu\/lv\/","name":"Doglo","description":"Doglo koera j\u00e4lgimisseade","publisher":{"@id":"https:\/\/doglo.eu\/lv\/#organization"},"potentialAction":[{"@type":"SearchAction","target":{"@type":"EntryPoint","urlTemplate":"https:\/\/doglo.eu\/lv\/?s={search_term_string}"},"query-input":{"@type":"PropertyValueSpecification","valueRequired":true,"valueName":"search_term_string"}}],"inLanguage":"lv-LV"},{"@type":"Organization","@id":"https:\/\/doglo.eu\/lv\/#organization","name":"Doglo","url":"https:\/\/doglo.eu\/lv\/","logo":{"@type":"ImageObject","inLanguage":"lv-LV","@id":"https:\/\/doglo.eu\/lv\/#\/schema\/logo\/image\/","url":"https:\/\/doglo.eu\/wp-content\/uploads\/2025\/02\/doglo-black.png","contentUrl":"https:\/\/doglo.eu\/wp-content\/uploads\/2025\/02\/doglo-black.png","width":1176,"height":520,"caption":"Doglo"},"image":{"@id":"https:\/\/doglo.eu\/lv\/#\/schema\/logo\/image\/"},"sameAs":["https:\/\/www.facebook.com\/dogloapp","https:\/\/youtube.com\/channel\/UCEwkHwp3LS_qwk0zg4SwWOA"],"description":"Traxby O\u00dc (formerly Huntloc O\u00dc) is a company owned by Estonian owners, founded in 2013, which develops various real-time tracking platforms via a smartphone and manufactures tracking devices. The company\u2019s product portfolio includes the following solutions: - hunting platform Huntloc for hunters, - dog tracking app Doglo.","email":"info@traxby.com","legalName":"Traxby O\u00dc","foundingDate":"2013-06-14","vatID":"EE101657569","numberOfEmployees":{"@type":"QuantitativeValue","minValue":"1","maxValue":"10"}}]}},"_links":{"self":[{"href":"https:\/\/doglo.eu\/lv\/wp-json\/wp\/v2\/product\/11687","targetHints":{"allow":["GET"]}}],"collection":[{"href":"https:\/\/doglo.eu\/lv\/wp-json\/wp\/v2\/product"}],"about":[{"href":"https:\/\/doglo.eu\/lv\/wp-json\/wp\/v2\/types\/product"}],"wp:featuredmedia":[{"embeddable":true,"href":"https:\/\/doglo.eu\/lv\/wp-json\/wp\/v2\/media\/13464"}],"wp:attachment":[{"href":"https:\/\/doglo.eu\/lv\/wp-json\/wp\/v2\/media?parent=11687"}],"wp:term":[{"taxonomy":"product_brand","embeddable":true,"href":"https:\/\/doglo.eu\/lv\/wp-json\/wp\/v2\/product_brand?post=11687"},{"taxonomy":"product_cat","embeddable":true,"href":"https:\/\/doglo.eu\/lv\/wp-json\/wp\/v2\/product_cat?post=11687"},{"taxonomy":"product_tag","embeddable":true,"href":"https:\/\/doglo.eu\/lv\/wp-json\/wp\/v2\/product_tag?post=11687"}],"curies":[{"name":"wp","href":"https:\/\/api.w.org\/{rel}","templated":true}]}}