{"id":11712,"date":"2025-02-19T01:28:03","date_gmt":"2025-02-19T01:28:03","guid":{"rendered":"https:\/\/doglo.vebelo.ee\/product\/juhtmevaba-laadija\/"},"modified":"2025-02-19T18:27:34","modified_gmt":"2025-02-19T18:27:34","slug":"juhtmevaba-laadija","status":"publish","type":"product","link":"https:\/\/doglo.eu\/lv\/produkts\/juhtmevaba-laadija\/","title":{"rendered":"Bezvadu l\u0101d\u0113t\u0101js"},"content":{"rendered":"<ul>\n<li>Bezvadu l\u0101d\u0113t\u0101js<\/li>\n<li>Viegli novietot un uzl\u0101d\u0113t<\/li>\n<li>Savietojams ar praktiski jebkuru Doglo su\u0146u izsekot\u0101ju, kas atbalsta bezvadu uzl\u0101di<\/li>\n<li>Maks.\u00a05W uzl\u0101des jauda<\/li>\n<li>LED indikators<\/li>\n<li>Gumijota nesl\u012bdo\u0161a virsma<\/li>\n<li>Ieeja: 5V, maks.\u00a01.5A<\/li>\n<li>Savienojums: Mikro USB<\/li>\n<li>Izm\u0113ri: 70 \u00d7 10mm (\u00d8 \u00d7 H)<\/li>\n<li>Svars: 36g<\/li>\n<li>Kabe\u013ca garums: apm. 0,<\/li>\n<\/ul>\n","protected":false},"excerpt":{"rendered":"<p>Bezvadu l\u0101d\u0113t\u0101js Viegli novietot un uzl\u0101d\u0113t Savietojams ar praktiski jebkuru Doglo su\u0146u izsekot\u0101ju, kas atbalsta bezvadu uzl\u0101di Maks.\u00a05W uzl\u0101des jauda LED indikators Gumijota nesl\u012bdo\u0161a virsma Ieeja: 5V, maks.\u00a01.5A Savienojums: Mikro USB Izm\u0113ri: 70 \u00d7 10mm (\u00d8 \u00d7 H) Svars: 36g Kabe\u013ca garums: apm. 0,<\/p>\n","protected":false},"featured_media":763,"template":"","meta":{"_acf_changed":false,"om_disable_all_campaigns":false,"_monsterinsights_skip_tracking":false,"_monsterinsights_sitenote_active":false,"_monsterinsights_sitenote_note":"","_monsterinsights_sitenote_category":0,"_uf_show_specific_survey":0,"_uf_disable_surveys":false},"product_brand":[],"product_cat":[134],"product_tag":[],"class_list":{"0":"post-11712","1":"product","2":"type-product","3":"status-publish","4":"has-post-thumbnail","6":"product_cat-piederumi","8":"first","9":"instock","10":"taxable","11":"shipping-taxable","12":"purchasable","13":"product-type-simple"},"acf":[],"yoast_head":"<!-- This site is optimized with the Yoast SEO Premium plugin v25.3.1 (Yoast SEO v25.3.1) - https:\/\/yoast.com\/wordpress\/plugins\/seo\/ -->\n<title>Bezvadu l\u0101d\u0113t\u0101js - Doglo<\/title>\n<meta name=\"robots\" content=\"index, follow, max-snippet:-1, max-image-preview:large, max-video-preview:-1\" \/>\n<link rel=\"canonical\" href=\"https:\/\/doglo.eu\/lv\/produkts\/juhtmevaba-laadija\/\" \/>\n<meta property=\"og:locale\" content=\"lv_LV\" \/>\n<meta property=\"og:type\" content=\"article\" \/>\n<meta property=\"og:title\" content=\"Bezvadu l\u0101d\u0113t\u0101js\" \/>\n<meta property=\"og:description\" content=\"Bezvadu l\u0101d\u0113t\u0101js Viegli novietot un uzl\u0101d\u0113t Savietojams ar praktiski jebkuru Doglo su\u0146u izsekot\u0101ju, kas atbalsta bezvadu uzl\u0101di Maks.\u00a05W uzl\u0101des jauda LED indikators Gumijota nesl\u012bdo\u0161a virsma Ieeja: 5V, maks.\u00a01.5A Savienojums: Mikro USB Izm\u0113ri: 70 \u00d7 10mm (\u00d8 \u00d7 H) Svars: 36g Kabe\u013ca garums: apm. 0,\" \/>\n<meta property=\"og:url\" content=\"https:\/\/doglo.eu\/lv\/produkts\/juhtmevaba-laadija\/\" \/>\n<meta property=\"og:site_name\" content=\"Doglo\" \/>\n<meta property=\"article:publisher\" content=\"https:\/\/www.facebook.com\/dogloapp\" \/>\n<meta property=\"article:modified_time\" content=\"2025-02-19T18:27:34+00:00\" \/>\n<meta property=\"og:image\" content=\"https:\/\/doglo.eu\/wp-content\/uploads\/2025\/02\/laadija.jpg\" \/>\n\t<meta property=\"og:image:width\" content=\"1024\" \/>\n\t<meta property=\"og:image:height\" content=\"1024\" \/>\n\t<meta property=\"og:image:type\" content=\"image\/jpeg\" \/>\n<meta name=\"twitter:card\" content=\"summary_large_image\" \/>\n<script type=\"application\/ld+json\" class=\"yoast-schema-graph\">{\"@context\":\"https:\/\/schema.org\",\"@graph\":[{\"@type\":\"WebPage\",\"@id\":\"https:\/\/doglo.eu\/lv\/produkts\/juhtmevaba-laadija\/\",\"url\":\"https:\/\/doglo.eu\/lv\/produkts\/juhtmevaba-laadija\/\",\"name\":\"Bezvadu l\u0101d\u0113t\u0101js - Doglo\",\"isPartOf\":{\"@id\":\"https:\/\/doglo.eu\/lv\/#website\"},\"primaryImageOfPage\":{\"@id\":\"https:\/\/doglo.eu\/lv\/produkts\/juhtmevaba-laadija\/#primaryimage\"},\"image\":{\"@id\":\"https:\/\/doglo.eu\/lv\/produkts\/juhtmevaba-laadija\/#primaryimage\"},\"thumbnailUrl\":\"https:\/\/doglo.eu\/wp-content\/uploads\/2025\/02\/laadija.jpg\",\"datePublished\":\"2025-02-19T01:28:03+00:00\",\"dateModified\":\"2025-02-19T18:27:34+00:00\",\"breadcrumb\":{\"@id\":\"https:\/\/doglo.eu\/lv\/produkts\/juhtmevaba-laadija\/#breadcrumb\"},\"inLanguage\":\"lv-LV\",\"potentialAction\":[{\"@type\":\"ReadAction\",\"target\":[\"https:\/\/doglo.eu\/lv\/produkts\/juhtmevaba-laadija\/\"]}]},{\"@type\":\"ImageObject\",\"inLanguage\":\"lv-LV\",\"@id\":\"https:\/\/doglo.eu\/lv\/produkts\/juhtmevaba-laadija\/#primaryimage\",\"url\":\"https:\/\/doglo.eu\/wp-content\/uploads\/2025\/02\/laadija.jpg\",\"contentUrl\":\"https:\/\/doglo.eu\/wp-content\/uploads\/2025\/02\/laadija.jpg\",\"width\":1024,\"height\":1024,\"caption\":\"Doglo wireless charger\"},{\"@type\":\"BreadcrumbList\",\"@id\":\"https:\/\/doglo.eu\/lv\/produkts\/juhtmevaba-laadija\/#breadcrumb\",\"itemListElement\":[{\"@type\":\"ListItem\",\"position\":1,\"name\":\"S\u0101kums\",\"item\":\"https:\/\/doglo.eu\/lv\/\"},{\"@type\":\"ListItem\",\"position\":2,\"name\":\"Veikals\",\"item\":\"https:\/\/doglo.eu\/tooted\/\"},{\"@type\":\"ListItem\",\"position\":3,\"name\":\"Bezvadu l\u0101d\u0113t\u0101js\"}]},{\"@type\":\"WebSite\",\"@id\":\"https:\/\/doglo.eu\/lv\/#website\",\"url\":\"https:\/\/doglo.eu\/lv\/\",\"name\":\"Doglo\",\"description\":\"Doglo koera j\u00e4lgimisseade\",\"publisher\":{\"@id\":\"https:\/\/doglo.eu\/lv\/#organization\"},\"potentialAction\":[{\"@type\":\"SearchAction\",\"target\":{\"@type\":\"EntryPoint\",\"urlTemplate\":\"https:\/\/doglo.eu\/lv\/?s={search_term_string}\"},\"query-input\":{\"@type\":\"PropertyValueSpecification\",\"valueRequired\":true,\"valueName\":\"search_term_string\"}}],\"inLanguage\":\"lv-LV\"},{\"@type\":\"Organization\",\"@id\":\"https:\/\/doglo.eu\/lv\/#organization\",\"name\":\"Doglo\",\"url\":\"https:\/\/doglo.eu\/lv\/\",\"logo\":{\"@type\":\"ImageObject\",\"inLanguage\":\"lv-LV\",\"@id\":\"https:\/\/doglo.eu\/lv\/#\/schema\/logo\/image\/\",\"url\":\"https:\/\/doglo.eu\/wp-content\/uploads\/2025\/02\/doglo-black.png\",\"contentUrl\":\"https:\/\/doglo.eu\/wp-content\/uploads\/2025\/02\/doglo-black.png\",\"width\":1176,\"height\":520,\"caption\":\"Doglo\"},\"image\":{\"@id\":\"https:\/\/doglo.eu\/lv\/#\/schema\/logo\/image\/\"},\"sameAs\":[\"https:\/\/www.facebook.com\/dogloapp\",\"https:\/\/youtube.com\/channel\/UCEwkHwp3LS_qwk0zg4SwWOA\"],\"description\":\"Traxby O\u00dc (formerly Huntloc O\u00dc) is a company owned by Estonian owners, founded in 2013, which develops various real-time tracking platforms via a smartphone and manufactures tracking devices. The company\u2019s product portfolio includes the following solutions: - hunting platform Huntloc for hunters, - dog tracking app Doglo.\",\"email\":\"info@traxby.com\",\"legalName\":\"Traxby O\u00dc\",\"foundingDate\":\"2013-06-14\",\"vatID\":\"EE101657569\",\"numberOfEmployees\":{\"@type\":\"QuantitativeValue\",\"minValue\":\"1\",\"maxValue\":\"10\"}}]}<\/script>\n<!-- \/ Yoast SEO Premium plugin. -->","yoast_head_json":{"title":"Bezvadu l\u0101d\u0113t\u0101js - Doglo","robots":{"index":"index","follow":"follow","max-snippet":"max-snippet:-1","max-image-preview":"max-image-preview:large","max-video-preview":"max-video-preview:-1"},"canonical":"https:\/\/doglo.eu\/lv\/produkts\/juhtmevaba-laadija\/","og_locale":"lv_LV","og_type":"article","og_title":"Bezvadu l\u0101d\u0113t\u0101js","og_description":"Bezvadu l\u0101d\u0113t\u0101js Viegli novietot un uzl\u0101d\u0113t Savietojams ar praktiski jebkuru Doglo su\u0146u izsekot\u0101ju, kas atbalsta bezvadu uzl\u0101di Maks.\u00a05W uzl\u0101des jauda LED indikators Gumijota nesl\u012bdo\u0161a virsma Ieeja: 5V, maks.\u00a01.5A Savienojums: Mikro USB Izm\u0113ri: 70 \u00d7 10mm (\u00d8 \u00d7 H) Svars: 36g Kabe\u013ca garums: apm. 0,","og_url":"https:\/\/doglo.eu\/lv\/produkts\/juhtmevaba-laadija\/","og_site_name":"Doglo","article_publisher":"https:\/\/www.facebook.com\/dogloapp","article_modified_time":"2025-02-19T18:27:34+00:00","og_image":[{"width":1024,"height":1024,"url":"https:\/\/doglo.eu\/wp-content\/uploads\/2025\/02\/laadija.jpg","type":"image\/jpeg"}],"twitter_card":"summary_large_image","schema":{"@context":"https:\/\/schema.org","@graph":[{"@type":"WebPage","@id":"https:\/\/doglo.eu\/lv\/produkts\/juhtmevaba-laadija\/","url":"https:\/\/doglo.eu\/lv\/produkts\/juhtmevaba-laadija\/","name":"Bezvadu l\u0101d\u0113t\u0101js - Doglo","isPartOf":{"@id":"https:\/\/doglo.eu\/lv\/#website"},"primaryImageOfPage":{"@id":"https:\/\/doglo.eu\/lv\/produkts\/juhtmevaba-laadija\/#primaryimage"},"image":{"@id":"https:\/\/doglo.eu\/lv\/produkts\/juhtmevaba-laadija\/#primaryimage"},"thumbnailUrl":"https:\/\/doglo.eu\/wp-content\/uploads\/2025\/02\/laadija.jpg","datePublished":"2025-02-19T01:28:03+00:00","dateModified":"2025-02-19T18:27:34+00:00","breadcrumb":{"@id":"https:\/\/doglo.eu\/lv\/produkts\/juhtmevaba-laadija\/#breadcrumb"},"inLanguage":"lv-LV","potentialAction":[{"@type":"ReadAction","target":["https:\/\/doglo.eu\/lv\/produkts\/juhtmevaba-laadija\/"]}]},{"@type":"ImageObject","inLanguage":"lv-LV","@id":"https:\/\/doglo.eu\/lv\/produkts\/juhtmevaba-laadija\/#primaryimage","url":"https:\/\/doglo.eu\/wp-content\/uploads\/2025\/02\/laadija.jpg","contentUrl":"https:\/\/doglo.eu\/wp-content\/uploads\/2025\/02\/laadija.jpg","width":1024,"height":1024,"caption":"Doglo wireless charger"},{"@type":"BreadcrumbList","@id":"https:\/\/doglo.eu\/lv\/produkts\/juhtmevaba-laadija\/#breadcrumb","itemListElement":[{"@type":"ListItem","position":1,"name":"S\u0101kums","item":"https:\/\/doglo.eu\/lv\/"},{"@type":"ListItem","position":2,"name":"Veikals","item":"https:\/\/doglo.eu\/tooted\/"},{"@type":"ListItem","position":3,"name":"Bezvadu l\u0101d\u0113t\u0101js"}]},{"@type":"WebSite","@id":"https:\/\/doglo.eu\/lv\/#website","url":"https:\/\/doglo.eu\/lv\/","name":"Doglo","description":"Doglo koera j\u00e4lgimisseade","publisher":{"@id":"https:\/\/doglo.eu\/lv\/#organization"},"potentialAction":[{"@type":"SearchAction","target":{"@type":"EntryPoint","urlTemplate":"https:\/\/doglo.eu\/lv\/?s={search_term_string}"},"query-input":{"@type":"PropertyValueSpecification","valueRequired":true,"valueName":"search_term_string"}}],"inLanguage":"lv-LV"},{"@type":"Organization","@id":"https:\/\/doglo.eu\/lv\/#organization","name":"Doglo","url":"https:\/\/doglo.eu\/lv\/","logo":{"@type":"ImageObject","inLanguage":"lv-LV","@id":"https:\/\/doglo.eu\/lv\/#\/schema\/logo\/image\/","url":"https:\/\/doglo.eu\/wp-content\/uploads\/2025\/02\/doglo-black.png","contentUrl":"https:\/\/doglo.eu\/wp-content\/uploads\/2025\/02\/doglo-black.png","width":1176,"height":520,"caption":"Doglo"},"image":{"@id":"https:\/\/doglo.eu\/lv\/#\/schema\/logo\/image\/"},"sameAs":["https:\/\/www.facebook.com\/dogloapp","https:\/\/youtube.com\/channel\/UCEwkHwp3LS_qwk0zg4SwWOA"],"description":"Traxby O\u00dc (formerly Huntloc O\u00dc) is a company owned by Estonian owners, founded in 2013, which develops various real-time tracking platforms via a smartphone and manufactures tracking devices. The company\u2019s product portfolio includes the following solutions: - hunting platform Huntloc for hunters, - dog tracking app Doglo.","email":"info@traxby.com","legalName":"Traxby O\u00dc","foundingDate":"2013-06-14","vatID":"EE101657569","numberOfEmployees":{"@type":"QuantitativeValue","minValue":"1","maxValue":"10"}}]}},"_links":{"self":[{"href":"https:\/\/doglo.eu\/lv\/wp-json\/wp\/v2\/product\/11712","targetHints":{"allow":["GET"]}}],"collection":[{"href":"https:\/\/doglo.eu\/lv\/wp-json\/wp\/v2\/product"}],"about":[{"href":"https:\/\/doglo.eu\/lv\/wp-json\/wp\/v2\/types\/product"}],"wp:featuredmedia":[{"embeddable":true,"href":"https:\/\/doglo.eu\/lv\/wp-json\/wp\/v2\/media\/763"}],"wp:attachment":[{"href":"https:\/\/doglo.eu\/lv\/wp-json\/wp\/v2\/media?parent=11712"}],"wp:term":[{"taxonomy":"product_brand","embeddable":true,"href":"https:\/\/doglo.eu\/lv\/wp-json\/wp\/v2\/product_brand?post=11712"},{"taxonomy":"product_cat","embeddable":true,"href":"https:\/\/doglo.eu\/lv\/wp-json\/wp\/v2\/product_cat?post=11712"},{"taxonomy":"product_tag","embeddable":true,"href":"https:\/\/doglo.eu\/lv\/wp-json\/wp\/v2\/product_tag?post=11712"}],"curies":[{"name":"wp","href":"https:\/\/api.w.org\/{rel}","templated":true}]}}