{"id":11744,"date":"2025-02-19T01:28:02","date_gmt":"2025-02-18T23:28:02","guid":{"rendered":"https:\/\/doglo.vebelo.ee\/product\/koera-kaelarihm-l-suurus-must\/"},"modified":"2025-02-19T18:20:04","modified_gmt":"2025-02-19T18:20:04","slug":"koera-kaelarihm-l-suurus-must","status":"publish","type":"product","link":"https:\/\/doglo.eu\/lv\/produkts\/koera-kaelarihm-l-suurus-must\/","title":{"rendered":"Su\u0146a kaklasiksna, L izm\u0113rs, melna"},"content":{"rendered":"<div id=\"wsite-com-product-short-description\">\n<div class=\"paragraph\">\n<div id=\"wsite-com-product-short-description\">\n<div class=\"paragraph\">\n<div class=\"extra-info\">\n<p>Tehniskie dati<\/p>\n<ul>\n<li>Melna kr\u0101sa<\/li>\n<li>Izgatavots no neilona, kas p\u0101rkl\u0101ts ar termoplastisku poliuret\u0101nu (TPU)<\/li>\n<li>Caurumu skaits siksn\u0101: 21<\/li>\n<li>Garums: 60 cm<\/li>\n<li>Platums: 25,4 mm<\/li>\n<li>Biezums: 2,2 mm<\/li>\n<li>Sp\u0113c\u012bga fiks\u0113jo\u0161\u0101 saite<\/li>\n<li>Svars 88g<\/li>\n<\/ul>\n<\/div>\n<div id=\"wsite-com-product-short-description\">\n<div class=\"paragraph\">\n<p>\u012apa\u0161i iztur\u012bga su\u0146u kaklasiksna liel\u0101kiem su\u0146iem, D veida gredzens pavadas piestiprin\u0101\u0161anai.<\/p>\n<\/div>\n<\/div>\n<\/div>\n<\/div>\n<\/div>\n<\/div>\n","protected":false},"excerpt":{"rendered":"<div id=\"wsite-com-product-short-description\">\n<div class=\"paragraph\">\n<p>\u012apa\u0161i iztur\u012bga su\u0146u kaklasiksna liel\u0101kiem su\u0146iem, D veida gredzens pavadas piestiprin\u0101\u0161anai.<\/p>\n<\/div>\n<\/div>\n<div class=\"product_meta\"><\/div>\n","protected":false},"featured_media":13523,"template":"","meta":{"_acf_changed":false,"om_disable_all_campaigns":false,"_monsterinsights_skip_tracking":false,"_monsterinsights_sitenote_active":false,"_monsterinsights_sitenote_note":"","_monsterinsights_sitenote_category":0,"_uf_show_specific_survey":0,"_uf_disable_surveys":false},"product_brand":[],"product_cat":[134],"product_tag":[],"class_list":{"0":"post-11744","1":"product","2":"type-product","3":"status-publish","4":"has-post-thumbnail","6":"product_cat-piederumi","8":"first","9":"instock","10":"taxable","11":"shipping-taxable","12":"purchasable","13":"product-type-simple"},"acf":[],"yoast_head":"<!-- This site is optimized with the Yoast SEO Premium plugin v25.3.1 (Yoast SEO v25.3.1) - https:\/\/yoast.com\/wordpress\/plugins\/seo\/ -->\n<title>Su\u0146a kaklasiksna, L izm\u0113rs, melna - Doglo<\/title>\n<meta name=\"description\" content=\"Kui Doglo kaelarihm on kadunud v\u00f5i purunenud, siis lihtsalt ja mugavalt on v\u00f5imalik tellida \u201cD\u201d r\u00f5ngaga tugev kaelarihm \u201cHuntloc\u201d koerale.\" \/>\n<meta name=\"robots\" content=\"index, follow, max-snippet:-1, max-image-preview:large, max-video-preview:-1\" \/>\n<link rel=\"canonical\" href=\"https:\/\/doglo.eu\/lv\/produkts\/koera-kaelarihm-l-suurus-must\/\" \/>\n<meta property=\"og:locale\" content=\"lv_LV\" \/>\n<meta property=\"og:type\" content=\"article\" \/>\n<meta property=\"og:title\" content=\"Su\u0146a kaklasiksna, L izm\u0113rs, melna\" \/>\n<meta property=\"og:description\" content=\"Kui Doglo kaelarihm on kadunud v\u00f5i purunenud, siis lihtsalt ja mugavalt on v\u00f5imalik tellida \u201cD\u201d r\u00f5ngaga tugev kaelarihm \u201cHuntloc\u201d koerale.\" \/>\n<meta property=\"og:url\" content=\"https:\/\/doglo.eu\/lv\/produkts\/koera-kaelarihm-l-suurus-must\/\" \/>\n<meta property=\"og:site_name\" content=\"Doglo\" \/>\n<meta property=\"article:publisher\" content=\"https:\/\/www.facebook.com\/dogloapp\" \/>\n<meta property=\"article:modified_time\" content=\"2025-02-19T18:20:04+00:00\" \/>\n<meta property=\"og:image\" content=\"https:\/\/doglo.eu\/wp-content\/uploads\/2025\/02\/kaelarihm-must.jpg\" \/>\n\t<meta property=\"og:image:width\" content=\"1234\" \/>\n\t<meta property=\"og:image:height\" content=\"723\" \/>\n\t<meta property=\"og:image:type\" content=\"image\/jpeg\" \/>\n<meta name=\"twitter:card\" content=\"summary_large_image\" \/>\n<meta name=\"twitter:label1\" content=\"Est. reading time\" \/>\n\t<meta name=\"twitter:data1\" content=\"1 minute\" \/>\n<script type=\"application\/ld+json\" class=\"yoast-schema-graph\">{\"@context\":\"https:\/\/schema.org\",\"@graph\":[{\"@type\":\"WebPage\",\"@id\":\"https:\/\/doglo.eu\/lv\/produkts\/koera-kaelarihm-l-suurus-must\/\",\"url\":\"https:\/\/doglo.eu\/lv\/produkts\/koera-kaelarihm-l-suurus-must\/\",\"name\":\"Su\u0146a kaklasiksna, L izm\u0113rs, melna - Doglo\",\"isPartOf\":{\"@id\":\"https:\/\/doglo.eu\/lv\/#website\"},\"primaryImageOfPage\":{\"@id\":\"https:\/\/doglo.eu\/lv\/produkts\/koera-kaelarihm-l-suurus-must\/#primaryimage\"},\"image\":{\"@id\":\"https:\/\/doglo.eu\/lv\/produkts\/koera-kaelarihm-l-suurus-must\/#primaryimage\"},\"thumbnailUrl\":\"https:\/\/doglo.eu\/wp-content\/uploads\/2025\/02\/Doglo-L-kaelarihm-1.png\",\"datePublished\":\"2025-02-18T23:28:02+00:00\",\"dateModified\":\"2025-02-19T18:20:04+00:00\",\"description\":\"Kui Doglo kaelarihm on kadunud v\u00f5i purunenud, siis lihtsalt ja mugavalt on v\u00f5imalik tellida \u201cD\u201d r\u00f5ngaga tugev kaelarihm \u201cHuntloc\u201d koerale.\",\"breadcrumb\":{\"@id\":\"https:\/\/doglo.eu\/lv\/produkts\/koera-kaelarihm-l-suurus-must\/#breadcrumb\"},\"inLanguage\":\"lv-LV\",\"potentialAction\":[{\"@type\":\"ReadAction\",\"target\":[\"https:\/\/doglo.eu\/lv\/produkts\/koera-kaelarihm-l-suurus-must\/\"]}]},{\"@type\":\"ImageObject\",\"inLanguage\":\"lv-LV\",\"@id\":\"https:\/\/doglo.eu\/lv\/produkts\/koera-kaelarihm-l-suurus-must\/#primaryimage\",\"url\":\"https:\/\/doglo.eu\/wp-content\/uploads\/2025\/02\/Doglo-L-kaelarihm-1.png\",\"contentUrl\":\"https:\/\/doglo.eu\/wp-content\/uploads\/2025\/02\/Doglo-L-kaelarihm-1.png\",\"width\":1536,\"height\":1024},{\"@type\":\"BreadcrumbList\",\"@id\":\"https:\/\/doglo.eu\/lv\/produkts\/koera-kaelarihm-l-suurus-must\/#breadcrumb\",\"itemListElement\":[{\"@type\":\"ListItem\",\"position\":1,\"name\":\"S\u0101kums\",\"item\":\"https:\/\/doglo.eu\/lv\/\"},{\"@type\":\"ListItem\",\"position\":2,\"name\":\"Veikals\",\"item\":\"https:\/\/doglo.eu\/tooted\/\"},{\"@type\":\"ListItem\",\"position\":3,\"name\":\"Su\u0146a kaklasiksna, L izm\u0113rs, melna\"}]},{\"@type\":\"WebSite\",\"@id\":\"https:\/\/doglo.eu\/lv\/#website\",\"url\":\"https:\/\/doglo.eu\/lv\/\",\"name\":\"Doglo\",\"description\":\"Doglo koera j\u00e4lgimisseade\",\"publisher\":{\"@id\":\"https:\/\/doglo.eu\/lv\/#organization\"},\"potentialAction\":[{\"@type\":\"SearchAction\",\"target\":{\"@type\":\"EntryPoint\",\"urlTemplate\":\"https:\/\/doglo.eu\/lv\/?s={search_term_string}\"},\"query-input\":{\"@type\":\"PropertyValueSpecification\",\"valueRequired\":true,\"valueName\":\"search_term_string\"}}],\"inLanguage\":\"lv-LV\"},{\"@type\":\"Organization\",\"@id\":\"https:\/\/doglo.eu\/lv\/#organization\",\"name\":\"Doglo\",\"url\":\"https:\/\/doglo.eu\/lv\/\",\"logo\":{\"@type\":\"ImageObject\",\"inLanguage\":\"lv-LV\",\"@id\":\"https:\/\/doglo.eu\/lv\/#\/schema\/logo\/image\/\",\"url\":\"https:\/\/doglo.eu\/wp-content\/uploads\/2025\/02\/doglo-black.png\",\"contentUrl\":\"https:\/\/doglo.eu\/wp-content\/uploads\/2025\/02\/doglo-black.png\",\"width\":1176,\"height\":520,\"caption\":\"Doglo\"},\"image\":{\"@id\":\"https:\/\/doglo.eu\/lv\/#\/schema\/logo\/image\/\"},\"sameAs\":[\"https:\/\/www.facebook.com\/dogloapp\",\"https:\/\/youtube.com\/channel\/UCEwkHwp3LS_qwk0zg4SwWOA\"],\"description\":\"Traxby O\u00dc (formerly Huntloc O\u00dc) is a company owned by Estonian owners, founded in 2013, which develops various real-time tracking platforms via a smartphone and manufactures tracking devices. The company\u2019s product portfolio includes the following solutions: - hunting platform Huntloc for hunters, - dog tracking app Doglo.\",\"email\":\"info@traxby.com\",\"legalName\":\"Traxby O\u00dc\",\"foundingDate\":\"2013-06-14\",\"vatID\":\"EE101657569\",\"numberOfEmployees\":{\"@type\":\"QuantitativeValue\",\"minValue\":\"1\",\"maxValue\":\"10\"}}]}<\/script>\n<!-- \/ Yoast SEO Premium plugin. -->","yoast_head_json":{"title":"Su\u0146a kaklasiksna, L izm\u0113rs, melna - Doglo","description":"Kui Doglo kaelarihm on kadunud v\u00f5i purunenud, siis lihtsalt ja mugavalt on v\u00f5imalik tellida \u201cD\u201d r\u00f5ngaga tugev kaelarihm \u201cHuntloc\u201d koerale.","robots":{"index":"index","follow":"follow","max-snippet":"max-snippet:-1","max-image-preview":"max-image-preview:large","max-video-preview":"max-video-preview:-1"},"canonical":"https:\/\/doglo.eu\/lv\/produkts\/koera-kaelarihm-l-suurus-must\/","og_locale":"lv_LV","og_type":"article","og_title":"Su\u0146a kaklasiksna, L izm\u0113rs, melna","og_description":"Kui Doglo kaelarihm on kadunud v\u00f5i purunenud, siis lihtsalt ja mugavalt on v\u00f5imalik tellida \u201cD\u201d r\u00f5ngaga tugev kaelarihm \u201cHuntloc\u201d koerale.","og_url":"https:\/\/doglo.eu\/lv\/produkts\/koera-kaelarihm-l-suurus-must\/","og_site_name":"Doglo","article_publisher":"https:\/\/www.facebook.com\/dogloapp","article_modified_time":"2025-02-19T18:20:04+00:00","og_image":[{"width":1234,"height":723,"url":"https:\/\/doglo.eu\/wp-content\/uploads\/2025\/02\/kaelarihm-must.jpg","type":"image\/jpeg"}],"twitter_card":"summary_large_image","twitter_misc":{"Est. reading time":"1 minute"},"schema":{"@context":"https:\/\/schema.org","@graph":[{"@type":"WebPage","@id":"https:\/\/doglo.eu\/lv\/produkts\/koera-kaelarihm-l-suurus-must\/","url":"https:\/\/doglo.eu\/lv\/produkts\/koera-kaelarihm-l-suurus-must\/","name":"Su\u0146a kaklasiksna, L izm\u0113rs, melna - Doglo","isPartOf":{"@id":"https:\/\/doglo.eu\/lv\/#website"},"primaryImageOfPage":{"@id":"https:\/\/doglo.eu\/lv\/produkts\/koera-kaelarihm-l-suurus-must\/#primaryimage"},"image":{"@id":"https:\/\/doglo.eu\/lv\/produkts\/koera-kaelarihm-l-suurus-must\/#primaryimage"},"thumbnailUrl":"https:\/\/doglo.eu\/wp-content\/uploads\/2025\/02\/Doglo-L-kaelarihm-1.png","datePublished":"2025-02-18T23:28:02+00:00","dateModified":"2025-02-19T18:20:04+00:00","description":"Kui Doglo kaelarihm on kadunud v\u00f5i purunenud, siis lihtsalt ja mugavalt on v\u00f5imalik tellida \u201cD\u201d r\u00f5ngaga tugev kaelarihm \u201cHuntloc\u201d koerale.","breadcrumb":{"@id":"https:\/\/doglo.eu\/lv\/produkts\/koera-kaelarihm-l-suurus-must\/#breadcrumb"},"inLanguage":"lv-LV","potentialAction":[{"@type":"ReadAction","target":["https:\/\/doglo.eu\/lv\/produkts\/koera-kaelarihm-l-suurus-must\/"]}]},{"@type":"ImageObject","inLanguage":"lv-LV","@id":"https:\/\/doglo.eu\/lv\/produkts\/koera-kaelarihm-l-suurus-must\/#primaryimage","url":"https:\/\/doglo.eu\/wp-content\/uploads\/2025\/02\/Doglo-L-kaelarihm-1.png","contentUrl":"https:\/\/doglo.eu\/wp-content\/uploads\/2025\/02\/Doglo-L-kaelarihm-1.png","width":1536,"height":1024},{"@type":"BreadcrumbList","@id":"https:\/\/doglo.eu\/lv\/produkts\/koera-kaelarihm-l-suurus-must\/#breadcrumb","itemListElement":[{"@type":"ListItem","position":1,"name":"S\u0101kums","item":"https:\/\/doglo.eu\/lv\/"},{"@type":"ListItem","position":2,"name":"Veikals","item":"https:\/\/doglo.eu\/tooted\/"},{"@type":"ListItem","position":3,"name":"Su\u0146a kaklasiksna, L izm\u0113rs, melna"}]},{"@type":"WebSite","@id":"https:\/\/doglo.eu\/lv\/#website","url":"https:\/\/doglo.eu\/lv\/","name":"Doglo","description":"Doglo koera j\u00e4lgimisseade","publisher":{"@id":"https:\/\/doglo.eu\/lv\/#organization"},"potentialAction":[{"@type":"SearchAction","target":{"@type":"EntryPoint","urlTemplate":"https:\/\/doglo.eu\/lv\/?s={search_term_string}"},"query-input":{"@type":"PropertyValueSpecification","valueRequired":true,"valueName":"search_term_string"}}],"inLanguage":"lv-LV"},{"@type":"Organization","@id":"https:\/\/doglo.eu\/lv\/#organization","name":"Doglo","url":"https:\/\/doglo.eu\/lv\/","logo":{"@type":"ImageObject","inLanguage":"lv-LV","@id":"https:\/\/doglo.eu\/lv\/#\/schema\/logo\/image\/","url":"https:\/\/doglo.eu\/wp-content\/uploads\/2025\/02\/doglo-black.png","contentUrl":"https:\/\/doglo.eu\/wp-content\/uploads\/2025\/02\/doglo-black.png","width":1176,"height":520,"caption":"Doglo"},"image":{"@id":"https:\/\/doglo.eu\/lv\/#\/schema\/logo\/image\/"},"sameAs":["https:\/\/www.facebook.com\/dogloapp","https:\/\/youtube.com\/channel\/UCEwkHwp3LS_qwk0zg4SwWOA"],"description":"Traxby O\u00dc (formerly Huntloc O\u00dc) is a company owned by Estonian owners, founded in 2013, which develops various real-time tracking platforms via a smartphone and manufactures tracking devices. The company\u2019s product portfolio includes the following solutions: - hunting platform Huntloc for hunters, - dog tracking app Doglo.","email":"info@traxby.com","legalName":"Traxby O\u00dc","foundingDate":"2013-06-14","vatID":"EE101657569","numberOfEmployees":{"@type":"QuantitativeValue","minValue":"1","maxValue":"10"}}]}},"_links":{"self":[{"href":"https:\/\/doglo.eu\/lv\/wp-json\/wp\/v2\/product\/11744","targetHints":{"allow":["GET"]}}],"collection":[{"href":"https:\/\/doglo.eu\/lv\/wp-json\/wp\/v2\/product"}],"about":[{"href":"https:\/\/doglo.eu\/lv\/wp-json\/wp\/v2\/types\/product"}],"wp:featuredmedia":[{"embeddable":true,"href":"https:\/\/doglo.eu\/lv\/wp-json\/wp\/v2\/media\/13523"}],"wp:attachment":[{"href":"https:\/\/doglo.eu\/lv\/wp-json\/wp\/v2\/media?parent=11744"}],"wp:term":[{"taxonomy":"product_brand","embeddable":true,"href":"https:\/\/doglo.eu\/lv\/wp-json\/wp\/v2\/product_brand?post=11744"},{"taxonomy":"product_cat","embeddable":true,"href":"https:\/\/doglo.eu\/lv\/wp-json\/wp\/v2\/product_cat?post=11744"},{"taxonomy":"product_tag","embeddable":true,"href":"https:\/\/doglo.eu\/lv\/wp-json\/wp\/v2\/product_tag?post=11744"}],"curies":[{"name":"wp","href":"https:\/\/api.w.org\/{rel}","templated":true}]}}